
{"id":60971,"date":"2021-05-11T12:09:27","date_gmt":"2021-05-11T12:09:27","guid":{"rendered":"https:\/\/fireware.nl\/product\/advanced-water-rescue-manikin\/"},"modified":"2024-12-09T12:47:27","modified_gmt":"2024-12-09T12:47:27","slug":"advanced-water-rescue-manikin","status":"publish","type":"product","link":"https:\/\/fireware.nl\/fr\/product\/advanced-water-rescue-manikin\/","title":{"rendered":"Ruth Lee Advanced Water Rescue Manikin"},"content":{"rendered":"<h2>Mannequins d&#8217;entra\u00eenement Ruth Lee<\/h2>\n<p>Les mannequins d&#8217;entra\u00eenement Ruth Lee sont con\u00e7us pour des formations r\u00e9alistes et efficaces. Ces mannequins sont r\u00e9put\u00e9s pour leur durabilit\u00e9 et leur polyvalence, id\u00e9als pour former les pompiers, les secouristes, les services de sauvetage et d&#8217;autres \u00e9quipes de secours. Avec les mannequins Ruth Lee, vous pouvez simuler des sc\u00e9narios r\u00e9alistes, permettant aux secouristes d&#8217;\u00eatre mieux pr\u00e9par\u00e9s aux situations d&#8217;urgence r\u00e9elles. La gamme propose des mannequins adapt\u00e9s \u00e0 divers types de formations, disponibles en diff\u00e9rentes tailles et poids.<\/p>\n<h2>\u00c9levez vos exercices de sauvetage aquatique au plus haut niveau<\/h2>\n<p>Le mannequin Advanced Water Rescue est un mannequin tr\u00e8s avanc\u00e9 qui permet une simulation hyperr\u00e9aliste d&#8217;une personne en train de se noyer. Ce mannequin r\u00e9sulte de plus de 25 ans d&#8217;exp\u00e9rience dans la fabrication de mannequins pour l&#8217;industrie m\u00e9dicale et les services de sauvetage. Le torse a \u00e9t\u00e9 d\u00e9velopp\u00e9 par les experts en simulation m\u00e9dicale de Lifecast Body Simulation, ce qui permet de pratiquer toutes les techniques de sauvetage n\u00e9cessaires pour un cas de noyade. Le reste du corps, solide et durable, est fabriqu\u00e9 par Ruth Lee et con\u00e7u pour simuler une victime inconsciente flottant \u00e0 la surface.<\/p>\n<h2>Plus besoin de changer de mannequin pendant l&#8217;exercice<\/h2>\n<p>Souvent, deux types de mannequins sont utilis\u00e9s pendant un exercice de sauvetage aquatique. D&#8217;abord, un mannequin de sauvetage aquatique est plac\u00e9 dans le sc\u00e9nario pour simuler une victime (inconsciente) de noyade. Une fois la victime sortie de l&#8217;eau, un mannequin de r\u00e9animation est introduit. Le mannequin Advanced Water Rescue \u00e9limine cette \u00e9tape de changement, ce qui permet de ne pas interrompre la simulation, maintenant ainsi l&#8217;intensit\u00e9 et la concentration des stagiaires.<\/p>\n<h2>Simuler une noyade primaire et secondaire<\/h2>\n<p>Le mannequin Advanced Water Rescue simule la pression hydrostatique sur le corps de la victime. Ce mannequin permet de simuler \u00e0 la fois une noyade primaire (s\u00e8che) et secondaire (humide). Sous le torse se trouve un tuyau \u00e0 trois voies. L\u2019instructeur peut injecter des liquides \u00e0 travers l&#8217;un des tubes pour simuler l&#8217;\u00e9cume s&#8217;\u00e9chappant de la bouche de la victime, une avanc\u00e9e pour les exercices de sauvetage aquatique !<\/p>\n<p>Le mannequin est con\u00e7u pour pratiquer les techniques de r\u00e9animation de base. Le sternum du torse enfant peut \u00eatre compress\u00e9 de 4 \u00e0 5 centim\u00e8tres, et celui du torse adulte de 5 \u00e0 6 cm. Les deux torses disposent d&#8217;un ressort int\u00e9gr\u00e9 qui offre une sensation r\u00e9aliste lors des compressions thoraciques. De plus, le mannequin est adapt\u00e9 pour s&#8217;entra\u00eener aux techniques d&#8217;intubation.<\/p>\n<h2>Faites l\u00e9g\u00e8rement couler le mannequin<\/h2>\n<p>Par d\u00e9faut, le mannequin Advanced Water Rescue flotte avec les \u00e9paules et la t\u00eate hors de l&#8217;eau, \u00e0 un angle de 45 degr\u00e9s, m\u00eame dans des conditions d&#8217;eau agit\u00e9e. Des boucles en plastique sont pr\u00e9sentes entre les jambes du mannequin et peuvent \u00eatre attach\u00e9es pour maintenir les jambes ensemble. Des poches sur les bras, les jambes, la poitrine et le dos permettent d&#8217;ajouter des poids suppl\u00e9mentaires pour ajuster l&#8217;angle de flottaison selon les besoins. Le mannequin coulera avec un ajout de plus de 10 kilogrammes, auquel cas un gilet de sauvetage est recommand\u00e9.<\/p>\n<h2>Proportions corporelles r\u00e9alistes<\/h2>\n<p>Le mannequin Advanced Water Rescue est disponible avec un poids \u00e0 sec de 12 kilogrammes (enfant) et 50 kilogrammes (adulte), et poss\u00e8de des proportions r\u00e9alistes entre la taille et le poids. Le mannequin adulte est fourni avec des chaussures souples ou des bottes sp\u00e9cialement con\u00e7ues pour l&#8217;\u00e9vacuation de l&#8217;eau.<\/p>\n","protected":false},"excerpt":{"rendered":"<ul>\n<li>Mannequin qui simule une victime (inconsciente) extr\u00eamement r\u00e9aliste dans l&#8217;eau;<\/li>\n<li>Con\u00e7u pour pratiquer le sauvetage aquatique;<\/li>\n<li>Le mannequin Advanced Water Rescue est \u00e9quip\u00e9 d&#8217;un tronc de gestion des voies respiratoires enti\u00e8rement fonctionnel, avec tous les rep\u00e8res anatomiques.<\/li>\n<li>Entra\u00eenez-vous aux techniques de r\u00e9animation avanc\u00e9es, ainsi qu&#8217;aux compressions thoraciques.<\/li>\n<li>Convient pour l\u2019entra\u00eenement aux techniques d&#8217;intubation;<\/li>\n<li>Peut flotter ou couler en fonction de l&#8217;ajout de poids;<\/li>\n<li>Convient pour la simulation de noyade primaire (s\u00e8che) et secondaire (humide);<\/li>\n<li>La formation de mousse peut \u00eatre r\u00e9alis\u00e9e en introduisant de l&#8217;eau dans le syst\u00e8me via le robinet \u00e0 trois voies ;<\/li>\n<li>Un mannequin \u00e0 haute fid\u00e9lit\u00e9 qui offre un impact visuel suppl\u00e9mentaire et aide \u00e0 entra\u00eener la pr\u00e9paration \u00e9motionnelle pour les sauvetages en cas de noyade.<\/li>\n<li>Disponible en version enfant (12 kg poids \u00e0 sec) et adulte (50 kg poids \u00e0 sec).<\/li>\n<\/ul>\n","protected":false},"featured_media":60085,"template":"","meta":[],"product_brand":[],"product_cat":[113],"product_tag":[],"class_list":{"0":"post-60971","1":"product","2":"type-product","3":"status-publish","4":"has-post-thumbnail","6":"product_cat-mannequins-de-secourisme-dans-leau","7":"pa_grootte-adulte","8":"pa_grootte-toddler-fr","10":"first","11":"instock","12":"taxable","13":"shipping-taxable","14":"purchasable","15":"product-type-variable"},"yoast_head":"<!-- This site is optimized with the Yoast SEO plugin v27.5 - https:\/\/yoast.com\/product\/yoast-seo-wordpress\/ -->\n<title>Ruth Lee Advanced Water Rescue Manikin - FireWare<\/title>\n<meta name=\"robots\" content=\"index, follow, max-snippet:-1, max-image-preview:large, max-video-preview:-1\" \/>\n<link rel=\"canonical\" href=\"https:\/\/fireware.nl\/fr\/product\/advanced-water-rescue-manikin\/\" \/>\n<meta property=\"og:locale\" content=\"fr_FR\" \/>\n<meta property=\"og:type\" content=\"article\" \/>\n<meta property=\"og:title\" content=\"Ruth Lee Advanced Water Rescue Manikin - FireWare\" \/>\n<meta property=\"og:description\" content=\"Mannequin qui simule une victime (inconsciente) extr\u00eamement r\u00e9aliste dans l&#039;eau;  Con\u00e7u pour pratiquer le sauvetage aquatique;  Le mannequin Advanced Water Rescue est \u00e9quip\u00e9 d&#039;un tronc de gestion des voies respiratoires enti\u00e8rement fonctionnel, avec tous les rep\u00e8res anatomiques.  Entra\u00eenez-vous aux techniques de r\u00e9animation avanc\u00e9es, ainsi qu&#039;aux compressions thoraciques.  Convient pour l\u2019entra\u00eenement aux techniques d&#039;intubation;  Peut flotter ou couler en fonction de l&#039;ajout de poids;  Convient pour la simulation de noyade primaire (s\u00e8che) et secondaire (humide);  La formation de mousse peut \u00eatre r\u00e9alis\u00e9e en introduisant de l&#039;eau dans le syst\u00e8me via le robinet \u00e0 trois voies ;  Un mannequin \u00e0 haute fid\u00e9lit\u00e9 qui offre un impact visuel suppl\u00e9mentaire et aide \u00e0 entra\u00eener la pr\u00e9paration \u00e9motionnelle pour les sauvetages en cas de noyade.  Disponible en version enfant (12 kg poids \u00e0 sec) et adulte (50 kg poids \u00e0 sec).\" \/>\n<meta property=\"og:url\" content=\"https:\/\/fireware.nl\/fr\/product\/advanced-water-rescue-manikin\/\" \/>\n<meta property=\"og:site_name\" content=\"FireWare\" \/>\n<meta property=\"article:publisher\" content=\"https:\/\/www.facebook.com\/FireWareBV\/\" \/>\n<meta property=\"article:modified_time\" content=\"2024-12-09T12:47:27+00:00\" \/>\n<meta property=\"og:image\" content=\"https:\/\/fireware.nl\/wp-content\/uploads\/2021\/05\/Advanced-Water-Rescue-Manikin-Bare-Chest.jpg\" \/>\n\t<meta property=\"og:image:width\" content=\"600\" \/>\n\t<meta property=\"og:image:height\" content=\"600\" \/>\n\t<meta property=\"og:image:type\" content=\"image\/jpeg\" \/>\n<meta name=\"twitter:card\" content=\"summary_large_image\" \/>\n<meta name=\"twitter:site\" content=\"@FireWarebv\" \/>\n<meta name=\"twitter:label1\" content=\"Dur\u00e9e de lecture estim\u00e9e\" \/>\n\t<meta name=\"twitter:data1\" content=\"3 minutes\" \/>\n<script type=\"application\/ld+json\" class=\"yoast-schema-graph\">{\"@context\":\"https:\\\/\\\/schema.org\",\"@graph\":[{\"@type\":\"WebPage\",\"@id\":\"https:\\\/\\\/fireware.nl\\\/fr\\\/product\\\/advanced-water-rescue-manikin\\\/\",\"url\":\"https:\\\/\\\/fireware.nl\\\/fr\\\/product\\\/advanced-water-rescue-manikin\\\/\",\"name\":\"Ruth Lee Advanced Water Rescue Manikin - FireWare\",\"isPartOf\":{\"@id\":\"https:\\\/\\\/fireware.nl\\\/fr\\\/#website\"},\"primaryImageOfPage\":{\"@id\":\"https:\\\/\\\/fireware.nl\\\/fr\\\/product\\\/advanced-water-rescue-manikin\\\/#primaryimage\"},\"image\":{\"@id\":\"https:\\\/\\\/fireware.nl\\\/fr\\\/product\\\/advanced-water-rescue-manikin\\\/#primaryimage\"},\"thumbnailUrl\":\"https:\\\/\\\/fireware.nl\\\/wp-content\\\/uploads\\\/2021\\\/05\\\/Advanced-Water-Rescue-Manikin-Bare-Chest.jpg\",\"datePublished\":\"2021-05-11T12:09:27+00:00\",\"dateModified\":\"2024-12-09T12:47:27+00:00\",\"breadcrumb\":{\"@id\":\"https:\\\/\\\/fireware.nl\\\/fr\\\/product\\\/advanced-water-rescue-manikin\\\/#breadcrumb\"},\"inLanguage\":\"fr-FR\",\"potentialAction\":[{\"@type\":\"ReadAction\",\"target\":[\"https:\\\/\\\/fireware.nl\\\/fr\\\/product\\\/advanced-water-rescue-manikin\\\/\"]}]},{\"@type\":\"ImageObject\",\"inLanguage\":\"fr-FR\",\"@id\":\"https:\\\/\\\/fireware.nl\\\/fr\\\/product\\\/advanced-water-rescue-manikin\\\/#primaryimage\",\"url\":\"https:\\\/\\\/fireware.nl\\\/wp-content\\\/uploads\\\/2021\\\/05\\\/Advanced-Water-Rescue-Manikin-Bare-Chest.jpg\",\"contentUrl\":\"https:\\\/\\\/fireware.nl\\\/wp-content\\\/uploads\\\/2021\\\/05\\\/Advanced-Water-Rescue-Manikin-Bare-Chest.jpg\",\"width\":600,\"height\":600},{\"@type\":\"BreadcrumbList\",\"@id\":\"https:\\\/\\\/fireware.nl\\\/fr\\\/product\\\/advanced-water-rescue-manikin\\\/#breadcrumb\",\"itemListElement\":[{\"@type\":\"ListItem\",\"position\":1,\"name\":\"Home\",\"item\":\"https:\\\/\\\/fireware.nl\\\/fr\\\/\"},{\"@type\":\"ListItem\",\"position\":2,\"name\":\"Produits\",\"item\":\"https:\\\/\\\/fireware.nl\\\/fr\\\/produits\\\/\"},{\"@type\":\"ListItem\",\"position\":3,\"name\":\"Ruth Lee Advanced Water Rescue Manikin\"}]},{\"@type\":\"WebSite\",\"@id\":\"https:\\\/\\\/fireware.nl\\\/fr\\\/#website\",\"url\":\"https:\\\/\\\/fireware.nl\\\/fr\\\/\",\"name\":\"FireWare\",\"description\":\"CREATING REALISTIC  TRAINING ENVIRONMENTS\",\"publisher\":{\"@id\":\"https:\\\/\\\/fireware.nl\\\/fr\\\/#organization\"},\"potentialAction\":[{\"@type\":\"SearchAction\",\"target\":{\"@type\":\"EntryPoint\",\"urlTemplate\":\"https:\\\/\\\/fireware.nl\\\/fr\\\/?s={search_term_string}\"},\"query-input\":{\"@type\":\"PropertyValueSpecification\",\"valueRequired\":true,\"valueName\":\"search_term_string\"}}],\"inLanguage\":\"fr-FR\"},{\"@type\":\"Organization\",\"@id\":\"https:\\\/\\\/fireware.nl\\\/fr\\\/#organization\",\"name\":\"FireWare\",\"url\":\"https:\\\/\\\/fireware.nl\\\/fr\\\/\",\"logo\":{\"@type\":\"ImageObject\",\"inLanguage\":\"fr-FR\",\"@id\":\"https:\\\/\\\/fireware.nl\\\/fr\\\/#\\\/schema\\\/logo\\\/image\\\/\",\"url\":\"https:\\\/\\\/fireware.nl\\\/wp-content\\\/uploads\\\/2018\\\/10\\\/FireWare-logo.jpg\",\"contentUrl\":\"https:\\\/\\\/fireware.nl\\\/wp-content\\\/uploads\\\/2018\\\/10\\\/FireWare-logo.jpg\",\"width\":171,\"height\":70,\"caption\":\"FireWare\"},\"image\":{\"@id\":\"https:\\\/\\\/fireware.nl\\\/fr\\\/#\\\/schema\\\/logo\\\/image\\\/\"},\"sameAs\":[\"https:\\\/\\\/www.facebook.com\\\/FireWareBV\\\/\",\"https:\\\/\\\/x.com\\\/FireWarebv\",\"https:\\\/\\\/www.instagram.com\\\/fireware_nl\\\/\",\"https:\\\/\\\/www.linkedin.com\\\/company\\\/3586017\\\/\",\"https:\\\/\\\/www.youtube.com\\\/user\\\/firesalesrentconsult\"]}]}<\/script>\n<!-- \/ Yoast SEO plugin. -->","yoast_head_json":{"title":"Ruth Lee Advanced Water Rescue Manikin - FireWare","robots":{"index":"index","follow":"follow","max-snippet":"max-snippet:-1","max-image-preview":"max-image-preview:large","max-video-preview":"max-video-preview:-1"},"canonical":"https:\/\/fireware.nl\/fr\/product\/advanced-water-rescue-manikin\/","og_locale":"fr_FR","og_type":"article","og_title":"Ruth Lee Advanced Water Rescue Manikin - FireWare","og_description":"Mannequin qui simule une victime (inconsciente) extr\u00eamement r\u00e9aliste dans l'eau;  Con\u00e7u pour pratiquer le sauvetage aquatique;  Le mannequin Advanced Water Rescue est \u00e9quip\u00e9 d'un tronc de gestion des voies respiratoires enti\u00e8rement fonctionnel, avec tous les rep\u00e8res anatomiques.  Entra\u00eenez-vous aux techniques de r\u00e9animation avanc\u00e9es, ainsi qu'aux compressions thoraciques.  Convient pour l\u2019entra\u00eenement aux techniques d'intubation;  Peut flotter ou couler en fonction de l'ajout de poids;  Convient pour la simulation de noyade primaire (s\u00e8che) et secondaire (humide);  La formation de mousse peut \u00eatre r\u00e9alis\u00e9e en introduisant de l'eau dans le syst\u00e8me via le robinet \u00e0 trois voies ;  Un mannequin \u00e0 haute fid\u00e9lit\u00e9 qui offre un impact visuel suppl\u00e9mentaire et aide \u00e0 entra\u00eener la pr\u00e9paration \u00e9motionnelle pour les sauvetages en cas de noyade.  Disponible en version enfant (12 kg poids \u00e0 sec) et adulte (50 kg poids \u00e0 sec).","og_url":"https:\/\/fireware.nl\/fr\/product\/advanced-water-rescue-manikin\/","og_site_name":"FireWare","article_publisher":"https:\/\/www.facebook.com\/FireWareBV\/","article_modified_time":"2024-12-09T12:47:27+00:00","og_image":[{"width":600,"height":600,"url":"https:\/\/fireware.nl\/wp-content\/uploads\/2021\/05\/Advanced-Water-Rescue-Manikin-Bare-Chest.jpg","type":"image\/jpeg"}],"twitter_card":"summary_large_image","twitter_site":"@FireWarebv","twitter_misc":{"Dur\u00e9e de lecture estim\u00e9e":"3 minutes"},"schema":{"@context":"https:\/\/schema.org","@graph":[{"@type":"WebPage","@id":"https:\/\/fireware.nl\/fr\/product\/advanced-water-rescue-manikin\/","url":"https:\/\/fireware.nl\/fr\/product\/advanced-water-rescue-manikin\/","name":"Ruth Lee Advanced Water Rescue Manikin - FireWare","isPartOf":{"@id":"https:\/\/fireware.nl\/fr\/#website"},"primaryImageOfPage":{"@id":"https:\/\/fireware.nl\/fr\/product\/advanced-water-rescue-manikin\/#primaryimage"},"image":{"@id":"https:\/\/fireware.nl\/fr\/product\/advanced-water-rescue-manikin\/#primaryimage"},"thumbnailUrl":"https:\/\/fireware.nl\/wp-content\/uploads\/2021\/05\/Advanced-Water-Rescue-Manikin-Bare-Chest.jpg","datePublished":"2021-05-11T12:09:27+00:00","dateModified":"2024-12-09T12:47:27+00:00","breadcrumb":{"@id":"https:\/\/fireware.nl\/fr\/product\/advanced-water-rescue-manikin\/#breadcrumb"},"inLanguage":"fr-FR","potentialAction":[{"@type":"ReadAction","target":["https:\/\/fireware.nl\/fr\/product\/advanced-water-rescue-manikin\/"]}]},{"@type":"ImageObject","inLanguage":"fr-FR","@id":"https:\/\/fireware.nl\/fr\/product\/advanced-water-rescue-manikin\/#primaryimage","url":"https:\/\/fireware.nl\/wp-content\/uploads\/2021\/05\/Advanced-Water-Rescue-Manikin-Bare-Chest.jpg","contentUrl":"https:\/\/fireware.nl\/wp-content\/uploads\/2021\/05\/Advanced-Water-Rescue-Manikin-Bare-Chest.jpg","width":600,"height":600},{"@type":"BreadcrumbList","@id":"https:\/\/fireware.nl\/fr\/product\/advanced-water-rescue-manikin\/#breadcrumb","itemListElement":[{"@type":"ListItem","position":1,"name":"Home","item":"https:\/\/fireware.nl\/fr\/"},{"@type":"ListItem","position":2,"name":"Produits","item":"https:\/\/fireware.nl\/fr\/produits\/"},{"@type":"ListItem","position":3,"name":"Ruth Lee Advanced Water Rescue Manikin"}]},{"@type":"WebSite","@id":"https:\/\/fireware.nl\/fr\/#website","url":"https:\/\/fireware.nl\/fr\/","name":"FireWare","description":"CREATING REALISTIC  TRAINING ENVIRONMENTS","publisher":{"@id":"https:\/\/fireware.nl\/fr\/#organization"},"potentialAction":[{"@type":"SearchAction","target":{"@type":"EntryPoint","urlTemplate":"https:\/\/fireware.nl\/fr\/?s={search_term_string}"},"query-input":{"@type":"PropertyValueSpecification","valueRequired":true,"valueName":"search_term_string"}}],"inLanguage":"fr-FR"},{"@type":"Organization","@id":"https:\/\/fireware.nl\/fr\/#organization","name":"FireWare","url":"https:\/\/fireware.nl\/fr\/","logo":{"@type":"ImageObject","inLanguage":"fr-FR","@id":"https:\/\/fireware.nl\/fr\/#\/schema\/logo\/image\/","url":"https:\/\/fireware.nl\/wp-content\/uploads\/2018\/10\/FireWare-logo.jpg","contentUrl":"https:\/\/fireware.nl\/wp-content\/uploads\/2018\/10\/FireWare-logo.jpg","width":171,"height":70,"caption":"FireWare"},"image":{"@id":"https:\/\/fireware.nl\/fr\/#\/schema\/logo\/image\/"},"sameAs":["https:\/\/www.facebook.com\/FireWareBV\/","https:\/\/x.com\/FireWarebv","https:\/\/www.instagram.com\/fireware_nl\/","https:\/\/www.linkedin.com\/company\/3586017\/","https:\/\/www.youtube.com\/user\/firesalesrentconsult"]}]}},"publishpress_future_workflow_manual_trigger":{"enabledWorkflows":[]},"_links":{"self":[{"href":"https:\/\/fireware.nl\/fr\/wp-json\/wp\/v2\/product\/60971","targetHints":{"allow":["GET"]}}],"collection":[{"href":"https:\/\/fireware.nl\/fr\/wp-json\/wp\/v2\/product"}],"about":[{"href":"https:\/\/fireware.nl\/fr\/wp-json\/wp\/v2\/types\/product"}],"wp:featuredmedia":[{"embeddable":true,"href":"https:\/\/fireware.nl\/fr\/wp-json\/wp\/v2\/media\/60085"}],"wp:attachment":[{"href":"https:\/\/fireware.nl\/fr\/wp-json\/wp\/v2\/media?parent=60971"}],"wp:term":[{"taxonomy":"product_brand","embeddable":true,"href":"https:\/\/fireware.nl\/fr\/wp-json\/wp\/v2\/product_brand?post=60971"},{"taxonomy":"product_cat","embeddable":true,"href":"https:\/\/fireware.nl\/fr\/wp-json\/wp\/v2\/product_cat?post=60971"},{"taxonomy":"product_tag","embeddable":true,"href":"https:\/\/fireware.nl\/fr\/wp-json\/wp\/v2\/product_tag?post=60971"}],"curies":[{"name":"wp","href":"https:\/\/api.w.org\/{rel}","templated":true}]}}