
{"id":60976,"date":"2021-05-11T12:18:48","date_gmt":"2021-05-11T12:18:48","guid":{"rendered":"https:\/\/fireware.nl\/product\/mannequin-emergency-evacuation\/"},"modified":"2025-02-14T14:29:09","modified_gmt":"2025-02-14T14:29:09","slug":"mannequin-emergency-evacuation","status":"publish","type":"product","link":"https:\/\/fireware.nl\/fr\/product\/mannequin-emergency-evacuation\/","title":{"rendered":"Ruth Lee Mannequin Emergency Evacuation"},"content":{"rendered":"\n\n\t<h2>Manikins d&#8217;entra\u00eenement Ruth Lee<\/h2>\n<p>Les Manikins d&#8217;entra\u00eenement Ruth Lee sont con\u00e7ues pour un entra\u00eenement r\u00e9aliste et efficace. Ces Manikins sont reconnues pour leur durabilit\u00e9 et leur polyvalence, id\u00e9ales pour former les pompiers, les sauveteurs, les services de secours et d&#8217;autres services d&#8217;urgence. Avec les Manikins d&#8217;entra\u00eenement Ruth Lee, vous pouvez simuler des sc\u00e9narios r\u00e9alistes, pr\u00e9parant ainsi les intervenants \u00e0 de vraies situations d&#8217;urgence. La gamme comprend des poup\u00e9es pour une vari\u00e9t\u00e9 de formations et dans diff\u00e9rentes tailles et poids.<\/p>\n<h2>Pr\u00e9parez vos participants \u00e0 un sc\u00e9nario avec une \u00e9vacuation d&#8217;urgence<\/h2>\n<p>Notre Mannequin Emergency Evacuation est d\u00e9velopp\u00e9 sp\u00e9cialement pour les exercices d&#8221;\u00e9vacuation dans les institutions des soins m\u00e9dicaux. En utilisant ce mannequin, plusieurs techniques d&#8217;\u00e9vacuation peuvent \u00eatre entra\u00een\u00e9es. Le Mannequin Emergency Evacuation est une variante du <a href=\"https:\/\/fireware.nl\/fr\/produit\/mannequin-soins-des-patients\/\" target=\"_blank\" rel=\"noopener\">Mannequin Soins des patients<\/a>.<\/p>\n<h2>Pr\u00e9parez les participants aux sc\u00e9narios d&#8217;urgence qui comptent<\/h2>\n<p>Pour les dispensateurs de soins, le danger d&#8217;une \u00e9vacuation d&#8217;urgence est toujours pr\u00e9sent. D\u00e8s lors, une bonne pr\u00e9paration aux sc\u00e9narios d&#8217;urgence est cruciale Le Mannequin Emergency Evacuation est un poids l\u00e9ger de 25 kilogrammes, qui suffit pour des exercices convaincants. Comment faire sortir ou descendre rapidement une personne alit\u00e9e ou ayant des difficult\u00e9s \u00e0 marcher\u00a0? Utilisez ce mannequin pour vous entra\u00eener aux diff\u00e9rentes techniques et proc\u00e9dures d&#8217;\u00e9vacuation.<\/p>\n<h2>Sp\u00e9cialement con\u00e7u pour le secteur des soins de sant\u00e9<\/h2>\n<p>Ce mannequin est fabriqu\u00e9 avec un mat\u00e9riau P200 r\u00e9sistant \u00e0 l&#8217;usure, ignifuge et antibact\u00e9rien. Il est donc id\u00e9al pour des environnements m\u00e9dicaux. Ce mannequin est toujours fourni avec un pyjama lavable et des bottes souples. En cas d&#8217;endommagement ou d&#8217;usure, ces deux v\u00eatements sont rempla\u00e7ables. Les articulations du corps du mannequin sont faites d&#8217;un mat\u00e9riau souple pour limiter le risque de blessure pendant l&#8217;utilisation. Le mannequin est dot\u00e9 d&#8217;une boucle dans le cou pour faciliter le levage et le rangement.<\/p>\n<p>Vous souhaitez organiser un exercice d&#8217;\u00e9vacuation avec du feu r\u00e9el\u00a0? Veuillez noter que ce mannequin ne convient pas aux temp\u00e9ratures sup\u00e9rieures \u00e0 100\u00b0C. Par contre, le <a href=\"https:\/\/fireware.nl\/fr\/produit\/firehouse-mannequin\/\" target=\"_blank\" rel=\"noopener\">Mannequin Fire House<\/a> convient aux sc\u00e9narios avec des temp\u00e9ratures \u00e9lev\u00e9es.<\/p>\n<h2>Ajoutez un brin de r\u00e9alisme suppl\u00e9mentaire<\/h2>\n<p>Mettez un collier d&#8217;immobilisation autour du cou du mannequin pour encourager la dispensation des soins appropri\u00e9s aux victimes. Quels aspects r\u00e9alistes souhaitez-vous ajouter dans vos formations\u00a0? Dotez votre mannequin d&#8217;un <a href=\"https:\/\/fireware.nl\/fr\/produit\/dummy-face\/\" target=\"_blank\" rel=\"noopener\">masque de protection<\/a>.<\/p>\n<h2>Regardez notre vid\u00e9o<\/h2>\n\t<iframe loading=\"lazy\" width=\"560\" height=\"315\" src=\"https:\/\/www.youtube.com\/embed\/zSvEcy2mX3g?hl=fr&#038;cc_lang_pref=en&#038;cc_load_policy=1\" title=\"YouTube video player\" frameborder=\"0\" allow=\"accelerometer; autoplay; clipboard-write; encrypted-media; gyroscope; picture-in-picture\" allowfullscreen><\/iframe>\n\n","protected":false},"excerpt":{"rendered":"<ul>\n<li>Sp\u00e9cialement d\u00e9velopp\u00e9 pour pr\u00e9parer les participants \u00e0 des sc\u00e9narios d&#8217;urgence dans le secteur des soins m\u00e9dicaux.<\/li>\n<li>Dot\u00e9 d&#8217;une boucle dans le cou pour faciliter le levage et le rangement.<\/li>\n<li>Les articulations souples limitent le risque de blessures<\/li>\n<li>Fabriqu\u00e9 avec un mat\u00e9riau P200 r\u00e9sistant \u00e0 l&#8217;usure\u00a0; ignifuge et antibact\u00e9rien<\/li>\n<li>Ce mannequin p\u00e8se 25 kg et sa longueur est de 180 cm.<\/li>\n<li>Toujours fourni avec un pyjama lavable et des bottes souples<\/li>\n<\/ul>\n","protected":false},"featured_media":60138,"template":"","meta":[],"product_brand":[],"product_cat":[2184],"product_tag":[],"class_list":{"0":"post-60976","1":"product","2":"type-product","3":"status-publish","4":"has-post-thumbnail","6":"product_cat-mannequins-de-soins","7":"pa_gewicht-lengte-25-kg-180-cm-fr","9":"first","10":"instock","11":"taxable","12":"shipping-taxable","13":"purchasable","14":"product-type-simple"},"yoast_head":"<!-- This site is optimized with the Yoast SEO plugin v27.5 - https:\/\/yoast.com\/product\/yoast-seo-wordpress\/ -->\n<title>Ruth Lee Mannequin Emergency Evacuation - FireWare<\/title>\n<meta name=\"robots\" content=\"index, follow, max-snippet:-1, max-image-preview:large, max-video-preview:-1\" \/>\n<link rel=\"canonical\" href=\"https:\/\/fireware.nl\/fr\/product\/mannequin-emergency-evacuation\/\" \/>\n<meta property=\"og:locale\" content=\"fr_FR\" \/>\n<meta property=\"og:type\" content=\"article\" \/>\n<meta property=\"og:title\" content=\"Ruth Lee Mannequin Emergency Evacuation - FireWare\" \/>\n<meta property=\"og:description\" content=\"Sp\u00e9cialement d\u00e9velopp\u00e9 pour pr\u00e9parer les participants \u00e0 des sc\u00e9narios d&#039;urgence dans le secteur des soins m\u00e9dicaux. Dot\u00e9 d&#039;une boucle dans le cou pour faciliter le levage et le rangement. Les articulations souples limitent le risque de blessures Fabriqu\u00e9 avec un mat\u00e9riau P200 r\u00e9sistant \u00e0 l&#039;usure\u00a0; ignifuge et antibact\u00e9rien Ce mannequin p\u00e8se 25 kg et sa longueur est de 180 cm. Toujours fourni avec un pyjama lavable et des bottes souples\" \/>\n<meta property=\"og:url\" content=\"https:\/\/fireware.nl\/fr\/product\/mannequin-emergency-evacuation\/\" \/>\n<meta property=\"og:site_name\" content=\"FireWare\" \/>\n<meta property=\"article:publisher\" content=\"https:\/\/www.facebook.com\/FireWareBV\/\" \/>\n<meta property=\"article:modified_time\" content=\"2025-02-14T14:29:09+00:00\" \/>\n<meta property=\"og:image\" content=\"https:\/\/fireware.nl\/wp-content\/uploads\/2021\/05\/017-043-124-Emergency-evacuation-oefenpop.jpg\" \/>\n\t<meta property=\"og:image:width\" content=\"600\" \/>\n\t<meta property=\"og:image:height\" content=\"600\" \/>\n\t<meta property=\"og:image:type\" content=\"image\/jpeg\" \/>\n<meta name=\"twitter:card\" content=\"summary_large_image\" \/>\n<meta name=\"twitter:site\" content=\"@FireWarebv\" \/>\n<meta name=\"twitter:label1\" content=\"Dur\u00e9e de lecture estim\u00e9e\" \/>\n\t<meta name=\"twitter:data1\" content=\"2 minutes\" \/>\n<script type=\"application\/ld+json\" class=\"yoast-schema-graph\">{\"@context\":\"https:\\\/\\\/schema.org\",\"@graph\":[{\"@type\":\"WebPage\",\"@id\":\"https:\\\/\\\/fireware.nl\\\/fr\\\/product\\\/mannequin-emergency-evacuation\\\/\",\"url\":\"https:\\\/\\\/fireware.nl\\\/fr\\\/product\\\/mannequin-emergency-evacuation\\\/\",\"name\":\"Ruth Lee Mannequin Emergency Evacuation - FireWare\",\"isPartOf\":{\"@id\":\"https:\\\/\\\/fireware.nl\\\/fr\\\/#website\"},\"primaryImageOfPage\":{\"@id\":\"https:\\\/\\\/fireware.nl\\\/fr\\\/product\\\/mannequin-emergency-evacuation\\\/#primaryimage\"},\"image\":{\"@id\":\"https:\\\/\\\/fireware.nl\\\/fr\\\/product\\\/mannequin-emergency-evacuation\\\/#primaryimage\"},\"thumbnailUrl\":\"https:\\\/\\\/fireware.nl\\\/wp-content\\\/uploads\\\/2021\\\/05\\\/017-043-124-Emergency-evacuation-oefenpop.jpg\",\"datePublished\":\"2021-05-11T12:18:48+00:00\",\"dateModified\":\"2025-02-14T14:29:09+00:00\",\"breadcrumb\":{\"@id\":\"https:\\\/\\\/fireware.nl\\\/fr\\\/product\\\/mannequin-emergency-evacuation\\\/#breadcrumb\"},\"inLanguage\":\"fr-FR\",\"potentialAction\":[{\"@type\":\"ReadAction\",\"target\":[\"https:\\\/\\\/fireware.nl\\\/fr\\\/product\\\/mannequin-emergency-evacuation\\\/\"]}]},{\"@type\":\"ImageObject\",\"inLanguage\":\"fr-FR\",\"@id\":\"https:\\\/\\\/fireware.nl\\\/fr\\\/product\\\/mannequin-emergency-evacuation\\\/#primaryimage\",\"url\":\"https:\\\/\\\/fireware.nl\\\/wp-content\\\/uploads\\\/2021\\\/05\\\/017-043-124-Emergency-evacuation-oefenpop.jpg\",\"contentUrl\":\"https:\\\/\\\/fireware.nl\\\/wp-content\\\/uploads\\\/2021\\\/05\\\/017-043-124-Emergency-evacuation-oefenpop.jpg\",\"width\":600,\"height\":600},{\"@type\":\"BreadcrumbList\",\"@id\":\"https:\\\/\\\/fireware.nl\\\/fr\\\/product\\\/mannequin-emergency-evacuation\\\/#breadcrumb\",\"itemListElement\":[{\"@type\":\"ListItem\",\"position\":1,\"name\":\"Home\",\"item\":\"https:\\\/\\\/fireware.nl\\\/fr\\\/\"},{\"@type\":\"ListItem\",\"position\":2,\"name\":\"Produits\",\"item\":\"https:\\\/\\\/fireware.nl\\\/fr\\\/produits\\\/\"},{\"@type\":\"ListItem\",\"position\":3,\"name\":\"Ruth Lee Mannequin Emergency Evacuation\"}]},{\"@type\":\"WebSite\",\"@id\":\"https:\\\/\\\/fireware.nl\\\/fr\\\/#website\",\"url\":\"https:\\\/\\\/fireware.nl\\\/fr\\\/\",\"name\":\"FireWare\",\"description\":\"CREATING REALISTIC  TRAINING ENVIRONMENTS\",\"publisher\":{\"@id\":\"https:\\\/\\\/fireware.nl\\\/fr\\\/#organization\"},\"potentialAction\":[{\"@type\":\"SearchAction\",\"target\":{\"@type\":\"EntryPoint\",\"urlTemplate\":\"https:\\\/\\\/fireware.nl\\\/fr\\\/?s={search_term_string}\"},\"query-input\":{\"@type\":\"PropertyValueSpecification\",\"valueRequired\":true,\"valueName\":\"search_term_string\"}}],\"inLanguage\":\"fr-FR\"},{\"@type\":\"Organization\",\"@id\":\"https:\\\/\\\/fireware.nl\\\/fr\\\/#organization\",\"name\":\"FireWare\",\"url\":\"https:\\\/\\\/fireware.nl\\\/fr\\\/\",\"logo\":{\"@type\":\"ImageObject\",\"inLanguage\":\"fr-FR\",\"@id\":\"https:\\\/\\\/fireware.nl\\\/fr\\\/#\\\/schema\\\/logo\\\/image\\\/\",\"url\":\"https:\\\/\\\/fireware.nl\\\/wp-content\\\/uploads\\\/2018\\\/10\\\/FireWare-logo.jpg\",\"contentUrl\":\"https:\\\/\\\/fireware.nl\\\/wp-content\\\/uploads\\\/2018\\\/10\\\/FireWare-logo.jpg\",\"width\":171,\"height\":70,\"caption\":\"FireWare\"},\"image\":{\"@id\":\"https:\\\/\\\/fireware.nl\\\/fr\\\/#\\\/schema\\\/logo\\\/image\\\/\"},\"sameAs\":[\"https:\\\/\\\/www.facebook.com\\\/FireWareBV\\\/\",\"https:\\\/\\\/x.com\\\/FireWarebv\",\"https:\\\/\\\/www.instagram.com\\\/fireware_nl\\\/\",\"https:\\\/\\\/www.linkedin.com\\\/company\\\/3586017\\\/\",\"https:\\\/\\\/www.youtube.com\\\/user\\\/firesalesrentconsult\"]}]}<\/script>\n<!-- \/ Yoast SEO plugin. -->","yoast_head_json":{"title":"Ruth Lee Mannequin Emergency Evacuation - FireWare","robots":{"index":"index","follow":"follow","max-snippet":"max-snippet:-1","max-image-preview":"max-image-preview:large","max-video-preview":"max-video-preview:-1"},"canonical":"https:\/\/fireware.nl\/fr\/product\/mannequin-emergency-evacuation\/","og_locale":"fr_FR","og_type":"article","og_title":"Ruth Lee Mannequin Emergency Evacuation - FireWare","og_description":"Sp\u00e9cialement d\u00e9velopp\u00e9 pour pr\u00e9parer les participants \u00e0 des sc\u00e9narios d'urgence dans le secteur des soins m\u00e9dicaux. Dot\u00e9 d'une boucle dans le cou pour faciliter le levage et le rangement. Les articulations souples limitent le risque de blessures Fabriqu\u00e9 avec un mat\u00e9riau P200 r\u00e9sistant \u00e0 l'usure\u00a0; ignifuge et antibact\u00e9rien Ce mannequin p\u00e8se 25 kg et sa longueur est de 180 cm. Toujours fourni avec un pyjama lavable et des bottes souples","og_url":"https:\/\/fireware.nl\/fr\/product\/mannequin-emergency-evacuation\/","og_site_name":"FireWare","article_publisher":"https:\/\/www.facebook.com\/FireWareBV\/","article_modified_time":"2025-02-14T14:29:09+00:00","og_image":[{"width":600,"height":600,"url":"https:\/\/fireware.nl\/wp-content\/uploads\/2021\/05\/017-043-124-Emergency-evacuation-oefenpop.jpg","type":"image\/jpeg"}],"twitter_card":"summary_large_image","twitter_site":"@FireWarebv","twitter_misc":{"Dur\u00e9e de lecture estim\u00e9e":"2 minutes"},"schema":{"@context":"https:\/\/schema.org","@graph":[{"@type":"WebPage","@id":"https:\/\/fireware.nl\/fr\/product\/mannequin-emergency-evacuation\/","url":"https:\/\/fireware.nl\/fr\/product\/mannequin-emergency-evacuation\/","name":"Ruth Lee Mannequin Emergency Evacuation - FireWare","isPartOf":{"@id":"https:\/\/fireware.nl\/fr\/#website"},"primaryImageOfPage":{"@id":"https:\/\/fireware.nl\/fr\/product\/mannequin-emergency-evacuation\/#primaryimage"},"image":{"@id":"https:\/\/fireware.nl\/fr\/product\/mannequin-emergency-evacuation\/#primaryimage"},"thumbnailUrl":"https:\/\/fireware.nl\/wp-content\/uploads\/2021\/05\/017-043-124-Emergency-evacuation-oefenpop.jpg","datePublished":"2021-05-11T12:18:48+00:00","dateModified":"2025-02-14T14:29:09+00:00","breadcrumb":{"@id":"https:\/\/fireware.nl\/fr\/product\/mannequin-emergency-evacuation\/#breadcrumb"},"inLanguage":"fr-FR","potentialAction":[{"@type":"ReadAction","target":["https:\/\/fireware.nl\/fr\/product\/mannequin-emergency-evacuation\/"]}]},{"@type":"ImageObject","inLanguage":"fr-FR","@id":"https:\/\/fireware.nl\/fr\/product\/mannequin-emergency-evacuation\/#primaryimage","url":"https:\/\/fireware.nl\/wp-content\/uploads\/2021\/05\/017-043-124-Emergency-evacuation-oefenpop.jpg","contentUrl":"https:\/\/fireware.nl\/wp-content\/uploads\/2021\/05\/017-043-124-Emergency-evacuation-oefenpop.jpg","width":600,"height":600},{"@type":"BreadcrumbList","@id":"https:\/\/fireware.nl\/fr\/product\/mannequin-emergency-evacuation\/#breadcrumb","itemListElement":[{"@type":"ListItem","position":1,"name":"Home","item":"https:\/\/fireware.nl\/fr\/"},{"@type":"ListItem","position":2,"name":"Produits","item":"https:\/\/fireware.nl\/fr\/produits\/"},{"@type":"ListItem","position":3,"name":"Ruth Lee Mannequin Emergency Evacuation"}]},{"@type":"WebSite","@id":"https:\/\/fireware.nl\/fr\/#website","url":"https:\/\/fireware.nl\/fr\/","name":"FireWare","description":"CREATING REALISTIC  TRAINING ENVIRONMENTS","publisher":{"@id":"https:\/\/fireware.nl\/fr\/#organization"},"potentialAction":[{"@type":"SearchAction","target":{"@type":"EntryPoint","urlTemplate":"https:\/\/fireware.nl\/fr\/?s={search_term_string}"},"query-input":{"@type":"PropertyValueSpecification","valueRequired":true,"valueName":"search_term_string"}}],"inLanguage":"fr-FR"},{"@type":"Organization","@id":"https:\/\/fireware.nl\/fr\/#organization","name":"FireWare","url":"https:\/\/fireware.nl\/fr\/","logo":{"@type":"ImageObject","inLanguage":"fr-FR","@id":"https:\/\/fireware.nl\/fr\/#\/schema\/logo\/image\/","url":"https:\/\/fireware.nl\/wp-content\/uploads\/2018\/10\/FireWare-logo.jpg","contentUrl":"https:\/\/fireware.nl\/wp-content\/uploads\/2018\/10\/FireWare-logo.jpg","width":171,"height":70,"caption":"FireWare"},"image":{"@id":"https:\/\/fireware.nl\/fr\/#\/schema\/logo\/image\/"},"sameAs":["https:\/\/www.facebook.com\/FireWareBV\/","https:\/\/x.com\/FireWarebv","https:\/\/www.instagram.com\/fireware_nl\/","https:\/\/www.linkedin.com\/company\/3586017\/","https:\/\/www.youtube.com\/user\/firesalesrentconsult"]}]}},"publishpress_future_workflow_manual_trigger":{"enabledWorkflows":[]},"_links":{"self":[{"href":"https:\/\/fireware.nl\/fr\/wp-json\/wp\/v2\/product\/60976","targetHints":{"allow":["GET"]}}],"collection":[{"href":"https:\/\/fireware.nl\/fr\/wp-json\/wp\/v2\/product"}],"about":[{"href":"https:\/\/fireware.nl\/fr\/wp-json\/wp\/v2\/types\/product"}],"wp:featuredmedia":[{"embeddable":true,"href":"https:\/\/fireware.nl\/fr\/wp-json\/wp\/v2\/media\/60138"}],"wp:attachment":[{"href":"https:\/\/fireware.nl\/fr\/wp-json\/wp\/v2\/media?parent=60976"}],"wp:term":[{"taxonomy":"product_brand","embeddable":true,"href":"https:\/\/fireware.nl\/fr\/wp-json\/wp\/v2\/product_brand?post=60976"},{"taxonomy":"product_cat","embeddable":true,"href":"https:\/\/fireware.nl\/fr\/wp-json\/wp\/v2\/product_cat?post=60976"},{"taxonomy":"product_tag","embeddable":true,"href":"https:\/\/fireware.nl\/fr\/wp-json\/wp\/v2\/product_tag?post=60976"}],"curies":[{"name":"wp","href":"https:\/\/api.w.org\/{rel}","templated":true}]}}