
{"id":60978,"date":"2021-05-11T08:45:59","date_gmt":"2021-05-11T08:45:59","guid":{"rendered":"https:\/\/fireware.nl\/product\/combinaison-de-remplacement-working-at-height\/"},"modified":"2022-01-17T15:45:53","modified_gmt":"2022-01-17T15:45:53","slug":"combinaison-de-remplacement-working-at-height","status":"publish","type":"product","link":"https:\/\/fireware.nl\/fr\/product\/combinaison-de-remplacement-working-at-height\/","title":{"rendered":"Combinaison de remplacement Working at Height"},"content":{"rendered":"\r\n<h2>\u00c9quipez votre mannequin d&#8217;une nouvelle combinaison<\/h2>\r\n<p>Gardez votre <a href=\"https:\/\/fireware.nl\/fr\/produit\/working-at-height-mannequin\/\" target=\"_blank\" rel=\"noopener\">mannequin Working at Height<\/a> propre et prolongez sa dur\u00e9e de vie avec une nouvelle combinaison, qui r\u00e9siste \u00e0 l&#8217;usure et qui peut \u00eatre lav\u00e9e en machine. Il est fabriqu\u00e9 avec le m\u00eame mat\u00e9riau en polyester PC350FR que le mannequin. Ce mat\u00e9riau est renforc\u00e9 avec du tissu en polypropyl\u00e8ne, aux endroits o\u00f9 le mannequin sera le plus fragile. Cela lui donne une longue dur\u00e9e de vie\u00a0!<\/p>\r\n","protected":false},"excerpt":{"rendered":"<ul>\n<li>Convient pour le mannequin Working at Height de 180 centim\u00e8tres<\/li>\n<li>Combinaison fabriqu\u00e9e en polyester PC350FR.<\/li>\n<li>Lavable en machine<\/li>\n<li>Harnais exclusif<\/li>\n<\/ul>\n","protected":false},"featured_media":60014,"template":"","meta":[],"product_brand":[],"product_cat":[2878],"product_tag":[],"class_list":{"0":"post-60978","1":"product","2":"type-product","3":"status-publish","4":"has-post-thumbnail","6":"product_cat-vetements","7":"pa_afmeting-1-80-metres","9":"first","10":"instock","11":"taxable","12":"shipping-taxable","13":"purchasable","14":"product-type-simple"},"yoast_head":"<!-- This site is optimized with the Yoast SEO plugin v27.5 - https:\/\/yoast.com\/product\/yoast-seo-wordpress\/ -->\n<title>Combinaison de remplacement Working at Height - FireWare<\/title>\n<meta name=\"robots\" content=\"index, follow, max-snippet:-1, max-image-preview:large, max-video-preview:-1\" \/>\n<link rel=\"canonical\" href=\"https:\/\/fireware.nl\/fr\/product\/combinaison-de-remplacement-working-at-height\/\" \/>\n<meta property=\"og:locale\" content=\"fr_FR\" \/>\n<meta property=\"og:type\" content=\"article\" \/>\n<meta property=\"og:title\" content=\"Combinaison de remplacement Working at Height - FireWare\" \/>\n<meta property=\"og:description\" content=\"Convient pour le mannequin Working at Height de 180 centim\u00e8tres Combinaison fabriqu\u00e9e en polyester PC350FR. Lavable en machine Harnais exclusif\" \/>\n<meta property=\"og:url\" content=\"https:\/\/fireware.nl\/fr\/product\/combinaison-de-remplacement-working-at-height\/\" \/>\n<meta property=\"og:site_name\" content=\"FireWare\" \/>\n<meta property=\"article:publisher\" content=\"https:\/\/www.facebook.com\/FireWareBV\/\" \/>\n<meta property=\"article:modified_time\" content=\"2022-01-17T15:45:53+00:00\" \/>\n<meta property=\"og:image\" content=\"https:\/\/fireware.nl\/wp-content\/uploads\/2021\/05\/017-043-126-Working-at-Height-Ruth-Lee-overall.jpg\" \/>\n\t<meta property=\"og:image:width\" content=\"600\" \/>\n\t<meta property=\"og:image:height\" content=\"600\" \/>\n\t<meta property=\"og:image:type\" content=\"image\/jpeg\" \/>\n<meta name=\"twitter:card\" content=\"summary_large_image\" \/>\n<meta name=\"twitter:site\" content=\"@FireWarebv\" \/>\n<script type=\"application\/ld+json\" class=\"yoast-schema-graph\">{\"@context\":\"https:\\\/\\\/schema.org\",\"@graph\":[{\"@type\":\"WebPage\",\"@id\":\"https:\\\/\\\/fireware.nl\\\/fr\\\/product\\\/combinaison-de-remplacement-working-at-height\\\/\",\"url\":\"https:\\\/\\\/fireware.nl\\\/fr\\\/product\\\/combinaison-de-remplacement-working-at-height\\\/\",\"name\":\"Combinaison de remplacement Working at Height - FireWare\",\"isPartOf\":{\"@id\":\"https:\\\/\\\/fireware.nl\\\/fr\\\/#website\"},\"primaryImageOfPage\":{\"@id\":\"https:\\\/\\\/fireware.nl\\\/fr\\\/product\\\/combinaison-de-remplacement-working-at-height\\\/#primaryimage\"},\"image\":{\"@id\":\"https:\\\/\\\/fireware.nl\\\/fr\\\/product\\\/combinaison-de-remplacement-working-at-height\\\/#primaryimage\"},\"thumbnailUrl\":\"https:\\\/\\\/fireware.nl\\\/wp-content\\\/uploads\\\/2021\\\/05\\\/017-043-126-Working-at-Height-Ruth-Lee-overall.jpg\",\"datePublished\":\"2021-05-11T08:45:59+00:00\",\"dateModified\":\"2022-01-17T15:45:53+00:00\",\"breadcrumb\":{\"@id\":\"https:\\\/\\\/fireware.nl\\\/fr\\\/product\\\/combinaison-de-remplacement-working-at-height\\\/#breadcrumb\"},\"inLanguage\":\"fr-FR\",\"potentialAction\":[{\"@type\":\"ReadAction\",\"target\":[\"https:\\\/\\\/fireware.nl\\\/fr\\\/product\\\/combinaison-de-remplacement-working-at-height\\\/\"]}]},{\"@type\":\"ImageObject\",\"inLanguage\":\"fr-FR\",\"@id\":\"https:\\\/\\\/fireware.nl\\\/fr\\\/product\\\/combinaison-de-remplacement-working-at-height\\\/#primaryimage\",\"url\":\"https:\\\/\\\/fireware.nl\\\/wp-content\\\/uploads\\\/2021\\\/05\\\/017-043-126-Working-at-Height-Ruth-Lee-overall.jpg\",\"contentUrl\":\"https:\\\/\\\/fireware.nl\\\/wp-content\\\/uploads\\\/2021\\\/05\\\/017-043-126-Working-at-Height-Ruth-Lee-overall.jpg\",\"width\":600,\"height\":600},{\"@type\":\"BreadcrumbList\",\"@id\":\"https:\\\/\\\/fireware.nl\\\/fr\\\/product\\\/combinaison-de-remplacement-working-at-height\\\/#breadcrumb\",\"itemListElement\":[{\"@type\":\"ListItem\",\"position\":1,\"name\":\"Home\",\"item\":\"https:\\\/\\\/fireware.nl\\\/fr\\\/\"},{\"@type\":\"ListItem\",\"position\":2,\"name\":\"Produits\",\"item\":\"https:\\\/\\\/fireware.nl\\\/fr\\\/produits\\\/\"},{\"@type\":\"ListItem\",\"position\":3,\"name\":\"Combinaison de remplacement Working at Height\"}]},{\"@type\":\"WebSite\",\"@id\":\"https:\\\/\\\/fireware.nl\\\/fr\\\/#website\",\"url\":\"https:\\\/\\\/fireware.nl\\\/fr\\\/\",\"name\":\"FireWare\",\"description\":\"CREATING REALISTIC  TRAINING ENVIRONMENTS\",\"publisher\":{\"@id\":\"https:\\\/\\\/fireware.nl\\\/fr\\\/#organization\"},\"potentialAction\":[{\"@type\":\"SearchAction\",\"target\":{\"@type\":\"EntryPoint\",\"urlTemplate\":\"https:\\\/\\\/fireware.nl\\\/fr\\\/?s={search_term_string}\"},\"query-input\":{\"@type\":\"PropertyValueSpecification\",\"valueRequired\":true,\"valueName\":\"search_term_string\"}}],\"inLanguage\":\"fr-FR\"},{\"@type\":\"Organization\",\"@id\":\"https:\\\/\\\/fireware.nl\\\/fr\\\/#organization\",\"name\":\"FireWare\",\"url\":\"https:\\\/\\\/fireware.nl\\\/fr\\\/\",\"logo\":{\"@type\":\"ImageObject\",\"inLanguage\":\"fr-FR\",\"@id\":\"https:\\\/\\\/fireware.nl\\\/fr\\\/#\\\/schema\\\/logo\\\/image\\\/\",\"url\":\"https:\\\/\\\/fireware.nl\\\/wp-content\\\/uploads\\\/2018\\\/10\\\/FireWare-logo.jpg\",\"contentUrl\":\"https:\\\/\\\/fireware.nl\\\/wp-content\\\/uploads\\\/2018\\\/10\\\/FireWare-logo.jpg\",\"width\":171,\"height\":70,\"caption\":\"FireWare\"},\"image\":{\"@id\":\"https:\\\/\\\/fireware.nl\\\/fr\\\/#\\\/schema\\\/logo\\\/image\\\/\"},\"sameAs\":[\"https:\\\/\\\/www.facebook.com\\\/FireWareBV\\\/\",\"https:\\\/\\\/x.com\\\/FireWarebv\",\"https:\\\/\\\/www.instagram.com\\\/fireware_nl\\\/\",\"https:\\\/\\\/www.linkedin.com\\\/company\\\/3586017\\\/\",\"https:\\\/\\\/www.youtube.com\\\/user\\\/firesalesrentconsult\"]}]}<\/script>\n<!-- \/ Yoast SEO plugin. -->","yoast_head_json":{"title":"Combinaison de remplacement Working at Height - FireWare","robots":{"index":"index","follow":"follow","max-snippet":"max-snippet:-1","max-image-preview":"max-image-preview:large","max-video-preview":"max-video-preview:-1"},"canonical":"https:\/\/fireware.nl\/fr\/product\/combinaison-de-remplacement-working-at-height\/","og_locale":"fr_FR","og_type":"article","og_title":"Combinaison de remplacement Working at Height - FireWare","og_description":"Convient pour le mannequin Working at Height de 180 centim\u00e8tres Combinaison fabriqu\u00e9e en polyester PC350FR. Lavable en machine Harnais exclusif","og_url":"https:\/\/fireware.nl\/fr\/product\/combinaison-de-remplacement-working-at-height\/","og_site_name":"FireWare","article_publisher":"https:\/\/www.facebook.com\/FireWareBV\/","article_modified_time":"2022-01-17T15:45:53+00:00","og_image":[{"width":600,"height":600,"url":"https:\/\/fireware.nl\/wp-content\/uploads\/2021\/05\/017-043-126-Working-at-Height-Ruth-Lee-overall.jpg","type":"image\/jpeg"}],"twitter_card":"summary_large_image","twitter_site":"@FireWarebv","schema":{"@context":"https:\/\/schema.org","@graph":[{"@type":"WebPage","@id":"https:\/\/fireware.nl\/fr\/product\/combinaison-de-remplacement-working-at-height\/","url":"https:\/\/fireware.nl\/fr\/product\/combinaison-de-remplacement-working-at-height\/","name":"Combinaison de remplacement Working at Height - FireWare","isPartOf":{"@id":"https:\/\/fireware.nl\/fr\/#website"},"primaryImageOfPage":{"@id":"https:\/\/fireware.nl\/fr\/product\/combinaison-de-remplacement-working-at-height\/#primaryimage"},"image":{"@id":"https:\/\/fireware.nl\/fr\/product\/combinaison-de-remplacement-working-at-height\/#primaryimage"},"thumbnailUrl":"https:\/\/fireware.nl\/wp-content\/uploads\/2021\/05\/017-043-126-Working-at-Height-Ruth-Lee-overall.jpg","datePublished":"2021-05-11T08:45:59+00:00","dateModified":"2022-01-17T15:45:53+00:00","breadcrumb":{"@id":"https:\/\/fireware.nl\/fr\/product\/combinaison-de-remplacement-working-at-height\/#breadcrumb"},"inLanguage":"fr-FR","potentialAction":[{"@type":"ReadAction","target":["https:\/\/fireware.nl\/fr\/product\/combinaison-de-remplacement-working-at-height\/"]}]},{"@type":"ImageObject","inLanguage":"fr-FR","@id":"https:\/\/fireware.nl\/fr\/product\/combinaison-de-remplacement-working-at-height\/#primaryimage","url":"https:\/\/fireware.nl\/wp-content\/uploads\/2021\/05\/017-043-126-Working-at-Height-Ruth-Lee-overall.jpg","contentUrl":"https:\/\/fireware.nl\/wp-content\/uploads\/2021\/05\/017-043-126-Working-at-Height-Ruth-Lee-overall.jpg","width":600,"height":600},{"@type":"BreadcrumbList","@id":"https:\/\/fireware.nl\/fr\/product\/combinaison-de-remplacement-working-at-height\/#breadcrumb","itemListElement":[{"@type":"ListItem","position":1,"name":"Home","item":"https:\/\/fireware.nl\/fr\/"},{"@type":"ListItem","position":2,"name":"Produits","item":"https:\/\/fireware.nl\/fr\/produits\/"},{"@type":"ListItem","position":3,"name":"Combinaison de remplacement Working at Height"}]},{"@type":"WebSite","@id":"https:\/\/fireware.nl\/fr\/#website","url":"https:\/\/fireware.nl\/fr\/","name":"FireWare","description":"CREATING REALISTIC  TRAINING ENVIRONMENTS","publisher":{"@id":"https:\/\/fireware.nl\/fr\/#organization"},"potentialAction":[{"@type":"SearchAction","target":{"@type":"EntryPoint","urlTemplate":"https:\/\/fireware.nl\/fr\/?s={search_term_string}"},"query-input":{"@type":"PropertyValueSpecification","valueRequired":true,"valueName":"search_term_string"}}],"inLanguage":"fr-FR"},{"@type":"Organization","@id":"https:\/\/fireware.nl\/fr\/#organization","name":"FireWare","url":"https:\/\/fireware.nl\/fr\/","logo":{"@type":"ImageObject","inLanguage":"fr-FR","@id":"https:\/\/fireware.nl\/fr\/#\/schema\/logo\/image\/","url":"https:\/\/fireware.nl\/wp-content\/uploads\/2018\/10\/FireWare-logo.jpg","contentUrl":"https:\/\/fireware.nl\/wp-content\/uploads\/2018\/10\/FireWare-logo.jpg","width":171,"height":70,"caption":"FireWare"},"image":{"@id":"https:\/\/fireware.nl\/fr\/#\/schema\/logo\/image\/"},"sameAs":["https:\/\/www.facebook.com\/FireWareBV\/","https:\/\/x.com\/FireWarebv","https:\/\/www.instagram.com\/fireware_nl\/","https:\/\/www.linkedin.com\/company\/3586017\/","https:\/\/www.youtube.com\/user\/firesalesrentconsult"]}]}},"publishpress_future_workflow_manual_trigger":{"enabledWorkflows":[]},"_links":{"self":[{"href":"https:\/\/fireware.nl\/fr\/wp-json\/wp\/v2\/product\/60978","targetHints":{"allow":["GET"]}}],"collection":[{"href":"https:\/\/fireware.nl\/fr\/wp-json\/wp\/v2\/product"}],"about":[{"href":"https:\/\/fireware.nl\/fr\/wp-json\/wp\/v2\/types\/product"}],"wp:featuredmedia":[{"embeddable":true,"href":"https:\/\/fireware.nl\/fr\/wp-json\/wp\/v2\/media\/60014"}],"wp:attachment":[{"href":"https:\/\/fireware.nl\/fr\/wp-json\/wp\/v2\/media?parent=60978"}],"wp:term":[{"taxonomy":"product_brand","embeddable":true,"href":"https:\/\/fireware.nl\/fr\/wp-json\/wp\/v2\/product_brand?post=60978"},{"taxonomy":"product_cat","embeddable":true,"href":"https:\/\/fireware.nl\/fr\/wp-json\/wp\/v2\/product_cat?post=60978"},{"taxonomy":"product_tag","embeddable":true,"href":"https:\/\/fireware.nl\/fr\/wp-json\/wp\/v2\/product_tag?post=60978"}],"curies":[{"name":"wp","href":"https:\/\/api.w.org\/{rel}","templated":true}]}}