
{"id":62891,"date":"2021-07-09T14:29:32","date_gmt":"2021-07-09T14:29:32","guid":{"rendered":"https:\/\/fireware.nl\/product\/devidoir-dentrainement-apollo-led\/"},"modified":"2025-09-08T11:22:57","modified_gmt":"2025-09-08T11:22:57","slug":"devidoir-dentrainement-apollo-led","status":"publish","type":"product","link":"https:\/\/fireware.nl\/fr\/product\/devidoir-dentrainement-apollo-led\/","title":{"rendered":"D\u00e9vidoir d&#8217;entra\u00eenement Apollo LED"},"content":{"rendered":"\r\n<h2>Entra\u00eener les proc\u00e9dures pour l&#8217;utilisation d&#8217;un d\u00e9vidoir<\/h2>\r\n<p>Le D\u00e9vidoir d&#8217;entra\u00eenement Apollo LED permet de s&#8217;entra\u00eener \u00e0 toutes les proc\u00e9dures d&#8217;extinction d&#8217;un d\u00e9but d&#8217;incendie avec une lance. Le simulateur peut \u00eatre utilis\u00e9 dans tout environnement. En effet, le jet extincteur est simul\u00e9 \u00e0 l&#8217;aide d&#8217;une puissante lumi\u00e8re LED et un effet sonore. Il est donc possible de s&#8217;entra\u00eener \u00e0 \u00e9teindre un feu de mati\u00e8res solides de mani\u00e8re s\u00fbre et appropri\u00e9e.<\/p>\r\n<h2>Gardez le lieu o\u00f9 vous vous entra\u00eenez propre.<\/h2>\r\n<p>Attachez le d\u00e9vidoir solidement au mur \u00e0 l&#8217;aide du support de suspension pour, en principe, vous entra\u00eener n&#8217;importe o\u00f9. L&#8217;Apollo LED n&#8217;\u00e9met qu&#8217;une lumi\u00e8re LED bleue. Par cons\u00e9quent, l&#8217;entra\u00eenement peut \u00e9galement se d\u00e9rouler dans des environnements qui ne sont pas adapt\u00e9s aux exercices d&#8217;extinction d&#8217;incendie \u00e0 l&#8217;eau. Comme l&#8217;Apollo LED garde un environnement de formation propre, en une journ\u00e9e, un grand nombre de participants peuvent s&#8217;entra\u00eener aux techniques d&#8217;extinction n\u00e9cessaires. En plus, les participants peuvent se succ\u00e9der plus rapidement.<\/p>\r\n<h2>Simulez l&#8217;utilisation d&#8217;un d\u00e9vidoir.<\/h2>\r\n<p>L&#8217;instructeur met en marche le d\u00e9vidoir d&#8217;entra\u00eenement en appuyant sur un seul bouton. Le simulateur imite le fonctionnement d&#8217;un d\u00e9vidoir v\u00e9ritable. Le robinet principal s&#8217;ouvre et se ferme avec un quart de tour de la poign\u00e9e. Le participant d\u00e9roule le tuyau du d\u00e9vidoir (20 m\u00e8tres) et le dirige vers la simulation d&#8217;incendie. D\u00e8s que le tuyau est ouvert, le son d&#8217;un d\u00e9vidoir se fait entendre et une LED bleue brille \u00e0 la sortie du tuyau. L&#8217;instructeur peut ainsi guider le participant \u00e0 diriger le jet extincteur. La simulation d&#8217;extinction se poursuit jusqu&#8217;\u00e0 ce que le tuyau soit ferm\u00e9.<\/p>\r\n<p>Le d\u00e9vidoir d&#8217;incendie de formation Apollo LED r\u00e9agit aux actions du participant. Tant que le robinet principal est ferm\u00e9, il n&#8217;est pas possible d&#8217;\u00e9teindre un feu. D\u00e8s que le participant ouvre le robinet principal, cela est imm\u00e9diatement communiqu\u00e9 au reste du syst\u00e8me par un signal Wi-Fi. Pour indiquer l&#8217;\u00e9tat, l&#8217;un des LED s&#8217;allume. Ce n&#8217;est qu&#8217;\u00e0 ce moment-l\u00e0 qu&#8217;il est possible d&#8217;ouvrir le tuyau. Le d\u00e9vidoir Apollo LED cr\u00e9e un signal Wi-Fi, mais peut \u00e9galement fonctionner sur votre propre r\u00e9seau Wi-Fi. L&#8217;Apollo LED dispose d&#8217;une batterie puissante, capable d&#8217;effectuer de nombreux exercices d&#8217;extinction. Batterie vide\u00a0? Chargez-la \u00e0 l&#8217;aide du c\u00e2ble micro-USB fourni.<\/p>\r\n<h2>Laissez le choix de l&#8217;agent extincteur aux participants.<\/h2>\r\n<p>Voulez-vous indiquer quel agent extincteur est n\u00e9cessaire pour quel feu\u00a0? Accrochez un d\u00e9vidoir d&#8217;entra\u00eenement Apollo LED dans la salle et laissez le participant choisir le bon agent extincteur. Il est donc possible de s&#8217;entra\u00eener avec ces agents extincteurs \u00e0 des endroits o\u00f9 normalement cela est peu ou pas possible, voire, o\u00f9 il est interdit de travailler avec de l&#8217;eau, de la mousse ou du poudre. Le d\u00e9vidoir d&#8217;entra\u00eenement Apollo LED est disponible avec une <a href=\"https:\/\/fireware.nl\/fr\/product\/extincteur-de-formation-apollo-a-poignee-a-presser-6-l-pression-permanente\/\" target=\"_blank\" rel=\"noopener\">poign\u00e9e \u00e0 presser<\/a>, avec<a href=\"https:\/\/fireware.nl\/fr\/product\/extincteur-de-formation-apollo-avec-bouton-de-mise-en-pression-6-l-pression-auxiliaire\/\" target=\"_blank\" rel=\"noopener\"> un bouton de r\u00e9glage<\/a> ou <a href=\"https:\/\/fireware.nl\/fr\/product\/extincteur-de-formation-apollo-co2-l\/\" target=\"_blank\" rel=\"noopener\">comme extincteur \u00e0 CO<sub>2<\/sub><\/a>.<\/p>\r\n<h2>Regarder la vid\u00e9o<\/h2>\r\n<p><iframe loading=\"lazy\" src=\"https:\/\/www.youtube.com\/embed\/piI4ix6R7bg?rel=0&amp;hl=en&amp;cc_lang_pref=en&amp;cc_load_policy=1\" width=\"560\" height=\"315\" frameborder=\"0\" allowfullscreen=\"allowfullscreen\"><\/iframe><\/p>\r\n","protected":false},"excerpt":{"rendered":"<ul>\n<li>Apprenez les participants \u00e0 \u00e9teindre un feu \u00e0 l&#8217;aide d&#8217;un d\u00e9vidoir, sans utiliser de l&#8217;eau.<\/li>\n<li>Simulation du fonctionnement d&#8217;un v\u00e9ritable d\u00e9vidoir.<\/li>\n<li>Avec les effets sonores d&#8217;un d\u00e9vidoir r\u00e9el.<\/li>\n<li>Inclut un syst\u00e8me de suspension pour l&#8217;accrochage \u00e0 un mur.<\/li>\n<li>Livr\u00e9 avec des autocollants dans la langue pr\u00e9f\u00e9r\u00e9e.<\/li>\n<li>Disponible \u00e9galement comme extincteur d\u2019exercice.<\/li>\n<\/ul>\n","protected":false},"featured_media":62603,"template":"","meta":[],"product_brand":[],"product_cat":[101],"product_tag":[],"class_list":{"0":"post-62891","1":"product","2":"type-product","3":"status-publish","4":"has-post-thumbnail","6":"product_cat-extincteurs-de-formation","8":"first","9":"instock","10":"taxable","11":"shipping-taxable","12":"purchasable","13":"product-type-variable"},"yoast_head":"<!-- This site is optimized with the Yoast SEO plugin v27.5 - https:\/\/yoast.com\/product\/yoast-seo-wordpress\/ -->\n<title>D\u00e9vidoir d&#039;entra\u00eenement Apollo LED - FireWare<\/title>\n<meta name=\"robots\" content=\"index, follow, max-snippet:-1, max-image-preview:large, max-video-preview:-1\" \/>\n<link rel=\"canonical\" href=\"https:\/\/fireware.nl\/fr\/product\/devidoir-dentrainement-apollo-led\/\" \/>\n<meta property=\"og:locale\" content=\"fr_FR\" \/>\n<meta property=\"og:type\" content=\"article\" \/>\n<meta property=\"og:title\" content=\"D\u00e9vidoir d&#039;entra\u00eenement Apollo LED - FireWare\" \/>\n<meta property=\"og:description\" content=\"Apprenez les participants \u00e0 \u00e9teindre un feu \u00e0 l&#039;aide d&#039;un d\u00e9vidoir, sans utiliser de l&#039;eau. Simulation du fonctionnement d&#039;un v\u00e9ritable d\u00e9vidoir. Avec les effets sonores d&#039;un d\u00e9vidoir r\u00e9el. Inclut un syst\u00e8me de suspension pour l&#039;accrochage \u00e0 un mur. Livr\u00e9 avec des autocollants dans la langue pr\u00e9f\u00e9r\u00e9e. Disponible \u00e9galement comme extincteur d\u2019exercice.\" \/>\n<meta property=\"og:url\" content=\"https:\/\/fireware.nl\/fr\/product\/devidoir-dentrainement-apollo-led\/\" \/>\n<meta property=\"og:site_name\" content=\"FireWare\" \/>\n<meta property=\"article:publisher\" content=\"https:\/\/www.facebook.com\/FireWareBV\/\" \/>\n<meta property=\"article:modified_time\" content=\"2025-09-08T11:22:57+00:00\" \/>\n<meta property=\"og:image\" content=\"https:\/\/fireware.nl\/wp-content\/uploads\/2021\/07\/025-100-049-Apollo-LED-Oefenbrandslanghaspel.jpg\" \/>\n\t<meta property=\"og:image:width\" content=\"600\" \/>\n\t<meta property=\"og:image:height\" content=\"600\" \/>\n\t<meta property=\"og:image:type\" content=\"image\/jpeg\" \/>\n<meta name=\"twitter:card\" content=\"summary_large_image\" \/>\n<meta name=\"twitter:site\" content=\"@FireWarebv\" \/>\n<meta name=\"twitter:label1\" content=\"Dur\u00e9e de lecture estim\u00e9e\" \/>\n\t<meta name=\"twitter:data1\" content=\"3 minutes\" \/>\n<script type=\"application\/ld+json\" class=\"yoast-schema-graph\">{\"@context\":\"https:\\\/\\\/schema.org\",\"@graph\":[{\"@type\":\"WebPage\",\"@id\":\"https:\\\/\\\/fireware.nl\\\/fr\\\/product\\\/devidoir-dentrainement-apollo-led\\\/\",\"url\":\"https:\\\/\\\/fireware.nl\\\/fr\\\/product\\\/devidoir-dentrainement-apollo-led\\\/\",\"name\":\"D\u00e9vidoir d'entra\u00eenement Apollo LED - FireWare\",\"isPartOf\":{\"@id\":\"https:\\\/\\\/fireware.nl\\\/fr\\\/#website\"},\"primaryImageOfPage\":{\"@id\":\"https:\\\/\\\/fireware.nl\\\/fr\\\/product\\\/devidoir-dentrainement-apollo-led\\\/#primaryimage\"},\"image\":{\"@id\":\"https:\\\/\\\/fireware.nl\\\/fr\\\/product\\\/devidoir-dentrainement-apollo-led\\\/#primaryimage\"},\"thumbnailUrl\":\"https:\\\/\\\/fireware.nl\\\/wp-content\\\/uploads\\\/2021\\\/07\\\/025-100-049-Apollo-LED-Oefenbrandslanghaspel.jpg\",\"datePublished\":\"2021-07-09T14:29:32+00:00\",\"dateModified\":\"2025-09-08T11:22:57+00:00\",\"breadcrumb\":{\"@id\":\"https:\\\/\\\/fireware.nl\\\/fr\\\/product\\\/devidoir-dentrainement-apollo-led\\\/#breadcrumb\"},\"inLanguage\":\"fr-FR\",\"potentialAction\":[{\"@type\":\"ReadAction\",\"target\":[\"https:\\\/\\\/fireware.nl\\\/fr\\\/product\\\/devidoir-dentrainement-apollo-led\\\/\"]}]},{\"@type\":\"ImageObject\",\"inLanguage\":\"fr-FR\",\"@id\":\"https:\\\/\\\/fireware.nl\\\/fr\\\/product\\\/devidoir-dentrainement-apollo-led\\\/#primaryimage\",\"url\":\"https:\\\/\\\/fireware.nl\\\/wp-content\\\/uploads\\\/2021\\\/07\\\/025-100-049-Apollo-LED-Oefenbrandslanghaspel.jpg\",\"contentUrl\":\"https:\\\/\\\/fireware.nl\\\/wp-content\\\/uploads\\\/2021\\\/07\\\/025-100-049-Apollo-LED-Oefenbrandslanghaspel.jpg\",\"width\":600,\"height\":600},{\"@type\":\"BreadcrumbList\",\"@id\":\"https:\\\/\\\/fireware.nl\\\/fr\\\/product\\\/devidoir-dentrainement-apollo-led\\\/#breadcrumb\",\"itemListElement\":[{\"@type\":\"ListItem\",\"position\":1,\"name\":\"Home\",\"item\":\"https:\\\/\\\/fireware.nl\\\/fr\\\/\"},{\"@type\":\"ListItem\",\"position\":2,\"name\":\"Produits\",\"item\":\"https:\\\/\\\/fireware.nl\\\/fr\\\/produits\\\/\"},{\"@type\":\"ListItem\",\"position\":3,\"name\":\"D\u00e9vidoir d&#8217;entra\u00eenement Apollo LED\"}]},{\"@type\":\"WebSite\",\"@id\":\"https:\\\/\\\/fireware.nl\\\/fr\\\/#website\",\"url\":\"https:\\\/\\\/fireware.nl\\\/fr\\\/\",\"name\":\"FireWare\",\"description\":\"CREATING REALISTIC  TRAINING ENVIRONMENTS\",\"publisher\":{\"@id\":\"https:\\\/\\\/fireware.nl\\\/fr\\\/#organization\"},\"potentialAction\":[{\"@type\":\"SearchAction\",\"target\":{\"@type\":\"EntryPoint\",\"urlTemplate\":\"https:\\\/\\\/fireware.nl\\\/fr\\\/?s={search_term_string}\"},\"query-input\":{\"@type\":\"PropertyValueSpecification\",\"valueRequired\":true,\"valueName\":\"search_term_string\"}}],\"inLanguage\":\"fr-FR\"},{\"@type\":\"Organization\",\"@id\":\"https:\\\/\\\/fireware.nl\\\/fr\\\/#organization\",\"name\":\"FireWare\",\"url\":\"https:\\\/\\\/fireware.nl\\\/fr\\\/\",\"logo\":{\"@type\":\"ImageObject\",\"inLanguage\":\"fr-FR\",\"@id\":\"https:\\\/\\\/fireware.nl\\\/fr\\\/#\\\/schema\\\/logo\\\/image\\\/\",\"url\":\"https:\\\/\\\/fireware.nl\\\/wp-content\\\/uploads\\\/2018\\\/10\\\/FireWare-logo.jpg\",\"contentUrl\":\"https:\\\/\\\/fireware.nl\\\/wp-content\\\/uploads\\\/2018\\\/10\\\/FireWare-logo.jpg\",\"width\":171,\"height\":70,\"caption\":\"FireWare\"},\"image\":{\"@id\":\"https:\\\/\\\/fireware.nl\\\/fr\\\/#\\\/schema\\\/logo\\\/image\\\/\"},\"sameAs\":[\"https:\\\/\\\/www.facebook.com\\\/FireWareBV\\\/\",\"https:\\\/\\\/x.com\\\/FireWarebv\",\"https:\\\/\\\/www.instagram.com\\\/fireware_nl\\\/\",\"https:\\\/\\\/www.linkedin.com\\\/company\\\/3586017\\\/\",\"https:\\\/\\\/www.youtube.com\\\/user\\\/firesalesrentconsult\"]}]}<\/script>\n<!-- \/ Yoast SEO plugin. -->","yoast_head_json":{"title":"D\u00e9vidoir d'entra\u00eenement Apollo LED - FireWare","robots":{"index":"index","follow":"follow","max-snippet":"max-snippet:-1","max-image-preview":"max-image-preview:large","max-video-preview":"max-video-preview:-1"},"canonical":"https:\/\/fireware.nl\/fr\/product\/devidoir-dentrainement-apollo-led\/","og_locale":"fr_FR","og_type":"article","og_title":"D\u00e9vidoir d'entra\u00eenement Apollo LED - FireWare","og_description":"Apprenez les participants \u00e0 \u00e9teindre un feu \u00e0 l'aide d'un d\u00e9vidoir, sans utiliser de l'eau. Simulation du fonctionnement d'un v\u00e9ritable d\u00e9vidoir. Avec les effets sonores d'un d\u00e9vidoir r\u00e9el. Inclut un syst\u00e8me de suspension pour l'accrochage \u00e0 un mur. Livr\u00e9 avec des autocollants dans la langue pr\u00e9f\u00e9r\u00e9e. Disponible \u00e9galement comme extincteur d\u2019exercice.","og_url":"https:\/\/fireware.nl\/fr\/product\/devidoir-dentrainement-apollo-led\/","og_site_name":"FireWare","article_publisher":"https:\/\/www.facebook.com\/FireWareBV\/","article_modified_time":"2025-09-08T11:22:57+00:00","og_image":[{"width":600,"height":600,"url":"https:\/\/fireware.nl\/wp-content\/uploads\/2021\/07\/025-100-049-Apollo-LED-Oefenbrandslanghaspel.jpg","type":"image\/jpeg"}],"twitter_card":"summary_large_image","twitter_site":"@FireWarebv","twitter_misc":{"Dur\u00e9e de lecture estim\u00e9e":"3 minutes"},"schema":{"@context":"https:\/\/schema.org","@graph":[{"@type":"WebPage","@id":"https:\/\/fireware.nl\/fr\/product\/devidoir-dentrainement-apollo-led\/","url":"https:\/\/fireware.nl\/fr\/product\/devidoir-dentrainement-apollo-led\/","name":"D\u00e9vidoir d'entra\u00eenement Apollo LED - FireWare","isPartOf":{"@id":"https:\/\/fireware.nl\/fr\/#website"},"primaryImageOfPage":{"@id":"https:\/\/fireware.nl\/fr\/product\/devidoir-dentrainement-apollo-led\/#primaryimage"},"image":{"@id":"https:\/\/fireware.nl\/fr\/product\/devidoir-dentrainement-apollo-led\/#primaryimage"},"thumbnailUrl":"https:\/\/fireware.nl\/wp-content\/uploads\/2021\/07\/025-100-049-Apollo-LED-Oefenbrandslanghaspel.jpg","datePublished":"2021-07-09T14:29:32+00:00","dateModified":"2025-09-08T11:22:57+00:00","breadcrumb":{"@id":"https:\/\/fireware.nl\/fr\/product\/devidoir-dentrainement-apollo-led\/#breadcrumb"},"inLanguage":"fr-FR","potentialAction":[{"@type":"ReadAction","target":["https:\/\/fireware.nl\/fr\/product\/devidoir-dentrainement-apollo-led\/"]}]},{"@type":"ImageObject","inLanguage":"fr-FR","@id":"https:\/\/fireware.nl\/fr\/product\/devidoir-dentrainement-apollo-led\/#primaryimage","url":"https:\/\/fireware.nl\/wp-content\/uploads\/2021\/07\/025-100-049-Apollo-LED-Oefenbrandslanghaspel.jpg","contentUrl":"https:\/\/fireware.nl\/wp-content\/uploads\/2021\/07\/025-100-049-Apollo-LED-Oefenbrandslanghaspel.jpg","width":600,"height":600},{"@type":"BreadcrumbList","@id":"https:\/\/fireware.nl\/fr\/product\/devidoir-dentrainement-apollo-led\/#breadcrumb","itemListElement":[{"@type":"ListItem","position":1,"name":"Home","item":"https:\/\/fireware.nl\/fr\/"},{"@type":"ListItem","position":2,"name":"Produits","item":"https:\/\/fireware.nl\/fr\/produits\/"},{"@type":"ListItem","position":3,"name":"D\u00e9vidoir d&#8217;entra\u00eenement Apollo LED"}]},{"@type":"WebSite","@id":"https:\/\/fireware.nl\/fr\/#website","url":"https:\/\/fireware.nl\/fr\/","name":"FireWare","description":"CREATING REALISTIC  TRAINING ENVIRONMENTS","publisher":{"@id":"https:\/\/fireware.nl\/fr\/#organization"},"potentialAction":[{"@type":"SearchAction","target":{"@type":"EntryPoint","urlTemplate":"https:\/\/fireware.nl\/fr\/?s={search_term_string}"},"query-input":{"@type":"PropertyValueSpecification","valueRequired":true,"valueName":"search_term_string"}}],"inLanguage":"fr-FR"},{"@type":"Organization","@id":"https:\/\/fireware.nl\/fr\/#organization","name":"FireWare","url":"https:\/\/fireware.nl\/fr\/","logo":{"@type":"ImageObject","inLanguage":"fr-FR","@id":"https:\/\/fireware.nl\/fr\/#\/schema\/logo\/image\/","url":"https:\/\/fireware.nl\/wp-content\/uploads\/2018\/10\/FireWare-logo.jpg","contentUrl":"https:\/\/fireware.nl\/wp-content\/uploads\/2018\/10\/FireWare-logo.jpg","width":171,"height":70,"caption":"FireWare"},"image":{"@id":"https:\/\/fireware.nl\/fr\/#\/schema\/logo\/image\/"},"sameAs":["https:\/\/www.facebook.com\/FireWareBV\/","https:\/\/x.com\/FireWarebv","https:\/\/www.instagram.com\/fireware_nl\/","https:\/\/www.linkedin.com\/company\/3586017\/","https:\/\/www.youtube.com\/user\/firesalesrentconsult"]}]}},"publishpress_future_workflow_manual_trigger":{"enabledWorkflows":[]},"_links":{"self":[{"href":"https:\/\/fireware.nl\/fr\/wp-json\/wp\/v2\/product\/62891","targetHints":{"allow":["GET"]}}],"collection":[{"href":"https:\/\/fireware.nl\/fr\/wp-json\/wp\/v2\/product"}],"about":[{"href":"https:\/\/fireware.nl\/fr\/wp-json\/wp\/v2\/types\/product"}],"wp:featuredmedia":[{"embeddable":true,"href":"https:\/\/fireware.nl\/fr\/wp-json\/wp\/v2\/media\/62603"}],"wp:attachment":[{"href":"https:\/\/fireware.nl\/fr\/wp-json\/wp\/v2\/media?parent=62891"}],"wp:term":[{"taxonomy":"product_brand","embeddable":true,"href":"https:\/\/fireware.nl\/fr\/wp-json\/wp\/v2\/product_brand?post=62891"},{"taxonomy":"product_cat","embeddable":true,"href":"https:\/\/fireware.nl\/fr\/wp-json\/wp\/v2\/product_cat?post=62891"},{"taxonomy":"product_tag","embeddable":true,"href":"https:\/\/fireware.nl\/fr\/wp-json\/wp\/v2\/product_tag?post=62891"}],"curies":[{"name":"wp","href":"https:\/\/api.w.org\/{rel}","templated":true}]}}