
{"id":62893,"date":"2021-07-09T14:21:25","date_gmt":"2021-07-09T14:21:25","guid":{"rendered":"https:\/\/fireware.nl\/product\/pied-de-sol-pour-le-firespot\/"},"modified":"2026-04-13T14:10:57","modified_gmt":"2026-04-13T14:10:57","slug":"pied-de-sol-pour-le-firespot","status":"publish","type":"product","link":"https:\/\/fireware.nl\/fr\/produit\/pied-de-sol-pour-le-firespot\/","title":{"rendered":"Pied de sol pour le FireSpot"},"content":{"rendered":"\n\n\t<h2>Assurez une plus grande stabilit\u00e9 lors de l&#8217;utilisation du FireSpot<\/h2>\n<p>Fixez le <a href=\"https:\/\/fireware.nl\/fr\/produit\/firespot\/\" target=\"_blank\" rel=\"noopener\">FireWare FireSpot<\/a> au pied de sol pour assurer un soutien maximal. Normalement, vous placez le FireSpot directement sur une surface dans la salle d&#8217;entrainement. L&#8217;utilisation du pied de sol cr\u00e9e plus de stabilit\u00e9. En outre, vous pouvez plus facilement d\u00e9finir le bon angle de la lueur du feu et de la couleur de la fum\u00e9e. Les effets des flammes horizontaux et verticaux sont un jeu d&#8217;enfant\u00a0! Le pied de sol est fabriqu\u00e9 en acier inoxydable.<\/p>\n<h2>Regardez les vid\u00e9os<\/h2>\n\t\t<iframe loading=\"lazy\" width=\"560\" height=\"315\" src=\"https:\/\/www.youtube.com\/embed\/_YZHZlortAs\" title=\"YouTube video player\" frameborder=\"0\" allow=\"accelerometer; autoplay; clipboard-write; encrypted-media; gyroscope; picture-in-picture\" allowfullscreen><\/iframe>\t\n\t\t<iframe width=\"1280\" height=\"720\" src=https:\/\/player.vimeo.com\/video\/1162154950?hl=nl&#038;cc_lang_pref=nl&#038;cc_load_policy=1 frameborder=\"0\" allow=\"accelerometer; autoplay; clipboard-write; encrypted-media; gyroscope; picture-in-picture\" allowfullscreen><\/iframe>\t\n\n","protected":false},"excerpt":{"rendered":"<ul>\n<li>Assurez plus de stabilit\u00e9 lors de l&#8217;utilisation du <a href=\"https:\/\/fireware.nl\/fr\/product\/firespot\/\" target=\"_blank\" rel=\"noopener\">FireSpot Original<\/a>, <a href=\"https:\/\/fireware.nl\/fr\/product\/firespot-mk2\/\" target=\"_blank\" rel=\"noopener\">FireSpot MK2<\/a> et <a href=\"https:\/\/fireware.nl\/fr\/product\/firespot-xxl\/\" target=\"_blank\" rel=\"noopener\">FireSpot XXL<\/a><\/li>\n<li>Ajustez facilement le bon angle de la lueur du feu.<\/li>\n<li>Fabriqu\u00e9 en acier inoxydable.<\/li>\n<\/ul>\n","protected":false},"featured_media":125160,"template":"","meta":[],"product_brand":[],"product_cat":[215],"product_tag":[],"class_list":{"0":"post-62893","1":"product","2":"type-product","3":"status-publish","4":"has-post-thumbnail","6":"product_cat-feu-simule","7":"pa_optie-pied-de-sol-firespot-original-mk2","8":"pa_optie-pied-de-sol-firespot-xxl","10":"first","11":"instock","12":"taxable","13":"shipping-taxable","14":"purchasable","15":"product-type-variable"},"yoast_head":"<!-- This site is optimized with the Yoast SEO plugin v27.5 - https:\/\/yoast.com\/product\/yoast-seo-wordpress\/ -->\n<title>Pied de sol pour le FireSpot - FireWare<\/title>\n<meta name=\"robots\" content=\"index, follow, max-snippet:-1, max-image-preview:large, max-video-preview:-1\" \/>\n<link rel=\"canonical\" href=\"https:\/\/fireware.nl\/fr\/produit\/pied-de-sol-pour-le-firespot\/\" \/>\n<meta property=\"og:locale\" content=\"fr_FR\" \/>\n<meta property=\"og:type\" content=\"article\" \/>\n<meta property=\"og:title\" content=\"Pied de sol pour le FireSpot - FireWare\" \/>\n<meta property=\"og:description\" content=\"Assurez plus de stabilit\u00e9 lors de l&#039;utilisation du FireSpot Original, FireSpot MK2 et FireSpot XXL Ajustez facilement le bon angle de la lueur du feu. Fabriqu\u00e9 en acier inoxydable.\" \/>\n<meta property=\"og:url\" content=\"https:\/\/fireware.nl\/fr\/produit\/pied-de-sol-pour-le-firespot\/\" \/>\n<meta property=\"og:site_name\" content=\"FireWare\" \/>\n<meta property=\"article:publisher\" content=\"https:\/\/www.facebook.com\/FireWareBV\/\" \/>\n<meta property=\"article:modified_time\" content=\"2026-04-13T14:10:57+00:00\" \/>\n<meta property=\"og:image\" content=\"https:\/\/fireware.nl\/wp-content\/uploads\/2021\/07\/FireSpot-Vloerstatief.jpg\" \/>\n<meta name=\"twitter:card\" content=\"summary_large_image\" \/>\n<meta name=\"twitter:site\" content=\"@FireWarebv\" \/>\n<meta name=\"twitter:label1\" content=\"Dur\u00e9e de lecture estim\u00e9e\" \/>\n\t<meta name=\"twitter:data1\" content=\"1 minute\" \/>\n<script type=\"application\/ld+json\" class=\"yoast-schema-graph\">{\"@context\":\"https:\\\/\\\/schema.org\",\"@graph\":[{\"@type\":\"WebPage\",\"@id\":\"https:\\\/\\\/fireware.nl\\\/fr\\\/produit\\\/pied-de-sol-pour-le-firespot\\\/\",\"url\":\"https:\\\/\\\/fireware.nl\\\/fr\\\/produit\\\/pied-de-sol-pour-le-firespot\\\/\",\"name\":\"Pied de sol pour le FireSpot - FireWare\",\"isPartOf\":{\"@id\":\"https:\\\/\\\/fireware.nl\\\/fr\\\/#website\"},\"primaryImageOfPage\":{\"@id\":\"https:\\\/\\\/fireware.nl\\\/fr\\\/produit\\\/pied-de-sol-pour-le-firespot\\\/#primaryimage\"},\"image\":{\"@id\":\"https:\\\/\\\/fireware.nl\\\/fr\\\/produit\\\/pied-de-sol-pour-le-firespot\\\/#primaryimage\"},\"thumbnailUrl\":\"https:\\\/\\\/fireware.nl\\\/wp-content\\\/uploads\\\/2025\\\/05\\\/20250430_Vloerstatief_XXL_023_en_Vloerstatief_OG_600x600-1.jpg\",\"datePublished\":\"2021-07-09T14:21:25+00:00\",\"dateModified\":\"2026-04-13T14:10:57+00:00\",\"breadcrumb\":{\"@id\":\"https:\\\/\\\/fireware.nl\\\/fr\\\/produit\\\/pied-de-sol-pour-le-firespot\\\/#breadcrumb\"},\"inLanguage\":\"fr-FR\",\"potentialAction\":[{\"@type\":\"ReadAction\",\"target\":[\"https:\\\/\\\/fireware.nl\\\/fr\\\/produit\\\/pied-de-sol-pour-le-firespot\\\/\"]}]},{\"@type\":\"ImageObject\",\"inLanguage\":\"fr-FR\",\"@id\":\"https:\\\/\\\/fireware.nl\\\/fr\\\/produit\\\/pied-de-sol-pour-le-firespot\\\/#primaryimage\",\"url\":\"https:\\\/\\\/fireware.nl\\\/wp-content\\\/uploads\\\/2025\\\/05\\\/20250430_Vloerstatief_XXL_023_en_Vloerstatief_OG_600x600-1.jpg\",\"contentUrl\":\"https:\\\/\\\/fireware.nl\\\/wp-content\\\/uploads\\\/2025\\\/05\\\/20250430_Vloerstatief_XXL_023_en_Vloerstatief_OG_600x600-1.jpg\",\"width\":600,\"height\":600},{\"@type\":\"BreadcrumbList\",\"@id\":\"https:\\\/\\\/fireware.nl\\\/fr\\\/produit\\\/pied-de-sol-pour-le-firespot\\\/#breadcrumb\",\"itemListElement\":[{\"@type\":\"ListItem\",\"position\":1,\"name\":\"Home\",\"item\":\"https:\\\/\\\/fireware.nl\\\/fr\\\/\"},{\"@type\":\"ListItem\",\"position\":2,\"name\":\"Produits\",\"item\":\"https:\\\/\\\/fireware.nl\\\/fr\\\/produits\\\/\"},{\"@type\":\"ListItem\",\"position\":3,\"name\":\"Pied de sol pour le FireSpot\"}]},{\"@type\":\"WebSite\",\"@id\":\"https:\\\/\\\/fireware.nl\\\/fr\\\/#website\",\"url\":\"https:\\\/\\\/fireware.nl\\\/fr\\\/\",\"name\":\"FireWare\",\"description\":\"CREATING REALISTIC  TRAINING ENVIRONMENTS\",\"publisher\":{\"@id\":\"https:\\\/\\\/fireware.nl\\\/fr\\\/#organization\"},\"potentialAction\":[{\"@type\":\"SearchAction\",\"target\":{\"@type\":\"EntryPoint\",\"urlTemplate\":\"https:\\\/\\\/fireware.nl\\\/fr\\\/?s={search_term_string}\"},\"query-input\":{\"@type\":\"PropertyValueSpecification\",\"valueRequired\":true,\"valueName\":\"search_term_string\"}}],\"inLanguage\":\"fr-FR\"},{\"@type\":\"Organization\",\"@id\":\"https:\\\/\\\/fireware.nl\\\/fr\\\/#organization\",\"name\":\"FireWare\",\"url\":\"https:\\\/\\\/fireware.nl\\\/fr\\\/\",\"logo\":{\"@type\":\"ImageObject\",\"inLanguage\":\"fr-FR\",\"@id\":\"https:\\\/\\\/fireware.nl\\\/fr\\\/#\\\/schema\\\/logo\\\/image\\\/\",\"url\":\"https:\\\/\\\/fireware.nl\\\/wp-content\\\/uploads\\\/2018\\\/10\\\/FireWare-logo.jpg\",\"contentUrl\":\"https:\\\/\\\/fireware.nl\\\/wp-content\\\/uploads\\\/2018\\\/10\\\/FireWare-logo.jpg\",\"width\":171,\"height\":70,\"caption\":\"FireWare\"},\"image\":{\"@id\":\"https:\\\/\\\/fireware.nl\\\/fr\\\/#\\\/schema\\\/logo\\\/image\\\/\"},\"sameAs\":[\"https:\\\/\\\/www.facebook.com\\\/FireWareBV\\\/\",\"https:\\\/\\\/x.com\\\/FireWarebv\",\"https:\\\/\\\/www.instagram.com\\\/fireware_nl\\\/\",\"https:\\\/\\\/www.linkedin.com\\\/company\\\/3586017\\\/\",\"https:\\\/\\\/www.youtube.com\\\/user\\\/firesalesrentconsult\"]}]}<\/script>\n<!-- \/ Yoast SEO plugin. -->","yoast_head_json":{"title":"Pied de sol pour le FireSpot - FireWare","robots":{"index":"index","follow":"follow","max-snippet":"max-snippet:-1","max-image-preview":"max-image-preview:large","max-video-preview":"max-video-preview:-1"},"canonical":"https:\/\/fireware.nl\/fr\/produit\/pied-de-sol-pour-le-firespot\/","og_locale":"fr_FR","og_type":"article","og_title":"Pied de sol pour le FireSpot - FireWare","og_description":"Assurez plus de stabilit\u00e9 lors de l'utilisation du FireSpot Original, FireSpot MK2 et FireSpot XXL Ajustez facilement le bon angle de la lueur du feu. Fabriqu\u00e9 en acier inoxydable.","og_url":"https:\/\/fireware.nl\/fr\/produit\/pied-de-sol-pour-le-firespot\/","og_site_name":"FireWare","article_publisher":"https:\/\/www.facebook.com\/FireWareBV\/","article_modified_time":"2026-04-13T14:10:57+00:00","og_image":[{"url":"https:\/\/fireware.nl\/wp-content\/uploads\/2021\/07\/FireSpot-Vloerstatief.jpg","type":"","width":"","height":""}],"twitter_card":"summary_large_image","twitter_site":"@FireWarebv","twitter_misc":{"Dur\u00e9e de lecture estim\u00e9e":"1 minute"},"schema":{"@context":"https:\/\/schema.org","@graph":[{"@type":"WebPage","@id":"https:\/\/fireware.nl\/fr\/produit\/pied-de-sol-pour-le-firespot\/","url":"https:\/\/fireware.nl\/fr\/produit\/pied-de-sol-pour-le-firespot\/","name":"Pied de sol pour le FireSpot - FireWare","isPartOf":{"@id":"https:\/\/fireware.nl\/fr\/#website"},"primaryImageOfPage":{"@id":"https:\/\/fireware.nl\/fr\/produit\/pied-de-sol-pour-le-firespot\/#primaryimage"},"image":{"@id":"https:\/\/fireware.nl\/fr\/produit\/pied-de-sol-pour-le-firespot\/#primaryimage"},"thumbnailUrl":"https:\/\/fireware.nl\/wp-content\/uploads\/2025\/05\/20250430_Vloerstatief_XXL_023_en_Vloerstatief_OG_600x600-1.jpg","datePublished":"2021-07-09T14:21:25+00:00","dateModified":"2026-04-13T14:10:57+00:00","breadcrumb":{"@id":"https:\/\/fireware.nl\/fr\/produit\/pied-de-sol-pour-le-firespot\/#breadcrumb"},"inLanguage":"fr-FR","potentialAction":[{"@type":"ReadAction","target":["https:\/\/fireware.nl\/fr\/produit\/pied-de-sol-pour-le-firespot\/"]}]},{"@type":"ImageObject","inLanguage":"fr-FR","@id":"https:\/\/fireware.nl\/fr\/produit\/pied-de-sol-pour-le-firespot\/#primaryimage","url":"https:\/\/fireware.nl\/wp-content\/uploads\/2025\/05\/20250430_Vloerstatief_XXL_023_en_Vloerstatief_OG_600x600-1.jpg","contentUrl":"https:\/\/fireware.nl\/wp-content\/uploads\/2025\/05\/20250430_Vloerstatief_XXL_023_en_Vloerstatief_OG_600x600-1.jpg","width":600,"height":600},{"@type":"BreadcrumbList","@id":"https:\/\/fireware.nl\/fr\/produit\/pied-de-sol-pour-le-firespot\/#breadcrumb","itemListElement":[{"@type":"ListItem","position":1,"name":"Home","item":"https:\/\/fireware.nl\/fr\/"},{"@type":"ListItem","position":2,"name":"Produits","item":"https:\/\/fireware.nl\/fr\/produits\/"},{"@type":"ListItem","position":3,"name":"Pied de sol pour le FireSpot"}]},{"@type":"WebSite","@id":"https:\/\/fireware.nl\/fr\/#website","url":"https:\/\/fireware.nl\/fr\/","name":"FireWare","description":"CREATING REALISTIC  TRAINING ENVIRONMENTS","publisher":{"@id":"https:\/\/fireware.nl\/fr\/#organization"},"potentialAction":[{"@type":"SearchAction","target":{"@type":"EntryPoint","urlTemplate":"https:\/\/fireware.nl\/fr\/?s={search_term_string}"},"query-input":{"@type":"PropertyValueSpecification","valueRequired":true,"valueName":"search_term_string"}}],"inLanguage":"fr-FR"},{"@type":"Organization","@id":"https:\/\/fireware.nl\/fr\/#organization","name":"FireWare","url":"https:\/\/fireware.nl\/fr\/","logo":{"@type":"ImageObject","inLanguage":"fr-FR","@id":"https:\/\/fireware.nl\/fr\/#\/schema\/logo\/image\/","url":"https:\/\/fireware.nl\/wp-content\/uploads\/2018\/10\/FireWare-logo.jpg","contentUrl":"https:\/\/fireware.nl\/wp-content\/uploads\/2018\/10\/FireWare-logo.jpg","width":171,"height":70,"caption":"FireWare"},"image":{"@id":"https:\/\/fireware.nl\/fr\/#\/schema\/logo\/image\/"},"sameAs":["https:\/\/www.facebook.com\/FireWareBV\/","https:\/\/x.com\/FireWarebv","https:\/\/www.instagram.com\/fireware_nl\/","https:\/\/www.linkedin.com\/company\/3586017\/","https:\/\/www.youtube.com\/user\/firesalesrentconsult"]}]}},"publishpress_future_workflow_manual_trigger":{"enabledWorkflows":[]},"_links":{"self":[{"href":"https:\/\/fireware.nl\/fr\/wp-json\/wp\/v2\/product\/62893","targetHints":{"allow":["GET"]}}],"collection":[{"href":"https:\/\/fireware.nl\/fr\/wp-json\/wp\/v2\/product"}],"about":[{"href":"https:\/\/fireware.nl\/fr\/wp-json\/wp\/v2\/types\/product"}],"wp:featuredmedia":[{"embeddable":true,"href":"https:\/\/fireware.nl\/fr\/wp-json\/wp\/v2\/media\/125160"}],"wp:attachment":[{"href":"https:\/\/fireware.nl\/fr\/wp-json\/wp\/v2\/media?parent=62893"}],"wp:term":[{"taxonomy":"product_brand","embeddable":true,"href":"https:\/\/fireware.nl\/fr\/wp-json\/wp\/v2\/product_brand?post=62893"},{"taxonomy":"product_cat","embeddable":true,"href":"https:\/\/fireware.nl\/fr\/wp-json\/wp\/v2\/product_cat?post=62893"},{"taxonomy":"product_tag","embeddable":true,"href":"https:\/\/fireware.nl\/fr\/wp-json\/wp\/v2\/product_tag?post=62893"}],"curies":[{"name":"wp","href":"https:\/\/api.w.org\/{rel}","templated":true}]}}