
{"id":65520,"date":"2021-09-21T13:35:34","date_gmt":"2021-09-21T13:35:34","guid":{"rendered":"https:\/\/fireware.nl\/product\/nebula-ra-masque-aveuglant-2\/"},"modified":"2026-05-05T18:30:27","modified_gmt":"2026-05-05T18:30:27","slug":"nebula-ra-masque-aveuglant-2","status":"publish","type":"product","link":"https:\/\/fireware.nl\/fr\/product\/nebula-ra-masque-aveuglant-2\/","title":{"rendered":"Nebula RA masque aveuglant"},"content":{"rendered":"<h2>L&#8217;alternative la plus r\u00e9aliste \u00e0 la pratique de la fum\u00e9e<\/h2>\n<p>La simulation de fum\u00e9e dans des endroits o\u00f9 l\u2019utilisation de fum\u00e9e ne convient pas ? Grace au FireWare \u00a0Nebula RA masque aveuglant c\u2019est pourtant possible ! Le stagiaire porte un masque ski tr\u00e8s particulier, pourvu d\u2019un \u00e9cran LCD. La visibilit\u00e9 de cet \u00e9cran peut \u00eatre ajust\u00e9 par voie de la t\u00e9l\u00e9commande. Ainsi, 6 diff\u00e9rentes densit\u00e9s de fum\u00e9e peuvent \u00eatre simul\u00e9es.<\/p>\n<p>Le stagiaire vit l\u2019exp\u00e9rience de visibilit\u00e9 limit\u00e9e par la fum\u00e9e gr\u00e2ce au Nebula tandis que l\u2019instructeur a libre visibilit\u00e9, pour qu\u2019il donne du feedback optimale. Il y a m\u00eame un mode randomis\u00e9 \u00e0 l\u2019aide duquel la densit\u00e9 de la fum\u00e9e propos\u00e9e par le masque varie de fa\u00e7on irr\u00e9guli\u00e8re tout en changeant le niveau de visibilit\u00e9.<\/p>\n<p>La t\u00e9l\u00e9commande livr\u00e9e permet \u00e0 l\u2019instructeur d\u2019op\u00e9rer jusqu\u2019au 4 groupes de masques \u00e0 la fois. Chaque groupe peut compter un nombre illimit\u00e9 de masques.<\/p>\n<p>Le masque peut \u00eatre port\u00e9 directement sur le visage, mais il est \u00e9galement possible de le passer en dessus du masque respiratoire. L\u2019\u00e9lectronique est int\u00e9gr\u00e9e dans le masque-m\u00eame ; pas de c\u00e2bles ni compartiments pendouillant devant le visage du stagiaire. Plus s\u00fbr ! Le rechargement se fait par voie d\u2019une connectivit\u00e9 mini- USB.<\/p>\n<p>Il y a deux kits Nebula RA masque aveuglant disponibles.<\/p>\n","protected":false},"excerpt":{"rendered":"<h3>Composition :<\/h3>\n<ul>\n<li>1 x Bo\u00eete de rangement du set Nebula AR Maxi<\/li>\n<li>4 x masque aveugle Nebula AR<\/li>\n<li>1 x T\u00e9l\u00e9commande<\/li>\n<li>1 x Concentrateur de charge avec 5 c\u00e2bles de charge<\/li>\n<li>1 x Mallette de transport en plastique avec int\u00e9rieur en mousse<\/li>\n<\/ul>\n","protected":false},"featured_media":65309,"template":"","meta":[],"product_brand":[],"product_cat":[2990,3009],"product_tag":[],"class_list":{"0":"post-65520","1":"product","2":"type-product","3":"status-publish","4":"has-post-thumbnail","6":"product_cat-alternative-a-la-fumee-fr","7":"product_cat-location","9":"first","10":"onbackorder","11":"taxable","12":"shipping-taxable","13":"purchasable","14":"product-type-rentable"},"yoast_head":"<!-- This site is optimized with the Yoast SEO plugin v27.5 - https:\/\/yoast.com\/product\/yoast-seo-wordpress\/ -->\n<title>Nebula RA masque aveuglant - FireWare<\/title>\n<meta name=\"robots\" content=\"index, follow, max-snippet:-1, max-image-preview:large, max-video-preview:-1\" \/>\n<link rel=\"canonical\" href=\"https:\/\/fireware.nl\/fr\/product\/nebula-ra-masque-aveuglant-2\/\" \/>\n<meta property=\"og:locale\" content=\"fr_FR\" \/>\n<meta property=\"og:type\" content=\"article\" \/>\n<meta property=\"og:title\" content=\"Nebula RA masque aveuglant - FireWare\" \/>\n<meta property=\"og:description\" content=\"Composition :   1 x Bo\u00eete de rangement du set Nebula AR Maxi  4 x masque aveugle Nebula AR  1 x T\u00e9l\u00e9commande  1 x Concentrateur de charge avec 5 c\u00e2bles de charge  1 x Mallette de transport en plastique avec int\u00e9rieur en mousse\" \/>\n<meta property=\"og:url\" content=\"https:\/\/fireware.nl\/fr\/product\/nebula-ra-masque-aveuglant-2\/\" \/>\n<meta property=\"og:site_name\" content=\"FireWare\" \/>\n<meta property=\"article:publisher\" content=\"https:\/\/www.facebook.com\/FireWareBV\/\" \/>\n<meta property=\"article:modified_time\" content=\"2026-05-05T18:30:27+00:00\" \/>\n<meta property=\"og:image\" content=\"https:\/\/fireware.nl\/wp-content\/uploads\/2021\/09\/000-000-000-Nebula-Elektronisch-Blindmasker-Maxi-Set.jpg\" \/>\n\t<meta property=\"og:image:width\" content=\"600\" \/>\n\t<meta property=\"og:image:height\" content=\"600\" \/>\n\t<meta property=\"og:image:type\" content=\"image\/jpeg\" \/>\n<meta name=\"twitter:card\" content=\"summary_large_image\" \/>\n<meta name=\"twitter:site\" content=\"@FireWarebv\" \/>\n<meta name=\"twitter:label1\" content=\"Dur\u00e9e de lecture estim\u00e9e\" \/>\n\t<meta name=\"twitter:data1\" content=\"2 minutes\" \/>\n<script type=\"application\/ld+json\" class=\"yoast-schema-graph\">{\"@context\":\"https:\\\/\\\/schema.org\",\"@graph\":[{\"@type\":\"WebPage\",\"@id\":\"https:\\\/\\\/fireware.nl\\\/fr\\\/product\\\/nebula-ra-masque-aveuglant-2\\\/\",\"url\":\"https:\\\/\\\/fireware.nl\\\/fr\\\/product\\\/nebula-ra-masque-aveuglant-2\\\/\",\"name\":\"Nebula RA masque aveuglant - FireWare\",\"isPartOf\":{\"@id\":\"https:\\\/\\\/fireware.nl\\\/fr\\\/#website\"},\"primaryImageOfPage\":{\"@id\":\"https:\\\/\\\/fireware.nl\\\/fr\\\/product\\\/nebula-ra-masque-aveuglant-2\\\/#primaryimage\"},\"image\":{\"@id\":\"https:\\\/\\\/fireware.nl\\\/fr\\\/product\\\/nebula-ra-masque-aveuglant-2\\\/#primaryimage\"},\"thumbnailUrl\":\"https:\\\/\\\/fireware.nl\\\/wp-content\\\/uploads\\\/2021\\\/09\\\/000-000-000-Nebula-Elektronisch-Blindmasker-Maxi-Set.jpg\",\"datePublished\":\"2021-09-21T13:35:34+00:00\",\"dateModified\":\"2026-05-05T18:30:27+00:00\",\"breadcrumb\":{\"@id\":\"https:\\\/\\\/fireware.nl\\\/fr\\\/product\\\/nebula-ra-masque-aveuglant-2\\\/#breadcrumb\"},\"inLanguage\":\"fr-FR\",\"potentialAction\":[{\"@type\":\"ReadAction\",\"target\":[\"https:\\\/\\\/fireware.nl\\\/fr\\\/product\\\/nebula-ra-masque-aveuglant-2\\\/\"]}]},{\"@type\":\"ImageObject\",\"inLanguage\":\"fr-FR\",\"@id\":\"https:\\\/\\\/fireware.nl\\\/fr\\\/product\\\/nebula-ra-masque-aveuglant-2\\\/#primaryimage\",\"url\":\"https:\\\/\\\/fireware.nl\\\/wp-content\\\/uploads\\\/2021\\\/09\\\/000-000-000-Nebula-Elektronisch-Blindmasker-Maxi-Set.jpg\",\"contentUrl\":\"https:\\\/\\\/fireware.nl\\\/wp-content\\\/uploads\\\/2021\\\/09\\\/000-000-000-Nebula-Elektronisch-Blindmasker-Maxi-Set.jpg\",\"width\":600,\"height\":600},{\"@type\":\"BreadcrumbList\",\"@id\":\"https:\\\/\\\/fireware.nl\\\/fr\\\/product\\\/nebula-ra-masque-aveuglant-2\\\/#breadcrumb\",\"itemListElement\":[{\"@type\":\"ListItem\",\"position\":1,\"name\":\"Home\",\"item\":\"https:\\\/\\\/fireware.nl\\\/fr\\\/\"},{\"@type\":\"ListItem\",\"position\":2,\"name\":\"Produits\",\"item\":\"https:\\\/\\\/fireware.nl\\\/fr\\\/produits\\\/\"},{\"@type\":\"ListItem\",\"position\":3,\"name\":\"Nebula RA masque aveuglant\"}]},{\"@type\":\"WebSite\",\"@id\":\"https:\\\/\\\/fireware.nl\\\/fr\\\/#website\",\"url\":\"https:\\\/\\\/fireware.nl\\\/fr\\\/\",\"name\":\"FireWare\",\"description\":\"CREATING REALISTIC  TRAINING ENVIRONMENTS\",\"publisher\":{\"@id\":\"https:\\\/\\\/fireware.nl\\\/fr\\\/#organization\"},\"potentialAction\":[{\"@type\":\"SearchAction\",\"target\":{\"@type\":\"EntryPoint\",\"urlTemplate\":\"https:\\\/\\\/fireware.nl\\\/fr\\\/?s={search_term_string}\"},\"query-input\":{\"@type\":\"PropertyValueSpecification\",\"valueRequired\":true,\"valueName\":\"search_term_string\"}}],\"inLanguage\":\"fr-FR\"},{\"@type\":\"Organization\",\"@id\":\"https:\\\/\\\/fireware.nl\\\/fr\\\/#organization\",\"name\":\"FireWare\",\"url\":\"https:\\\/\\\/fireware.nl\\\/fr\\\/\",\"logo\":{\"@type\":\"ImageObject\",\"inLanguage\":\"fr-FR\",\"@id\":\"https:\\\/\\\/fireware.nl\\\/fr\\\/#\\\/schema\\\/logo\\\/image\\\/\",\"url\":\"https:\\\/\\\/fireware.nl\\\/wp-content\\\/uploads\\\/2018\\\/10\\\/FireWare-logo.jpg\",\"contentUrl\":\"https:\\\/\\\/fireware.nl\\\/wp-content\\\/uploads\\\/2018\\\/10\\\/FireWare-logo.jpg\",\"width\":171,\"height\":70,\"caption\":\"FireWare\"},\"image\":{\"@id\":\"https:\\\/\\\/fireware.nl\\\/fr\\\/#\\\/schema\\\/logo\\\/image\\\/\"},\"sameAs\":[\"https:\\\/\\\/www.facebook.com\\\/FireWareBV\\\/\",\"https:\\\/\\\/x.com\\\/FireWarebv\",\"https:\\\/\\\/www.instagram.com\\\/fireware_nl\\\/\",\"https:\\\/\\\/www.linkedin.com\\\/company\\\/3586017\\\/\",\"https:\\\/\\\/www.youtube.com\\\/user\\\/firesalesrentconsult\"]}]}<\/script>\n<!-- \/ Yoast SEO plugin. -->","yoast_head_json":{"title":"Nebula RA masque aveuglant - FireWare","robots":{"index":"index","follow":"follow","max-snippet":"max-snippet:-1","max-image-preview":"max-image-preview:large","max-video-preview":"max-video-preview:-1"},"canonical":"https:\/\/fireware.nl\/fr\/product\/nebula-ra-masque-aveuglant-2\/","og_locale":"fr_FR","og_type":"article","og_title":"Nebula RA masque aveuglant - FireWare","og_description":"Composition :   1 x Bo\u00eete de rangement du set Nebula AR Maxi  4 x masque aveugle Nebula AR  1 x T\u00e9l\u00e9commande  1 x Concentrateur de charge avec 5 c\u00e2bles de charge  1 x Mallette de transport en plastique avec int\u00e9rieur en mousse","og_url":"https:\/\/fireware.nl\/fr\/product\/nebula-ra-masque-aveuglant-2\/","og_site_name":"FireWare","article_publisher":"https:\/\/www.facebook.com\/FireWareBV\/","article_modified_time":"2026-05-05T18:30:27+00:00","og_image":[{"width":600,"height":600,"url":"https:\/\/fireware.nl\/wp-content\/uploads\/2021\/09\/000-000-000-Nebula-Elektronisch-Blindmasker-Maxi-Set.jpg","type":"image\/jpeg"}],"twitter_card":"summary_large_image","twitter_site":"@FireWarebv","twitter_misc":{"Dur\u00e9e de lecture estim\u00e9e":"2 minutes"},"schema":{"@context":"https:\/\/schema.org","@graph":[{"@type":"WebPage","@id":"https:\/\/fireware.nl\/fr\/product\/nebula-ra-masque-aveuglant-2\/","url":"https:\/\/fireware.nl\/fr\/product\/nebula-ra-masque-aveuglant-2\/","name":"Nebula RA masque aveuglant - FireWare","isPartOf":{"@id":"https:\/\/fireware.nl\/fr\/#website"},"primaryImageOfPage":{"@id":"https:\/\/fireware.nl\/fr\/product\/nebula-ra-masque-aveuglant-2\/#primaryimage"},"image":{"@id":"https:\/\/fireware.nl\/fr\/product\/nebula-ra-masque-aveuglant-2\/#primaryimage"},"thumbnailUrl":"https:\/\/fireware.nl\/wp-content\/uploads\/2021\/09\/000-000-000-Nebula-Elektronisch-Blindmasker-Maxi-Set.jpg","datePublished":"2021-09-21T13:35:34+00:00","dateModified":"2026-05-05T18:30:27+00:00","breadcrumb":{"@id":"https:\/\/fireware.nl\/fr\/product\/nebula-ra-masque-aveuglant-2\/#breadcrumb"},"inLanguage":"fr-FR","potentialAction":[{"@type":"ReadAction","target":["https:\/\/fireware.nl\/fr\/product\/nebula-ra-masque-aveuglant-2\/"]}]},{"@type":"ImageObject","inLanguage":"fr-FR","@id":"https:\/\/fireware.nl\/fr\/product\/nebula-ra-masque-aveuglant-2\/#primaryimage","url":"https:\/\/fireware.nl\/wp-content\/uploads\/2021\/09\/000-000-000-Nebula-Elektronisch-Blindmasker-Maxi-Set.jpg","contentUrl":"https:\/\/fireware.nl\/wp-content\/uploads\/2021\/09\/000-000-000-Nebula-Elektronisch-Blindmasker-Maxi-Set.jpg","width":600,"height":600},{"@type":"BreadcrumbList","@id":"https:\/\/fireware.nl\/fr\/product\/nebula-ra-masque-aveuglant-2\/#breadcrumb","itemListElement":[{"@type":"ListItem","position":1,"name":"Home","item":"https:\/\/fireware.nl\/fr\/"},{"@type":"ListItem","position":2,"name":"Produits","item":"https:\/\/fireware.nl\/fr\/produits\/"},{"@type":"ListItem","position":3,"name":"Nebula RA masque aveuglant"}]},{"@type":"WebSite","@id":"https:\/\/fireware.nl\/fr\/#website","url":"https:\/\/fireware.nl\/fr\/","name":"FireWare","description":"CREATING REALISTIC  TRAINING ENVIRONMENTS","publisher":{"@id":"https:\/\/fireware.nl\/fr\/#organization"},"potentialAction":[{"@type":"SearchAction","target":{"@type":"EntryPoint","urlTemplate":"https:\/\/fireware.nl\/fr\/?s={search_term_string}"},"query-input":{"@type":"PropertyValueSpecification","valueRequired":true,"valueName":"search_term_string"}}],"inLanguage":"fr-FR"},{"@type":"Organization","@id":"https:\/\/fireware.nl\/fr\/#organization","name":"FireWare","url":"https:\/\/fireware.nl\/fr\/","logo":{"@type":"ImageObject","inLanguage":"fr-FR","@id":"https:\/\/fireware.nl\/fr\/#\/schema\/logo\/image\/","url":"https:\/\/fireware.nl\/wp-content\/uploads\/2018\/10\/FireWare-logo.jpg","contentUrl":"https:\/\/fireware.nl\/wp-content\/uploads\/2018\/10\/FireWare-logo.jpg","width":171,"height":70,"caption":"FireWare"},"image":{"@id":"https:\/\/fireware.nl\/fr\/#\/schema\/logo\/image\/"},"sameAs":["https:\/\/www.facebook.com\/FireWareBV\/","https:\/\/x.com\/FireWarebv","https:\/\/www.instagram.com\/fireware_nl\/","https:\/\/www.linkedin.com\/company\/3586017\/","https:\/\/www.youtube.com\/user\/firesalesrentconsult"]}]}},"publishpress_future_workflow_manual_trigger":{"enabledWorkflows":[]},"_links":{"self":[{"href":"https:\/\/fireware.nl\/fr\/wp-json\/wp\/v2\/product\/65520","targetHints":{"allow":["GET"]}}],"collection":[{"href":"https:\/\/fireware.nl\/fr\/wp-json\/wp\/v2\/product"}],"about":[{"href":"https:\/\/fireware.nl\/fr\/wp-json\/wp\/v2\/types\/product"}],"wp:featuredmedia":[{"embeddable":true,"href":"https:\/\/fireware.nl\/fr\/wp-json\/wp\/v2\/media\/65309"}],"wp:attachment":[{"href":"https:\/\/fireware.nl\/fr\/wp-json\/wp\/v2\/media?parent=65520"}],"wp:term":[{"taxonomy":"product_brand","embeddable":true,"href":"https:\/\/fireware.nl\/fr\/wp-json\/wp\/v2\/product_brand?post=65520"},{"taxonomy":"product_cat","embeddable":true,"href":"https:\/\/fireware.nl\/fr\/wp-json\/wp\/v2\/product_cat?post=65520"},{"taxonomy":"product_tag","embeddable":true,"href":"https:\/\/fireware.nl\/fr\/wp-json\/wp\/v2\/product_tag?post=65520"}],"curies":[{"name":"wp","href":"https:\/\/api.w.org\/{rel}","templated":true}]}}