
{"id":65535,"date":"2021-09-21T13:36:20","date_gmt":"2021-09-21T13:36:20","guid":{"rendered":"https:\/\/fireware.nl\/product\/machine-a-fumee-cumulus\/"},"modified":"2026-05-05T18:24:37","modified_gmt":"2026-05-05T18:24:37","slug":"machine-a-fumee-cumulus","status":"publish","type":"product","link":"https:\/\/fireware.nl\/fr\/product\/machine-a-fumee-cumulus-2\/","title":{"rendered":"Machine \u00e0 fum\u00e9e Cumulus"},"content":{"rendered":"<h2>Une grande quantit\u00e9 de fum\u00e9e, aussie verticalement<\/h2>\n<p>Cette machine \u00e0 fum\u00e9e de 1300 watts est toute indiqu\u00e9e pour la plupart des exercices d&#8217;incendie et d&#8217;\u00e9vacuation. Si vous retirez le r\u00e9cipient du support, la machine peut \u00e9galement se placer sur le c\u00f4t\u00e9 et produire de la fum\u00e9e verticalement. Gr\u00e2ce au raccord Storz, la machine peut se raccorder \u00e0 toutes sortes d&#8217;accessoires ou, par exemple, \u00e0 un syst\u00e8me de tuyaux pr\u00e9sentant des fuites. Id\u00e9al pour les exercices CBRN (Chimique, Biologique, Radiologique et Nucl\u00e9aire). Vous pouvez \u00e9galement utiliser la machine \u00e0 fum\u00e9e Cumulus dans sa caisse perfor\u00e9e, lorsqu&#8217;il pleut, par exemple.&#8217; Avez-vous besoin d&#8217;une machine plus lourde? Dans ce cas, examinez la&#8217;Machine \u00e0 fum\u00e9e Stratus.<\/p>\n<p>Pendant que vous r\u00e9servez votre machine, n&#8217;oubliez surtout pas de commander le liquide fumig\u00e8ne sp\u00e9cialement con\u00e7u pour cette machine.<\/p>\n","protected":false},"excerpt":{"rendered":"<h3>Composition :<\/h3>\n<ul>\n<li>1 x Machine \u00e0 fum\u00e9e Cumulus<\/li>\n<li>1 x 10 m de c\u00e2ble pour la t\u00e9l\u00e9commande filaire<\/li>\n<li>1 x bo\u00eetier de t\u00e9l\u00e9commande Stratus<\/li>\n<li>1 x C\u00e2ble de connexion Cumulus\/Stratus EU 3 m<\/li>\n<li>1 x Bouchon de liquide de fum\u00e9e<\/li>\n<li>1 x Caisse 60 x 40 x 32,5 cm avec poign\u00e9e ouverte et int\u00e9rieur en mousse<\/li>\n<li>1 x Manuel d&#8217;instruction Cumulus<\/li>\n<\/ul>\n","protected":false},"featured_media":98755,"template":"","meta":[],"product_brand":[],"product_cat":[2969,3009],"product_tag":[],"class_list":{"0":"post-65535","1":"product","2":"type-product","3":"status-publish","4":"has-post-thumbnail","6":"product_cat-fumee-fr","7":"product_cat-location","9":"first","10":"instock","11":"taxable","12":"shipping-taxable","13":"purchasable","14":"product-type-rentable"},"yoast_head":"<!-- This site is optimized with the Yoast SEO plugin v27.5 - https:\/\/yoast.com\/product\/yoast-seo-wordpress\/ -->\n<title>Machine \u00e0 fum\u00e9e Cumulus - FireWare<\/title>\n<meta name=\"robots\" content=\"index, follow, max-snippet:-1, max-image-preview:large, max-video-preview:-1\" \/>\n<link rel=\"canonical\" href=\"https:\/\/fireware.nl\/fr\/product\/machine-a-fumee-cumulus-2\/\" \/>\n<meta property=\"og:locale\" content=\"fr_FR\" \/>\n<meta property=\"og:type\" content=\"article\" \/>\n<meta property=\"og:title\" content=\"Machine \u00e0 fum\u00e9e Cumulus - FireWare\" \/>\n<meta property=\"og:description\" content=\"Composition :   1 x Machine \u00e0 fum\u00e9e Cumulus  1 x 10 m de c\u00e2ble pour la t\u00e9l\u00e9commande filaire  1 x bo\u00eetier de t\u00e9l\u00e9commande Stratus  1 x C\u00e2ble de connexion Cumulus\/Stratus EU 3 m  1 x Bouchon de liquide de fum\u00e9e  1 x Caisse 60 x 40 x 32,5 cm avec poign\u00e9e ouverte et int\u00e9rieur en mousse  1 x Manuel d&#039;instruction Cumulus\" \/>\n<meta property=\"og:url\" content=\"https:\/\/fireware.nl\/fr\/product\/machine-a-fumee-cumulus-2\/\" \/>\n<meta property=\"og:site_name\" content=\"FireWare\" \/>\n<meta property=\"article:publisher\" content=\"https:\/\/www.facebook.com\/FireWareBV\/\" \/>\n<meta property=\"article:modified_time\" content=\"2026-05-05T18:24:37+00:00\" \/>\n<meta property=\"og:image\" content=\"https:\/\/fireware.nl\/wp-content\/uploads\/2021\/09\/RST-702-101-Cumulus.jpg\" \/>\n\t<meta property=\"og:image:width\" content=\"600\" \/>\n\t<meta property=\"og:image:height\" content=\"600\" \/>\n\t<meta property=\"og:image:type\" content=\"image\/jpeg\" \/>\n<meta name=\"twitter:card\" content=\"summary_large_image\" \/>\n<meta name=\"twitter:site\" content=\"@FireWarebv\" \/>\n<meta name=\"twitter:label1\" content=\"Dur\u00e9e de lecture estim\u00e9e\" \/>\n\t<meta name=\"twitter:data1\" content=\"1 minute\" \/>\n<script type=\"application\/ld+json\" class=\"yoast-schema-graph\">{\"@context\":\"https:\\\/\\\/schema.org\",\"@graph\":[{\"@type\":\"WebPage\",\"@id\":\"https:\\\/\\\/fireware.nl\\\/fr\\\/product\\\/machine-a-fumee-cumulus-2\\\/\",\"url\":\"https:\\\/\\\/fireware.nl\\\/fr\\\/product\\\/machine-a-fumee-cumulus-2\\\/\",\"name\":\"Machine \u00e0 fum\u00e9e Cumulus - FireWare\",\"isPartOf\":{\"@id\":\"https:\\\/\\\/fireware.nl\\\/fr\\\/#website\"},\"primaryImageOfPage\":{\"@id\":\"https:\\\/\\\/fireware.nl\\\/fr\\\/product\\\/machine-a-fumee-cumulus-2\\\/#primaryimage\"},\"image\":{\"@id\":\"https:\\\/\\\/fireware.nl\\\/fr\\\/product\\\/machine-a-fumee-cumulus-2\\\/#primaryimage\"},\"thumbnailUrl\":\"https:\\\/\\\/fireware.nl\\\/wp-content\\\/uploads\\\/2021\\\/09\\\/RST-702-101-Cumulus.jpg\",\"datePublished\":\"2021-09-21T13:36:20+00:00\",\"dateModified\":\"2026-05-05T18:24:37+00:00\",\"breadcrumb\":{\"@id\":\"https:\\\/\\\/fireware.nl\\\/fr\\\/product\\\/machine-a-fumee-cumulus-2\\\/#breadcrumb\"},\"inLanguage\":\"fr-FR\",\"potentialAction\":[{\"@type\":\"ReadAction\",\"target\":[\"https:\\\/\\\/fireware.nl\\\/fr\\\/product\\\/machine-a-fumee-cumulus-2\\\/\"]}]},{\"@type\":\"ImageObject\",\"inLanguage\":\"fr-FR\",\"@id\":\"https:\\\/\\\/fireware.nl\\\/fr\\\/product\\\/machine-a-fumee-cumulus-2\\\/#primaryimage\",\"url\":\"https:\\\/\\\/fireware.nl\\\/wp-content\\\/uploads\\\/2021\\\/09\\\/RST-702-101-Cumulus.jpg\",\"contentUrl\":\"https:\\\/\\\/fireware.nl\\\/wp-content\\\/uploads\\\/2021\\\/09\\\/RST-702-101-Cumulus.jpg\",\"width\":600,\"height\":600},{\"@type\":\"BreadcrumbList\",\"@id\":\"https:\\\/\\\/fireware.nl\\\/fr\\\/product\\\/machine-a-fumee-cumulus-2\\\/#breadcrumb\",\"itemListElement\":[{\"@type\":\"ListItem\",\"position\":1,\"name\":\"Home\",\"item\":\"https:\\\/\\\/fireware.nl\\\/fr\\\/\"},{\"@type\":\"ListItem\",\"position\":2,\"name\":\"Produits\",\"item\":\"https:\\\/\\\/fireware.nl\\\/fr\\\/produits\\\/\"},{\"@type\":\"ListItem\",\"position\":3,\"name\":\"Machine \u00e0 fum\u00e9e Cumulus\"}]},{\"@type\":\"WebSite\",\"@id\":\"https:\\\/\\\/fireware.nl\\\/fr\\\/#website\",\"url\":\"https:\\\/\\\/fireware.nl\\\/fr\\\/\",\"name\":\"FireWare\",\"description\":\"CREATING REALISTIC  TRAINING ENVIRONMENTS\",\"publisher\":{\"@id\":\"https:\\\/\\\/fireware.nl\\\/fr\\\/#organization\"},\"potentialAction\":[{\"@type\":\"SearchAction\",\"target\":{\"@type\":\"EntryPoint\",\"urlTemplate\":\"https:\\\/\\\/fireware.nl\\\/fr\\\/?s={search_term_string}\"},\"query-input\":{\"@type\":\"PropertyValueSpecification\",\"valueRequired\":true,\"valueName\":\"search_term_string\"}}],\"inLanguage\":\"fr-FR\"},{\"@type\":\"Organization\",\"@id\":\"https:\\\/\\\/fireware.nl\\\/fr\\\/#organization\",\"name\":\"FireWare\",\"url\":\"https:\\\/\\\/fireware.nl\\\/fr\\\/\",\"logo\":{\"@type\":\"ImageObject\",\"inLanguage\":\"fr-FR\",\"@id\":\"https:\\\/\\\/fireware.nl\\\/fr\\\/#\\\/schema\\\/logo\\\/image\\\/\",\"url\":\"https:\\\/\\\/fireware.nl\\\/wp-content\\\/uploads\\\/2018\\\/10\\\/FireWare-logo.jpg\",\"contentUrl\":\"https:\\\/\\\/fireware.nl\\\/wp-content\\\/uploads\\\/2018\\\/10\\\/FireWare-logo.jpg\",\"width\":171,\"height\":70,\"caption\":\"FireWare\"},\"image\":{\"@id\":\"https:\\\/\\\/fireware.nl\\\/fr\\\/#\\\/schema\\\/logo\\\/image\\\/\"},\"sameAs\":[\"https:\\\/\\\/www.facebook.com\\\/FireWareBV\\\/\",\"https:\\\/\\\/x.com\\\/FireWarebv\",\"https:\\\/\\\/www.instagram.com\\\/fireware_nl\\\/\",\"https:\\\/\\\/www.linkedin.com\\\/company\\\/3586017\\\/\",\"https:\\\/\\\/www.youtube.com\\\/user\\\/firesalesrentconsult\"]}]}<\/script>\n<!-- \/ Yoast SEO plugin. -->","yoast_head_json":{"title":"Machine \u00e0 fum\u00e9e Cumulus - FireWare","robots":{"index":"index","follow":"follow","max-snippet":"max-snippet:-1","max-image-preview":"max-image-preview:large","max-video-preview":"max-video-preview:-1"},"canonical":"https:\/\/fireware.nl\/fr\/product\/machine-a-fumee-cumulus-2\/","og_locale":"fr_FR","og_type":"article","og_title":"Machine \u00e0 fum\u00e9e Cumulus - FireWare","og_description":"Composition :   1 x Machine \u00e0 fum\u00e9e Cumulus  1 x 10 m de c\u00e2ble pour la t\u00e9l\u00e9commande filaire  1 x bo\u00eetier de t\u00e9l\u00e9commande Stratus  1 x C\u00e2ble de connexion Cumulus\/Stratus EU 3 m  1 x Bouchon de liquide de fum\u00e9e  1 x Caisse 60 x 40 x 32,5 cm avec poign\u00e9e ouverte et int\u00e9rieur en mousse  1 x Manuel d'instruction Cumulus","og_url":"https:\/\/fireware.nl\/fr\/product\/machine-a-fumee-cumulus-2\/","og_site_name":"FireWare","article_publisher":"https:\/\/www.facebook.com\/FireWareBV\/","article_modified_time":"2026-05-05T18:24:37+00:00","og_image":[{"width":600,"height":600,"url":"https:\/\/fireware.nl\/wp-content\/uploads\/2021\/09\/RST-702-101-Cumulus.jpg","type":"image\/jpeg"}],"twitter_card":"summary_large_image","twitter_site":"@FireWarebv","twitter_misc":{"Dur\u00e9e de lecture estim\u00e9e":"1 minute"},"schema":{"@context":"https:\/\/schema.org","@graph":[{"@type":"WebPage","@id":"https:\/\/fireware.nl\/fr\/product\/machine-a-fumee-cumulus-2\/","url":"https:\/\/fireware.nl\/fr\/product\/machine-a-fumee-cumulus-2\/","name":"Machine \u00e0 fum\u00e9e Cumulus - FireWare","isPartOf":{"@id":"https:\/\/fireware.nl\/fr\/#website"},"primaryImageOfPage":{"@id":"https:\/\/fireware.nl\/fr\/product\/machine-a-fumee-cumulus-2\/#primaryimage"},"image":{"@id":"https:\/\/fireware.nl\/fr\/product\/machine-a-fumee-cumulus-2\/#primaryimage"},"thumbnailUrl":"https:\/\/fireware.nl\/wp-content\/uploads\/2021\/09\/RST-702-101-Cumulus.jpg","datePublished":"2021-09-21T13:36:20+00:00","dateModified":"2026-05-05T18:24:37+00:00","breadcrumb":{"@id":"https:\/\/fireware.nl\/fr\/product\/machine-a-fumee-cumulus-2\/#breadcrumb"},"inLanguage":"fr-FR","potentialAction":[{"@type":"ReadAction","target":["https:\/\/fireware.nl\/fr\/product\/machine-a-fumee-cumulus-2\/"]}]},{"@type":"ImageObject","inLanguage":"fr-FR","@id":"https:\/\/fireware.nl\/fr\/product\/machine-a-fumee-cumulus-2\/#primaryimage","url":"https:\/\/fireware.nl\/wp-content\/uploads\/2021\/09\/RST-702-101-Cumulus.jpg","contentUrl":"https:\/\/fireware.nl\/wp-content\/uploads\/2021\/09\/RST-702-101-Cumulus.jpg","width":600,"height":600},{"@type":"BreadcrumbList","@id":"https:\/\/fireware.nl\/fr\/product\/machine-a-fumee-cumulus-2\/#breadcrumb","itemListElement":[{"@type":"ListItem","position":1,"name":"Home","item":"https:\/\/fireware.nl\/fr\/"},{"@type":"ListItem","position":2,"name":"Produits","item":"https:\/\/fireware.nl\/fr\/produits\/"},{"@type":"ListItem","position":3,"name":"Machine \u00e0 fum\u00e9e Cumulus"}]},{"@type":"WebSite","@id":"https:\/\/fireware.nl\/fr\/#website","url":"https:\/\/fireware.nl\/fr\/","name":"FireWare","description":"CREATING REALISTIC  TRAINING ENVIRONMENTS","publisher":{"@id":"https:\/\/fireware.nl\/fr\/#organization"},"potentialAction":[{"@type":"SearchAction","target":{"@type":"EntryPoint","urlTemplate":"https:\/\/fireware.nl\/fr\/?s={search_term_string}"},"query-input":{"@type":"PropertyValueSpecification","valueRequired":true,"valueName":"search_term_string"}}],"inLanguage":"fr-FR"},{"@type":"Organization","@id":"https:\/\/fireware.nl\/fr\/#organization","name":"FireWare","url":"https:\/\/fireware.nl\/fr\/","logo":{"@type":"ImageObject","inLanguage":"fr-FR","@id":"https:\/\/fireware.nl\/fr\/#\/schema\/logo\/image\/","url":"https:\/\/fireware.nl\/wp-content\/uploads\/2018\/10\/FireWare-logo.jpg","contentUrl":"https:\/\/fireware.nl\/wp-content\/uploads\/2018\/10\/FireWare-logo.jpg","width":171,"height":70,"caption":"FireWare"},"image":{"@id":"https:\/\/fireware.nl\/fr\/#\/schema\/logo\/image\/"},"sameAs":["https:\/\/www.facebook.com\/FireWareBV\/","https:\/\/x.com\/FireWarebv","https:\/\/www.instagram.com\/fireware_nl\/","https:\/\/www.linkedin.com\/company\/3586017\/","https:\/\/www.youtube.com\/user\/firesalesrentconsult"]}]}},"publishpress_future_workflow_manual_trigger":{"enabledWorkflows":[]},"_links":{"self":[{"href":"https:\/\/fireware.nl\/fr\/wp-json\/wp\/v2\/product\/65535","targetHints":{"allow":["GET"]}}],"collection":[{"href":"https:\/\/fireware.nl\/fr\/wp-json\/wp\/v2\/product"}],"about":[{"href":"https:\/\/fireware.nl\/fr\/wp-json\/wp\/v2\/types\/product"}],"wp:featuredmedia":[{"embeddable":true,"href":"https:\/\/fireware.nl\/fr\/wp-json\/wp\/v2\/media\/98755"}],"wp:attachment":[{"href":"https:\/\/fireware.nl\/fr\/wp-json\/wp\/v2\/media?parent=65535"}],"wp:term":[{"taxonomy":"product_brand","embeddable":true,"href":"https:\/\/fireware.nl\/fr\/wp-json\/wp\/v2\/product_brand?post=65535"},{"taxonomy":"product_cat","embeddable":true,"href":"https:\/\/fireware.nl\/fr\/wp-json\/wp\/v2\/product_cat?post=65535"},{"taxonomy":"product_tag","embeddable":true,"href":"https:\/\/fireware.nl\/fr\/wp-json\/wp\/v2\/product_tag?post=65535"}],"curies":[{"name":"wp","href":"https:\/\/api.w.org\/{rel}","templated":true}]}}