
{"id":65597,"date":"2021-09-21T13:41:44","date_gmt":"2021-09-21T13:41:44","guid":{"rendered":"https:\/\/fireware.nl\/product\/simulateur-dexplosion\/"},"modified":"2026-05-05T18:29:21","modified_gmt":"2026-05-05T18:29:21","slug":"simulateur-dexplosion","status":"publish","type":"product","link":"https:\/\/fireware.nl\/fr\/product\/simulateur-dexplosion\/","title":{"rendered":"Simulateur d&#8217;explosion"},"content":{"rendered":"<h2>Bruit d&#8217;explosion jusqu&#8217;\u00e0 120 d\u00e9cibels<\/h2>\n<p>Gr\u00e2ce au simulateur d&#8217;explosion \u00e9lectronique, vous simulez l\u00e9galement, sans recourir \u00e0 la pyrotechnique, le bruit d&#8217;une explosion jusqu&#8217;\u00e0 au moins 120 d\u00e9cibels. Une pression du bouton suffit pour simuler une explosion.<\/p>\n<p>Vous r\u00e9glez le volume en faisant glisser le canon du simulateur d&#8217;explosion vers l&#8217;int\u00e9rieur ou l&#8217;ext\u00e9rieur. L&#8217;effet sonore est impressionnant et fait trembler la zone environnante. C&#8217;est pourquoi l&#8217;appareil ne peut pas \u00eatre utilis\u00e9 \u00e0 l&#8217;int\u00e9rieur.<\/p>\n<p>Le simulateur d&#8217;explosion dispose d&#8217;une soupape de r\u00e9duction de pression et fonctionne \u00e0 l&#8217;aide<\/p>\n","protected":false},"excerpt":{"rendered":"<h2>Composition :<\/h2>\n<ul>\n<li>1 x Simulateur d&#8217;explosion<\/li>\n<li>1 x T\u00e9l\u00e9commande Simulateur d&#8217;explosions<\/li>\n<li>1 x Batterypack<\/li>\n<li>1 x Chargeur<\/li>\n<li>1 x Extension pour le baril<\/li>\n<li>1 Mallette de transport en plastique 60 x 40 x 32,5 cm avec poign\u00e9e ouverte<\/li>\n<\/ul>\n","protected":false},"featured_media":26133,"template":"","meta":[],"product_brand":[],"product_cat":[2957,3009],"product_tag":[],"class_list":{"0":"post-65597","1":"product","2":"type-product","3":"status-publish","4":"has-post-thumbnail","6":"product_cat-cbrne-fr","7":"product_cat-location","9":"first","10":"onbackorder","11":"taxable","12":"shipping-taxable","13":"purchasable","14":"product-type-rentable"},"yoast_head":"<!-- This site is optimized with the Yoast SEO plugin v27.5 - https:\/\/yoast.com\/product\/yoast-seo-wordpress\/ -->\n<title>Simulateur d&#039;explosion - FireWare<\/title>\n<meta name=\"robots\" content=\"index, follow, max-snippet:-1, max-image-preview:large, max-video-preview:-1\" \/>\n<link rel=\"canonical\" href=\"https:\/\/fireware.nl\/fr\/product\/simulateur-dexplosion\/\" \/>\n<meta property=\"og:locale\" content=\"fr_FR\" \/>\n<meta property=\"og:type\" content=\"article\" \/>\n<meta property=\"og:title\" content=\"Simulateur d&#039;explosion - FireWare\" \/>\n<meta property=\"og:description\" content=\"Composition :   1 x Simulateur d&#039;explosion  1 x T\u00e9l\u00e9commande Simulateur d&#039;explosions  1 x Batterypack  1 x Chargeur  1 x Extension pour le baril  1 Mallette de transport en plastique 60 x 40 x 32,5 cm avec poign\u00e9e ouverte\" \/>\n<meta property=\"og:url\" content=\"https:\/\/fireware.nl\/fr\/product\/simulateur-dexplosion\/\" \/>\n<meta property=\"og:site_name\" content=\"FireWare\" \/>\n<meta property=\"article:publisher\" content=\"https:\/\/www.facebook.com\/FireWareBV\/\" \/>\n<meta property=\"article:modified_time\" content=\"2026-05-05T18:29:21+00:00\" \/>\n<meta property=\"og:image\" content=\"https:\/\/fireware.nl\/wp-content\/uploads\/2017\/08\/RST-704-105-Explosie-simulator.jpg\" \/>\n\t<meta property=\"og:image:width\" content=\"600\" \/>\n\t<meta property=\"og:image:height\" content=\"600\" \/>\n\t<meta property=\"og:image:type\" content=\"image\/jpeg\" \/>\n<meta name=\"twitter:card\" content=\"summary_large_image\" \/>\n<meta name=\"twitter:site\" content=\"@FireWarebv\" \/>\n<script type=\"application\/ld+json\" class=\"yoast-schema-graph\">{\"@context\":\"https:\\\/\\\/schema.org\",\"@graph\":[{\"@type\":\"WebPage\",\"@id\":\"https:\\\/\\\/fireware.nl\\\/fr\\\/product\\\/simulateur-dexplosion\\\/\",\"url\":\"https:\\\/\\\/fireware.nl\\\/fr\\\/product\\\/simulateur-dexplosion\\\/\",\"name\":\"Simulateur d'explosion - FireWare\",\"isPartOf\":{\"@id\":\"https:\\\/\\\/fireware.nl\\\/fr\\\/#website\"},\"primaryImageOfPage\":{\"@id\":\"https:\\\/\\\/fireware.nl\\\/fr\\\/product\\\/simulateur-dexplosion\\\/#primaryimage\"},\"image\":{\"@id\":\"https:\\\/\\\/fireware.nl\\\/fr\\\/product\\\/simulateur-dexplosion\\\/#primaryimage\"},\"thumbnailUrl\":\"https:\\\/\\\/fireware.nl\\\/wp-content\\\/uploads\\\/2017\\\/08\\\/RST-704-105-Explosie-simulator.jpg\",\"datePublished\":\"2021-09-21T13:41:44+00:00\",\"dateModified\":\"2026-05-05T18:29:21+00:00\",\"breadcrumb\":{\"@id\":\"https:\\\/\\\/fireware.nl\\\/fr\\\/product\\\/simulateur-dexplosion\\\/#breadcrumb\"},\"inLanguage\":\"fr-FR\",\"potentialAction\":[{\"@type\":\"ReadAction\",\"target\":[\"https:\\\/\\\/fireware.nl\\\/fr\\\/product\\\/simulateur-dexplosion\\\/\"]}]},{\"@type\":\"ImageObject\",\"inLanguage\":\"fr-FR\",\"@id\":\"https:\\\/\\\/fireware.nl\\\/fr\\\/product\\\/simulateur-dexplosion\\\/#primaryimage\",\"url\":\"https:\\\/\\\/fireware.nl\\\/wp-content\\\/uploads\\\/2017\\\/08\\\/RST-704-105-Explosie-simulator.jpg\",\"contentUrl\":\"https:\\\/\\\/fireware.nl\\\/wp-content\\\/uploads\\\/2017\\\/08\\\/RST-704-105-Explosie-simulator.jpg\",\"width\":600,\"height\":600,\"caption\":\"RST-704-105 Explosie simulator\"},{\"@type\":\"BreadcrumbList\",\"@id\":\"https:\\\/\\\/fireware.nl\\\/fr\\\/product\\\/simulateur-dexplosion\\\/#breadcrumb\",\"itemListElement\":[{\"@type\":\"ListItem\",\"position\":1,\"name\":\"Home\",\"item\":\"https:\\\/\\\/fireware.nl\\\/fr\\\/\"},{\"@type\":\"ListItem\",\"position\":2,\"name\":\"Produits\",\"item\":\"https:\\\/\\\/fireware.nl\\\/fr\\\/produits\\\/\"},{\"@type\":\"ListItem\",\"position\":3,\"name\":\"Simulateur d&#8217;explosion\"}]},{\"@type\":\"WebSite\",\"@id\":\"https:\\\/\\\/fireware.nl\\\/fr\\\/#website\",\"url\":\"https:\\\/\\\/fireware.nl\\\/fr\\\/\",\"name\":\"FireWare\",\"description\":\"CREATING REALISTIC  TRAINING ENVIRONMENTS\",\"publisher\":{\"@id\":\"https:\\\/\\\/fireware.nl\\\/fr\\\/#organization\"},\"potentialAction\":[{\"@type\":\"SearchAction\",\"target\":{\"@type\":\"EntryPoint\",\"urlTemplate\":\"https:\\\/\\\/fireware.nl\\\/fr\\\/?s={search_term_string}\"},\"query-input\":{\"@type\":\"PropertyValueSpecification\",\"valueRequired\":true,\"valueName\":\"search_term_string\"}}],\"inLanguage\":\"fr-FR\"},{\"@type\":\"Organization\",\"@id\":\"https:\\\/\\\/fireware.nl\\\/fr\\\/#organization\",\"name\":\"FireWare\",\"url\":\"https:\\\/\\\/fireware.nl\\\/fr\\\/\",\"logo\":{\"@type\":\"ImageObject\",\"inLanguage\":\"fr-FR\",\"@id\":\"https:\\\/\\\/fireware.nl\\\/fr\\\/#\\\/schema\\\/logo\\\/image\\\/\",\"url\":\"https:\\\/\\\/fireware.nl\\\/wp-content\\\/uploads\\\/2018\\\/10\\\/FireWare-logo.jpg\",\"contentUrl\":\"https:\\\/\\\/fireware.nl\\\/wp-content\\\/uploads\\\/2018\\\/10\\\/FireWare-logo.jpg\",\"width\":171,\"height\":70,\"caption\":\"FireWare\"},\"image\":{\"@id\":\"https:\\\/\\\/fireware.nl\\\/fr\\\/#\\\/schema\\\/logo\\\/image\\\/\"},\"sameAs\":[\"https:\\\/\\\/www.facebook.com\\\/FireWareBV\\\/\",\"https:\\\/\\\/x.com\\\/FireWarebv\",\"https:\\\/\\\/www.instagram.com\\\/fireware_nl\\\/\",\"https:\\\/\\\/www.linkedin.com\\\/company\\\/3586017\\\/\",\"https:\\\/\\\/www.youtube.com\\\/user\\\/firesalesrentconsult\"]}]}<\/script>\n<!-- \/ Yoast SEO plugin. -->","yoast_head_json":{"title":"Simulateur d'explosion - FireWare","robots":{"index":"index","follow":"follow","max-snippet":"max-snippet:-1","max-image-preview":"max-image-preview:large","max-video-preview":"max-video-preview:-1"},"canonical":"https:\/\/fireware.nl\/fr\/product\/simulateur-dexplosion\/","og_locale":"fr_FR","og_type":"article","og_title":"Simulateur d'explosion - FireWare","og_description":"Composition :   1 x Simulateur d'explosion  1 x T\u00e9l\u00e9commande Simulateur d'explosions  1 x Batterypack  1 x Chargeur  1 x Extension pour le baril  1 Mallette de transport en plastique 60 x 40 x 32,5 cm avec poign\u00e9e ouverte","og_url":"https:\/\/fireware.nl\/fr\/product\/simulateur-dexplosion\/","og_site_name":"FireWare","article_publisher":"https:\/\/www.facebook.com\/FireWareBV\/","article_modified_time":"2026-05-05T18:29:21+00:00","og_image":[{"width":600,"height":600,"url":"https:\/\/fireware.nl\/wp-content\/uploads\/2017\/08\/RST-704-105-Explosie-simulator.jpg","type":"image\/jpeg"}],"twitter_card":"summary_large_image","twitter_site":"@FireWarebv","schema":{"@context":"https:\/\/schema.org","@graph":[{"@type":"WebPage","@id":"https:\/\/fireware.nl\/fr\/product\/simulateur-dexplosion\/","url":"https:\/\/fireware.nl\/fr\/product\/simulateur-dexplosion\/","name":"Simulateur d'explosion - FireWare","isPartOf":{"@id":"https:\/\/fireware.nl\/fr\/#website"},"primaryImageOfPage":{"@id":"https:\/\/fireware.nl\/fr\/product\/simulateur-dexplosion\/#primaryimage"},"image":{"@id":"https:\/\/fireware.nl\/fr\/product\/simulateur-dexplosion\/#primaryimage"},"thumbnailUrl":"https:\/\/fireware.nl\/wp-content\/uploads\/2017\/08\/RST-704-105-Explosie-simulator.jpg","datePublished":"2021-09-21T13:41:44+00:00","dateModified":"2026-05-05T18:29:21+00:00","breadcrumb":{"@id":"https:\/\/fireware.nl\/fr\/product\/simulateur-dexplosion\/#breadcrumb"},"inLanguage":"fr-FR","potentialAction":[{"@type":"ReadAction","target":["https:\/\/fireware.nl\/fr\/product\/simulateur-dexplosion\/"]}]},{"@type":"ImageObject","inLanguage":"fr-FR","@id":"https:\/\/fireware.nl\/fr\/product\/simulateur-dexplosion\/#primaryimage","url":"https:\/\/fireware.nl\/wp-content\/uploads\/2017\/08\/RST-704-105-Explosie-simulator.jpg","contentUrl":"https:\/\/fireware.nl\/wp-content\/uploads\/2017\/08\/RST-704-105-Explosie-simulator.jpg","width":600,"height":600,"caption":"RST-704-105 Explosie simulator"},{"@type":"BreadcrumbList","@id":"https:\/\/fireware.nl\/fr\/product\/simulateur-dexplosion\/#breadcrumb","itemListElement":[{"@type":"ListItem","position":1,"name":"Home","item":"https:\/\/fireware.nl\/fr\/"},{"@type":"ListItem","position":2,"name":"Produits","item":"https:\/\/fireware.nl\/fr\/produits\/"},{"@type":"ListItem","position":3,"name":"Simulateur d&#8217;explosion"}]},{"@type":"WebSite","@id":"https:\/\/fireware.nl\/fr\/#website","url":"https:\/\/fireware.nl\/fr\/","name":"FireWare","description":"CREATING REALISTIC  TRAINING ENVIRONMENTS","publisher":{"@id":"https:\/\/fireware.nl\/fr\/#organization"},"potentialAction":[{"@type":"SearchAction","target":{"@type":"EntryPoint","urlTemplate":"https:\/\/fireware.nl\/fr\/?s={search_term_string}"},"query-input":{"@type":"PropertyValueSpecification","valueRequired":true,"valueName":"search_term_string"}}],"inLanguage":"fr-FR"},{"@type":"Organization","@id":"https:\/\/fireware.nl\/fr\/#organization","name":"FireWare","url":"https:\/\/fireware.nl\/fr\/","logo":{"@type":"ImageObject","inLanguage":"fr-FR","@id":"https:\/\/fireware.nl\/fr\/#\/schema\/logo\/image\/","url":"https:\/\/fireware.nl\/wp-content\/uploads\/2018\/10\/FireWare-logo.jpg","contentUrl":"https:\/\/fireware.nl\/wp-content\/uploads\/2018\/10\/FireWare-logo.jpg","width":171,"height":70,"caption":"FireWare"},"image":{"@id":"https:\/\/fireware.nl\/fr\/#\/schema\/logo\/image\/"},"sameAs":["https:\/\/www.facebook.com\/FireWareBV\/","https:\/\/x.com\/FireWarebv","https:\/\/www.instagram.com\/fireware_nl\/","https:\/\/www.linkedin.com\/company\/3586017\/","https:\/\/www.youtube.com\/user\/firesalesrentconsult"]}]}},"publishpress_future_workflow_manual_trigger":{"enabledWorkflows":[]},"_links":{"self":[{"href":"https:\/\/fireware.nl\/fr\/wp-json\/wp\/v2\/product\/65597","targetHints":{"allow":["GET"]}}],"collection":[{"href":"https:\/\/fireware.nl\/fr\/wp-json\/wp\/v2\/product"}],"about":[{"href":"https:\/\/fireware.nl\/fr\/wp-json\/wp\/v2\/types\/product"}],"wp:featuredmedia":[{"embeddable":true,"href":"https:\/\/fireware.nl\/fr\/wp-json\/wp\/v2\/media\/26133"}],"wp:attachment":[{"href":"https:\/\/fireware.nl\/fr\/wp-json\/wp\/v2\/media?parent=65597"}],"wp:term":[{"taxonomy":"product_brand","embeddable":true,"href":"https:\/\/fireware.nl\/fr\/wp-json\/wp\/v2\/product_brand?post=65597"},{"taxonomy":"product_cat","embeddable":true,"href":"https:\/\/fireware.nl\/fr\/wp-json\/wp\/v2\/product_cat?post=65597"},{"taxonomy":"product_tag","embeddable":true,"href":"https:\/\/fireware.nl\/fr\/wp-json\/wp\/v2\/product_tag?post=65597"}],"curies":[{"name":"wp","href":"https:\/\/api.w.org\/{rel}","templated":true}]}}