
{"id":65601,"date":"2021-09-21T13:42:20","date_gmt":"2021-09-21T13:42:20","guid":{"rendered":"https:\/\/fireware.nl\/product\/vesta-simulateur-dincendie\/"},"modified":"2026-05-05T18:34:46","modified_gmt":"2026-05-05T18:34:46","slug":"vesta-simulateur-dincendie","status":"publish","type":"product","link":"https:\/\/fireware.nl\/fr\/product\/vesta-simulateur-dincendie\/","title":{"rendered":"Vesta simulateur d&#8217;incendie"},"content":{"rendered":"<h2>Simulateur d&#8217;incendie l\u00e9ger, ne n\u00e9cessite pas d&#8217;eau<\/h2>\n<p>Le Vesta de FireWare est petit et compact, mais est capable de cr\u00e9er une \u00e9norme flamme. Ce simulateur d&#8217;exercice p\u00e8se 21,4 kg, ce qui le rend facile \u00e0 porter. Id\u00e9al lorsque vous ne devez mettre qu&#8217;un seul exercice en place ! La hauteur de flamme est r\u00e9glable par le biais de la soupape de r\u00e9duction de pression. Pas besoin de l&#8217;alimenter en \u00e9lectricit\u00e9, parce que le Vesta fonctionne sur batterie et sur gaz. Si vous n&#8217;avez pas de bouteille de gaz, vous pouvez en louer une s\u00e9par\u00e9ment.<\/p>\n<p>Le Vesta est utilis\u00e9 pour des formations de secourisme et des formations impliquant de petits \u00e9quipements d&#8217;extinction, mais aussi pour simuler des foyers d&#8217;incendie plus importants, pour, par exemple, des corps de pompiers et des pompiers travaillant dans des a\u00e9roports ou des entreprises.<\/p>\n<p>Pour des exercices encore plus int\u00e9ressants et compliqu\u00e9s, nous vous proposons en location diff\u00e9rents embouts et accessoires. Pour ce faire, le Vesta est muni d&#8217;une sortie sp\u00e9ciale et d&#8217;un bouton individuel sur la t\u00e9l\u00e9commande. C&#8217;est ainsi qu&#8217;il est possible de confronter un participant au cours \u00e0 des dilemmes.<\/p>\n<p>Le Vesta peut \u00eatre \u00e9teint par le biais d&#8217;eau, de mousse et de gaz carbonique. Pour les machines lou\u00e9es, l&#8217;extinction des flammes avec de la poudre est interdite. Avez-vous affaire \u00e0 beaucoup de participants au cours que vous souhaitez former \u00e0 l&#8217;extinction \u00e0 l&#8217;aide d&#8217;un petit appareil d&#8217;extinction ? Dans ce cas, vous pouvez louer le syst\u00e8me de remplissage Neptune et les extincteurs d&#8217;exercice correspondants.<\/p>\n","protected":false},"excerpt":{"rendered":"<h3>Composition :<\/h3>\n<ul>\n<li>1 x Vesta simulateur d&#8217;incendie<\/li>\n<li>1 x t\u00e9l\u00e9commande Vesta<\/li>\n<li>1 x tuyau de gaz Vesta<\/li>\n<li>1 x Chargeur Vesta<\/li>\n<li>1 x Bo\u00eete de transport en plastique 60 x 40 x 44 cm avec poign\u00e9e ouverte et int\u00e9rieur en mousse<\/li>\n<\/ul>\n","protected":false},"featured_media":65394,"template":"","meta":[],"product_brand":[],"product_cat":[3009,2954],"product_tag":[],"class_list":{"0":"post-65601","1":"product","2":"type-product","3":"status-publish","4":"has-post-thumbnail","6":"product_cat-location","7":"product_cat-simulateurs-dincendie-fr","9":"first","10":"instock","11":"taxable","12":"shipping-taxable","13":"purchasable","14":"product-type-rentable"},"yoast_head":"<!-- This site is optimized with the Yoast SEO plugin v27.5 - https:\/\/yoast.com\/product\/yoast-seo-wordpress\/ -->\n<title>Vesta simulateur d&#039;incendie - FireWare<\/title>\n<meta name=\"robots\" content=\"index, follow, max-snippet:-1, max-image-preview:large, max-video-preview:-1\" \/>\n<link rel=\"canonical\" href=\"https:\/\/fireware.nl\/fr\/product\/vesta-simulateur-dincendie\/\" \/>\n<meta property=\"og:locale\" content=\"fr_FR\" \/>\n<meta property=\"og:type\" content=\"article\" \/>\n<meta property=\"og:title\" content=\"Vesta simulateur d&#039;incendie - FireWare\" \/>\n<meta property=\"og:description\" content=\"Composition :   1 x Vesta simulateur d&#039;incendie  1 x t\u00e9l\u00e9commande Vesta  1 x tuyau de gaz Vesta  1 x Chargeur Vesta  1 x Bo\u00eete de transport en plastique 60 x 40 x 44 cm avec poign\u00e9e ouverte et int\u00e9rieur en mousse\" \/>\n<meta property=\"og:url\" content=\"https:\/\/fireware.nl\/fr\/product\/vesta-simulateur-dincendie\/\" \/>\n<meta property=\"og:site_name\" content=\"FireWare\" \/>\n<meta property=\"article:publisher\" content=\"https:\/\/www.facebook.com\/FireWareBV\/\" \/>\n<meta property=\"article:modified_time\" content=\"2026-05-05T18:34:46+00:00\" \/>\n<meta property=\"og:image\" content=\"https:\/\/fireware.nl\/wp-content\/uploads\/2017\/08\/RST-709-101-Vesta-blustrainer.jpg\" \/>\n\t<meta property=\"og:image:width\" content=\"600\" \/>\n\t<meta property=\"og:image:height\" content=\"600\" \/>\n\t<meta property=\"og:image:type\" content=\"image\/jpeg\" \/>\n<meta name=\"twitter:card\" content=\"summary_large_image\" \/>\n<meta name=\"twitter:site\" content=\"@FireWarebv\" \/>\n<meta name=\"twitter:label1\" content=\"Dur\u00e9e de lecture estim\u00e9e\" \/>\n\t<meta name=\"twitter:data1\" content=\"1 minute\" \/>\n<script type=\"application\/ld+json\" class=\"yoast-schema-graph\">{\"@context\":\"https:\\\/\\\/schema.org\",\"@graph\":[{\"@type\":\"WebPage\",\"@id\":\"https:\\\/\\\/fireware.nl\\\/fr\\\/product\\\/vesta-simulateur-dincendie\\\/\",\"url\":\"https:\\\/\\\/fireware.nl\\\/fr\\\/product\\\/vesta-simulateur-dincendie\\\/\",\"name\":\"Vesta simulateur d'incendie - FireWare\",\"isPartOf\":{\"@id\":\"https:\\\/\\\/fireware.nl\\\/fr\\\/#website\"},\"primaryImageOfPage\":{\"@id\":\"https:\\\/\\\/fireware.nl\\\/fr\\\/product\\\/vesta-simulateur-dincendie\\\/#primaryimage\"},\"image\":{\"@id\":\"https:\\\/\\\/fireware.nl\\\/fr\\\/product\\\/vesta-simulateur-dincendie\\\/#primaryimage\"},\"thumbnailUrl\":\"https:\\\/\\\/fireware.nl\\\/wp-content\\\/uploads\\\/2021\\\/09\\\/RST-709-101-Vesta.jpg\",\"datePublished\":\"2021-09-21T13:42:20+00:00\",\"dateModified\":\"2026-05-05T18:34:46+00:00\",\"breadcrumb\":{\"@id\":\"https:\\\/\\\/fireware.nl\\\/fr\\\/product\\\/vesta-simulateur-dincendie\\\/#breadcrumb\"},\"inLanguage\":\"fr-FR\",\"potentialAction\":[{\"@type\":\"ReadAction\",\"target\":[\"https:\\\/\\\/fireware.nl\\\/fr\\\/product\\\/vesta-simulateur-dincendie\\\/\"]}]},{\"@type\":\"ImageObject\",\"inLanguage\":\"fr-FR\",\"@id\":\"https:\\\/\\\/fireware.nl\\\/fr\\\/product\\\/vesta-simulateur-dincendie\\\/#primaryimage\",\"url\":\"https:\\\/\\\/fireware.nl\\\/wp-content\\\/uploads\\\/2021\\\/09\\\/RST-709-101-Vesta.jpg\",\"contentUrl\":\"https:\\\/\\\/fireware.nl\\\/wp-content\\\/uploads\\\/2021\\\/09\\\/RST-709-101-Vesta.jpg\",\"width\":600,\"height\":600},{\"@type\":\"BreadcrumbList\",\"@id\":\"https:\\\/\\\/fireware.nl\\\/fr\\\/product\\\/vesta-simulateur-dincendie\\\/#breadcrumb\",\"itemListElement\":[{\"@type\":\"ListItem\",\"position\":1,\"name\":\"Home\",\"item\":\"https:\\\/\\\/fireware.nl\\\/fr\\\/\"},{\"@type\":\"ListItem\",\"position\":2,\"name\":\"Produits\",\"item\":\"https:\\\/\\\/fireware.nl\\\/fr\\\/produits\\\/\"},{\"@type\":\"ListItem\",\"position\":3,\"name\":\"Vesta simulateur d&#8217;incendie\"}]},{\"@type\":\"WebSite\",\"@id\":\"https:\\\/\\\/fireware.nl\\\/fr\\\/#website\",\"url\":\"https:\\\/\\\/fireware.nl\\\/fr\\\/\",\"name\":\"FireWare\",\"description\":\"CREATING REALISTIC  TRAINING ENVIRONMENTS\",\"publisher\":{\"@id\":\"https:\\\/\\\/fireware.nl\\\/fr\\\/#organization\"},\"potentialAction\":[{\"@type\":\"SearchAction\",\"target\":{\"@type\":\"EntryPoint\",\"urlTemplate\":\"https:\\\/\\\/fireware.nl\\\/fr\\\/?s={search_term_string}\"},\"query-input\":{\"@type\":\"PropertyValueSpecification\",\"valueRequired\":true,\"valueName\":\"search_term_string\"}}],\"inLanguage\":\"fr-FR\"},{\"@type\":\"Organization\",\"@id\":\"https:\\\/\\\/fireware.nl\\\/fr\\\/#organization\",\"name\":\"FireWare\",\"url\":\"https:\\\/\\\/fireware.nl\\\/fr\\\/\",\"logo\":{\"@type\":\"ImageObject\",\"inLanguage\":\"fr-FR\",\"@id\":\"https:\\\/\\\/fireware.nl\\\/fr\\\/#\\\/schema\\\/logo\\\/image\\\/\",\"url\":\"https:\\\/\\\/fireware.nl\\\/wp-content\\\/uploads\\\/2018\\\/10\\\/FireWare-logo.jpg\",\"contentUrl\":\"https:\\\/\\\/fireware.nl\\\/wp-content\\\/uploads\\\/2018\\\/10\\\/FireWare-logo.jpg\",\"width\":171,\"height\":70,\"caption\":\"FireWare\"},\"image\":{\"@id\":\"https:\\\/\\\/fireware.nl\\\/fr\\\/#\\\/schema\\\/logo\\\/image\\\/\"},\"sameAs\":[\"https:\\\/\\\/www.facebook.com\\\/FireWareBV\\\/\",\"https:\\\/\\\/x.com\\\/FireWarebv\",\"https:\\\/\\\/www.instagram.com\\\/fireware_nl\\\/\",\"https:\\\/\\\/www.linkedin.com\\\/company\\\/3586017\\\/\",\"https:\\\/\\\/www.youtube.com\\\/user\\\/firesalesrentconsult\"]}]}<\/script>\n<!-- \/ Yoast SEO plugin. -->","yoast_head_json":{"title":"Vesta simulateur d'incendie - FireWare","robots":{"index":"index","follow":"follow","max-snippet":"max-snippet:-1","max-image-preview":"max-image-preview:large","max-video-preview":"max-video-preview:-1"},"canonical":"https:\/\/fireware.nl\/fr\/product\/vesta-simulateur-dincendie\/","og_locale":"fr_FR","og_type":"article","og_title":"Vesta simulateur d'incendie - FireWare","og_description":"Composition :   1 x Vesta simulateur d'incendie  1 x t\u00e9l\u00e9commande Vesta  1 x tuyau de gaz Vesta  1 x Chargeur Vesta  1 x Bo\u00eete de transport en plastique 60 x 40 x 44 cm avec poign\u00e9e ouverte et int\u00e9rieur en mousse","og_url":"https:\/\/fireware.nl\/fr\/product\/vesta-simulateur-dincendie\/","og_site_name":"FireWare","article_publisher":"https:\/\/www.facebook.com\/FireWareBV\/","article_modified_time":"2026-05-05T18:34:46+00:00","og_image":[{"width":600,"height":600,"url":"https:\/\/fireware.nl\/wp-content\/uploads\/2017\/08\/RST-709-101-Vesta-blustrainer.jpg","type":"image\/jpeg"}],"twitter_card":"summary_large_image","twitter_site":"@FireWarebv","twitter_misc":{"Dur\u00e9e de lecture estim\u00e9e":"1 minute"},"schema":{"@context":"https:\/\/schema.org","@graph":[{"@type":"WebPage","@id":"https:\/\/fireware.nl\/fr\/product\/vesta-simulateur-dincendie\/","url":"https:\/\/fireware.nl\/fr\/product\/vesta-simulateur-dincendie\/","name":"Vesta simulateur d'incendie - FireWare","isPartOf":{"@id":"https:\/\/fireware.nl\/fr\/#website"},"primaryImageOfPage":{"@id":"https:\/\/fireware.nl\/fr\/product\/vesta-simulateur-dincendie\/#primaryimage"},"image":{"@id":"https:\/\/fireware.nl\/fr\/product\/vesta-simulateur-dincendie\/#primaryimage"},"thumbnailUrl":"https:\/\/fireware.nl\/wp-content\/uploads\/2021\/09\/RST-709-101-Vesta.jpg","datePublished":"2021-09-21T13:42:20+00:00","dateModified":"2026-05-05T18:34:46+00:00","breadcrumb":{"@id":"https:\/\/fireware.nl\/fr\/product\/vesta-simulateur-dincendie\/#breadcrumb"},"inLanguage":"fr-FR","potentialAction":[{"@type":"ReadAction","target":["https:\/\/fireware.nl\/fr\/product\/vesta-simulateur-dincendie\/"]}]},{"@type":"ImageObject","inLanguage":"fr-FR","@id":"https:\/\/fireware.nl\/fr\/product\/vesta-simulateur-dincendie\/#primaryimage","url":"https:\/\/fireware.nl\/wp-content\/uploads\/2021\/09\/RST-709-101-Vesta.jpg","contentUrl":"https:\/\/fireware.nl\/wp-content\/uploads\/2021\/09\/RST-709-101-Vesta.jpg","width":600,"height":600},{"@type":"BreadcrumbList","@id":"https:\/\/fireware.nl\/fr\/product\/vesta-simulateur-dincendie\/#breadcrumb","itemListElement":[{"@type":"ListItem","position":1,"name":"Home","item":"https:\/\/fireware.nl\/fr\/"},{"@type":"ListItem","position":2,"name":"Produits","item":"https:\/\/fireware.nl\/fr\/produits\/"},{"@type":"ListItem","position":3,"name":"Vesta simulateur d&#8217;incendie"}]},{"@type":"WebSite","@id":"https:\/\/fireware.nl\/fr\/#website","url":"https:\/\/fireware.nl\/fr\/","name":"FireWare","description":"CREATING REALISTIC  TRAINING ENVIRONMENTS","publisher":{"@id":"https:\/\/fireware.nl\/fr\/#organization"},"potentialAction":[{"@type":"SearchAction","target":{"@type":"EntryPoint","urlTemplate":"https:\/\/fireware.nl\/fr\/?s={search_term_string}"},"query-input":{"@type":"PropertyValueSpecification","valueRequired":true,"valueName":"search_term_string"}}],"inLanguage":"fr-FR"},{"@type":"Organization","@id":"https:\/\/fireware.nl\/fr\/#organization","name":"FireWare","url":"https:\/\/fireware.nl\/fr\/","logo":{"@type":"ImageObject","inLanguage":"fr-FR","@id":"https:\/\/fireware.nl\/fr\/#\/schema\/logo\/image\/","url":"https:\/\/fireware.nl\/wp-content\/uploads\/2018\/10\/FireWare-logo.jpg","contentUrl":"https:\/\/fireware.nl\/wp-content\/uploads\/2018\/10\/FireWare-logo.jpg","width":171,"height":70,"caption":"FireWare"},"image":{"@id":"https:\/\/fireware.nl\/fr\/#\/schema\/logo\/image\/"},"sameAs":["https:\/\/www.facebook.com\/FireWareBV\/","https:\/\/x.com\/FireWarebv","https:\/\/www.instagram.com\/fireware_nl\/","https:\/\/www.linkedin.com\/company\/3586017\/","https:\/\/www.youtube.com\/user\/firesalesrentconsult"]}]}},"publishpress_future_workflow_manual_trigger":{"enabledWorkflows":[]},"_links":{"self":[{"href":"https:\/\/fireware.nl\/fr\/wp-json\/wp\/v2\/product\/65601","targetHints":{"allow":["GET"]}}],"collection":[{"href":"https:\/\/fireware.nl\/fr\/wp-json\/wp\/v2\/product"}],"about":[{"href":"https:\/\/fireware.nl\/fr\/wp-json\/wp\/v2\/types\/product"}],"wp:featuredmedia":[{"embeddable":true,"href":"https:\/\/fireware.nl\/fr\/wp-json\/wp\/v2\/media\/65394"}],"wp:attachment":[{"href":"https:\/\/fireware.nl\/fr\/wp-json\/wp\/v2\/media?parent=65601"}],"wp:term":[{"taxonomy":"product_brand","embeddable":true,"href":"https:\/\/fireware.nl\/fr\/wp-json\/wp\/v2\/product_brand?post=65601"},{"taxonomy":"product_cat","embeddable":true,"href":"https:\/\/fireware.nl\/fr\/wp-json\/wp\/v2\/product_cat?post=65601"},{"taxonomy":"product_tag","embeddable":true,"href":"https:\/\/fireware.nl\/fr\/wp-json\/wp\/v2\/product_tag?post=65601"}],"curies":[{"name":"wp","href":"https:\/\/api.w.org\/{rel}","templated":true}]}}