
{"id":65700,"date":"2021-09-21T09:27:02","date_gmt":"2021-09-21T09:27:02","guid":{"rendered":"https:\/\/fireware.nl\/product\/multitrauma-mannequin-50-kg\/"},"modified":"2026-05-05T20:00:45","modified_gmt":"2026-05-05T20:00:45","slug":"multitrauma-mannequin-50-kg","status":"publish","type":"product","link":"https:\/\/fireware.nl\/fr\/product\/multitrauma-mannequin-50-kg\/","title":{"rendered":"Multitrauma Mannequin 50 kg"},"content":{"rendered":"<h2>Exercez-vous au secourisme technique<\/h2>\n<p>Le mannequin d&#8217;exercice Multi Trauma'(\u00ab Traumatisme multiple \u00bb) est sp\u00e9cialement con\u00e7u pour les exercices de secourisme technique. Gr\u00e2ce \u00e0 ce mannequin d&#8217;exercice, vous pouvez simuler diff\u00e9rentes sortes de l\u00e9sions. Vous pouvez par exemple transpercer la poitrine du mannequin avec un tuyau en acier. Il est muni \u00e0 cet effet d&#8217;un trou d&#8217;un diam\u00e8tre de 7 centim\u00e8tres. De plus, il est con\u00e7u de telle sorte que le participant au cours puisse lui appliquer un col de protection. Vous pouvez \u00e9galement lui amputer int\u00e9gralement ou partiellement le bras droit ou le bas de jambe droit.&#8217; Pour ce faire, vous pouvez en d\u00e9tacher les points de fixation.<\/p>\n<p>Le mannequin Multi Trauma est tout indiqu\u00e9 pour des exercices de secourisme en cas, par exemple, d&#8217;accident de voiture ou d&#8217;accident de sport. Le mannequin peut tomber sans probl\u00e8me du deuxi\u00e8me \u00e9tage d&#8217;un immeuble et m\u00eame \u00eatre renvers\u00e9 par une voiture.<\/p>\n<p>Vous pouvez rendre le mannequin d&#8217;exercice encore plus r\u00e9aliste en louant un pack v\u00eatements. S\u00e9lectionnez alors un pack v\u00eatements adapt\u00e9 au sc\u00e9nario choisi et au lieu d&#8217;exercice.<\/p>\n","protected":false},"excerpt":{"rendered":"<h3>Composition :<\/h3>\n<ul>\n<li>1 x mannequin<\/li>\n<\/ul>\n","protected":false},"featured_media":26460,"template":"","meta":[],"product_brand":[],"product_cat":[3009,2996],"product_tag":[],"class_list":{"0":"post-65700","1":"product","2":"type-product","3":"status-publish","4":"has-post-thumbnail","6":"product_cat-location","7":"product_cat-mannequins-sauvetage-et-evacuation","9":"first","10":"instock","11":"taxable","12":"shipping-taxable","13":"purchasable","14":"product-type-rentable"},"yoast_head":"<!-- This site is optimized with the Yoast SEO plugin v27.5 - https:\/\/yoast.com\/product\/yoast-seo-wordpress\/ -->\n<title>Multitrauma Mannequin 50 kg - FireWare<\/title>\n<meta name=\"robots\" content=\"index, follow, max-snippet:-1, max-image-preview:large, max-video-preview:-1\" \/>\n<link rel=\"canonical\" href=\"https:\/\/fireware.nl\/fr\/product\/multitrauma-mannequin-50-kg\/\" \/>\n<meta property=\"og:locale\" content=\"fr_FR\" \/>\n<meta property=\"og:type\" content=\"article\" \/>\n<meta property=\"og:title\" content=\"Multitrauma Mannequin 50 kg - FireWare\" \/>\n<meta property=\"og:description\" content=\"Composition :   1 x mannequin\" \/>\n<meta property=\"og:url\" content=\"https:\/\/fireware.nl\/fr\/product\/multitrauma-mannequin-50-kg\/\" \/>\n<meta property=\"og:site_name\" content=\"FireWare\" \/>\n<meta property=\"article:publisher\" content=\"https:\/\/www.facebook.com\/FireWareBV\/\" \/>\n<meta property=\"article:modified_time\" content=\"2026-05-05T20:00:45+00:00\" \/>\n<meta property=\"og:image\" content=\"https:\/\/fireware.nl\/wp-content\/uploads\/2017\/08\/RST-706-103-Oefenpop-multi-trauma.jpg\" \/>\n\t<meta property=\"og:image:width\" content=\"600\" \/>\n\t<meta property=\"og:image:height\" content=\"600\" \/>\n\t<meta property=\"og:image:type\" content=\"image\/jpeg\" \/>\n<meta name=\"twitter:card\" content=\"summary_large_image\" \/>\n<meta name=\"twitter:site\" content=\"@FireWarebv\" \/>\n<meta name=\"twitter:label1\" content=\"Dur\u00e9e de lecture estim\u00e9e\" \/>\n\t<meta name=\"twitter:data1\" content=\"1 minute\" \/>\n<script type=\"application\/ld+json\" class=\"yoast-schema-graph\">{\"@context\":\"https:\\\/\\\/schema.org\",\"@graph\":[{\"@type\":\"WebPage\",\"@id\":\"https:\\\/\\\/fireware.nl\\\/fr\\\/product\\\/multitrauma-mannequin-50-kg\\\/\",\"url\":\"https:\\\/\\\/fireware.nl\\\/fr\\\/product\\\/multitrauma-mannequin-50-kg\\\/\",\"name\":\"Multitrauma Mannequin 50 kg - FireWare\",\"isPartOf\":{\"@id\":\"https:\\\/\\\/fireware.nl\\\/fr\\\/#website\"},\"primaryImageOfPage\":{\"@id\":\"https:\\\/\\\/fireware.nl\\\/fr\\\/product\\\/multitrauma-mannequin-50-kg\\\/#primaryimage\"},\"image\":{\"@id\":\"https:\\\/\\\/fireware.nl\\\/fr\\\/product\\\/multitrauma-mannequin-50-kg\\\/#primaryimage\"},\"thumbnailUrl\":\"https:\\\/\\\/fireware.nl\\\/wp-content\\\/uploads\\\/2017\\\/08\\\/RST-706-103-Oefenpop-multi-trauma.jpg\",\"datePublished\":\"2021-09-21T09:27:02+00:00\",\"dateModified\":\"2026-05-05T20:00:45+00:00\",\"breadcrumb\":{\"@id\":\"https:\\\/\\\/fireware.nl\\\/fr\\\/product\\\/multitrauma-mannequin-50-kg\\\/#breadcrumb\"},\"inLanguage\":\"fr-FR\",\"potentialAction\":[{\"@type\":\"ReadAction\",\"target\":[\"https:\\\/\\\/fireware.nl\\\/fr\\\/product\\\/multitrauma-mannequin-50-kg\\\/\"]}]},{\"@type\":\"ImageObject\",\"inLanguage\":\"fr-FR\",\"@id\":\"https:\\\/\\\/fireware.nl\\\/fr\\\/product\\\/multitrauma-mannequin-50-kg\\\/#primaryimage\",\"url\":\"https:\\\/\\\/fireware.nl\\\/wp-content\\\/uploads\\\/2017\\\/08\\\/RST-706-103-Oefenpop-multi-trauma.jpg\",\"contentUrl\":\"https:\\\/\\\/fireware.nl\\\/wp-content\\\/uploads\\\/2017\\\/08\\\/RST-706-103-Oefenpop-multi-trauma.jpg\",\"width\":600,\"height\":600,\"caption\":\"RST-706-103 Oefenpop multi trauma\"},{\"@type\":\"BreadcrumbList\",\"@id\":\"https:\\\/\\\/fireware.nl\\\/fr\\\/product\\\/multitrauma-mannequin-50-kg\\\/#breadcrumb\",\"itemListElement\":[{\"@type\":\"ListItem\",\"position\":1,\"name\":\"Home\",\"item\":\"https:\\\/\\\/fireware.nl\\\/fr\\\/\"},{\"@type\":\"ListItem\",\"position\":2,\"name\":\"Produits\",\"item\":\"https:\\\/\\\/fireware.nl\\\/fr\\\/produits\\\/\"},{\"@type\":\"ListItem\",\"position\":3,\"name\":\"Multitrauma Mannequin 50 kg\"}]},{\"@type\":\"WebSite\",\"@id\":\"https:\\\/\\\/fireware.nl\\\/fr\\\/#website\",\"url\":\"https:\\\/\\\/fireware.nl\\\/fr\\\/\",\"name\":\"FireWare\",\"description\":\"CREATING REALISTIC  TRAINING ENVIRONMENTS\",\"publisher\":{\"@id\":\"https:\\\/\\\/fireware.nl\\\/fr\\\/#organization\"},\"potentialAction\":[{\"@type\":\"SearchAction\",\"target\":{\"@type\":\"EntryPoint\",\"urlTemplate\":\"https:\\\/\\\/fireware.nl\\\/fr\\\/?s={search_term_string}\"},\"query-input\":{\"@type\":\"PropertyValueSpecification\",\"valueRequired\":true,\"valueName\":\"search_term_string\"}}],\"inLanguage\":\"fr-FR\"},{\"@type\":\"Organization\",\"@id\":\"https:\\\/\\\/fireware.nl\\\/fr\\\/#organization\",\"name\":\"FireWare\",\"url\":\"https:\\\/\\\/fireware.nl\\\/fr\\\/\",\"logo\":{\"@type\":\"ImageObject\",\"inLanguage\":\"fr-FR\",\"@id\":\"https:\\\/\\\/fireware.nl\\\/fr\\\/#\\\/schema\\\/logo\\\/image\\\/\",\"url\":\"https:\\\/\\\/fireware.nl\\\/wp-content\\\/uploads\\\/2018\\\/10\\\/FireWare-logo.jpg\",\"contentUrl\":\"https:\\\/\\\/fireware.nl\\\/wp-content\\\/uploads\\\/2018\\\/10\\\/FireWare-logo.jpg\",\"width\":171,\"height\":70,\"caption\":\"FireWare\"},\"image\":{\"@id\":\"https:\\\/\\\/fireware.nl\\\/fr\\\/#\\\/schema\\\/logo\\\/image\\\/\"},\"sameAs\":[\"https:\\\/\\\/www.facebook.com\\\/FireWareBV\\\/\",\"https:\\\/\\\/x.com\\\/FireWarebv\",\"https:\\\/\\\/www.instagram.com\\\/fireware_nl\\\/\",\"https:\\\/\\\/www.linkedin.com\\\/company\\\/3586017\\\/\",\"https:\\\/\\\/www.youtube.com\\\/user\\\/firesalesrentconsult\"]}]}<\/script>\n<!-- \/ Yoast SEO plugin. -->","yoast_head_json":{"title":"Multitrauma Mannequin 50 kg - FireWare","robots":{"index":"index","follow":"follow","max-snippet":"max-snippet:-1","max-image-preview":"max-image-preview:large","max-video-preview":"max-video-preview:-1"},"canonical":"https:\/\/fireware.nl\/fr\/product\/multitrauma-mannequin-50-kg\/","og_locale":"fr_FR","og_type":"article","og_title":"Multitrauma Mannequin 50 kg - FireWare","og_description":"Composition :   1 x mannequin","og_url":"https:\/\/fireware.nl\/fr\/product\/multitrauma-mannequin-50-kg\/","og_site_name":"FireWare","article_publisher":"https:\/\/www.facebook.com\/FireWareBV\/","article_modified_time":"2026-05-05T20:00:45+00:00","og_image":[{"width":600,"height":600,"url":"https:\/\/fireware.nl\/wp-content\/uploads\/2017\/08\/RST-706-103-Oefenpop-multi-trauma.jpg","type":"image\/jpeg"}],"twitter_card":"summary_large_image","twitter_site":"@FireWarebv","twitter_misc":{"Dur\u00e9e de lecture estim\u00e9e":"1 minute"},"schema":{"@context":"https:\/\/schema.org","@graph":[{"@type":"WebPage","@id":"https:\/\/fireware.nl\/fr\/product\/multitrauma-mannequin-50-kg\/","url":"https:\/\/fireware.nl\/fr\/product\/multitrauma-mannequin-50-kg\/","name":"Multitrauma Mannequin 50 kg - FireWare","isPartOf":{"@id":"https:\/\/fireware.nl\/fr\/#website"},"primaryImageOfPage":{"@id":"https:\/\/fireware.nl\/fr\/product\/multitrauma-mannequin-50-kg\/#primaryimage"},"image":{"@id":"https:\/\/fireware.nl\/fr\/product\/multitrauma-mannequin-50-kg\/#primaryimage"},"thumbnailUrl":"https:\/\/fireware.nl\/wp-content\/uploads\/2017\/08\/RST-706-103-Oefenpop-multi-trauma.jpg","datePublished":"2021-09-21T09:27:02+00:00","dateModified":"2026-05-05T20:00:45+00:00","breadcrumb":{"@id":"https:\/\/fireware.nl\/fr\/product\/multitrauma-mannequin-50-kg\/#breadcrumb"},"inLanguage":"fr-FR","potentialAction":[{"@type":"ReadAction","target":["https:\/\/fireware.nl\/fr\/product\/multitrauma-mannequin-50-kg\/"]}]},{"@type":"ImageObject","inLanguage":"fr-FR","@id":"https:\/\/fireware.nl\/fr\/product\/multitrauma-mannequin-50-kg\/#primaryimage","url":"https:\/\/fireware.nl\/wp-content\/uploads\/2017\/08\/RST-706-103-Oefenpop-multi-trauma.jpg","contentUrl":"https:\/\/fireware.nl\/wp-content\/uploads\/2017\/08\/RST-706-103-Oefenpop-multi-trauma.jpg","width":600,"height":600,"caption":"RST-706-103 Oefenpop multi trauma"},{"@type":"BreadcrumbList","@id":"https:\/\/fireware.nl\/fr\/product\/multitrauma-mannequin-50-kg\/#breadcrumb","itemListElement":[{"@type":"ListItem","position":1,"name":"Home","item":"https:\/\/fireware.nl\/fr\/"},{"@type":"ListItem","position":2,"name":"Produits","item":"https:\/\/fireware.nl\/fr\/produits\/"},{"@type":"ListItem","position":3,"name":"Multitrauma Mannequin 50 kg"}]},{"@type":"WebSite","@id":"https:\/\/fireware.nl\/fr\/#website","url":"https:\/\/fireware.nl\/fr\/","name":"FireWare","description":"CREATING REALISTIC  TRAINING ENVIRONMENTS","publisher":{"@id":"https:\/\/fireware.nl\/fr\/#organization"},"potentialAction":[{"@type":"SearchAction","target":{"@type":"EntryPoint","urlTemplate":"https:\/\/fireware.nl\/fr\/?s={search_term_string}"},"query-input":{"@type":"PropertyValueSpecification","valueRequired":true,"valueName":"search_term_string"}}],"inLanguage":"fr-FR"},{"@type":"Organization","@id":"https:\/\/fireware.nl\/fr\/#organization","name":"FireWare","url":"https:\/\/fireware.nl\/fr\/","logo":{"@type":"ImageObject","inLanguage":"fr-FR","@id":"https:\/\/fireware.nl\/fr\/#\/schema\/logo\/image\/","url":"https:\/\/fireware.nl\/wp-content\/uploads\/2018\/10\/FireWare-logo.jpg","contentUrl":"https:\/\/fireware.nl\/wp-content\/uploads\/2018\/10\/FireWare-logo.jpg","width":171,"height":70,"caption":"FireWare"},"image":{"@id":"https:\/\/fireware.nl\/fr\/#\/schema\/logo\/image\/"},"sameAs":["https:\/\/www.facebook.com\/FireWareBV\/","https:\/\/x.com\/FireWarebv","https:\/\/www.instagram.com\/fireware_nl\/","https:\/\/www.linkedin.com\/company\/3586017\/","https:\/\/www.youtube.com\/user\/firesalesrentconsult"]}]}},"publishpress_future_workflow_manual_trigger":{"enabledWorkflows":[]},"_links":{"self":[{"href":"https:\/\/fireware.nl\/fr\/wp-json\/wp\/v2\/product\/65700","targetHints":{"allow":["GET"]}}],"collection":[{"href":"https:\/\/fireware.nl\/fr\/wp-json\/wp\/v2\/product"}],"about":[{"href":"https:\/\/fireware.nl\/fr\/wp-json\/wp\/v2\/types\/product"}],"wp:featuredmedia":[{"embeddable":true,"href":"https:\/\/fireware.nl\/fr\/wp-json\/wp\/v2\/media\/26460"}],"wp:attachment":[{"href":"https:\/\/fireware.nl\/fr\/wp-json\/wp\/v2\/media?parent=65700"}],"wp:term":[{"taxonomy":"product_brand","embeddable":true,"href":"https:\/\/fireware.nl\/fr\/wp-json\/wp\/v2\/product_brand?post=65700"},{"taxonomy":"product_cat","embeddable":true,"href":"https:\/\/fireware.nl\/fr\/wp-json\/wp\/v2\/product_cat?post=65700"},{"taxonomy":"product_tag","embeddable":true,"href":"https:\/\/fireware.nl\/fr\/wp-json\/wp\/v2\/product_tag?post=65700"}],"curies":[{"name":"wp","href":"https:\/\/api.w.org\/{rel}","templated":true}]}}