
{"id":65822,"date":"2021-09-22T10:08:00","date_gmt":"2021-09-22T10:08:00","guid":{"rendered":"https:\/\/fireware.nl\/product\/fireware-liquide-fumigene-leger-5l\/"},"modified":"2026-05-05T17:19:34","modified_gmt":"2026-05-05T17:19:34","slug":"liquide-fumigene-exercice-incendie-5l","status":"publish","type":"product","link":"https:\/\/fireware.nl\/fr\/product\/liquide-fumigene-exercice-incendie-5l\/","title":{"rendered":"Liquide fumig\u00e8ne exercice d\u2019incendie 5L"},"content":{"rendered":"\r\n<p><em>Commandez du liquide fumig\u00e8ne pour votre projet de location&#8230;<br \/><\/em><em>&#8230;Un liquide de fum\u00e9e sp\u00e9cialement con\u00e7u pour les exercices d&#8217;incendie et d&#8217;\u00e9vacuation.<\/em><\/p>\r\n<h2>Sp\u00e9cial pour les exercices d&#8217;incendie et d&#8217;\u00e9vacuation<\/h2>\r\n<p>Ce liquide de fum\u00e9e a \u00e9t\u00e9 sp\u00e9cialement d\u00e9velopp\u00e9 pour les exercices d&#8217;incendie et d&#8217;\u00e9vacuation dans les bureaux, les centres de soins, les \u00e9coles et autres lieux de travail o\u00f9 il est important qu&#8217;aucun r\u00e9sidu ne reste apr\u00e8s utilisation. Ce liquide de fum\u00e9e l\u00e9g\u00e8re est id\u00e9al pour cr\u00e9er une atmosph\u00e8re enfum\u00e9e dans un couloir ou pour simuler un d\u00e9but d&#8217;incendie dans un petit espace, comme un bureau par exemple.<\/p>\r\n<h2>IBGS &#8211; CBRNe &#8211; HAZMAT<\/h2>\r\n<p>Au sein des organisations de pompiers, ce liquide est \u00e9galement utilis\u00e9 pour simuler des accidents impliquant des substances dangereuses et des incidents HAZMAT\/CBRNe. Pensez aux fuites de vapeurs et \u00e0 la simulation de r\u00e9actions chimiques. En raison de la structure l\u00e9g\u00e8re de la fum\u00e9e, celle-ci se dissipe de mani\u00e8re tr\u00e8s r\u00e9aliste \u00e0 l&#8217;ext\u00e9rieur.<\/p>\r\n<h2>Valeur de r\u00e9flexion parfaite pour la simulation de flammes<\/h2>\r\n<p>En plus de la simulation de fum\u00e9e, la fum\u00e9e d&#8217;entra\u00eenement est \u00e9galement utilis\u00e9e comme \u00e9cran de projection pour simuler des foyers d&#8217;incendie. Ce liquide de fum\u00e9e a \u00e9t\u00e9 sp\u00e9cialement d\u00e9velopp\u00e9 pour avoir des propri\u00e9t\u00e9s de r\u00e9flexion parfaites pour une simulation r\u00e9aliste d&#8217;incendies dans des espaces plus petits.<\/p>\r\n<h2>Pas de r\u00e9sidu<\/h2>\r\n<p>Fireware d\u00e9veloppe des liquides de fum\u00e9e pour les services de secours depuis 20 ans. Cette derni\u00e8re g\u00e9n\u00e9ration de liquide de fum\u00e9e a \u00e9t\u00e9 con\u00e7ue de mani\u00e8re \u00e0 ne laisser aucun r\u00e9sidu lorsqu&#8217;elle est utilis\u00e9e correctement, tout en \u00e9tant capable de simuler une image de fum\u00e9e ou de vapeur tr\u00e8s r\u00e9aliste.<\/p>\r\n<h2>Les ingr\u00e9dients les plus purs<\/h2>\r\n<p>Liquide fumig\u00e8ne exercice d&#8217;incendie est fabriqu\u00e9 \u00e0 partir des ingr\u00e9dients les plus purs, en faisant l&#8217;un des liquides de fum\u00e9e les plus s\u00fbrs pour l&#8217;homme et la machine disponibles actuellement. L&#8217;un des principaux ingr\u00e9dients est de l&#8217;eau dans sa forme la plus pure !<\/p>\r\n<h2>Applicable dans toutes les machines modernes<\/h2>\r\n<p>Liquide fumig\u00e8ne exercice d&#8217;incendie peut \u00eatre utilis\u00e9 dans les machines \u00e0 fum\u00e9e <a href=\"https:\/\/fireware.nl\/fr\/product\/machine-a-fumee-nimbo\/\" target=\"_blank\" rel=\"noopener\">Nimbo<\/a>, <a href=\"https:\/\/fireware.nl\/fr\/product\/machine-a-fumee-cumulus\/\" target=\"_blank\" rel=\"noopener\">Cumulus<\/a> et <a href=\"https:\/\/fireware.nl\/fr\/product\/machine-a-fumee-stratus-2\/\" target=\"_blank\" rel=\"noopener\">Stratus<\/a>. Mais en plus, ce liquide de fum\u00e9e fonctionne \u00e9galement dans toutes les machines modernes \u00e0 eau-glycol. Ce liquide de fum\u00e9e est disponible en f\u00fbts de 5 litres, en f\u00fbts de 200 litres et en conteneurs IBC de 1000 litres. Le liquide de fum\u00e9e exercice d&#8217;incendie est le nouveau nom pour le liquide de fum\u00e9e FireWare Light.<\/p>\r\n<h2>Horizontal\/vertical ou par un tuyau de fum\u00e9e<\/h2>\r\n<p>Ce liquide de fum\u00e9e peut \u00eatre utilis\u00e9 aussi bien horizontalement que verticalement. De plus, le Liquide fumig\u00e8ne exercice d&#8217;incendie peut \u00eatre utilis\u00e9 avec un ensemble \u00a0le <a href=\"https:\/\/fireware.nl\/fr\/product\/smoke-hose-set-perfore-2\/\" target=\"_blank\" rel=\"noopener\">Smoke Hose perfor\u00e9<\/a> ou <a href=\"https:\/\/fireware.nl\/fr\/product\/smoke-hose-set-2\/\" target=\"_blank\" rel=\"noopener\">Smoke Hose Set<\/a> pour simuler une source de fum\u00e9e en ligne. Regardez les vid\u00e9os sur notre site web pour \u00e9valuer les effets !<\/p>\r\n<h2>Besoin de plus de fum\u00e9e ou d&#8217;une fum\u00e9e plus dense ?<\/h2>\r\n<p>En plus du Liquide fumig\u00e8ne exercice d&#8217;incendie, il existe \u00e9galement les liquides de fum\u00e9e <a href=\"https:\/\/fireware.nl\/fr\/product\/fireware-liquide-fumigene-moyen-5l\/\" target=\"_blank\" rel=\"noopener\">Liquide fumig\u00e8ne Pompiers universel<\/a>, <a href=\"https:\/\/fireware.nl\/fr\/product\/fireware-liquide-fumigene-dense-5-l\/\" target=\"_blank\" rel=\"noopener\">Liquide fumig\u00e8ne Pompiers intensif<\/a> et <a href=\"https:\/\/fireware.nl\/fr\/product\/fireware-liquide-fumigene-de-exterieur-5l\/\" target=\"_blank\" rel=\"noopener\">Liquide fumig\u00e8ne Pompiers extr\u00eame<\/a>. Chacun pour une application diff\u00e9rente dans le secteur des services d&#8217;urgence !<\/p>\r\n<p><em>\u00a0<\/em><\/p>\r\n","protected":false},"excerpt":{"rendered":"<ul>\n<li><strong>Le nouveau nom pour le liquide de fum\u00e9e FireWare Light.<\/strong><\/li>\n<\/ul>\n","protected":false},"featured_media":0,"template":"","meta":[],"product_brand":[],"product_cat":[70],"product_tag":[],"class_list":{"0":"post-65822","1":"product","2":"type-product","3":"status-publish","5":"product_cat-simulateurs-dincendie","7":"first","8":"onbackorder","9":"taxable","10":"shipping-taxable","11":"purchasable","12":"product-type-rentable"},"yoast_head":"<!-- This site is optimized with the Yoast SEO plugin v27.5 - https:\/\/yoast.com\/product\/yoast-seo-wordpress\/ -->\n<title>Liquide fumig\u00e8ne exercice d\u2019incendie 5L - FireWare<\/title>\n<meta name=\"robots\" content=\"index, follow, max-snippet:-1, max-image-preview:large, max-video-preview:-1\" \/>\n<link rel=\"canonical\" href=\"https:\/\/fireware.nl\/fr\/product\/liquide-fumigene-exercice-incendie-5l\/\" \/>\n<meta property=\"og:locale\" content=\"fr_FR\" \/>\n<meta property=\"og:type\" content=\"article\" \/>\n<meta property=\"og:title\" content=\"Liquide fumig\u00e8ne exercice d\u2019incendie 5L - FireWare\" \/>\n<meta property=\"og:description\" content=\"Le nouveau nom pour le liquide de fum\u00e9e FireWare Light.\" \/>\n<meta property=\"og:url\" content=\"https:\/\/fireware.nl\/fr\/product\/liquide-fumigene-exercice-incendie-5l\/\" \/>\n<meta property=\"og:site_name\" content=\"FireWare\" \/>\n<meta property=\"article:publisher\" content=\"https:\/\/www.facebook.com\/FireWareBV\/\" \/>\n<meta property=\"article:modified_time\" content=\"2026-05-05T17:19:34+00:00\" \/>\n<meta property=\"og:image\" content=\"https:\/\/fireware.nl\/wp-content\/uploads\/2023\/07\/20230608_Rookvloeistof_BHV_002.jpg\" \/>\n\t<meta property=\"og:image:width\" content=\"600\" \/>\n\t<meta property=\"og:image:height\" content=\"600\" \/>\n\t<meta property=\"og:image:type\" content=\"image\/jpeg\" \/>\n<meta name=\"twitter:card\" content=\"summary_large_image\" \/>\n<meta name=\"twitter:site\" content=\"@FireWarebv\" \/>\n<meta name=\"twitter:label1\" content=\"Dur\u00e9e de lecture estim\u00e9e\" \/>\n\t<meta name=\"twitter:data1\" content=\"3 minutes\" \/>\n<script type=\"application\/ld+json\" class=\"yoast-schema-graph\">{\"@context\":\"https:\\\/\\\/schema.org\",\"@graph\":[{\"@type\":\"WebPage\",\"@id\":\"https:\\\/\\\/fireware.nl\\\/fr\\\/product\\\/liquide-fumigene-exercice-incendie-5l\\\/\",\"url\":\"https:\\\/\\\/fireware.nl\\\/fr\\\/product\\\/liquide-fumigene-exercice-incendie-5l\\\/\",\"name\":\"Liquide fumig\u00e8ne exercice d\u2019incendie 5L - FireWare\",\"isPartOf\":{\"@id\":\"https:\\\/\\\/fireware.nl\\\/fr\\\/#website\"},\"datePublished\":\"2021-09-22T10:08:00+00:00\",\"dateModified\":\"2026-05-05T17:19:34+00:00\",\"breadcrumb\":{\"@id\":\"https:\\\/\\\/fireware.nl\\\/fr\\\/product\\\/liquide-fumigene-exercice-incendie-5l\\\/#breadcrumb\"},\"inLanguage\":\"fr-FR\",\"potentialAction\":[{\"@type\":\"ReadAction\",\"target\":[\"https:\\\/\\\/fireware.nl\\\/fr\\\/product\\\/liquide-fumigene-exercice-incendie-5l\\\/\"]}]},{\"@type\":\"BreadcrumbList\",\"@id\":\"https:\\\/\\\/fireware.nl\\\/fr\\\/product\\\/liquide-fumigene-exercice-incendie-5l\\\/#breadcrumb\",\"itemListElement\":[{\"@type\":\"ListItem\",\"position\":1,\"name\":\"Home\",\"item\":\"https:\\\/\\\/fireware.nl\\\/fr\\\/\"},{\"@type\":\"ListItem\",\"position\":2,\"name\":\"Produits\",\"item\":\"https:\\\/\\\/fireware.nl\\\/fr\\\/produits\\\/\"},{\"@type\":\"ListItem\",\"position\":3,\"name\":\"Liquide fumig\u00e8ne exercice d\u2019incendie 5L\"}]},{\"@type\":\"WebSite\",\"@id\":\"https:\\\/\\\/fireware.nl\\\/fr\\\/#website\",\"url\":\"https:\\\/\\\/fireware.nl\\\/fr\\\/\",\"name\":\"FireWare\",\"description\":\"CREATING REALISTIC  TRAINING ENVIRONMENTS\",\"publisher\":{\"@id\":\"https:\\\/\\\/fireware.nl\\\/fr\\\/#organization\"},\"potentialAction\":[{\"@type\":\"SearchAction\",\"target\":{\"@type\":\"EntryPoint\",\"urlTemplate\":\"https:\\\/\\\/fireware.nl\\\/fr\\\/?s={search_term_string}\"},\"query-input\":{\"@type\":\"PropertyValueSpecification\",\"valueRequired\":true,\"valueName\":\"search_term_string\"}}],\"inLanguage\":\"fr-FR\"},{\"@type\":\"Organization\",\"@id\":\"https:\\\/\\\/fireware.nl\\\/fr\\\/#organization\",\"name\":\"FireWare\",\"url\":\"https:\\\/\\\/fireware.nl\\\/fr\\\/\",\"logo\":{\"@type\":\"ImageObject\",\"inLanguage\":\"fr-FR\",\"@id\":\"https:\\\/\\\/fireware.nl\\\/fr\\\/#\\\/schema\\\/logo\\\/image\\\/\",\"url\":\"https:\\\/\\\/fireware.nl\\\/wp-content\\\/uploads\\\/2018\\\/10\\\/FireWare-logo.jpg\",\"contentUrl\":\"https:\\\/\\\/fireware.nl\\\/wp-content\\\/uploads\\\/2018\\\/10\\\/FireWare-logo.jpg\",\"width\":171,\"height\":70,\"caption\":\"FireWare\"},\"image\":{\"@id\":\"https:\\\/\\\/fireware.nl\\\/fr\\\/#\\\/schema\\\/logo\\\/image\\\/\"},\"sameAs\":[\"https:\\\/\\\/www.facebook.com\\\/FireWareBV\\\/\",\"https:\\\/\\\/x.com\\\/FireWarebv\",\"https:\\\/\\\/www.instagram.com\\\/fireware_nl\\\/\",\"https:\\\/\\\/www.linkedin.com\\\/company\\\/3586017\\\/\",\"https:\\\/\\\/www.youtube.com\\\/user\\\/firesalesrentconsult\"]}]}<\/script>\n<!-- \/ Yoast SEO plugin. -->","yoast_head_json":{"title":"Liquide fumig\u00e8ne exercice d\u2019incendie 5L - FireWare","robots":{"index":"index","follow":"follow","max-snippet":"max-snippet:-1","max-image-preview":"max-image-preview:large","max-video-preview":"max-video-preview:-1"},"canonical":"https:\/\/fireware.nl\/fr\/product\/liquide-fumigene-exercice-incendie-5l\/","og_locale":"fr_FR","og_type":"article","og_title":"Liquide fumig\u00e8ne exercice d\u2019incendie 5L - FireWare","og_description":"Le nouveau nom pour le liquide de fum\u00e9e FireWare Light.","og_url":"https:\/\/fireware.nl\/fr\/product\/liquide-fumigene-exercice-incendie-5l\/","og_site_name":"FireWare","article_publisher":"https:\/\/www.facebook.com\/FireWareBV\/","article_modified_time":"2026-05-05T17:19:34+00:00","og_image":[{"width":600,"height":600,"url":"https:\/\/fireware.nl\/wp-content\/uploads\/2023\/07\/20230608_Rookvloeistof_BHV_002.jpg","type":"image\/jpeg"}],"twitter_card":"summary_large_image","twitter_site":"@FireWarebv","twitter_misc":{"Dur\u00e9e de lecture estim\u00e9e":"3 minutes"},"schema":{"@context":"https:\/\/schema.org","@graph":[{"@type":"WebPage","@id":"https:\/\/fireware.nl\/fr\/product\/liquide-fumigene-exercice-incendie-5l\/","url":"https:\/\/fireware.nl\/fr\/product\/liquide-fumigene-exercice-incendie-5l\/","name":"Liquide fumig\u00e8ne exercice d\u2019incendie 5L - FireWare","isPartOf":{"@id":"https:\/\/fireware.nl\/fr\/#website"},"datePublished":"2021-09-22T10:08:00+00:00","dateModified":"2026-05-05T17:19:34+00:00","breadcrumb":{"@id":"https:\/\/fireware.nl\/fr\/product\/liquide-fumigene-exercice-incendie-5l\/#breadcrumb"},"inLanguage":"fr-FR","potentialAction":[{"@type":"ReadAction","target":["https:\/\/fireware.nl\/fr\/product\/liquide-fumigene-exercice-incendie-5l\/"]}]},{"@type":"BreadcrumbList","@id":"https:\/\/fireware.nl\/fr\/product\/liquide-fumigene-exercice-incendie-5l\/#breadcrumb","itemListElement":[{"@type":"ListItem","position":1,"name":"Home","item":"https:\/\/fireware.nl\/fr\/"},{"@type":"ListItem","position":2,"name":"Produits","item":"https:\/\/fireware.nl\/fr\/produits\/"},{"@type":"ListItem","position":3,"name":"Liquide fumig\u00e8ne exercice d\u2019incendie 5L"}]},{"@type":"WebSite","@id":"https:\/\/fireware.nl\/fr\/#website","url":"https:\/\/fireware.nl\/fr\/","name":"FireWare","description":"CREATING REALISTIC  TRAINING ENVIRONMENTS","publisher":{"@id":"https:\/\/fireware.nl\/fr\/#organization"},"potentialAction":[{"@type":"SearchAction","target":{"@type":"EntryPoint","urlTemplate":"https:\/\/fireware.nl\/fr\/?s={search_term_string}"},"query-input":{"@type":"PropertyValueSpecification","valueRequired":true,"valueName":"search_term_string"}}],"inLanguage":"fr-FR"},{"@type":"Organization","@id":"https:\/\/fireware.nl\/fr\/#organization","name":"FireWare","url":"https:\/\/fireware.nl\/fr\/","logo":{"@type":"ImageObject","inLanguage":"fr-FR","@id":"https:\/\/fireware.nl\/fr\/#\/schema\/logo\/image\/","url":"https:\/\/fireware.nl\/wp-content\/uploads\/2018\/10\/FireWare-logo.jpg","contentUrl":"https:\/\/fireware.nl\/wp-content\/uploads\/2018\/10\/FireWare-logo.jpg","width":171,"height":70,"caption":"FireWare"},"image":{"@id":"https:\/\/fireware.nl\/fr\/#\/schema\/logo\/image\/"},"sameAs":["https:\/\/www.facebook.com\/FireWareBV\/","https:\/\/x.com\/FireWarebv","https:\/\/www.instagram.com\/fireware_nl\/","https:\/\/www.linkedin.com\/company\/3586017\/","https:\/\/www.youtube.com\/user\/firesalesrentconsult"]}]}},"publishpress_future_workflow_manual_trigger":{"enabledWorkflows":[]},"_links":{"self":[{"href":"https:\/\/fireware.nl\/fr\/wp-json\/wp\/v2\/product\/65822","targetHints":{"allow":["GET"]}}],"collection":[{"href":"https:\/\/fireware.nl\/fr\/wp-json\/wp\/v2\/product"}],"about":[{"href":"https:\/\/fireware.nl\/fr\/wp-json\/wp\/v2\/types\/product"}],"wp:attachment":[{"href":"https:\/\/fireware.nl\/fr\/wp-json\/wp\/v2\/media?parent=65822"}],"wp:term":[{"taxonomy":"product_brand","embeddable":true,"href":"https:\/\/fireware.nl\/fr\/wp-json\/wp\/v2\/product_brand?post=65822"},{"taxonomy":"product_cat","embeddable":true,"href":"https:\/\/fireware.nl\/fr\/wp-json\/wp\/v2\/product_cat?post=65822"},{"taxonomy":"product_tag","embeddable":true,"href":"https:\/\/fireware.nl\/fr\/wp-json\/wp\/v2\/product_tag?post=65822"}],"curies":[{"name":"wp","href":"https:\/\/api.w.org\/{rel}","templated":true}]}}