
{"id":67180,"date":"2021-11-02T09:45:25","date_gmt":"2021-11-02T09:45:25","guid":{"rendered":"https:\/\/fireware.nl\/product\/black-smoke-binding-mask\/"},"modified":"2022-09-16T14:48:52","modified_gmt":"2022-09-16T14:48:52","slug":"black-smoke-binding-mask","status":"publish","type":"product","link":"https:\/\/fireware.nl\/fr\/product\/black-smoke-binding-mask\/","title":{"rendered":"Black Smoke Binding Mask"},"content":{"rendered":"\n\n\t<h2>Le masque aveuglant r\u00e9aliste pour les pompiers et le secourisme d&#8217;entreprise<\/h2>\n<p>Le Black Smoke Binding Mask de FireWare limite la perception visuelle du participant. Le masque peut \u00eatre port\u00e9 directement sur la t\u00eate comme sur un appareil respiratoire. Les masques aveuglants existent depuis un certain temps, mais ce qui est unique chez celui-ci, c&#8217;est qu&#8217;il simule une couche de fum\u00e9e profonde et sombre \u00e0 travers laquelle on peut encore voir la lueur de la flamme. Id\u00e9al pour les exercices avec des appareils respiratoires\u00a0!<\/p>\n<p>Ce masque aveuglant est un outil pratique pour les pompiers. Surtout dans les situations o\u00f9 l&#8217;utilisation d&#8217;une fum\u00e9e d&#8217;exercice n&#8217;est pas souhaitable. Vous pouvez penser aux endroits o\u00f9 l&#8217;on transforme de la nourriture. Mais aussi les environnements industriels ATEX. Dans ce cas, aucune fum\u00e9e d&#8217;exercice n&#8217;est utilis\u00e9e, mais la visibilit\u00e9 du participant est consid\u00e9rablement r\u00e9duite.<\/p>\n<p>Un masque aveuglant pour simuler la fum\u00e9e noire<\/p>\n<p>Lors d&#8217;un exercice avec un appareil respiratoire, un espace est souvent compl\u00e8tement inond\u00e9 de fum\u00e9e. Pour un instructeur, ce n&#8217;est pas pratique pour observer les participants et leur fournir un feedback. Avec ce masque aveuglant, il n&#8217;est pas n\u00e9cessaire d&#8217;utiliser de la fum\u00e9e d&#8217;exercice. Le participant vit une exp\u00e9rience r\u00e9aliste, fum\u00e9e noire incluse. Et le foyer d&#8217;incendie peut toujours \u00eatre localis\u00e9. C&#8217;est le contraire d&#8217;un masque aveuglant \u00e0 vision nulle.<\/p>\n<h2>Peut \u00eatre utilis\u00e9 avec tous les appareils respiratoires<\/h2>\n<p>Ce masque aveuglant est id\u00e9al pour les entra\u00eenements des pompiers. Ceci est principalement d\u00fb au fait que le participant porte simplement le masque par-dessus un appareil respiratoire. Ce masque convient \u00e0 toutes les marques courantes d&#8217;appareils respiratoires, notamment\u00a0: MSA, DR\u00c4GER et INTERSPIRO.<\/p>\n<p>Vous pouvez \u00e9galement porter le masque directement autour de la t\u00eate. Ensuite, vous pouvez laisser les membres de l&#8217;\u00e9quipe exp\u00e9rimenter, par exemple, la rapidit\u00e9 avec laquelle ils d\u00e9vient, sans visibilit\u00e9, d&#8217;une ligne droite. Ou ce que c&#8217;est que de trouver une sortie sans visibilit\u00e9. Le masque aveuglant se ferme avec du velcro. La r\u00e8gle suivante s&#8217;applique\u00a0: une seule taille pour tout le monde\u00a0!<\/p>\n<p>Le masque aveuglant est \u00e9galement tr\u00e8s pratique pour l&#8217;instructeur. Une longue pr\u00e9paration n&#8217;est pas n\u00e9cessaire, car il suffit d&#8217;emporter le masque et le tour est jou\u00e9\u00a0! En outre, il n&#8217;est pas n\u00e9cessaire d&#8217;\u00e9teindre le syst\u00e8me d&#8217;alarme incendie ni de se pr\u00e9senter \u00e0 la salle de contr\u00f4le.<\/p>\n<h2>Facile \u00e0 nettoyer<\/h2>\n<p>Lors du d\u00e9veloppement de ce masque aveuglant totalement nouveau, une attention particuli\u00e8re a \u00e9t\u00e9 accord\u00e9e au nettoyage au quotidien. En laissant les c\u00f4t\u00e9s plats, il est beaucoup plus facile de nettoyer le masque avec une lingette d\u00e9sinfectante. C&#8217;est une bonne chose \u00e0 notre \u00e9poque\u00a0! Le choix du mat\u00e9riau sp\u00e9cifique signifie \u00e9galement que le masque ne s&#8217;effiloche pas. Le meilleur de deux mondes.<\/p>\n<h2>Mettre en sc\u00e8ne une exp\u00e9rience surprenante ou diff\u00e9rente avec de la fum\u00e9e\u00a0?<\/h2>\n<p>Vous souhaitez offrir \u00e0 vos participants une exp\u00e9rience de la fum\u00e9e totalement diff\u00e9rente ? Si tel est le cas, essayez le <a href=\"https:\/\/fireware.nl\/fr\/product\/nebula-ra-masque-aveuglant\/\" target=\"_blank\" rel=\"noopener\">FireWare Nebula RA<\/a>. Ce masque de haute technologie est \u00e9quip\u00e9 d&#8217;un \u00e9cran LCD. Sur l&#8217;\u00e9cran, vous pouvez projeter 6 \u00e9paisseurs de fum\u00e9e diff\u00e9rentes. L&#8217;instructeur contr\u00f4le les masques avec une t\u00e9l\u00e9commande. Id\u00e9al pour une exp\u00e9rience encore plus r\u00e9aliste et dynamique, sans fum\u00e9e v\u00e9ritable.<\/p>\n<p>Vous avez besoin d&#8217;une simulation d&#8217;une fum\u00e9e blanche plus l\u00e9g\u00e8re\u00a0? Ou un masque aveuglant plus traditionnel\u00a0? Alors v\u00e9rifiez le <a href=\"https:\/\/fireware.nl\/fr\/produit\/masque-aveuglant-secouristes\/\" target=\"_blank\" rel=\"noopener\">Masque Aveuglant Secouristes<\/a>. Ce masque peut \u00eatre port\u00e9 directement sur la t\u00eate, mais s&#8217;adapte \u00e9galement sur un appareil respiratoire.<\/p>\n\t<iframe loading=\"lazy\" width=\"560\" height=\"315\" src=\"https:\/\/www.youtube.com\/embed\/LtKtbW-Ebw8?rel=0\" title=\"YouTube video player\" frameborder=\"0\" allow=\"accelerometer; autoplay; clipboard-write; encrypted-media; gyroscope; picture-in-picture\" allowfullscreen><\/iframe>\n\n","protected":false},"excerpt":{"rendered":"<ul>\n<li>Masque pour la r\u00e9duction de la visibilit\u00e9<\/li>\n<li>Simule une couche de fum\u00e9e profonde et sombre, de sorte que la lueur des flammes est toujours visible.<\/li>\n<li>Pour les situations d&#8217;entra\u00eenement o\u00f9 la fum\u00e9e ne peut pas \u00eatre utilis\u00e9e.<\/li>\n<li>Convient \u00e0 toutes les marques courantes d&#8217;appareils respiratoires, peut \u00e9galement \u00eatre attach\u00e9 directement autour de la t\u00eate.<\/li>\n<li>Facile \u00e0 nettoyer, r\u00e9sistant aux produits de d\u00e9sinfection et de nettoyage.<\/li>\n<\/ul>\n","protected":false},"featured_media":66906,"template":"","meta":[],"product_brand":[],"product_cat":[88],"product_tag":[],"class_list":{"0":"post-67180","1":"product","2":"type-product","3":"status-publish","4":"has-post-thumbnail","6":"product_cat-alternative-a-la-fumee","8":"first","9":"instock","10":"taxable","11":"shipping-taxable","12":"purchasable","13":"product-type-simple"},"yoast_head":"<!-- This site is optimized with the Yoast SEO plugin v27.5 - https:\/\/yoast.com\/product\/yoast-seo-wordpress\/ -->\n<title>Black Smoke Binding Mask - FireWare<\/title>\n<meta name=\"robots\" content=\"index, follow, max-snippet:-1, max-image-preview:large, max-video-preview:-1\" \/>\n<link rel=\"canonical\" href=\"https:\/\/fireware.nl\/fr\/product\/black-smoke-binding-mask\/\" \/>\n<meta property=\"og:locale\" content=\"fr_FR\" \/>\n<meta property=\"og:type\" content=\"article\" \/>\n<meta property=\"og:title\" content=\"Black Smoke Binding Mask - FireWare\" \/>\n<meta property=\"og:description\" content=\"Masque pour la r\u00e9duction de la visibilit\u00e9 Simule une couche de fum\u00e9e profonde et sombre, de sorte que la lueur des flammes est toujours visible. Pour les situations d&#039;entra\u00eenement o\u00f9 la fum\u00e9e ne peut pas \u00eatre utilis\u00e9e. Convient \u00e0 toutes les marques courantes d&#039;appareils respiratoires, peut \u00e9galement \u00eatre attach\u00e9 directement autour de la t\u00eate. Facile \u00e0 nettoyer, r\u00e9sistant aux produits de d\u00e9sinfection et de nettoyage.\" \/>\n<meta property=\"og:url\" content=\"https:\/\/fireware.nl\/fr\/product\/black-smoke-binding-mask\/\" \/>\n<meta property=\"og:site_name\" content=\"FireWare\" \/>\n<meta property=\"article:publisher\" content=\"https:\/\/www.facebook.com\/FireWareBV\/\" \/>\n<meta property=\"article:modified_time\" content=\"2022-09-16T14:48:52+00:00\" \/>\n<meta property=\"og:image\" content=\"https:\/\/fireware.nl\/wp-content\/uploads\/2021\/11\/025-021-011-Blindmasker-close-up-1.jpg\" \/>\n\t<meta property=\"og:image:width\" content=\"600\" \/>\n\t<meta property=\"og:image:height\" content=\"600\" \/>\n\t<meta property=\"og:image:type\" content=\"image\/jpeg\" \/>\n<meta name=\"twitter:card\" content=\"summary_large_image\" \/>\n<meta name=\"twitter:site\" content=\"@FireWarebv\" \/>\n<meta name=\"twitter:label1\" content=\"Dur\u00e9e de lecture estim\u00e9e\" \/>\n\t<meta name=\"twitter:data1\" content=\"3 minutes\" \/>\n<script type=\"application\/ld+json\" class=\"yoast-schema-graph\">{\"@context\":\"https:\\\/\\\/schema.org\",\"@graph\":[{\"@type\":\"WebPage\",\"@id\":\"https:\\\/\\\/fireware.nl\\\/fr\\\/product\\\/black-smoke-binding-mask\\\/\",\"url\":\"https:\\\/\\\/fireware.nl\\\/fr\\\/product\\\/black-smoke-binding-mask\\\/\",\"name\":\"Black Smoke Binding Mask - FireWare\",\"isPartOf\":{\"@id\":\"https:\\\/\\\/fireware.nl\\\/fr\\\/#website\"},\"primaryImageOfPage\":{\"@id\":\"https:\\\/\\\/fireware.nl\\\/fr\\\/product\\\/black-smoke-binding-mask\\\/#primaryimage\"},\"image\":{\"@id\":\"https:\\\/\\\/fireware.nl\\\/fr\\\/product\\\/black-smoke-binding-mask\\\/#primaryimage\"},\"thumbnailUrl\":\"https:\\\/\\\/fireware.nl\\\/wp-content\\\/uploads\\\/2021\\\/11\\\/025-021-011-Blindmasker-close-up-1.jpg\",\"datePublished\":\"2021-11-02T09:45:25+00:00\",\"dateModified\":\"2022-09-16T14:48:52+00:00\",\"breadcrumb\":{\"@id\":\"https:\\\/\\\/fireware.nl\\\/fr\\\/product\\\/black-smoke-binding-mask\\\/#breadcrumb\"},\"inLanguage\":\"fr-FR\",\"potentialAction\":[{\"@type\":\"ReadAction\",\"target\":[\"https:\\\/\\\/fireware.nl\\\/fr\\\/product\\\/black-smoke-binding-mask\\\/\"]}]},{\"@type\":\"ImageObject\",\"inLanguage\":\"fr-FR\",\"@id\":\"https:\\\/\\\/fireware.nl\\\/fr\\\/product\\\/black-smoke-binding-mask\\\/#primaryimage\",\"url\":\"https:\\\/\\\/fireware.nl\\\/wp-content\\\/uploads\\\/2021\\\/11\\\/025-021-011-Blindmasker-close-up-1.jpg\",\"contentUrl\":\"https:\\\/\\\/fireware.nl\\\/wp-content\\\/uploads\\\/2021\\\/11\\\/025-021-011-Blindmasker-close-up-1.jpg\",\"width\":600,\"height\":600},{\"@type\":\"BreadcrumbList\",\"@id\":\"https:\\\/\\\/fireware.nl\\\/fr\\\/product\\\/black-smoke-binding-mask\\\/#breadcrumb\",\"itemListElement\":[{\"@type\":\"ListItem\",\"position\":1,\"name\":\"Home\",\"item\":\"https:\\\/\\\/fireware.nl\\\/fr\\\/\"},{\"@type\":\"ListItem\",\"position\":2,\"name\":\"Produits\",\"item\":\"https:\\\/\\\/fireware.nl\\\/fr\\\/produits\\\/\"},{\"@type\":\"ListItem\",\"position\":3,\"name\":\"Black Smoke Binding Mask\"}]},{\"@type\":\"WebSite\",\"@id\":\"https:\\\/\\\/fireware.nl\\\/fr\\\/#website\",\"url\":\"https:\\\/\\\/fireware.nl\\\/fr\\\/\",\"name\":\"FireWare\",\"description\":\"CREATING REALISTIC  TRAINING ENVIRONMENTS\",\"publisher\":{\"@id\":\"https:\\\/\\\/fireware.nl\\\/fr\\\/#organization\"},\"potentialAction\":[{\"@type\":\"SearchAction\",\"target\":{\"@type\":\"EntryPoint\",\"urlTemplate\":\"https:\\\/\\\/fireware.nl\\\/fr\\\/?s={search_term_string}\"},\"query-input\":{\"@type\":\"PropertyValueSpecification\",\"valueRequired\":true,\"valueName\":\"search_term_string\"}}],\"inLanguage\":\"fr-FR\"},{\"@type\":\"Organization\",\"@id\":\"https:\\\/\\\/fireware.nl\\\/fr\\\/#organization\",\"name\":\"FireWare\",\"url\":\"https:\\\/\\\/fireware.nl\\\/fr\\\/\",\"logo\":{\"@type\":\"ImageObject\",\"inLanguage\":\"fr-FR\",\"@id\":\"https:\\\/\\\/fireware.nl\\\/fr\\\/#\\\/schema\\\/logo\\\/image\\\/\",\"url\":\"https:\\\/\\\/fireware.nl\\\/wp-content\\\/uploads\\\/2018\\\/10\\\/FireWare-logo.jpg\",\"contentUrl\":\"https:\\\/\\\/fireware.nl\\\/wp-content\\\/uploads\\\/2018\\\/10\\\/FireWare-logo.jpg\",\"width\":171,\"height\":70,\"caption\":\"FireWare\"},\"image\":{\"@id\":\"https:\\\/\\\/fireware.nl\\\/fr\\\/#\\\/schema\\\/logo\\\/image\\\/\"},\"sameAs\":[\"https:\\\/\\\/www.facebook.com\\\/FireWareBV\\\/\",\"https:\\\/\\\/x.com\\\/FireWarebv\",\"https:\\\/\\\/www.instagram.com\\\/fireware_nl\\\/\",\"https:\\\/\\\/www.linkedin.com\\\/company\\\/3586017\\\/\",\"https:\\\/\\\/www.youtube.com\\\/user\\\/firesalesrentconsult\"]}]}<\/script>\n<!-- \/ Yoast SEO plugin. -->","yoast_head_json":{"title":"Black Smoke Binding Mask - FireWare","robots":{"index":"index","follow":"follow","max-snippet":"max-snippet:-1","max-image-preview":"max-image-preview:large","max-video-preview":"max-video-preview:-1"},"canonical":"https:\/\/fireware.nl\/fr\/product\/black-smoke-binding-mask\/","og_locale":"fr_FR","og_type":"article","og_title":"Black Smoke Binding Mask - FireWare","og_description":"Masque pour la r\u00e9duction de la visibilit\u00e9 Simule une couche de fum\u00e9e profonde et sombre, de sorte que la lueur des flammes est toujours visible. Pour les situations d'entra\u00eenement o\u00f9 la fum\u00e9e ne peut pas \u00eatre utilis\u00e9e. Convient \u00e0 toutes les marques courantes d'appareils respiratoires, peut \u00e9galement \u00eatre attach\u00e9 directement autour de la t\u00eate. Facile \u00e0 nettoyer, r\u00e9sistant aux produits de d\u00e9sinfection et de nettoyage.","og_url":"https:\/\/fireware.nl\/fr\/product\/black-smoke-binding-mask\/","og_site_name":"FireWare","article_publisher":"https:\/\/www.facebook.com\/FireWareBV\/","article_modified_time":"2022-09-16T14:48:52+00:00","og_image":[{"width":600,"height":600,"url":"https:\/\/fireware.nl\/wp-content\/uploads\/2021\/11\/025-021-011-Blindmasker-close-up-1.jpg","type":"image\/jpeg"}],"twitter_card":"summary_large_image","twitter_site":"@FireWarebv","twitter_misc":{"Dur\u00e9e de lecture estim\u00e9e":"3 minutes"},"schema":{"@context":"https:\/\/schema.org","@graph":[{"@type":"WebPage","@id":"https:\/\/fireware.nl\/fr\/product\/black-smoke-binding-mask\/","url":"https:\/\/fireware.nl\/fr\/product\/black-smoke-binding-mask\/","name":"Black Smoke Binding Mask - FireWare","isPartOf":{"@id":"https:\/\/fireware.nl\/fr\/#website"},"primaryImageOfPage":{"@id":"https:\/\/fireware.nl\/fr\/product\/black-smoke-binding-mask\/#primaryimage"},"image":{"@id":"https:\/\/fireware.nl\/fr\/product\/black-smoke-binding-mask\/#primaryimage"},"thumbnailUrl":"https:\/\/fireware.nl\/wp-content\/uploads\/2021\/11\/025-021-011-Blindmasker-close-up-1.jpg","datePublished":"2021-11-02T09:45:25+00:00","dateModified":"2022-09-16T14:48:52+00:00","breadcrumb":{"@id":"https:\/\/fireware.nl\/fr\/product\/black-smoke-binding-mask\/#breadcrumb"},"inLanguage":"fr-FR","potentialAction":[{"@type":"ReadAction","target":["https:\/\/fireware.nl\/fr\/product\/black-smoke-binding-mask\/"]}]},{"@type":"ImageObject","inLanguage":"fr-FR","@id":"https:\/\/fireware.nl\/fr\/product\/black-smoke-binding-mask\/#primaryimage","url":"https:\/\/fireware.nl\/wp-content\/uploads\/2021\/11\/025-021-011-Blindmasker-close-up-1.jpg","contentUrl":"https:\/\/fireware.nl\/wp-content\/uploads\/2021\/11\/025-021-011-Blindmasker-close-up-1.jpg","width":600,"height":600},{"@type":"BreadcrumbList","@id":"https:\/\/fireware.nl\/fr\/product\/black-smoke-binding-mask\/#breadcrumb","itemListElement":[{"@type":"ListItem","position":1,"name":"Home","item":"https:\/\/fireware.nl\/fr\/"},{"@type":"ListItem","position":2,"name":"Produits","item":"https:\/\/fireware.nl\/fr\/produits\/"},{"@type":"ListItem","position":3,"name":"Black Smoke Binding Mask"}]},{"@type":"WebSite","@id":"https:\/\/fireware.nl\/fr\/#website","url":"https:\/\/fireware.nl\/fr\/","name":"FireWare","description":"CREATING REALISTIC  TRAINING ENVIRONMENTS","publisher":{"@id":"https:\/\/fireware.nl\/fr\/#organization"},"potentialAction":[{"@type":"SearchAction","target":{"@type":"EntryPoint","urlTemplate":"https:\/\/fireware.nl\/fr\/?s={search_term_string}"},"query-input":{"@type":"PropertyValueSpecification","valueRequired":true,"valueName":"search_term_string"}}],"inLanguage":"fr-FR"},{"@type":"Organization","@id":"https:\/\/fireware.nl\/fr\/#organization","name":"FireWare","url":"https:\/\/fireware.nl\/fr\/","logo":{"@type":"ImageObject","inLanguage":"fr-FR","@id":"https:\/\/fireware.nl\/fr\/#\/schema\/logo\/image\/","url":"https:\/\/fireware.nl\/wp-content\/uploads\/2018\/10\/FireWare-logo.jpg","contentUrl":"https:\/\/fireware.nl\/wp-content\/uploads\/2018\/10\/FireWare-logo.jpg","width":171,"height":70,"caption":"FireWare"},"image":{"@id":"https:\/\/fireware.nl\/fr\/#\/schema\/logo\/image\/"},"sameAs":["https:\/\/www.facebook.com\/FireWareBV\/","https:\/\/x.com\/FireWarebv","https:\/\/www.instagram.com\/fireware_nl\/","https:\/\/www.linkedin.com\/company\/3586017\/","https:\/\/www.youtube.com\/user\/firesalesrentconsult"]}]}},"publishpress_future_workflow_manual_trigger":{"enabledWorkflows":[]},"_links":{"self":[{"href":"https:\/\/fireware.nl\/fr\/wp-json\/wp\/v2\/product\/67180","targetHints":{"allow":["GET"]}}],"collection":[{"href":"https:\/\/fireware.nl\/fr\/wp-json\/wp\/v2\/product"}],"about":[{"href":"https:\/\/fireware.nl\/fr\/wp-json\/wp\/v2\/types\/product"}],"wp:featuredmedia":[{"embeddable":true,"href":"https:\/\/fireware.nl\/fr\/wp-json\/wp\/v2\/media\/66906"}],"wp:attachment":[{"href":"https:\/\/fireware.nl\/fr\/wp-json\/wp\/v2\/media?parent=67180"}],"wp:term":[{"taxonomy":"product_brand","embeddable":true,"href":"https:\/\/fireware.nl\/fr\/wp-json\/wp\/v2\/product_brand?post=67180"},{"taxonomy":"product_cat","embeddable":true,"href":"https:\/\/fireware.nl\/fr\/wp-json\/wp\/v2\/product_cat?post=67180"},{"taxonomy":"product_tag","embeddable":true,"href":"https:\/\/fireware.nl\/fr\/wp-json\/wp\/v2\/product_tag?post=67180"}],"curies":[{"name":"wp","href":"https:\/\/api.w.org\/{rel}","templated":true}]}}