
{"id":73190,"date":"2022-03-30T14:59:41","date_gmt":"2022-03-30T14:59:41","guid":{"rendered":"https:\/\/fireware.nl\/product\/formation-de-base-mise-en-scene-i-sur-place-8-personnes\/"},"modified":"2025-05-19T11:30:32","modified_gmt":"2025-05-19T11:30:32","slug":"formation-de-base-mise-en-scene-i-sur-place-8-personnes","status":"publish","type":"product","link":"https:\/\/fireware.nl\/fr\/product\/formation-de-base-mise-en-scene-i-sur-place-8-personnes\/","title":{"rendered":"Formation de base mise en sc\u00e8ne I sur place &#8211; 8 personnes"},"content":{"rendered":"\n\n\t<h2>Apprenez la mise en sc\u00e8ne r\u00e9aliste extr\u00eame en une journ\u00e9e<\/h2>\n<p>Nous l&#8217;entendons souvent : \u00ab Je rentre du travail, je dois encore manger, mettre les enfants au lit et puis aussi programmer un exercice pour 19 h 30. Comment vais-je faire tout cela ? \u00bb Apr\u00e8s avoir suivi une formation sur la mise en sc\u00e8ne, une personne sera en mesure d&#8217;organiser en 5 minutes une mise en sc\u00e8ne r\u00e9aliste qui occupera une \u00e9quipe de pompiers. Vous avez ma parole !<\/p>\n<h2>Formation de base mise en sc\u00e8ne I<\/h2>\nLa formation de base en mise en sc\u00e8ne I est notre formation la plus demand\u00e9e. Apprenez les techniques de base de la mise<br \/>\nen sc\u00e8ne et, \u00e0 la fin de la journ\u00e9e, mettez vous-m\u00eame en place un exercice. Cette formation est accessible et sp\u00e9cialement<br \/>\ncon\u00e7ue pour les personnes qui participent \u00e0 la mise en sc\u00e8ne d&#8217;un entra\u00eenement. Apr\u00e8s une partie th\u00e9orique, vous allez tout mettre en pratique ! \u00c0 l&#8217;issue de notre formation de base, vous serez en mesure d&#8217;organiser un exercice r\u00e9aliste et de mettre en sc\u00e8ne un incendie ou un accident.\n<p><strong>Entre autres choses, nous travaillons avec :<\/strong><\/p>\n<ul>\n<li>les concepts de base de la mise en sc\u00e8ne ;<\/li>\n<li>le choix du bon \u00e9quipement de mise en sc\u00e8ne ;<\/li>\n<li>les machines \u00e0 fum\u00e9e, de sources sonores et de simulation de flammes ;<\/li>\n<li>un travail ax\u00e9 sur les dilemmes;<\/li>\n<li>la simulation des diff\u00e9rents signaux d&#8217;un incendie \u00e0 l&#8217;aide d&#8217;une machine \u00e0 fum\u00e9e ;<\/li>\n<li>la simulation de petits incidents ;<\/li>\n<li>les incendies, les diff\u00e9rentes formes de leur propagation ;<\/li>\n<li>la simulation d&#8217;incidents impliquant des substances dangereuses et l&#8217;utilisation de moyens simples ;<\/li>\n<li>les mat\u00e9riels de mise en sc\u00e8ne de mani\u00e8re active et interactive.<\/li>\n<\/ul>\n<h2>Impression<\/h2>\n\t<iframe width=\"560\" height=\"315\" src=https:\/\/www.youtube.com\/embed\/XEZ7uixuTbg?hl=en&#038;cc_lang_pref=en&#038;rel=0&#038;cc_load_policy=1 frameborder=\"0\" allow=\"accelerometer; autoplay; clipboard-write; encrypted-media; gyroscope; picture-in-picture\" allowfullscreen><\/iframe>\n\t<h2>Sur place<\/h2>\n<p>Bien entendu, votre groupe est le bienvenu dans notre centre de formation \u00e0 Wieringerwerf. Mais nous comprenons qu&#8217;une formation sur votre propre site est plus pratique. Il peut s&#8217;agir d&#8217;un \u00e9tablissement de soins ou d&#8217;une caserne de pompiers, par exemple. Nous travaillons autant que possible avec votre propre mat\u00e9riel d&#8217;entra\u00eenement. De plus, nous apportons gratuitement du mat\u00e9riel de mise en sc\u00e8ne suppl\u00e9mentaire, afin que plusieurs personnes puissent travailler sur les missions en m\u00eame temps. Tr\u00e8s instructif !<\/p>\n<p>La formation est dispens\u00e9e sur une journ\u00e9e. Celle-ci peut \u00e9galement avoir lieu le week-end. Gr\u00e2ce \u00e0 cette flexibilit\u00e9, il y a toujours un moment appropri\u00e9 pour former vos st\u00e9nographes ! En consultation, il est \u00e9galement possible de r\u00e9partir la formation sur 2 soir\u00e9es. Actuellement, nous ne proposons cette option qu&#8217;aux Pays-Bas. Le prix de base d&#8217;une formation de st\u00e9nographe aux Pays-Bas comprend les frais de d\u00e9placement et d&#8217;h\u00e9bergement de l&#8217;instructeur. Pour les formations \u00e0 l&#8217;\u00e9tranger, nous travaillons sur la base d&#8217;un suppl\u00e9ment.<\/p>\n<h2>Pour huit personnes<\/h2>\n<p>La formation de base en mise en sc\u00e8ne I est dispens\u00e9e de mani\u00e8re standard pour des groupes de huit personnes maximum. Les dates de formation sont d\u00e9termin\u00e9es en concertation. Si vous organisez plusieurs formations de mise en sc\u00e8ne en l&#8217;espace d&#8217;un an, nous vous offrons une r\u00e9duction. Si vous souhaitez participer avec un groupe de <a href=\"https:\/\/fireware.nl\/fr\/product\/formation-de-base-mise-en-scene-i-sur-place-16-personnes\/\" target=\"_blank\" rel=\"noopener\">16 personnes<\/a> au maximum, deux instructeurs seront utilis\u00e9s. Vous pouvez \u00e9galement participer en tant <a href=\"https:\/\/fireware.nl\/fr\/product\/formation-mise-en-scene-chez-fireware-inscription-individuelle\/\" target=\"_blank\" rel=\"noopener\">qu&#8217;individu<\/a>. Consultez l&#8217;agenda des formations sur notre site web pour conna\u00eetre les dates d&#8217;inscription (ouvertes).<\/p>\n\n","protected":false},"excerpt":{"rendered":"<ul>\n<li>La formation de mise en sc\u00e8ne la plus populaire de FireWare ;<\/li>\n<li>Apprenez \u00e0 mettre en sc\u00e8ne avec un r\u00e9alisme extr\u00eame en une journ\u00e9e ;<\/li>\n<li>Mettre en place une grande mise en sc\u00e8ne r\u00e9aliste en 5 minutes ;<\/li>\n<li>Plus de discussion sur la mise en sc\u00e8ne ;<\/li>\n<li>Pratiquez sur place avec votre propre mat\u00e9riel ;<\/li>\n<li>Pour les groupes de 8 personnes maximum ;<\/li>\n<li><a href=\"https:\/\/fireware.nl\/fr\/product\/formation-de-base-mise-en-scene-i-sur-place-16-personnes\/\" target=\"_blank\" rel=\"noopener\">Des groupes jusqu&#8217;\u00e0 16 personnes<\/a> et des <a href=\"https:\/\/fireware.nl\/fr\/product\/formation-mise-en-scene-chez-fireware-inscription-individuelle\/\" target=\"_blank\" rel=\"noopener\">inscriptions individuelles<\/a> sont \u00e9galement possibles ;<\/li>\n<\/ul>\n","protected":false},"featured_media":73165,"template":"","meta":[],"product_brand":[],"product_cat":[3064],"product_tag":[],"class_list":{"0":"post-73190","1":"product","2":"type-product","3":"status-publish","4":"has-post-thumbnail","6":"product_cat-cours-et-formation","7":"pa_optie-deux-soirs-de-semaine-aux-pays-bas","8":"pa_optie-un-jour-de-semaine","9":"pa_optie-un-samedi","11":"first","12":"instock","13":"taxable","14":"shipping-taxable","15":"purchasable","16":"product-type-variable"},"yoast_head":"<!-- This site is optimized with the Yoast SEO plugin v27.5 - https:\/\/yoast.com\/product\/yoast-seo-wordpress\/ -->\n<title>Formation de base mise en sc\u00e8ne I sur place - 8 personnes - FireWare<\/title>\n<meta name=\"robots\" content=\"index, follow, max-snippet:-1, max-image-preview:large, max-video-preview:-1\" \/>\n<link rel=\"canonical\" href=\"https:\/\/fireware.nl\/fr\/product\/formation-de-base-mise-en-scene-i-sur-place-8-personnes\/\" \/>\n<meta property=\"og:locale\" content=\"fr_FR\" \/>\n<meta property=\"og:type\" content=\"article\" \/>\n<meta property=\"og:title\" content=\"Formation de base mise en sc\u00e8ne I sur place - 8 personnes - FireWare\" \/>\n<meta property=\"og:description\" content=\"La formation de mise en sc\u00e8ne la plus populaire de FireWare ; Apprenez \u00e0 mettre en sc\u00e8ne avec un r\u00e9alisme extr\u00eame en une journ\u00e9e ; Mettre en place une grande mise en sc\u00e8ne r\u00e9aliste en 5 minutes ; Plus de discussion sur la mise en sc\u00e8ne ; Pratiquez sur place avec votre propre mat\u00e9riel ; Pour les groupes de 8 personnes maximum ; Des groupes jusqu&#039;\u00e0 16 personnes et des inscriptions individuelles sont \u00e9galement possibles ;\" \/>\n<meta property=\"og:url\" content=\"https:\/\/fireware.nl\/fr\/product\/formation-de-base-mise-en-scene-i-sur-place-8-personnes\/\" \/>\n<meta property=\"og:site_name\" content=\"FireWare\" \/>\n<meta property=\"article:publisher\" content=\"https:\/\/www.facebook.com\/FireWareBV\/\" \/>\n<meta property=\"article:modified_time\" content=\"2025-05-19T11:30:32+00:00\" \/>\n<meta property=\"og:image\" content=\"https:\/\/fireware.nl\/wp-content\/uploads\/2022\/06\/Basistraining-Ensceneren-I-op-locatie-8-personen.jpg\" \/>\n\t<meta property=\"og:image:width\" content=\"800\" \/>\n\t<meta property=\"og:image:height\" content=\"800\" \/>\n\t<meta property=\"og:image:type\" content=\"image\/jpeg\" \/>\n<meta name=\"twitter:card\" content=\"summary_large_image\" \/>\n<meta name=\"twitter:site\" content=\"@FireWarebv\" \/>\n<meta name=\"twitter:label1\" content=\"Dur\u00e9e de lecture estim\u00e9e\" \/>\n\t<meta name=\"twitter:data1\" content=\"3 minutes\" \/>\n<script type=\"application\/ld+json\" class=\"yoast-schema-graph\">{\"@context\":\"https:\\\/\\\/schema.org\",\"@graph\":[{\"@type\":\"WebPage\",\"@id\":\"https:\\\/\\\/fireware.nl\\\/fr\\\/product\\\/formation-de-base-mise-en-scene-i-sur-place-8-personnes\\\/\",\"url\":\"https:\\\/\\\/fireware.nl\\\/fr\\\/product\\\/formation-de-base-mise-en-scene-i-sur-place-8-personnes\\\/\",\"name\":\"Formation de base mise en sc\u00e8ne I sur place - 8 personnes - FireWare\",\"isPartOf\":{\"@id\":\"https:\\\/\\\/fireware.nl\\\/fr\\\/#website\"},\"primaryImageOfPage\":{\"@id\":\"https:\\\/\\\/fireware.nl\\\/fr\\\/product\\\/formation-de-base-mise-en-scene-i-sur-place-8-personnes\\\/#primaryimage\"},\"image\":{\"@id\":\"https:\\\/\\\/fireware.nl\\\/fr\\\/product\\\/formation-de-base-mise-en-scene-i-sur-place-8-personnes\\\/#primaryimage\"},\"thumbnailUrl\":\"https:\\\/\\\/fireware.nl\\\/wp-content\\\/uploads\\\/2022\\\/06\\\/Basistraining-Ensceneren-I-op-locatie-8-personen.jpg\",\"datePublished\":\"2022-03-30T14:59:41+00:00\",\"dateModified\":\"2025-05-19T11:30:32+00:00\",\"breadcrumb\":{\"@id\":\"https:\\\/\\\/fireware.nl\\\/fr\\\/product\\\/formation-de-base-mise-en-scene-i-sur-place-8-personnes\\\/#breadcrumb\"},\"inLanguage\":\"fr-FR\",\"potentialAction\":[{\"@type\":\"ReadAction\",\"target\":[\"https:\\\/\\\/fireware.nl\\\/fr\\\/product\\\/formation-de-base-mise-en-scene-i-sur-place-8-personnes\\\/\"]}]},{\"@type\":\"ImageObject\",\"inLanguage\":\"fr-FR\",\"@id\":\"https:\\\/\\\/fireware.nl\\\/fr\\\/product\\\/formation-de-base-mise-en-scene-i-sur-place-8-personnes\\\/#primaryimage\",\"url\":\"https:\\\/\\\/fireware.nl\\\/wp-content\\\/uploads\\\/2022\\\/06\\\/Basistraining-Ensceneren-I-op-locatie-8-personen.jpg\",\"contentUrl\":\"https:\\\/\\\/fireware.nl\\\/wp-content\\\/uploads\\\/2022\\\/06\\\/Basistraining-Ensceneren-I-op-locatie-8-personen.jpg\",\"width\":800,\"height\":800},{\"@type\":\"BreadcrumbList\",\"@id\":\"https:\\\/\\\/fireware.nl\\\/fr\\\/product\\\/formation-de-base-mise-en-scene-i-sur-place-8-personnes\\\/#breadcrumb\",\"itemListElement\":[{\"@type\":\"ListItem\",\"position\":1,\"name\":\"Home\",\"item\":\"https:\\\/\\\/fireware.nl\\\/fr\\\/\"},{\"@type\":\"ListItem\",\"position\":2,\"name\":\"Produits\",\"item\":\"https:\\\/\\\/fireware.nl\\\/fr\\\/produits\\\/\"},{\"@type\":\"ListItem\",\"position\":3,\"name\":\"Formation de base mise en sc\u00e8ne I sur place &#8211; 8 personnes\"}]},{\"@type\":\"WebSite\",\"@id\":\"https:\\\/\\\/fireware.nl\\\/fr\\\/#website\",\"url\":\"https:\\\/\\\/fireware.nl\\\/fr\\\/\",\"name\":\"FireWare\",\"description\":\"CREATING REALISTIC  TRAINING ENVIRONMENTS\",\"publisher\":{\"@id\":\"https:\\\/\\\/fireware.nl\\\/fr\\\/#organization\"},\"potentialAction\":[{\"@type\":\"SearchAction\",\"target\":{\"@type\":\"EntryPoint\",\"urlTemplate\":\"https:\\\/\\\/fireware.nl\\\/fr\\\/?s={search_term_string}\"},\"query-input\":{\"@type\":\"PropertyValueSpecification\",\"valueRequired\":true,\"valueName\":\"search_term_string\"}}],\"inLanguage\":\"fr-FR\"},{\"@type\":\"Organization\",\"@id\":\"https:\\\/\\\/fireware.nl\\\/fr\\\/#organization\",\"name\":\"FireWare\",\"url\":\"https:\\\/\\\/fireware.nl\\\/fr\\\/\",\"logo\":{\"@type\":\"ImageObject\",\"inLanguage\":\"fr-FR\",\"@id\":\"https:\\\/\\\/fireware.nl\\\/fr\\\/#\\\/schema\\\/logo\\\/image\\\/\",\"url\":\"https:\\\/\\\/fireware.nl\\\/wp-content\\\/uploads\\\/2018\\\/10\\\/FireWare-logo.jpg\",\"contentUrl\":\"https:\\\/\\\/fireware.nl\\\/wp-content\\\/uploads\\\/2018\\\/10\\\/FireWare-logo.jpg\",\"width\":171,\"height\":70,\"caption\":\"FireWare\"},\"image\":{\"@id\":\"https:\\\/\\\/fireware.nl\\\/fr\\\/#\\\/schema\\\/logo\\\/image\\\/\"},\"sameAs\":[\"https:\\\/\\\/www.facebook.com\\\/FireWareBV\\\/\",\"https:\\\/\\\/x.com\\\/FireWarebv\",\"https:\\\/\\\/www.instagram.com\\\/fireware_nl\\\/\",\"https:\\\/\\\/www.linkedin.com\\\/company\\\/3586017\\\/\",\"https:\\\/\\\/www.youtube.com\\\/user\\\/firesalesrentconsult\"]}]}<\/script>\n<!-- \/ Yoast SEO plugin. -->","yoast_head_json":{"title":"Formation de base mise en sc\u00e8ne I sur place - 8 personnes - FireWare","robots":{"index":"index","follow":"follow","max-snippet":"max-snippet:-1","max-image-preview":"max-image-preview:large","max-video-preview":"max-video-preview:-1"},"canonical":"https:\/\/fireware.nl\/fr\/product\/formation-de-base-mise-en-scene-i-sur-place-8-personnes\/","og_locale":"fr_FR","og_type":"article","og_title":"Formation de base mise en sc\u00e8ne I sur place - 8 personnes - FireWare","og_description":"La formation de mise en sc\u00e8ne la plus populaire de FireWare ; Apprenez \u00e0 mettre en sc\u00e8ne avec un r\u00e9alisme extr\u00eame en une journ\u00e9e ; Mettre en place une grande mise en sc\u00e8ne r\u00e9aliste en 5 minutes ; Plus de discussion sur la mise en sc\u00e8ne ; Pratiquez sur place avec votre propre mat\u00e9riel ; Pour les groupes de 8 personnes maximum ; Des groupes jusqu'\u00e0 16 personnes et des inscriptions individuelles sont \u00e9galement possibles ;","og_url":"https:\/\/fireware.nl\/fr\/product\/formation-de-base-mise-en-scene-i-sur-place-8-personnes\/","og_site_name":"FireWare","article_publisher":"https:\/\/www.facebook.com\/FireWareBV\/","article_modified_time":"2025-05-19T11:30:32+00:00","og_image":[{"width":800,"height":800,"url":"https:\/\/fireware.nl\/wp-content\/uploads\/2022\/06\/Basistraining-Ensceneren-I-op-locatie-8-personen.jpg","type":"image\/jpeg"}],"twitter_card":"summary_large_image","twitter_site":"@FireWarebv","twitter_misc":{"Dur\u00e9e de lecture estim\u00e9e":"3 minutes"},"schema":{"@context":"https:\/\/schema.org","@graph":[{"@type":"WebPage","@id":"https:\/\/fireware.nl\/fr\/product\/formation-de-base-mise-en-scene-i-sur-place-8-personnes\/","url":"https:\/\/fireware.nl\/fr\/product\/formation-de-base-mise-en-scene-i-sur-place-8-personnes\/","name":"Formation de base mise en sc\u00e8ne I sur place - 8 personnes - FireWare","isPartOf":{"@id":"https:\/\/fireware.nl\/fr\/#website"},"primaryImageOfPage":{"@id":"https:\/\/fireware.nl\/fr\/product\/formation-de-base-mise-en-scene-i-sur-place-8-personnes\/#primaryimage"},"image":{"@id":"https:\/\/fireware.nl\/fr\/product\/formation-de-base-mise-en-scene-i-sur-place-8-personnes\/#primaryimage"},"thumbnailUrl":"https:\/\/fireware.nl\/wp-content\/uploads\/2022\/06\/Basistraining-Ensceneren-I-op-locatie-8-personen.jpg","datePublished":"2022-03-30T14:59:41+00:00","dateModified":"2025-05-19T11:30:32+00:00","breadcrumb":{"@id":"https:\/\/fireware.nl\/fr\/product\/formation-de-base-mise-en-scene-i-sur-place-8-personnes\/#breadcrumb"},"inLanguage":"fr-FR","potentialAction":[{"@type":"ReadAction","target":["https:\/\/fireware.nl\/fr\/product\/formation-de-base-mise-en-scene-i-sur-place-8-personnes\/"]}]},{"@type":"ImageObject","inLanguage":"fr-FR","@id":"https:\/\/fireware.nl\/fr\/product\/formation-de-base-mise-en-scene-i-sur-place-8-personnes\/#primaryimage","url":"https:\/\/fireware.nl\/wp-content\/uploads\/2022\/06\/Basistraining-Ensceneren-I-op-locatie-8-personen.jpg","contentUrl":"https:\/\/fireware.nl\/wp-content\/uploads\/2022\/06\/Basistraining-Ensceneren-I-op-locatie-8-personen.jpg","width":800,"height":800},{"@type":"BreadcrumbList","@id":"https:\/\/fireware.nl\/fr\/product\/formation-de-base-mise-en-scene-i-sur-place-8-personnes\/#breadcrumb","itemListElement":[{"@type":"ListItem","position":1,"name":"Home","item":"https:\/\/fireware.nl\/fr\/"},{"@type":"ListItem","position":2,"name":"Produits","item":"https:\/\/fireware.nl\/fr\/produits\/"},{"@type":"ListItem","position":3,"name":"Formation de base mise en sc\u00e8ne I sur place &#8211; 8 personnes"}]},{"@type":"WebSite","@id":"https:\/\/fireware.nl\/fr\/#website","url":"https:\/\/fireware.nl\/fr\/","name":"FireWare","description":"CREATING REALISTIC  TRAINING ENVIRONMENTS","publisher":{"@id":"https:\/\/fireware.nl\/fr\/#organization"},"potentialAction":[{"@type":"SearchAction","target":{"@type":"EntryPoint","urlTemplate":"https:\/\/fireware.nl\/fr\/?s={search_term_string}"},"query-input":{"@type":"PropertyValueSpecification","valueRequired":true,"valueName":"search_term_string"}}],"inLanguage":"fr-FR"},{"@type":"Organization","@id":"https:\/\/fireware.nl\/fr\/#organization","name":"FireWare","url":"https:\/\/fireware.nl\/fr\/","logo":{"@type":"ImageObject","inLanguage":"fr-FR","@id":"https:\/\/fireware.nl\/fr\/#\/schema\/logo\/image\/","url":"https:\/\/fireware.nl\/wp-content\/uploads\/2018\/10\/FireWare-logo.jpg","contentUrl":"https:\/\/fireware.nl\/wp-content\/uploads\/2018\/10\/FireWare-logo.jpg","width":171,"height":70,"caption":"FireWare"},"image":{"@id":"https:\/\/fireware.nl\/fr\/#\/schema\/logo\/image\/"},"sameAs":["https:\/\/www.facebook.com\/FireWareBV\/","https:\/\/x.com\/FireWarebv","https:\/\/www.instagram.com\/fireware_nl\/","https:\/\/www.linkedin.com\/company\/3586017\/","https:\/\/www.youtube.com\/user\/firesalesrentconsult"]}]}},"publishpress_future_workflow_manual_trigger":{"enabledWorkflows":[]},"_links":{"self":[{"href":"https:\/\/fireware.nl\/fr\/wp-json\/wp\/v2\/product\/73190","targetHints":{"allow":["GET"]}}],"collection":[{"href":"https:\/\/fireware.nl\/fr\/wp-json\/wp\/v2\/product"}],"about":[{"href":"https:\/\/fireware.nl\/fr\/wp-json\/wp\/v2\/types\/product"}],"wp:featuredmedia":[{"embeddable":true,"href":"https:\/\/fireware.nl\/fr\/wp-json\/wp\/v2\/media\/73165"}],"wp:attachment":[{"href":"https:\/\/fireware.nl\/fr\/wp-json\/wp\/v2\/media?parent=73190"}],"wp:term":[{"taxonomy":"product_brand","embeddable":true,"href":"https:\/\/fireware.nl\/fr\/wp-json\/wp\/v2\/product_brand?post=73190"},{"taxonomy":"product_cat","embeddable":true,"href":"https:\/\/fireware.nl\/fr\/wp-json\/wp\/v2\/product_cat?post=73190"},{"taxonomy":"product_tag","embeddable":true,"href":"https:\/\/fireware.nl\/fr\/wp-json\/wp\/v2\/product_tag?post=73190"}],"curies":[{"name":"wp","href":"https:\/\/api.w.org\/{rel}","templated":true}]}}