
{"id":73613,"date":"2022-04-11T15:12:08","date_gmt":"2022-04-11T15:12:08","guid":{"rendered":"https:\/\/fireware.nl\/product\/formation-approfondie-mise-en-scene-iii-sur-place-4-personnes\/"},"modified":"2025-05-19T13:17:15","modified_gmt":"2025-05-19T13:17:15","slug":"formation-approfondie-mise-en-scene-iii-sur-place-4-personnes","status":"publish","type":"product","link":"https:\/\/fireware.nl\/fr\/product\/formation-approfondie-mise-en-scene-iii-sur-place-4-personnes\/","title":{"rendered":"Formation Approfondie mise en sc\u00e8ne III sur place &#8211; 4 personnes"},"content":{"rendered":"\n\n\t<h2>Perfectionnez vos comp\u00e9tences en mati\u00e8re de mise en sc\u00e8ne<\/h2>\n<p>La formation approfondie Mise en sc\u00e8ne III aborde la probl\u00e9matique soulev\u00e9e lors d&#8217;exercices et de simulations d&#8217;envergure. Cette formation est enti\u00e8rement orient\u00e9e sur la pr\u00e9paration d&#8217;un exercice. \u00c0 ce stade, il est suppos\u00e9 que les participants ont compl\u00e8tement assimil\u00e9 la formation de base Mise en sc\u00e8ne I et la formation de perfectionnement Mise en sc\u00e8ne II.<\/p>\n<h2>Formation Approfondie mise en sc\u00e8ne III<\/h2>\n<p>Vous suivrez un cours th\u00e9orique d\u00e9taill\u00e9 o\u00f9 l&#8217;accent est mis sur l&#8217;organisation d&#8217;une simulation, le contre-jeu et la direction des simulateurs avant, pendant et apr\u00e8s l&#8217;exercice. Vous apprendrez \u00e0 imaginer un sc\u00e9nario de A \u00e0 Z, y compris les objectifs p\u00e9dagogiques techniques et les diff\u00e9rentes issues possibles.<\/p>\n<p>En fin de compte, vous pr\u00e9parerez vous-m\u00eame un certain nombre d&#8217;exercices comprenant des \u00e9l\u00e9ments interactifs, dynamiques et statiques. Les effets et r\u00e9sultats seront ensuite analys\u00e9s. \u00c0 cette fin, chaque participant doit disposer d&#8217;un ordinateur portable et du progiciel Office.<\/p>\n<p><strong>Entre autres choses, nous travaillons avec :<\/strong><\/p>\n<ul>\n<li>Pr\u00e9parer une mise en sc\u00e8ne (d&#8217;envergure) ;<\/li>\n<li>Imaginer un sc\u00e9nario de A \u00e0 Z ;<\/li>\n<li>Simuler des situations de mani\u00e8re dynamique : exercices plus complexes ;<\/li>\n<li>Simuler des situations de mani\u00e8re interactive : anticiper sur les modalit\u00e9s d&#8217;intervention lors d&#8217;un exercice ;<\/li>\n<li>Contre-jeu : structurer, organiser et diriger ;<\/li>\n<li>Analyser la corr\u00e9lation entre l&#8217;exercice, la simulation et la mise en sc\u00e8ne dynamique.<\/li>\n<\/ul>\n<h2>Impression<\/h2>\n\t<iframe width=\"560\" height=\"315\" src=https:\/\/www.youtube.com\/embed\/NNYifc4SZvg?hl=en&#038;cc_lang_pref=en&#038;rel=0&#038;cc_load_policy=1 frameborder=\"0\" allow=\"accelerometer; autoplay; clipboard-write; encrypted-media; gyroscope; picture-in-picture\" allowfullscreen><\/iframe>\n\n","protected":false},"excerpt":{"rendered":"<ul class=\"green\">\n<li>La formation id\u00e9ale pour perfectionner vos connaissances en mati\u00e8re de simulation;<\/li>\n<li>Int\u00e9gration des objectifs p\u00e9dagogiques techniques \u00e0 votre sc\u00e9nario;<\/li>\n<li>Formation enti\u00e8rement ax\u00e9e sur la th\u00e9orie;<\/li>\n<li>Il est suppos\u00e9 que les participants ont compl\u00e8tement assimil\u00e9 <a href=\"https:\/\/fireware.nl\/fr\/product\/formation-de-base-mise-en-scene-i-sur-place-8-personnes\/\" target=\"_blank\" rel=\"noopener\">la formation de base Mise en sc\u00e8ne I<\/a> et <a href=\"https:\/\/fireware.nl\/fr\/product\/formation-de-perfection-mise-en-scene-ii-sur-place-8-personnes\/\" target=\"_blank\" rel=\"noopener\">la formation de perfectionnement Mise en sc\u00e8ne II<\/a>.<\/li>\n<\/ul>\n","protected":false},"featured_media":73566,"template":"","meta":[],"product_brand":[],"product_cat":[3064],"product_tag":[],"class_list":{"0":"post-73613","1":"product","2":"type-product","3":"status-publish","4":"has-post-thumbnail","6":"product_cat-cours-et-formation","7":"pa_optie-deux-soirs-de-semaine-aux-pays-bas","8":"pa_optie-un-jour-de-semaine","9":"pa_optie-un-samedi","11":"first","12":"instock","13":"taxable","14":"shipping-taxable","15":"purchasable","16":"product-type-variable"},"yoast_head":"<!-- This site is optimized with the Yoast SEO plugin v27.5 - https:\/\/yoast.com\/product\/yoast-seo-wordpress\/ -->\n<title>Formation Approfondie mise en sc\u00e8ne III sur place - 4 personnes - FireWare<\/title>\n<meta name=\"robots\" content=\"index, follow, max-snippet:-1, max-image-preview:large, max-video-preview:-1\" \/>\n<link rel=\"canonical\" href=\"https:\/\/fireware.nl\/fr\/product\/formation-approfondie-mise-en-scene-iii-sur-place-4-personnes\/\" \/>\n<meta property=\"og:locale\" content=\"fr_FR\" \/>\n<meta property=\"og:type\" content=\"article\" \/>\n<meta property=\"og:title\" content=\"Formation Approfondie mise en sc\u00e8ne III sur place - 4 personnes - FireWare\" \/>\n<meta property=\"og:description\" content=\"La formation id\u00e9ale pour perfectionner vos connaissances en mati\u00e8re de simulation;  Int\u00e9gration des objectifs p\u00e9dagogiques techniques \u00e0 votre sc\u00e9nario;  Formation enti\u00e8rement ax\u00e9e sur la th\u00e9orie;  Il est suppos\u00e9 que les participants ont compl\u00e8tement assimil\u00e9 la formation de base Mise en sc\u00e8ne I et la formation de perfectionnement Mise en sc\u00e8ne II.\" \/>\n<meta property=\"og:url\" content=\"https:\/\/fireware.nl\/fr\/product\/formation-approfondie-mise-en-scene-iii-sur-place-4-personnes\/\" \/>\n<meta property=\"og:site_name\" content=\"FireWare\" \/>\n<meta property=\"article:publisher\" content=\"https:\/\/www.facebook.com\/FireWareBV\/\" \/>\n<meta property=\"article:modified_time\" content=\"2025-05-19T13:17:15+00:00\" \/>\n<meta property=\"og:image\" content=\"https:\/\/fireware.nl\/wp-content\/uploads\/2022\/07\/Dieptetraining-Ensceneren-III-op-locatie-4-personen.jpg\" \/>\n\t<meta property=\"og:image:width\" content=\"800\" \/>\n\t<meta property=\"og:image:height\" content=\"800\" \/>\n\t<meta property=\"og:image:type\" content=\"image\/jpeg\" \/>\n<meta name=\"twitter:card\" content=\"summary_large_image\" \/>\n<meta name=\"twitter:site\" content=\"@FireWarebv\" \/>\n<meta name=\"twitter:label1\" content=\"Dur\u00e9e de lecture estim\u00e9e\" \/>\n\t<meta name=\"twitter:data1\" content=\"1 minute\" \/>\n<script type=\"application\/ld+json\" class=\"yoast-schema-graph\">{\"@context\":\"https:\\\/\\\/schema.org\",\"@graph\":[{\"@type\":\"WebPage\",\"@id\":\"https:\\\/\\\/fireware.nl\\\/fr\\\/product\\\/formation-approfondie-mise-en-scene-iii-sur-place-4-personnes\\\/\",\"url\":\"https:\\\/\\\/fireware.nl\\\/fr\\\/product\\\/formation-approfondie-mise-en-scene-iii-sur-place-4-personnes\\\/\",\"name\":\"Formation Approfondie mise en sc\u00e8ne III sur place - 4 personnes - FireWare\",\"isPartOf\":{\"@id\":\"https:\\\/\\\/fireware.nl\\\/fr\\\/#website\"},\"primaryImageOfPage\":{\"@id\":\"https:\\\/\\\/fireware.nl\\\/fr\\\/product\\\/formation-approfondie-mise-en-scene-iii-sur-place-4-personnes\\\/#primaryimage\"},\"image\":{\"@id\":\"https:\\\/\\\/fireware.nl\\\/fr\\\/product\\\/formation-approfondie-mise-en-scene-iii-sur-place-4-personnes\\\/#primaryimage\"},\"thumbnailUrl\":\"https:\\\/\\\/fireware.nl\\\/wp-content\\\/uploads\\\/2022\\\/07\\\/Dieptetraining-Ensceneren-III-op-locatie-4-personen.jpg\",\"datePublished\":\"2022-04-11T15:12:08+00:00\",\"dateModified\":\"2025-05-19T13:17:15+00:00\",\"breadcrumb\":{\"@id\":\"https:\\\/\\\/fireware.nl\\\/fr\\\/product\\\/formation-approfondie-mise-en-scene-iii-sur-place-4-personnes\\\/#breadcrumb\"},\"inLanguage\":\"fr-FR\",\"potentialAction\":[{\"@type\":\"ReadAction\",\"target\":[\"https:\\\/\\\/fireware.nl\\\/fr\\\/product\\\/formation-approfondie-mise-en-scene-iii-sur-place-4-personnes\\\/\"]}]},{\"@type\":\"ImageObject\",\"inLanguage\":\"fr-FR\",\"@id\":\"https:\\\/\\\/fireware.nl\\\/fr\\\/product\\\/formation-approfondie-mise-en-scene-iii-sur-place-4-personnes\\\/#primaryimage\",\"url\":\"https:\\\/\\\/fireware.nl\\\/wp-content\\\/uploads\\\/2022\\\/07\\\/Dieptetraining-Ensceneren-III-op-locatie-4-personen.jpg\",\"contentUrl\":\"https:\\\/\\\/fireware.nl\\\/wp-content\\\/uploads\\\/2022\\\/07\\\/Dieptetraining-Ensceneren-III-op-locatie-4-personen.jpg\",\"width\":800,\"height\":800},{\"@type\":\"BreadcrumbList\",\"@id\":\"https:\\\/\\\/fireware.nl\\\/fr\\\/product\\\/formation-approfondie-mise-en-scene-iii-sur-place-4-personnes\\\/#breadcrumb\",\"itemListElement\":[{\"@type\":\"ListItem\",\"position\":1,\"name\":\"Home\",\"item\":\"https:\\\/\\\/fireware.nl\\\/fr\\\/\"},{\"@type\":\"ListItem\",\"position\":2,\"name\":\"Produits\",\"item\":\"https:\\\/\\\/fireware.nl\\\/fr\\\/produits\\\/\"},{\"@type\":\"ListItem\",\"position\":3,\"name\":\"Formation Approfondie mise en sc\u00e8ne III sur place &#8211; 4 personnes\"}]},{\"@type\":\"WebSite\",\"@id\":\"https:\\\/\\\/fireware.nl\\\/fr\\\/#website\",\"url\":\"https:\\\/\\\/fireware.nl\\\/fr\\\/\",\"name\":\"FireWare\",\"description\":\"CREATING REALISTIC  TRAINING ENVIRONMENTS\",\"publisher\":{\"@id\":\"https:\\\/\\\/fireware.nl\\\/fr\\\/#organization\"},\"potentialAction\":[{\"@type\":\"SearchAction\",\"target\":{\"@type\":\"EntryPoint\",\"urlTemplate\":\"https:\\\/\\\/fireware.nl\\\/fr\\\/?s={search_term_string}\"},\"query-input\":{\"@type\":\"PropertyValueSpecification\",\"valueRequired\":true,\"valueName\":\"search_term_string\"}}],\"inLanguage\":\"fr-FR\"},{\"@type\":\"Organization\",\"@id\":\"https:\\\/\\\/fireware.nl\\\/fr\\\/#organization\",\"name\":\"FireWare\",\"url\":\"https:\\\/\\\/fireware.nl\\\/fr\\\/\",\"logo\":{\"@type\":\"ImageObject\",\"inLanguage\":\"fr-FR\",\"@id\":\"https:\\\/\\\/fireware.nl\\\/fr\\\/#\\\/schema\\\/logo\\\/image\\\/\",\"url\":\"https:\\\/\\\/fireware.nl\\\/wp-content\\\/uploads\\\/2018\\\/10\\\/FireWare-logo.jpg\",\"contentUrl\":\"https:\\\/\\\/fireware.nl\\\/wp-content\\\/uploads\\\/2018\\\/10\\\/FireWare-logo.jpg\",\"width\":171,\"height\":70,\"caption\":\"FireWare\"},\"image\":{\"@id\":\"https:\\\/\\\/fireware.nl\\\/fr\\\/#\\\/schema\\\/logo\\\/image\\\/\"},\"sameAs\":[\"https:\\\/\\\/www.facebook.com\\\/FireWareBV\\\/\",\"https:\\\/\\\/x.com\\\/FireWarebv\",\"https:\\\/\\\/www.instagram.com\\\/fireware_nl\\\/\",\"https:\\\/\\\/www.linkedin.com\\\/company\\\/3586017\\\/\",\"https:\\\/\\\/www.youtube.com\\\/user\\\/firesalesrentconsult\"]}]}<\/script>\n<!-- \/ Yoast SEO plugin. -->","yoast_head_json":{"title":"Formation Approfondie mise en sc\u00e8ne III sur place - 4 personnes - FireWare","robots":{"index":"index","follow":"follow","max-snippet":"max-snippet:-1","max-image-preview":"max-image-preview:large","max-video-preview":"max-video-preview:-1"},"canonical":"https:\/\/fireware.nl\/fr\/product\/formation-approfondie-mise-en-scene-iii-sur-place-4-personnes\/","og_locale":"fr_FR","og_type":"article","og_title":"Formation Approfondie mise en sc\u00e8ne III sur place - 4 personnes - FireWare","og_description":"La formation id\u00e9ale pour perfectionner vos connaissances en mati\u00e8re de simulation;  Int\u00e9gration des objectifs p\u00e9dagogiques techniques \u00e0 votre sc\u00e9nario;  Formation enti\u00e8rement ax\u00e9e sur la th\u00e9orie;  Il est suppos\u00e9 que les participants ont compl\u00e8tement assimil\u00e9 la formation de base Mise en sc\u00e8ne I et la formation de perfectionnement Mise en sc\u00e8ne II.","og_url":"https:\/\/fireware.nl\/fr\/product\/formation-approfondie-mise-en-scene-iii-sur-place-4-personnes\/","og_site_name":"FireWare","article_publisher":"https:\/\/www.facebook.com\/FireWareBV\/","article_modified_time":"2025-05-19T13:17:15+00:00","og_image":[{"width":800,"height":800,"url":"https:\/\/fireware.nl\/wp-content\/uploads\/2022\/07\/Dieptetraining-Ensceneren-III-op-locatie-4-personen.jpg","type":"image\/jpeg"}],"twitter_card":"summary_large_image","twitter_site":"@FireWarebv","twitter_misc":{"Dur\u00e9e de lecture estim\u00e9e":"1 minute"},"schema":{"@context":"https:\/\/schema.org","@graph":[{"@type":"WebPage","@id":"https:\/\/fireware.nl\/fr\/product\/formation-approfondie-mise-en-scene-iii-sur-place-4-personnes\/","url":"https:\/\/fireware.nl\/fr\/product\/formation-approfondie-mise-en-scene-iii-sur-place-4-personnes\/","name":"Formation Approfondie mise en sc\u00e8ne III sur place - 4 personnes - FireWare","isPartOf":{"@id":"https:\/\/fireware.nl\/fr\/#website"},"primaryImageOfPage":{"@id":"https:\/\/fireware.nl\/fr\/product\/formation-approfondie-mise-en-scene-iii-sur-place-4-personnes\/#primaryimage"},"image":{"@id":"https:\/\/fireware.nl\/fr\/product\/formation-approfondie-mise-en-scene-iii-sur-place-4-personnes\/#primaryimage"},"thumbnailUrl":"https:\/\/fireware.nl\/wp-content\/uploads\/2022\/07\/Dieptetraining-Ensceneren-III-op-locatie-4-personen.jpg","datePublished":"2022-04-11T15:12:08+00:00","dateModified":"2025-05-19T13:17:15+00:00","breadcrumb":{"@id":"https:\/\/fireware.nl\/fr\/product\/formation-approfondie-mise-en-scene-iii-sur-place-4-personnes\/#breadcrumb"},"inLanguage":"fr-FR","potentialAction":[{"@type":"ReadAction","target":["https:\/\/fireware.nl\/fr\/product\/formation-approfondie-mise-en-scene-iii-sur-place-4-personnes\/"]}]},{"@type":"ImageObject","inLanguage":"fr-FR","@id":"https:\/\/fireware.nl\/fr\/product\/formation-approfondie-mise-en-scene-iii-sur-place-4-personnes\/#primaryimage","url":"https:\/\/fireware.nl\/wp-content\/uploads\/2022\/07\/Dieptetraining-Ensceneren-III-op-locatie-4-personen.jpg","contentUrl":"https:\/\/fireware.nl\/wp-content\/uploads\/2022\/07\/Dieptetraining-Ensceneren-III-op-locatie-4-personen.jpg","width":800,"height":800},{"@type":"BreadcrumbList","@id":"https:\/\/fireware.nl\/fr\/product\/formation-approfondie-mise-en-scene-iii-sur-place-4-personnes\/#breadcrumb","itemListElement":[{"@type":"ListItem","position":1,"name":"Home","item":"https:\/\/fireware.nl\/fr\/"},{"@type":"ListItem","position":2,"name":"Produits","item":"https:\/\/fireware.nl\/fr\/produits\/"},{"@type":"ListItem","position":3,"name":"Formation Approfondie mise en sc\u00e8ne III sur place &#8211; 4 personnes"}]},{"@type":"WebSite","@id":"https:\/\/fireware.nl\/fr\/#website","url":"https:\/\/fireware.nl\/fr\/","name":"FireWare","description":"CREATING REALISTIC  TRAINING ENVIRONMENTS","publisher":{"@id":"https:\/\/fireware.nl\/fr\/#organization"},"potentialAction":[{"@type":"SearchAction","target":{"@type":"EntryPoint","urlTemplate":"https:\/\/fireware.nl\/fr\/?s={search_term_string}"},"query-input":{"@type":"PropertyValueSpecification","valueRequired":true,"valueName":"search_term_string"}}],"inLanguage":"fr-FR"},{"@type":"Organization","@id":"https:\/\/fireware.nl\/fr\/#organization","name":"FireWare","url":"https:\/\/fireware.nl\/fr\/","logo":{"@type":"ImageObject","inLanguage":"fr-FR","@id":"https:\/\/fireware.nl\/fr\/#\/schema\/logo\/image\/","url":"https:\/\/fireware.nl\/wp-content\/uploads\/2018\/10\/FireWare-logo.jpg","contentUrl":"https:\/\/fireware.nl\/wp-content\/uploads\/2018\/10\/FireWare-logo.jpg","width":171,"height":70,"caption":"FireWare"},"image":{"@id":"https:\/\/fireware.nl\/fr\/#\/schema\/logo\/image\/"},"sameAs":["https:\/\/www.facebook.com\/FireWareBV\/","https:\/\/x.com\/FireWarebv","https:\/\/www.instagram.com\/fireware_nl\/","https:\/\/www.linkedin.com\/company\/3586017\/","https:\/\/www.youtube.com\/user\/firesalesrentconsult"]}]}},"publishpress_future_workflow_manual_trigger":{"enabledWorkflows":[]},"_links":{"self":[{"href":"https:\/\/fireware.nl\/fr\/wp-json\/wp\/v2\/product\/73613","targetHints":{"allow":["GET"]}}],"collection":[{"href":"https:\/\/fireware.nl\/fr\/wp-json\/wp\/v2\/product"}],"about":[{"href":"https:\/\/fireware.nl\/fr\/wp-json\/wp\/v2\/types\/product"}],"wp:featuredmedia":[{"embeddable":true,"href":"https:\/\/fireware.nl\/fr\/wp-json\/wp\/v2\/media\/73566"}],"wp:attachment":[{"href":"https:\/\/fireware.nl\/fr\/wp-json\/wp\/v2\/media?parent=73613"}],"wp:term":[{"taxonomy":"product_brand","embeddable":true,"href":"https:\/\/fireware.nl\/fr\/wp-json\/wp\/v2\/product_brand?post=73613"},{"taxonomy":"product_cat","embeddable":true,"href":"https:\/\/fireware.nl\/fr\/wp-json\/wp\/v2\/product_cat?post=73613"},{"taxonomy":"product_tag","embeddable":true,"href":"https:\/\/fireware.nl\/fr\/wp-json\/wp\/v2\/product_tag?post=73613"}],"curies":[{"name":"wp","href":"https:\/\/api.w.org\/{rel}","templated":true}]}}