
{"id":73699,"date":"2022-04-12T09:47:16","date_gmt":"2022-04-12T09:47:16","guid":{"rendered":"https:\/\/fireware.nl\/product\/formation-mise-en-scene-chez-fireware-inscription-individuelle\/"},"modified":"2022-07-12T14:53:11","modified_gmt":"2022-07-12T14:53:11","slug":"formation-mise-en-scene-chez-fireware-inscription-individuelle","status":"publish","type":"product","link":"https:\/\/fireware.nl\/fr\/product\/formation-mise-en-scene-chez-fireware-inscription-individuelle\/","title":{"rendered":"Formation mise en sc\u00e8ne chez FireWare &#8211; inscription individuelle"},"content":{"rendered":"\n\n\t<h2>Les mat\u00e9riaux, pas le savoirfaire<\/h2>\n<p>Les mat\u00e9riels d&#8217;entra\u00eenement sont des outils. Et c&#8217;est le professionnel ou la professionnelle qui, en fin de compte, d\u00e9termine ce que sera le r\u00e9sultat. En accordant plus d&#8217;attention au niveau du savoir-faire des metteurs en sc\u00e8ne, il est possible d&#8217;obtenir tr\u00e8s rapidement un meilleur r\u00e9sultat. En outre, une bonne mise en sc\u00e8ne augmente \u00e9galement la motivation pendant les soir\u00e9es d&#8217;entra\u00eenement.<\/p>\n<h2>La formation en mise en sc\u00e8ne a vraiment du sens<\/h2>\n<p>FireWare a d\u00e9j\u00e0 form\u00e9 plus de 2000 personnes, dans notre pays et \u00e0 l&#8217;\u00e9tranger, pour \u00eatre de tr\u00e8s bons metteurs en sc\u00e8ne. Nous utilisons les techniques de l&#8217;industrie du th\u00e9\u00e2tre et du cin\u00e9ma. Ceci, combin\u00e9 \u00e0 19 ans d&#8217;exp\u00e9rience dans la mise en sc\u00e8ne, garantit que nous avons vraiment quelque chose \u00e0 raconter. M\u00eame aux personnes qui sont \u00ab dans le m\u00e9tier \u00bb depuis des ann\u00e9es et qui ont mis en place des entra\u00eenements. Pourquoi ? Nous envisageons la mise en sc\u00e8ne sous un angle diff\u00e9rent. En une journ\u00e9e ou deux soir\u00e9es de pratique, il est tout \u00e0 fait possible d&#8217;enseigner \u00e0 quelqu&#8217;un les bases de la mise en sc\u00e8ne r\u00e9aliste. En th\u00e9orie et en pratique !<\/p>\n<p>Nous avons un lieu de formation bien \u00e9quip\u00e9 \u00e0 Wieringerwerf. La salle de th\u00e9orie est am\u00e9nag\u00e9e de fa\u00e7on tr\u00e8s confortable et l&#8217;espace de formation pratique offre la possibilit\u00e9 de mettre en sc\u00e8ne des divers sc\u00e9narios.<\/p>\n<h2>Individuel<\/h2>\n<p>Cette page se concentre sur les formations de mise en sc\u00e8ne que nous proposons sur une base individuelle. Elles ont toujours lieu chez FireWare \u00e0 Wieringerwerf. Pour les inscriptions individuelles, veuillez consulter les dates de formation dans <a href=\"https:\/\/fireware.nl\/fr\/agenda\/\" target=\"_blank\" rel=\"noopener\">notre agenda<\/a>. La formation \u00e0 la mise en sc\u00e8ne est dispens\u00e9e \u00e0 trois niveaux (ascendants). Ainsi, il y a toujours une formation qui correspond \u00e0 votre niveau actuel de connaissances et d&#8217;exp\u00e9rience !<\/p>\n<p>Vous trouverez ci-dessous une explication du contenu de chaque formation.<\/p>\n\t<h2>Formation de base mise en sc\u00e8ne I<\/h2>\n\tLa formation de base en mise en sc\u00e8ne I est notre formation la plus demand\u00e9e. Apprenez les techniques de base de la mise<br \/>\nen sc\u00e8ne et, \u00e0 la fin de la journ\u00e9e, mettez vous-m\u00eame en place un exercice. Cette formation est accessible et sp\u00e9cialement con\u00e7ue pour les personnes qui participent \u00e0 la mise en sc\u00e8ne d&#8217;un entra\u00eenement. Apr\u00e8s une partie th\u00e9orique, vous allez tout mettre en pratique ! \u00c0 l&#8217;issue de notre formation de base, vous serez en mesure d&#8217;organiser un exercice r\u00e9aliste et de mettre en sc\u00e8ne un incendie ou un accident.\n\t<h2>Formation de perfection mise en sc\u00e8ne II<\/h2>\n\t<p>En tant que professionnel, vous continuez toujours \u00e0 apprendre. Vous avez suivi notre formation de base et vous souhaitez approfondir vos connaissances ? La formation de perfectionnement Mise en sc\u00e8ne II vous offre l&#8217;opportunit\u00e9 d&#8217;approfondir vos connaissances en mati\u00e8re de simulation. Apr\u00e8s avoir compl\u00e9t\u00e9 la formation de base, une p\u00e9riode de 6 mois est recommend\u00e9e pour se familiariser avec les techniques de base avant de continuer avec la formation de perfection II.<\/p>\n\t<h2>Formation Approfondie mise en sc\u00e8ne III<\/h2>\n\t<p>La formation approfondie Mise en sc\u00e8ne III aborde la probl\u00e9matique soulev\u00e9e lors d&#8217;exercices et de simulations d&#8217;envergure. Cette formation est enti\u00e8rement orient\u00e9e sur la pr\u00e9paration d&#8217;un exercice. \u00c0 ce stade, il est suppos\u00e9 que les participants ont compl\u00e8tement assimil\u00e9 la formation de base Mise en sc\u00e8ne I et la formation de perfectionnement Mise en sc\u00e8ne II.<\/p>\n\n","protected":false},"excerpt":{"rendered":"<ul>\n<li>L&#8217;organisation de la formation mise en sc\u00e8ne sur la base d&#8217;une inscription individuelle ;<\/li>\n<li>V\u00e9rifiez les dates de formation dans <a href=\"https:\/\/fireware.nl\/fr\/agenda\/\" target=\"_blank\" rel=\"noopener\">l&#8217;agenda FireWare<\/a> ;<\/li>\n<li>Dispens\u00e9e dans le centre de formation FireWare bien \u00e9quip\u00e9 de Wieringerwerf ;<\/li>\n<li>Toujours une formation qui correspond \u00e0 votre niveau actuel de connaissances et d&#8217;exp\u00e9rience.<\/li>\n<\/ul>\n","protected":false},"featured_media":73690,"template":"","meta":[],"product_brand":[],"product_cat":[3064],"product_tag":[],"class_list":{"0":"post-73699","1":"product","2":"type-product","3":"status-publish","4":"has-post-thumbnail","6":"product_cat-cours-et-formation","7":"pa_optie-formation-approfondie-mise-en-scene-iii","8":"pa_optie-formation-de-base-mise-en-scene-i","9":"pa_optie-formation-de-perfection-mise-en-scene-ii","11":"first","12":"instock","13":"taxable","14":"shipping-taxable","15":"purchasable","16":"product-type-variable"},"yoast_head":"<!-- This site is optimized with the Yoast SEO plugin v27.5 - https:\/\/yoast.com\/product\/yoast-seo-wordpress\/ -->\n<title>Formation mise en sc\u00e8ne chez FireWare - inscription individuelle - FireWare<\/title>\n<meta name=\"robots\" content=\"index, follow, max-snippet:-1, max-image-preview:large, max-video-preview:-1\" \/>\n<link rel=\"canonical\" href=\"https:\/\/fireware.nl\/fr\/product\/formation-mise-en-scene-chez-fireware-inscription-individuelle\/\" \/>\n<meta property=\"og:locale\" content=\"fr_FR\" \/>\n<meta property=\"og:type\" content=\"article\" \/>\n<meta property=\"og:title\" content=\"Formation mise en sc\u00e8ne chez FireWare - inscription individuelle - FireWare\" \/>\n<meta property=\"og:description\" content=\"L&#039;organisation de la formation mise en sc\u00e8ne sur la base d&#039;une inscription individuelle ;  V\u00e9rifiez les dates de formation dans l&#039;agenda FireWare ;  Dispens\u00e9e dans le centre de formation FireWare bien \u00e9quip\u00e9 de Wieringerwerf ;  Toujours une formation qui correspond \u00e0 votre niveau actuel de connaissances et d&#039;exp\u00e9rience.\" \/>\n<meta property=\"og:url\" content=\"https:\/\/fireware.nl\/fr\/product\/formation-mise-en-scene-chez-fireware-inscription-individuelle\/\" \/>\n<meta property=\"og:site_name\" content=\"FireWare\" \/>\n<meta property=\"article:publisher\" content=\"https:\/\/www.facebook.com\/FireWareBV\/\" \/>\n<meta property=\"article:modified_time\" content=\"2022-07-12T14:53:11+00:00\" \/>\n<meta property=\"og:image\" content=\"https:\/\/fireware.nl\/wp-content\/uploads\/2022\/07\/Ensceneringstraining-individuele-inschrijving-bij-FireWare.jpg\" \/>\n\t<meta property=\"og:image:width\" content=\"800\" \/>\n\t<meta property=\"og:image:height\" content=\"800\" \/>\n\t<meta property=\"og:image:type\" content=\"image\/jpeg\" \/>\n<meta name=\"twitter:card\" content=\"summary_large_image\" \/>\n<meta name=\"twitter:site\" content=\"@FireWarebv\" \/>\n<meta name=\"twitter:label1\" content=\"Dur\u00e9e de lecture estim\u00e9e\" \/>\n\t<meta name=\"twitter:data1\" content=\"3 minutes\" \/>\n<script type=\"application\/ld+json\" class=\"yoast-schema-graph\">{\"@context\":\"https:\\\/\\\/schema.org\",\"@graph\":[{\"@type\":\"WebPage\",\"@id\":\"https:\\\/\\\/fireware.nl\\\/fr\\\/product\\\/formation-mise-en-scene-chez-fireware-inscription-individuelle\\\/\",\"url\":\"https:\\\/\\\/fireware.nl\\\/fr\\\/product\\\/formation-mise-en-scene-chez-fireware-inscription-individuelle\\\/\",\"name\":\"Formation mise en sc\u00e8ne chez FireWare - inscription individuelle - FireWare\",\"isPartOf\":{\"@id\":\"https:\\\/\\\/fireware.nl\\\/fr\\\/#website\"},\"primaryImageOfPage\":{\"@id\":\"https:\\\/\\\/fireware.nl\\\/fr\\\/product\\\/formation-mise-en-scene-chez-fireware-inscription-individuelle\\\/#primaryimage\"},\"image\":{\"@id\":\"https:\\\/\\\/fireware.nl\\\/fr\\\/product\\\/formation-mise-en-scene-chez-fireware-inscription-individuelle\\\/#primaryimage\"},\"thumbnailUrl\":\"https:\\\/\\\/fireware.nl\\\/wp-content\\\/uploads\\\/2022\\\/07\\\/Ensceneringstraining-individuele-inschrijving-bij-FireWare.jpg\",\"datePublished\":\"2022-04-12T09:47:16+00:00\",\"dateModified\":\"2022-07-12T14:53:11+00:00\",\"breadcrumb\":{\"@id\":\"https:\\\/\\\/fireware.nl\\\/fr\\\/product\\\/formation-mise-en-scene-chez-fireware-inscription-individuelle\\\/#breadcrumb\"},\"inLanguage\":\"fr-FR\",\"potentialAction\":[{\"@type\":\"ReadAction\",\"target\":[\"https:\\\/\\\/fireware.nl\\\/fr\\\/product\\\/formation-mise-en-scene-chez-fireware-inscription-individuelle\\\/\"]}]},{\"@type\":\"ImageObject\",\"inLanguage\":\"fr-FR\",\"@id\":\"https:\\\/\\\/fireware.nl\\\/fr\\\/product\\\/formation-mise-en-scene-chez-fireware-inscription-individuelle\\\/#primaryimage\",\"url\":\"https:\\\/\\\/fireware.nl\\\/wp-content\\\/uploads\\\/2022\\\/07\\\/Ensceneringstraining-individuele-inschrijving-bij-FireWare.jpg\",\"contentUrl\":\"https:\\\/\\\/fireware.nl\\\/wp-content\\\/uploads\\\/2022\\\/07\\\/Ensceneringstraining-individuele-inschrijving-bij-FireWare.jpg\",\"width\":800,\"height\":800},{\"@type\":\"BreadcrumbList\",\"@id\":\"https:\\\/\\\/fireware.nl\\\/fr\\\/product\\\/formation-mise-en-scene-chez-fireware-inscription-individuelle\\\/#breadcrumb\",\"itemListElement\":[{\"@type\":\"ListItem\",\"position\":1,\"name\":\"Home\",\"item\":\"https:\\\/\\\/fireware.nl\\\/fr\\\/\"},{\"@type\":\"ListItem\",\"position\":2,\"name\":\"Produits\",\"item\":\"https:\\\/\\\/fireware.nl\\\/fr\\\/produits\\\/\"},{\"@type\":\"ListItem\",\"position\":3,\"name\":\"Formation mise en sc\u00e8ne chez FireWare &#8211; inscription individuelle\"}]},{\"@type\":\"WebSite\",\"@id\":\"https:\\\/\\\/fireware.nl\\\/fr\\\/#website\",\"url\":\"https:\\\/\\\/fireware.nl\\\/fr\\\/\",\"name\":\"FireWare\",\"description\":\"CREATING REALISTIC  TRAINING ENVIRONMENTS\",\"publisher\":{\"@id\":\"https:\\\/\\\/fireware.nl\\\/fr\\\/#organization\"},\"potentialAction\":[{\"@type\":\"SearchAction\",\"target\":{\"@type\":\"EntryPoint\",\"urlTemplate\":\"https:\\\/\\\/fireware.nl\\\/fr\\\/?s={search_term_string}\"},\"query-input\":{\"@type\":\"PropertyValueSpecification\",\"valueRequired\":true,\"valueName\":\"search_term_string\"}}],\"inLanguage\":\"fr-FR\"},{\"@type\":\"Organization\",\"@id\":\"https:\\\/\\\/fireware.nl\\\/fr\\\/#organization\",\"name\":\"FireWare\",\"url\":\"https:\\\/\\\/fireware.nl\\\/fr\\\/\",\"logo\":{\"@type\":\"ImageObject\",\"inLanguage\":\"fr-FR\",\"@id\":\"https:\\\/\\\/fireware.nl\\\/fr\\\/#\\\/schema\\\/logo\\\/image\\\/\",\"url\":\"https:\\\/\\\/fireware.nl\\\/wp-content\\\/uploads\\\/2018\\\/10\\\/FireWare-logo.jpg\",\"contentUrl\":\"https:\\\/\\\/fireware.nl\\\/wp-content\\\/uploads\\\/2018\\\/10\\\/FireWare-logo.jpg\",\"width\":171,\"height\":70,\"caption\":\"FireWare\"},\"image\":{\"@id\":\"https:\\\/\\\/fireware.nl\\\/fr\\\/#\\\/schema\\\/logo\\\/image\\\/\"},\"sameAs\":[\"https:\\\/\\\/www.facebook.com\\\/FireWareBV\\\/\",\"https:\\\/\\\/x.com\\\/FireWarebv\",\"https:\\\/\\\/www.instagram.com\\\/fireware_nl\\\/\",\"https:\\\/\\\/www.linkedin.com\\\/company\\\/3586017\\\/\",\"https:\\\/\\\/www.youtube.com\\\/user\\\/firesalesrentconsult\"]}]}<\/script>\n<!-- \/ Yoast SEO plugin. -->","yoast_head_json":{"title":"Formation mise en sc\u00e8ne chez FireWare - inscription individuelle - FireWare","robots":{"index":"index","follow":"follow","max-snippet":"max-snippet:-1","max-image-preview":"max-image-preview:large","max-video-preview":"max-video-preview:-1"},"canonical":"https:\/\/fireware.nl\/fr\/product\/formation-mise-en-scene-chez-fireware-inscription-individuelle\/","og_locale":"fr_FR","og_type":"article","og_title":"Formation mise en sc\u00e8ne chez FireWare - inscription individuelle - FireWare","og_description":"L'organisation de la formation mise en sc\u00e8ne sur la base d'une inscription individuelle ;  V\u00e9rifiez les dates de formation dans l'agenda FireWare ;  Dispens\u00e9e dans le centre de formation FireWare bien \u00e9quip\u00e9 de Wieringerwerf ;  Toujours une formation qui correspond \u00e0 votre niveau actuel de connaissances et d'exp\u00e9rience.","og_url":"https:\/\/fireware.nl\/fr\/product\/formation-mise-en-scene-chez-fireware-inscription-individuelle\/","og_site_name":"FireWare","article_publisher":"https:\/\/www.facebook.com\/FireWareBV\/","article_modified_time":"2022-07-12T14:53:11+00:00","og_image":[{"width":800,"height":800,"url":"https:\/\/fireware.nl\/wp-content\/uploads\/2022\/07\/Ensceneringstraining-individuele-inschrijving-bij-FireWare.jpg","type":"image\/jpeg"}],"twitter_card":"summary_large_image","twitter_site":"@FireWarebv","twitter_misc":{"Dur\u00e9e de lecture estim\u00e9e":"3 minutes"},"schema":{"@context":"https:\/\/schema.org","@graph":[{"@type":"WebPage","@id":"https:\/\/fireware.nl\/fr\/product\/formation-mise-en-scene-chez-fireware-inscription-individuelle\/","url":"https:\/\/fireware.nl\/fr\/product\/formation-mise-en-scene-chez-fireware-inscription-individuelle\/","name":"Formation mise en sc\u00e8ne chez FireWare - inscription individuelle - FireWare","isPartOf":{"@id":"https:\/\/fireware.nl\/fr\/#website"},"primaryImageOfPage":{"@id":"https:\/\/fireware.nl\/fr\/product\/formation-mise-en-scene-chez-fireware-inscription-individuelle\/#primaryimage"},"image":{"@id":"https:\/\/fireware.nl\/fr\/product\/formation-mise-en-scene-chez-fireware-inscription-individuelle\/#primaryimage"},"thumbnailUrl":"https:\/\/fireware.nl\/wp-content\/uploads\/2022\/07\/Ensceneringstraining-individuele-inschrijving-bij-FireWare.jpg","datePublished":"2022-04-12T09:47:16+00:00","dateModified":"2022-07-12T14:53:11+00:00","breadcrumb":{"@id":"https:\/\/fireware.nl\/fr\/product\/formation-mise-en-scene-chez-fireware-inscription-individuelle\/#breadcrumb"},"inLanguage":"fr-FR","potentialAction":[{"@type":"ReadAction","target":["https:\/\/fireware.nl\/fr\/product\/formation-mise-en-scene-chez-fireware-inscription-individuelle\/"]}]},{"@type":"ImageObject","inLanguage":"fr-FR","@id":"https:\/\/fireware.nl\/fr\/product\/formation-mise-en-scene-chez-fireware-inscription-individuelle\/#primaryimage","url":"https:\/\/fireware.nl\/wp-content\/uploads\/2022\/07\/Ensceneringstraining-individuele-inschrijving-bij-FireWare.jpg","contentUrl":"https:\/\/fireware.nl\/wp-content\/uploads\/2022\/07\/Ensceneringstraining-individuele-inschrijving-bij-FireWare.jpg","width":800,"height":800},{"@type":"BreadcrumbList","@id":"https:\/\/fireware.nl\/fr\/product\/formation-mise-en-scene-chez-fireware-inscription-individuelle\/#breadcrumb","itemListElement":[{"@type":"ListItem","position":1,"name":"Home","item":"https:\/\/fireware.nl\/fr\/"},{"@type":"ListItem","position":2,"name":"Produits","item":"https:\/\/fireware.nl\/fr\/produits\/"},{"@type":"ListItem","position":3,"name":"Formation mise en sc\u00e8ne chez FireWare &#8211; inscription individuelle"}]},{"@type":"WebSite","@id":"https:\/\/fireware.nl\/fr\/#website","url":"https:\/\/fireware.nl\/fr\/","name":"FireWare","description":"CREATING REALISTIC  TRAINING ENVIRONMENTS","publisher":{"@id":"https:\/\/fireware.nl\/fr\/#organization"},"potentialAction":[{"@type":"SearchAction","target":{"@type":"EntryPoint","urlTemplate":"https:\/\/fireware.nl\/fr\/?s={search_term_string}"},"query-input":{"@type":"PropertyValueSpecification","valueRequired":true,"valueName":"search_term_string"}}],"inLanguage":"fr-FR"},{"@type":"Organization","@id":"https:\/\/fireware.nl\/fr\/#organization","name":"FireWare","url":"https:\/\/fireware.nl\/fr\/","logo":{"@type":"ImageObject","inLanguage":"fr-FR","@id":"https:\/\/fireware.nl\/fr\/#\/schema\/logo\/image\/","url":"https:\/\/fireware.nl\/wp-content\/uploads\/2018\/10\/FireWare-logo.jpg","contentUrl":"https:\/\/fireware.nl\/wp-content\/uploads\/2018\/10\/FireWare-logo.jpg","width":171,"height":70,"caption":"FireWare"},"image":{"@id":"https:\/\/fireware.nl\/fr\/#\/schema\/logo\/image\/"},"sameAs":["https:\/\/www.facebook.com\/FireWareBV\/","https:\/\/x.com\/FireWarebv","https:\/\/www.instagram.com\/fireware_nl\/","https:\/\/www.linkedin.com\/company\/3586017\/","https:\/\/www.youtube.com\/user\/firesalesrentconsult"]}]}},"publishpress_future_workflow_manual_trigger":{"enabledWorkflows":[]},"_links":{"self":[{"href":"https:\/\/fireware.nl\/fr\/wp-json\/wp\/v2\/product\/73699","targetHints":{"allow":["GET"]}}],"collection":[{"href":"https:\/\/fireware.nl\/fr\/wp-json\/wp\/v2\/product"}],"about":[{"href":"https:\/\/fireware.nl\/fr\/wp-json\/wp\/v2\/types\/product"}],"wp:featuredmedia":[{"embeddable":true,"href":"https:\/\/fireware.nl\/fr\/wp-json\/wp\/v2\/media\/73690"}],"wp:attachment":[{"href":"https:\/\/fireware.nl\/fr\/wp-json\/wp\/v2\/media?parent=73699"}],"wp:term":[{"taxonomy":"product_brand","embeddable":true,"href":"https:\/\/fireware.nl\/fr\/wp-json\/wp\/v2\/product_brand?post=73699"},{"taxonomy":"product_cat","embeddable":true,"href":"https:\/\/fireware.nl\/fr\/wp-json\/wp\/v2\/product_cat?post=73699"},{"taxonomy":"product_tag","embeddable":true,"href":"https:\/\/fireware.nl\/fr\/wp-json\/wp\/v2\/product_tag?post=73699"}],"curies":[{"name":"wp","href":"https:\/\/api.w.org\/{rel}","templated":true}]}}