
{"id":76556,"date":"2022-12-14T13:50:50","date_gmt":"2022-12-14T13:50:50","guid":{"rendered":"https:\/\/fireware.nl\/product\/cylindre-de-gaz-stand-alone-metal\/"},"modified":"2023-08-22T12:13:06","modified_gmt":"2023-08-22T12:13:06","slug":"cylindre-de-gaz-stand-alone-metal","status":"publish","type":"product","link":"https:\/\/fireware.nl\/fr\/product\/cylindre-de-gaz-stand-alone-metal\/","title":{"rendered":"Cylindre de gaz Stand-alone &#8211; m\u00e9tal"},"content":{"rendered":"<h2>Simulez en toute s\u00e9curit\u00e9 un feu \u00e0 gaz<\/h2>\n<p>Le Cylindre de Gaz Stand-Alone est un simulateur d&#8217;exercice enti\u00e8rement autonome de la s\u00e9rie Basic Fire, d&#8217;excellente qualit\u00e9 et destin\u00e9 aux petits budgets. Vous raccordez \u00e0 la bouteille de gaz en m\u00e9tal une vraie bouteille de gaz pour l&#8217;alimentation en gaz. Ensuite, vous pouvez allumer manuellement le Cylindre de Gaz Stand-Alone. La hauteur des flammes se r\u00e8gle en limitant l&#8217;alimentation en gaz de la vraie bouteille de gaz.<\/p>\n<p>Le participant au cours peut \u00e9teindre le Cylindre de Gaz Stand-Alone en refroidissant le cylindre par le biais d&#8217;un jet d&#8217;eau et en refermant le robinet du gaz.<\/p>\n","protected":false},"excerpt":{"rendered":"<ul>\n<li><strong>Note : d\u00e9sormais fabriqu\u00e9 en m\u00e9tal de haute qualit\u00e9.<\/strong><\/li>\n<li>Simulateur d\u2019exercice autonome pour l\u2019extinction d\u2019un incendie provoqu\u00e9 par du gaz.<\/li>\n<li>Ignition manuelle.<\/li>\n<li>Caisson en mati\u00e8re synth\u00e9tique inclus.<\/li>\n<li>Fabriqu\u00e9 en acier inoxydable de haute qualit\u00e9.<\/li>\n<li>Extinction avec de l\u2019eau.<\/li>\n<\/ul>\n","protected":false},"featured_media":76501,"template":"","meta":[],"product_brand":[],"product_cat":[70],"product_tag":[],"class_list":{"0":"post-76556","1":"product","2":"type-product","3":"status-publish","4":"has-post-thumbnail","6":"product_cat-simulateurs-dincendie","8":"first","9":"instock","10":"taxable","11":"shipping-taxable","12":"purchasable","13":"product-type-simple"},"yoast_head":"<!-- This site is optimized with the Yoast SEO plugin v27.5 - https:\/\/yoast.com\/product\/yoast-seo-wordpress\/ -->\n<title>Cylindre de gaz Stand-alone - m\u00e9tal - FireWare<\/title>\n<meta name=\"robots\" content=\"index, follow, max-snippet:-1, max-image-preview:large, max-video-preview:-1\" \/>\n<link rel=\"canonical\" href=\"https:\/\/fireware.nl\/fr\/product\/cylindre-de-gaz-stand-alone-metal\/\" \/>\n<meta property=\"og:locale\" content=\"fr_FR\" \/>\n<meta property=\"og:type\" content=\"article\" \/>\n<meta property=\"og:title\" content=\"Cylindre de gaz Stand-alone - m\u00e9tal - FireWare\" \/>\n<meta property=\"og:description\" content=\"Note : d\u00e9sormais fabriqu\u00e9 en m\u00e9tal de haute qualit\u00e9.  Simulateur d\u2019exercice autonome pour l\u2019extinction d\u2019un incendie provoqu\u00e9 par du gaz.  Ignition manuelle.  Caisson en mati\u00e8re synth\u00e9tique inclus.  Fabriqu\u00e9 en acier inoxydable de haute qualit\u00e9.  Extinction avec de l\u2019eau.\" \/>\n<meta property=\"og:url\" content=\"https:\/\/fireware.nl\/fr\/product\/cylindre-de-gaz-stand-alone-metal\/\" \/>\n<meta property=\"og:site_name\" content=\"FireWare\" \/>\n<meta property=\"article:publisher\" content=\"https:\/\/www.facebook.com\/FireWareBV\/\" \/>\n<meta property=\"article:modified_time\" content=\"2023-08-22T12:13:06+00:00\" \/>\n<meta property=\"og:image\" content=\"https:\/\/fireware.nl\/wp-content\/uploads\/2019\/01\/049-027-013-Stand-alone-Gas-Cylinder-001_web.jpg\" \/>\n\t<meta property=\"og:image:width\" content=\"600\" \/>\n\t<meta property=\"og:image:height\" content=\"600\" \/>\n\t<meta property=\"og:image:type\" content=\"image\/jpeg\" \/>\n<meta name=\"twitter:card\" content=\"summary_large_image\" \/>\n<meta name=\"twitter:site\" content=\"@FireWarebv\" \/>\n<meta name=\"twitter:label1\" content=\"Dur\u00e9e de lecture estim\u00e9e\" \/>\n\t<meta name=\"twitter:data1\" content=\"1 minute\" \/>\n<script type=\"application\/ld+json\" class=\"yoast-schema-graph\">{\"@context\":\"https:\\\/\\\/schema.org\",\"@graph\":[{\"@type\":\"WebPage\",\"@id\":\"https:\\\/\\\/fireware.nl\\\/fr\\\/product\\\/cylindre-de-gaz-stand-alone-metal\\\/\",\"url\":\"https:\\\/\\\/fireware.nl\\\/fr\\\/product\\\/cylindre-de-gaz-stand-alone-metal\\\/\",\"name\":\"Cylindre de gaz Stand-alone - m\u00e9tal - FireWare\",\"isPartOf\":{\"@id\":\"https:\\\/\\\/fireware.nl\\\/fr\\\/#website\"},\"primaryImageOfPage\":{\"@id\":\"https:\\\/\\\/fireware.nl\\\/fr\\\/product\\\/cylindre-de-gaz-stand-alone-metal\\\/#primaryimage\"},\"image\":{\"@id\":\"https:\\\/\\\/fireware.nl\\\/fr\\\/product\\\/cylindre-de-gaz-stand-alone-metal\\\/#primaryimage\"},\"thumbnailUrl\":\"https:\\\/\\\/fireware.nl\\\/wp-content\\\/uploads\\\/2019\\\/01\\\/049-027-013-Stand-alone-Gas-Cylinder-001_web.jpg\",\"datePublished\":\"2022-12-14T13:50:50+00:00\",\"dateModified\":\"2023-08-22T12:13:06+00:00\",\"breadcrumb\":{\"@id\":\"https:\\\/\\\/fireware.nl\\\/fr\\\/product\\\/cylindre-de-gaz-stand-alone-metal\\\/#breadcrumb\"},\"inLanguage\":\"fr-FR\",\"potentialAction\":[{\"@type\":\"ReadAction\",\"target\":[\"https:\\\/\\\/fireware.nl\\\/fr\\\/product\\\/cylindre-de-gaz-stand-alone-metal\\\/\"]}]},{\"@type\":\"ImageObject\",\"inLanguage\":\"fr-FR\",\"@id\":\"https:\\\/\\\/fireware.nl\\\/fr\\\/product\\\/cylindre-de-gaz-stand-alone-metal\\\/#primaryimage\",\"url\":\"https:\\\/\\\/fireware.nl\\\/wp-content\\\/uploads\\\/2019\\\/01\\\/049-027-013-Stand-alone-Gas-Cylinder-001_web.jpg\",\"contentUrl\":\"https:\\\/\\\/fireware.nl\\\/wp-content\\\/uploads\\\/2019\\\/01\\\/049-027-013-Stand-alone-Gas-Cylinder-001_web.jpg\",\"width\":600,\"height\":600},{\"@type\":\"BreadcrumbList\",\"@id\":\"https:\\\/\\\/fireware.nl\\\/fr\\\/product\\\/cylindre-de-gaz-stand-alone-metal\\\/#breadcrumb\",\"itemListElement\":[{\"@type\":\"ListItem\",\"position\":1,\"name\":\"Home\",\"item\":\"https:\\\/\\\/fireware.nl\\\/fr\\\/\"},{\"@type\":\"ListItem\",\"position\":2,\"name\":\"Produits\",\"item\":\"https:\\\/\\\/fireware.nl\\\/fr\\\/produits\\\/\"},{\"@type\":\"ListItem\",\"position\":3,\"name\":\"Cylindre de gaz Stand-alone &#8211; m\u00e9tal\"}]},{\"@type\":\"WebSite\",\"@id\":\"https:\\\/\\\/fireware.nl\\\/fr\\\/#website\",\"url\":\"https:\\\/\\\/fireware.nl\\\/fr\\\/\",\"name\":\"FireWare\",\"description\":\"CREATING REALISTIC  TRAINING ENVIRONMENTS\",\"publisher\":{\"@id\":\"https:\\\/\\\/fireware.nl\\\/fr\\\/#organization\"},\"potentialAction\":[{\"@type\":\"SearchAction\",\"target\":{\"@type\":\"EntryPoint\",\"urlTemplate\":\"https:\\\/\\\/fireware.nl\\\/fr\\\/?s={search_term_string}\"},\"query-input\":{\"@type\":\"PropertyValueSpecification\",\"valueRequired\":true,\"valueName\":\"search_term_string\"}}],\"inLanguage\":\"fr-FR\"},{\"@type\":\"Organization\",\"@id\":\"https:\\\/\\\/fireware.nl\\\/fr\\\/#organization\",\"name\":\"FireWare\",\"url\":\"https:\\\/\\\/fireware.nl\\\/fr\\\/\",\"logo\":{\"@type\":\"ImageObject\",\"inLanguage\":\"fr-FR\",\"@id\":\"https:\\\/\\\/fireware.nl\\\/fr\\\/#\\\/schema\\\/logo\\\/image\\\/\",\"url\":\"https:\\\/\\\/fireware.nl\\\/wp-content\\\/uploads\\\/2018\\\/10\\\/FireWare-logo.jpg\",\"contentUrl\":\"https:\\\/\\\/fireware.nl\\\/wp-content\\\/uploads\\\/2018\\\/10\\\/FireWare-logo.jpg\",\"width\":171,\"height\":70,\"caption\":\"FireWare\"},\"image\":{\"@id\":\"https:\\\/\\\/fireware.nl\\\/fr\\\/#\\\/schema\\\/logo\\\/image\\\/\"},\"sameAs\":[\"https:\\\/\\\/www.facebook.com\\\/FireWareBV\\\/\",\"https:\\\/\\\/x.com\\\/FireWarebv\",\"https:\\\/\\\/www.instagram.com\\\/fireware_nl\\\/\",\"https:\\\/\\\/www.linkedin.com\\\/company\\\/3586017\\\/\",\"https:\\\/\\\/www.youtube.com\\\/user\\\/firesalesrentconsult\"]}]}<\/script>\n<!-- \/ Yoast SEO plugin. -->","yoast_head_json":{"title":"Cylindre de gaz Stand-alone - m\u00e9tal - FireWare","robots":{"index":"index","follow":"follow","max-snippet":"max-snippet:-1","max-image-preview":"max-image-preview:large","max-video-preview":"max-video-preview:-1"},"canonical":"https:\/\/fireware.nl\/fr\/product\/cylindre-de-gaz-stand-alone-metal\/","og_locale":"fr_FR","og_type":"article","og_title":"Cylindre de gaz Stand-alone - m\u00e9tal - FireWare","og_description":"Note : d\u00e9sormais fabriqu\u00e9 en m\u00e9tal de haute qualit\u00e9.  Simulateur d\u2019exercice autonome pour l\u2019extinction d\u2019un incendie provoqu\u00e9 par du gaz.  Ignition manuelle.  Caisson en mati\u00e8re synth\u00e9tique inclus.  Fabriqu\u00e9 en acier inoxydable de haute qualit\u00e9.  Extinction avec de l\u2019eau.","og_url":"https:\/\/fireware.nl\/fr\/product\/cylindre-de-gaz-stand-alone-metal\/","og_site_name":"FireWare","article_publisher":"https:\/\/www.facebook.com\/FireWareBV\/","article_modified_time":"2023-08-22T12:13:06+00:00","og_image":[{"width":600,"height":600,"url":"https:\/\/fireware.nl\/wp-content\/uploads\/2019\/01\/049-027-013-Stand-alone-Gas-Cylinder-001_web.jpg","type":"image\/jpeg"}],"twitter_card":"summary_large_image","twitter_site":"@FireWarebv","twitter_misc":{"Dur\u00e9e de lecture estim\u00e9e":"1 minute"},"schema":{"@context":"https:\/\/schema.org","@graph":[{"@type":"WebPage","@id":"https:\/\/fireware.nl\/fr\/product\/cylindre-de-gaz-stand-alone-metal\/","url":"https:\/\/fireware.nl\/fr\/product\/cylindre-de-gaz-stand-alone-metal\/","name":"Cylindre de gaz Stand-alone - m\u00e9tal - FireWare","isPartOf":{"@id":"https:\/\/fireware.nl\/fr\/#website"},"primaryImageOfPage":{"@id":"https:\/\/fireware.nl\/fr\/product\/cylindre-de-gaz-stand-alone-metal\/#primaryimage"},"image":{"@id":"https:\/\/fireware.nl\/fr\/product\/cylindre-de-gaz-stand-alone-metal\/#primaryimage"},"thumbnailUrl":"https:\/\/fireware.nl\/wp-content\/uploads\/2019\/01\/049-027-013-Stand-alone-Gas-Cylinder-001_web.jpg","datePublished":"2022-12-14T13:50:50+00:00","dateModified":"2023-08-22T12:13:06+00:00","breadcrumb":{"@id":"https:\/\/fireware.nl\/fr\/product\/cylindre-de-gaz-stand-alone-metal\/#breadcrumb"},"inLanguage":"fr-FR","potentialAction":[{"@type":"ReadAction","target":["https:\/\/fireware.nl\/fr\/product\/cylindre-de-gaz-stand-alone-metal\/"]}]},{"@type":"ImageObject","inLanguage":"fr-FR","@id":"https:\/\/fireware.nl\/fr\/product\/cylindre-de-gaz-stand-alone-metal\/#primaryimage","url":"https:\/\/fireware.nl\/wp-content\/uploads\/2019\/01\/049-027-013-Stand-alone-Gas-Cylinder-001_web.jpg","contentUrl":"https:\/\/fireware.nl\/wp-content\/uploads\/2019\/01\/049-027-013-Stand-alone-Gas-Cylinder-001_web.jpg","width":600,"height":600},{"@type":"BreadcrumbList","@id":"https:\/\/fireware.nl\/fr\/product\/cylindre-de-gaz-stand-alone-metal\/#breadcrumb","itemListElement":[{"@type":"ListItem","position":1,"name":"Home","item":"https:\/\/fireware.nl\/fr\/"},{"@type":"ListItem","position":2,"name":"Produits","item":"https:\/\/fireware.nl\/fr\/produits\/"},{"@type":"ListItem","position":3,"name":"Cylindre de gaz Stand-alone &#8211; m\u00e9tal"}]},{"@type":"WebSite","@id":"https:\/\/fireware.nl\/fr\/#website","url":"https:\/\/fireware.nl\/fr\/","name":"FireWare","description":"CREATING REALISTIC  TRAINING ENVIRONMENTS","publisher":{"@id":"https:\/\/fireware.nl\/fr\/#organization"},"potentialAction":[{"@type":"SearchAction","target":{"@type":"EntryPoint","urlTemplate":"https:\/\/fireware.nl\/fr\/?s={search_term_string}"},"query-input":{"@type":"PropertyValueSpecification","valueRequired":true,"valueName":"search_term_string"}}],"inLanguage":"fr-FR"},{"@type":"Organization","@id":"https:\/\/fireware.nl\/fr\/#organization","name":"FireWare","url":"https:\/\/fireware.nl\/fr\/","logo":{"@type":"ImageObject","inLanguage":"fr-FR","@id":"https:\/\/fireware.nl\/fr\/#\/schema\/logo\/image\/","url":"https:\/\/fireware.nl\/wp-content\/uploads\/2018\/10\/FireWare-logo.jpg","contentUrl":"https:\/\/fireware.nl\/wp-content\/uploads\/2018\/10\/FireWare-logo.jpg","width":171,"height":70,"caption":"FireWare"},"image":{"@id":"https:\/\/fireware.nl\/fr\/#\/schema\/logo\/image\/"},"sameAs":["https:\/\/www.facebook.com\/FireWareBV\/","https:\/\/x.com\/FireWarebv","https:\/\/www.instagram.com\/fireware_nl\/","https:\/\/www.linkedin.com\/company\/3586017\/","https:\/\/www.youtube.com\/user\/firesalesrentconsult"]}]}},"publishpress_future_workflow_manual_trigger":{"enabledWorkflows":[]},"_links":{"self":[{"href":"https:\/\/fireware.nl\/fr\/wp-json\/wp\/v2\/product\/76556","targetHints":{"allow":["GET"]}}],"collection":[{"href":"https:\/\/fireware.nl\/fr\/wp-json\/wp\/v2\/product"}],"about":[{"href":"https:\/\/fireware.nl\/fr\/wp-json\/wp\/v2\/types\/product"}],"wp:featuredmedia":[{"embeddable":true,"href":"https:\/\/fireware.nl\/fr\/wp-json\/wp\/v2\/media\/76501"}],"wp:attachment":[{"href":"https:\/\/fireware.nl\/fr\/wp-json\/wp\/v2\/media?parent=76556"}],"wp:term":[{"taxonomy":"product_brand","embeddable":true,"href":"https:\/\/fireware.nl\/fr\/wp-json\/wp\/v2\/product_brand?post=76556"},{"taxonomy":"product_cat","embeddable":true,"href":"https:\/\/fireware.nl\/fr\/wp-json\/wp\/v2\/product_cat?post=76556"},{"taxonomy":"product_tag","embeddable":true,"href":"https:\/\/fireware.nl\/fr\/wp-json\/wp\/v2\/product_tag?post=76556"}],"curies":[{"name":"wp","href":"https:\/\/api.w.org\/{rel}","templated":true}]}}