
{"id":80476,"date":"2019-01-17T14:11:46","date_gmt":"2019-01-17T14:11:46","guid":{"rendered":"https:\/\/fireware.nl\/product\/chargeur-batterie-generateur-fumee-batterie-cirrus\/"},"modified":"2023-05-26T14:11:46","modified_gmt":"2023-05-26T14:11:46","slug":"chargeur-batterie-generateur-fumee-batterie-cirrus","status":"publish","type":"product","link":"https:\/\/fireware.nl\/fr\/product\/chargeur-batterie-generateur-fumee-batterie-cirrus\/","title":{"rendered":"Chargeur de batterie pour le g\u00e9n\u00e9rateur de fum\u00e9e sur batterie Cirrus"},"content":{"rendered":"<p>Ce chargeur de batterie est compatible avec <a href=\"https:\/\/fireware.nl\/fr\/produit\/generateur-de-fumee-sur-batterie-cirrus\/\" target=\"_blank\" rel=\"noopener\">le g\u00e9n\u00e9rateur de fum\u00e9e sur batterie Cirrus<\/a> et peut \u00eatre utilis\u00e9 comme un chargeur suppl\u00e9mentaire, vous offrant la flexibilit\u00e9 de charger simultan\u00e9ment dans plusieurs endroits. Vous pouvez \u00e9galement utiliser le chargeur pour recharger votre batterie suppl\u00e9mentaire.<\/p>\n<p>Le chargeur est livr\u00e9 avec une prise EU pour une compatibilit\u00e9 \u00e9tendue. Cela assure une commodit\u00e9, vous permettant de connecter facilement le chargeur \u00e0 diff\u00e9rents endroits !<\/p>\n","protected":false},"excerpt":{"rendered":"<ul>\n<li>Uniquement adapt\u00e9 \u00e0 <a href=\"https:\/\/fireware.nl\/fr\/produit\/generateur-de-fumee-sur-batterie-cirrus\/\" target=\"_blank\" rel=\"noopener\">le g\u00e9n\u00e9rateur de fum\u00e9e sur batterie Cirrus<\/a> ;<\/li>\n<li>Pratique lorsqu&#8217;il est utilis\u00e9 avec une batterie suppl\u00e9mentaire ou comme chargeur suppl\u00e9mentaire dans un autre endroit ;<\/li>\n<li>\u00c9quip\u00e9 d&#8217;une prise EU pour une compatibilit\u00e9 \u00e9tendue ;<\/li>\n<li>Offre une charge rapide, permettant \u00e0 vos batteries d&#8217;\u00eatre pr\u00eates \u00e0 l&#8217;emploi rapidement et r\u00e9duisant le temps d&#8217;attente ;<\/li>\n<li>Le chargeur est con\u00e7u pour \u00eatre compact et facile \u00e0 transporter, vous permettant de charger la ou les batteries n&#8217;importe o\u00f9.<\/li>\n<\/ul>\n","protected":false},"featured_media":80222,"template":"","meta":[],"product_brand":[],"product_cat":[82],"product_tag":[],"class_list":{"0":"post-80476","1":"product","2":"type-product","3":"status-publish","4":"has-post-thumbnail","6":"product_cat-supplements-pour-generateurs-de-fumee","8":"first","9":"instock","10":"taxable","11":"shipping-taxable","12":"purchasable","13":"product-type-simple"},"yoast_head":"<!-- This site is optimized with the Yoast SEO plugin v27.5 - https:\/\/yoast.com\/product\/yoast-seo-wordpress\/ -->\n<title>Chargeur de batterie pour le g\u00e9n\u00e9rateur de fum\u00e9e sur batterie Cirrus - FireWare<\/title>\n<meta name=\"robots\" content=\"index, follow, max-snippet:-1, max-image-preview:large, max-video-preview:-1\" \/>\n<link rel=\"canonical\" href=\"https:\/\/fireware.nl\/fr\/product\/chargeur-batterie-generateur-fumee-batterie-cirrus\/\" \/>\n<meta property=\"og:locale\" content=\"fr_FR\" \/>\n<meta property=\"og:type\" content=\"article\" \/>\n<meta property=\"og:title\" content=\"Chargeur de batterie pour le g\u00e9n\u00e9rateur de fum\u00e9e sur batterie Cirrus - FireWare\" \/>\n<meta property=\"og:description\" content=\"Uniquement adapt\u00e9 \u00e0 le g\u00e9n\u00e9rateur de fum\u00e9e sur batterie Cirrus ;  Pratique lorsqu&#039;il est utilis\u00e9 avec une batterie suppl\u00e9mentaire ou comme chargeur suppl\u00e9mentaire dans un autre endroit ;  \u00c9quip\u00e9 d&#039;une prise EU pour une compatibilit\u00e9 \u00e9tendue ;  Offre une charge rapide, permettant \u00e0 vos batteries d&#039;\u00eatre pr\u00eates \u00e0 l&#039;emploi rapidement et r\u00e9duisant le temps d&#039;attente ;  Le chargeur est con\u00e7u pour \u00eatre compact et facile \u00e0 transporter, vous permettant de charger la ou les batteries n&#039;importe o\u00f9.\" \/>\n<meta property=\"og:url\" content=\"https:\/\/fireware.nl\/fr\/product\/chargeur-batterie-generateur-fumee-batterie-cirrus\/\" \/>\n<meta property=\"og:site_name\" content=\"FireWare\" \/>\n<meta property=\"article:publisher\" content=\"https:\/\/www.facebook.com\/FireWareBV\/\" \/>\n<meta property=\"article:modified_time\" content=\"2023-05-26T14:11:46+00:00\" \/>\n<meta property=\"og:image\" content=\"https:\/\/fireware.nl\/wp-content\/uploads\/2023\/05\/20230526_Accu-lader-voor-Cirrus-1.jpg\" \/>\n\t<meta property=\"og:image:width\" content=\"600\" \/>\n\t<meta property=\"og:image:height\" content=\"600\" \/>\n\t<meta property=\"og:image:type\" content=\"image\/jpeg\" \/>\n<meta name=\"twitter:card\" content=\"summary_large_image\" \/>\n<meta name=\"twitter:site\" content=\"@FireWarebv\" \/>\n<script type=\"application\/ld+json\" class=\"yoast-schema-graph\">{\"@context\":\"https:\\\/\\\/schema.org\",\"@graph\":[{\"@type\":\"WebPage\",\"@id\":\"https:\\\/\\\/fireware.nl\\\/fr\\\/product\\\/chargeur-batterie-generateur-fumee-batterie-cirrus\\\/\",\"url\":\"https:\\\/\\\/fireware.nl\\\/fr\\\/product\\\/chargeur-batterie-generateur-fumee-batterie-cirrus\\\/\",\"name\":\"Chargeur de batterie pour le g\u00e9n\u00e9rateur de fum\u00e9e sur batterie Cirrus - FireWare\",\"isPartOf\":{\"@id\":\"https:\\\/\\\/fireware.nl\\\/fr\\\/#website\"},\"primaryImageOfPage\":{\"@id\":\"https:\\\/\\\/fireware.nl\\\/fr\\\/product\\\/chargeur-batterie-generateur-fumee-batterie-cirrus\\\/#primaryimage\"},\"image\":{\"@id\":\"https:\\\/\\\/fireware.nl\\\/fr\\\/product\\\/chargeur-batterie-generateur-fumee-batterie-cirrus\\\/#primaryimage\"},\"thumbnailUrl\":\"https:\\\/\\\/fireware.nl\\\/wp-content\\\/uploads\\\/2023\\\/05\\\/20230526_Accu-lader-voor-Cirrus-1.jpg\",\"datePublished\":\"2019-01-17T14:11:46+00:00\",\"dateModified\":\"2023-05-26T14:11:46+00:00\",\"breadcrumb\":{\"@id\":\"https:\\\/\\\/fireware.nl\\\/fr\\\/product\\\/chargeur-batterie-generateur-fumee-batterie-cirrus\\\/#breadcrumb\"},\"inLanguage\":\"fr-FR\",\"potentialAction\":[{\"@type\":\"ReadAction\",\"target\":[\"https:\\\/\\\/fireware.nl\\\/fr\\\/product\\\/chargeur-batterie-generateur-fumee-batterie-cirrus\\\/\"]}]},{\"@type\":\"ImageObject\",\"inLanguage\":\"fr-FR\",\"@id\":\"https:\\\/\\\/fireware.nl\\\/fr\\\/product\\\/chargeur-batterie-generateur-fumee-batterie-cirrus\\\/#primaryimage\",\"url\":\"https:\\\/\\\/fireware.nl\\\/wp-content\\\/uploads\\\/2023\\\/05\\\/20230526_Accu-lader-voor-Cirrus-1.jpg\",\"contentUrl\":\"https:\\\/\\\/fireware.nl\\\/wp-content\\\/uploads\\\/2023\\\/05\\\/20230526_Accu-lader-voor-Cirrus-1.jpg\",\"width\":600,\"height\":600},{\"@type\":\"BreadcrumbList\",\"@id\":\"https:\\\/\\\/fireware.nl\\\/fr\\\/product\\\/chargeur-batterie-generateur-fumee-batterie-cirrus\\\/#breadcrumb\",\"itemListElement\":[{\"@type\":\"ListItem\",\"position\":1,\"name\":\"Home\",\"item\":\"https:\\\/\\\/fireware.nl\\\/fr\\\/\"},{\"@type\":\"ListItem\",\"position\":2,\"name\":\"Produits\",\"item\":\"https:\\\/\\\/fireware.nl\\\/fr\\\/produits\\\/\"},{\"@type\":\"ListItem\",\"position\":3,\"name\":\"Chargeur de batterie pour le g\u00e9n\u00e9rateur de fum\u00e9e sur batterie Cirrus\"}]},{\"@type\":\"WebSite\",\"@id\":\"https:\\\/\\\/fireware.nl\\\/fr\\\/#website\",\"url\":\"https:\\\/\\\/fireware.nl\\\/fr\\\/\",\"name\":\"FireWare\",\"description\":\"CREATING REALISTIC  TRAINING ENVIRONMENTS\",\"publisher\":{\"@id\":\"https:\\\/\\\/fireware.nl\\\/fr\\\/#organization\"},\"potentialAction\":[{\"@type\":\"SearchAction\",\"target\":{\"@type\":\"EntryPoint\",\"urlTemplate\":\"https:\\\/\\\/fireware.nl\\\/fr\\\/?s={search_term_string}\"},\"query-input\":{\"@type\":\"PropertyValueSpecification\",\"valueRequired\":true,\"valueName\":\"search_term_string\"}}],\"inLanguage\":\"fr-FR\"},{\"@type\":\"Organization\",\"@id\":\"https:\\\/\\\/fireware.nl\\\/fr\\\/#organization\",\"name\":\"FireWare\",\"url\":\"https:\\\/\\\/fireware.nl\\\/fr\\\/\",\"logo\":{\"@type\":\"ImageObject\",\"inLanguage\":\"fr-FR\",\"@id\":\"https:\\\/\\\/fireware.nl\\\/fr\\\/#\\\/schema\\\/logo\\\/image\\\/\",\"url\":\"https:\\\/\\\/fireware.nl\\\/wp-content\\\/uploads\\\/2018\\\/10\\\/FireWare-logo.jpg\",\"contentUrl\":\"https:\\\/\\\/fireware.nl\\\/wp-content\\\/uploads\\\/2018\\\/10\\\/FireWare-logo.jpg\",\"width\":171,\"height\":70,\"caption\":\"FireWare\"},\"image\":{\"@id\":\"https:\\\/\\\/fireware.nl\\\/fr\\\/#\\\/schema\\\/logo\\\/image\\\/\"},\"sameAs\":[\"https:\\\/\\\/www.facebook.com\\\/FireWareBV\\\/\",\"https:\\\/\\\/x.com\\\/FireWarebv\",\"https:\\\/\\\/www.instagram.com\\\/fireware_nl\\\/\",\"https:\\\/\\\/www.linkedin.com\\\/company\\\/3586017\\\/\",\"https:\\\/\\\/www.youtube.com\\\/user\\\/firesalesrentconsult\"]}]}<\/script>\n<!-- \/ Yoast SEO plugin. -->","yoast_head_json":{"title":"Chargeur de batterie pour le g\u00e9n\u00e9rateur de fum\u00e9e sur batterie Cirrus - FireWare","robots":{"index":"index","follow":"follow","max-snippet":"max-snippet:-1","max-image-preview":"max-image-preview:large","max-video-preview":"max-video-preview:-1"},"canonical":"https:\/\/fireware.nl\/fr\/product\/chargeur-batterie-generateur-fumee-batterie-cirrus\/","og_locale":"fr_FR","og_type":"article","og_title":"Chargeur de batterie pour le g\u00e9n\u00e9rateur de fum\u00e9e sur batterie Cirrus - FireWare","og_description":"Uniquement adapt\u00e9 \u00e0 le g\u00e9n\u00e9rateur de fum\u00e9e sur batterie Cirrus ;  Pratique lorsqu'il est utilis\u00e9 avec une batterie suppl\u00e9mentaire ou comme chargeur suppl\u00e9mentaire dans un autre endroit ;  \u00c9quip\u00e9 d'une prise EU pour une compatibilit\u00e9 \u00e9tendue ;  Offre une charge rapide, permettant \u00e0 vos batteries d'\u00eatre pr\u00eates \u00e0 l'emploi rapidement et r\u00e9duisant le temps d'attente ;  Le chargeur est con\u00e7u pour \u00eatre compact et facile \u00e0 transporter, vous permettant de charger la ou les batteries n'importe o\u00f9.","og_url":"https:\/\/fireware.nl\/fr\/product\/chargeur-batterie-generateur-fumee-batterie-cirrus\/","og_site_name":"FireWare","article_publisher":"https:\/\/www.facebook.com\/FireWareBV\/","article_modified_time":"2023-05-26T14:11:46+00:00","og_image":[{"width":600,"height":600,"url":"https:\/\/fireware.nl\/wp-content\/uploads\/2023\/05\/20230526_Accu-lader-voor-Cirrus-1.jpg","type":"image\/jpeg"}],"twitter_card":"summary_large_image","twitter_site":"@FireWarebv","schema":{"@context":"https:\/\/schema.org","@graph":[{"@type":"WebPage","@id":"https:\/\/fireware.nl\/fr\/product\/chargeur-batterie-generateur-fumee-batterie-cirrus\/","url":"https:\/\/fireware.nl\/fr\/product\/chargeur-batterie-generateur-fumee-batterie-cirrus\/","name":"Chargeur de batterie pour le g\u00e9n\u00e9rateur de fum\u00e9e sur batterie Cirrus - FireWare","isPartOf":{"@id":"https:\/\/fireware.nl\/fr\/#website"},"primaryImageOfPage":{"@id":"https:\/\/fireware.nl\/fr\/product\/chargeur-batterie-generateur-fumee-batterie-cirrus\/#primaryimage"},"image":{"@id":"https:\/\/fireware.nl\/fr\/product\/chargeur-batterie-generateur-fumee-batterie-cirrus\/#primaryimage"},"thumbnailUrl":"https:\/\/fireware.nl\/wp-content\/uploads\/2023\/05\/20230526_Accu-lader-voor-Cirrus-1.jpg","datePublished":"2019-01-17T14:11:46+00:00","dateModified":"2023-05-26T14:11:46+00:00","breadcrumb":{"@id":"https:\/\/fireware.nl\/fr\/product\/chargeur-batterie-generateur-fumee-batterie-cirrus\/#breadcrumb"},"inLanguage":"fr-FR","potentialAction":[{"@type":"ReadAction","target":["https:\/\/fireware.nl\/fr\/product\/chargeur-batterie-generateur-fumee-batterie-cirrus\/"]}]},{"@type":"ImageObject","inLanguage":"fr-FR","@id":"https:\/\/fireware.nl\/fr\/product\/chargeur-batterie-generateur-fumee-batterie-cirrus\/#primaryimage","url":"https:\/\/fireware.nl\/wp-content\/uploads\/2023\/05\/20230526_Accu-lader-voor-Cirrus-1.jpg","contentUrl":"https:\/\/fireware.nl\/wp-content\/uploads\/2023\/05\/20230526_Accu-lader-voor-Cirrus-1.jpg","width":600,"height":600},{"@type":"BreadcrumbList","@id":"https:\/\/fireware.nl\/fr\/product\/chargeur-batterie-generateur-fumee-batterie-cirrus\/#breadcrumb","itemListElement":[{"@type":"ListItem","position":1,"name":"Home","item":"https:\/\/fireware.nl\/fr\/"},{"@type":"ListItem","position":2,"name":"Produits","item":"https:\/\/fireware.nl\/fr\/produits\/"},{"@type":"ListItem","position":3,"name":"Chargeur de batterie pour le g\u00e9n\u00e9rateur de fum\u00e9e sur batterie Cirrus"}]},{"@type":"WebSite","@id":"https:\/\/fireware.nl\/fr\/#website","url":"https:\/\/fireware.nl\/fr\/","name":"FireWare","description":"CREATING REALISTIC  TRAINING ENVIRONMENTS","publisher":{"@id":"https:\/\/fireware.nl\/fr\/#organization"},"potentialAction":[{"@type":"SearchAction","target":{"@type":"EntryPoint","urlTemplate":"https:\/\/fireware.nl\/fr\/?s={search_term_string}"},"query-input":{"@type":"PropertyValueSpecification","valueRequired":true,"valueName":"search_term_string"}}],"inLanguage":"fr-FR"},{"@type":"Organization","@id":"https:\/\/fireware.nl\/fr\/#organization","name":"FireWare","url":"https:\/\/fireware.nl\/fr\/","logo":{"@type":"ImageObject","inLanguage":"fr-FR","@id":"https:\/\/fireware.nl\/fr\/#\/schema\/logo\/image\/","url":"https:\/\/fireware.nl\/wp-content\/uploads\/2018\/10\/FireWare-logo.jpg","contentUrl":"https:\/\/fireware.nl\/wp-content\/uploads\/2018\/10\/FireWare-logo.jpg","width":171,"height":70,"caption":"FireWare"},"image":{"@id":"https:\/\/fireware.nl\/fr\/#\/schema\/logo\/image\/"},"sameAs":["https:\/\/www.facebook.com\/FireWareBV\/","https:\/\/x.com\/FireWarebv","https:\/\/www.instagram.com\/fireware_nl\/","https:\/\/www.linkedin.com\/company\/3586017\/","https:\/\/www.youtube.com\/user\/firesalesrentconsult"]}]}},"publishpress_future_workflow_manual_trigger":{"enabledWorkflows":[]},"_links":{"self":[{"href":"https:\/\/fireware.nl\/fr\/wp-json\/wp\/v2\/product\/80476","targetHints":{"allow":["GET"]}}],"collection":[{"href":"https:\/\/fireware.nl\/fr\/wp-json\/wp\/v2\/product"}],"about":[{"href":"https:\/\/fireware.nl\/fr\/wp-json\/wp\/v2\/types\/product"}],"wp:featuredmedia":[{"embeddable":true,"href":"https:\/\/fireware.nl\/fr\/wp-json\/wp\/v2\/media\/80222"}],"wp:attachment":[{"href":"https:\/\/fireware.nl\/fr\/wp-json\/wp\/v2\/media?parent=80476"}],"wp:term":[{"taxonomy":"product_brand","embeddable":true,"href":"https:\/\/fireware.nl\/fr\/wp-json\/wp\/v2\/product_brand?post=80476"},{"taxonomy":"product_cat","embeddable":true,"href":"https:\/\/fireware.nl\/fr\/wp-json\/wp\/v2\/product_cat?post=80476"},{"taxonomy":"product_tag","embeddable":true,"href":"https:\/\/fireware.nl\/fr\/wp-json\/wp\/v2\/product_tag?post=80476"}],"curies":[{"name":"wp","href":"https:\/\/api.w.org\/{rel}","templated":true}]}}