
{"id":80860,"date":"2023-06-12T11:41:47","date_gmt":"2023-06-12T11:41:47","guid":{"rendered":"https:\/\/fireware.nl\/?post_type=product&#038;p=80860"},"modified":"2026-01-23T14:42:25","modified_gmt":"2026-01-23T14:42:25","slug":"demo-set-rookvloeistoffen","status":"publish","type":"product","link":"https:\/\/fireware.nl\/fr\/product\/paquet-d-echantillons-de-liquide-de-fumee\/","title":{"rendered":"Paquet d&#8217;\u00e9chantillons de liquide de fum\u00e9e"},"content":{"rendered":"\r\n<h2>Paquet d&#8217;\u00e9chantillons de liquide de fum\u00e9e<\/h2>\r\n<p>Les liquides de fum\u00e9e ont un impact consid\u00e9rable sur l&#8217;effet de fum\u00e9e lors d&#8217;un exercice ! Mais comment \u00eatre s\u00fbr quel liquide de fum\u00e9e, combin\u00e9 \u00e0 votre machine \u00e0 fum\u00e9e, offre la simulation la plus r\u00e9aliste ? La meilleure fa\u00e7on de le d\u00e9couvrir ? Exp\u00e9rimenter !<\/p>\r\n<p>C&#8217;est pourquoi nous avons inclus un Paquet d&#8217;\u00e9chantillons de liquides de fum\u00e9e dans notre gamme ! Il se compose de :<\/p>\r\n<ul>\r\n<li>5 litres Liquide fumig\u00e8ne exercice d&#8217;incendie<\/li>\r\n<li>5 litres Liquide fumig\u00e8ne Pompiers universel<\/li>\r\n<li>5 litres Liquide fumig\u00e8ne Pompiers intensif<\/li>\r\n<li>5 litres Liquide fumig\u00e8ne Pompiers extr\u00eame<\/li>\r\n<\/ul>\r\n<p>Saviez-vous que vous pouvez \u00e9galement m\u00e9langer ces liquides de fum\u00e9e pour cr\u00e9er le m\u00e9lange parfait pour votre exercice ou simulation ?<\/p>\r\n<p>Bien que ces liquides de fum\u00e9e aient \u00e9t\u00e9 sp\u00e9cialement d\u00e9velopp\u00e9s pour \u00eatre utilis\u00e9s avec les machines \u00e0 fum\u00e9e FireWare <a href=\"https:\/\/fireware.nl\/fr\/produit\/generateur-de-fumee-cumulus\/\" target=\"_blank\" rel=\"noopener\">Cumulus<\/a>, <a href=\"https:\/\/fireware.nl\/fr\/produit\/generateur-de-fumee-stratus\/\" target=\"_blank\" rel=\"noopener\">Stratus<\/a> et <a href=\"https:\/\/fireware.nl\/fr\/produit\/generateur-de-fumee-nimbo\/\" target=\"_blank\" rel=\"noopener\">Nimbo<\/a>, ils conviennent \u00e0 toutes les machines \u00e0 fum\u00e9e fonctionnant \u00e0 base d&#8217;eau-glycol. Bien entendu, ces liquides de fum\u00e9e ont \u00e9t\u00e9 \u00e9labor\u00e9s avec les ingr\u00e9dients les plus purs.<\/p>\r\n<p>Ces liquides de fum\u00e9e ont \u00e9t\u00e9 d\u00e9velopp\u00e9s en tenant compte des souhaits et des exigences des intervenants d&#8217;urgence. Alors qu&#8217;un liquide de fum\u00e9e utilis\u00e9 dans l&#8217;industrie du divertissement se dissipe rapidement pour rendre les faisceaux de lumi\u00e8re bien visibles, la fum\u00e9e produite par ces liquides de fum\u00e9e reste beaucoup plus dense, simulant ainsi une v\u00e9ritable situation de fum\u00e9e.<\/p>\r\n<p>Vous souhaitez donc vraiment faire un pas en avant dans votre exp\u00e9rience de fum\u00e9e lors d&#8217;un exercice ? Lancez-vous dans l&#8217;exp\u00e9rimentation avec cet Paquet d&#8217;\u00e9chantillons des meilleurs liquides de fum\u00e9e pour le secteur des secours !<\/p>\r\n<h2><!--StartFragment -->Regarder la vid\u00e9o<!--EndFragment --><\/h2>\r\n<p><iframe loading=\"lazy\" src=\"https:\/\/player.vimeo.com\/video\/852635152?hl=en&amp;cc_lang_pref=en&amp;cc_load_policy=1\" width=\"560\" height=\"315\" frameborder=\"0\" allowfullscreen=\"allowfullscreen\"><\/iframe> <iframe loading=\"lazy\" src=\"https:\/\/player.vimeo.com\/video\/852634940?hl=en&amp;cc_lang_pref=en&amp;cc_load_policy=1\" width=\"560\" height=\"315\" frameborder=\"0\" allowfullscreen=\"allowfullscreen\"><\/iframe> <a href=\"https:\/\/fireware.nl\/fr\/smoke-fluids-service-portal\/\" target=\"_blank\" rel=\"noopener\"> D\u00e9couvrez plus de vid\u00e9os sur le liquide fumig\u00e8ne <\/a><\/p>\r\n","protected":false},"excerpt":{"rendered":"<ul>\n<li>Paquet d&#8217;\u00e9chantillons des 4 fluides de fum\u00e9e les plus couramment utilis\u00e9s par les intervenants d&#8217;urgence;<\/li>\n<li>Le fluide appropri\u00e9 pour chaque exercice;<\/li>\n<li>Compatible avec toutes les machines \u00e0 fum\u00e9e \u00e0 base d&#8217;eau-glycol;<\/li>\n<li>Trouvez l&#8217;effet de fum\u00e9e le plus r\u00e9aliste pour votre situation d&#8217;entra\u00eenement Peut \u00eatre m\u00e9lang\u00e9 pour encore plus de variations<\/li>\n<\/ul>\n","protected":false},"featured_media":82330,"template":"","meta":[],"product_brand":[],"product_cat":[85],"product_tag":[],"class_list":{"0":"post-80860","1":"product","2":"type-product","3":"status-publish","4":"has-post-thumbnail","6":"product_cat-liquide-fumigenes","8":"first","9":"instock","10":"taxable","11":"shipping-taxable","12":"purchasable","13":"product-type-simple"},"yoast_head":"<!-- This site is optimized with the Yoast SEO plugin v27.5 - https:\/\/yoast.com\/product\/yoast-seo-wordpress\/ -->\n<title>Paquet d&#039;\u00e9chantillons de liquide de fum\u00e9e - FireWare<\/title>\n<meta name=\"robots\" content=\"index, follow, max-snippet:-1, max-image-preview:large, max-video-preview:-1\" \/>\n<link rel=\"canonical\" href=\"https:\/\/fireware.nl\/fr\/product\/paquet-d-echantillons-de-liquide-de-fumee\/\" \/>\n<meta property=\"og:locale\" content=\"fr_FR\" \/>\n<meta property=\"og:type\" content=\"article\" \/>\n<meta property=\"og:title\" content=\"Paquet d&#039;\u00e9chantillons de liquide de fum\u00e9e - FireWare\" \/>\n<meta property=\"og:description\" content=\"Paquet d&#039;\u00e9chantillons des 4 fluides de fum\u00e9e les plus couramment utilis\u00e9s par les intervenants d&#039;urgence; Le fluide appropri\u00e9 pour chaque exercice; Compatible avec toutes les machines \u00e0 fum\u00e9e \u00e0 base d&#039;eau-glycol; Trouvez l&#039;effet de fum\u00e9e le plus r\u00e9aliste pour votre situation d&#039;entra\u00eenement Peut \u00eatre m\u00e9lang\u00e9 pour encore plus de variations\" \/>\n<meta property=\"og:url\" content=\"https:\/\/fireware.nl\/fr\/product\/paquet-d-echantillons-de-liquide-de-fumee\/\" \/>\n<meta property=\"og:site_name\" content=\"FireWare\" \/>\n<meta property=\"article:publisher\" content=\"https:\/\/www.facebook.com\/FireWareBV\/\" \/>\n<meta property=\"article:modified_time\" content=\"2026-01-23T14:42:25+00:00\" \/>\n<meta property=\"og:image\" content=\"https:\/\/fireware.nl\/wp-content\/uploads\/2023\/07\/20230608_Rookvloeistof_Demo_009_web.jpg\" \/>\n\t<meta property=\"og:image:width\" content=\"600\" \/>\n\t<meta property=\"og:image:height\" content=\"600\" \/>\n\t<meta property=\"og:image:type\" content=\"image\/jpeg\" \/>\n<meta name=\"twitter:card\" content=\"summary_large_image\" \/>\n<meta name=\"twitter:site\" content=\"@FireWarebv\" \/>\n<meta name=\"twitter:label1\" content=\"Dur\u00e9e de lecture estim\u00e9e\" \/>\n\t<meta name=\"twitter:data1\" content=\"2 minutes\" \/>\n<script type=\"application\/ld+json\" class=\"yoast-schema-graph\">{\"@context\":\"https:\\\/\\\/schema.org\",\"@graph\":[{\"@type\":\"WebPage\",\"@id\":\"https:\\\/\\\/fireware.nl\\\/fr\\\/product\\\/paquet-d-echantillons-de-liquide-de-fumee\\\/\",\"url\":\"https:\\\/\\\/fireware.nl\\\/fr\\\/product\\\/paquet-d-echantillons-de-liquide-de-fumee\\\/\",\"name\":\"Paquet d'\u00e9chantillons de liquide de fum\u00e9e - FireWare\",\"isPartOf\":{\"@id\":\"https:\\\/\\\/fireware.nl\\\/fr\\\/#website\"},\"primaryImageOfPage\":{\"@id\":\"https:\\\/\\\/fireware.nl\\\/fr\\\/product\\\/paquet-d-echantillons-de-liquide-de-fumee\\\/#primaryimage\"},\"image\":{\"@id\":\"https:\\\/\\\/fireware.nl\\\/fr\\\/product\\\/paquet-d-echantillons-de-liquide-de-fumee\\\/#primaryimage\"},\"thumbnailUrl\":\"https:\\\/\\\/fireware.nl\\\/wp-content\\\/uploads\\\/2023\\\/07\\\/20230608_Rookvloeistof_Demo_009_web.jpg\",\"datePublished\":\"2023-06-12T11:41:47+00:00\",\"dateModified\":\"2026-01-23T14:42:25+00:00\",\"breadcrumb\":{\"@id\":\"https:\\\/\\\/fireware.nl\\\/fr\\\/product\\\/paquet-d-echantillons-de-liquide-de-fumee\\\/#breadcrumb\"},\"inLanguage\":\"fr-FR\",\"potentialAction\":[{\"@type\":\"ReadAction\",\"target\":[\"https:\\\/\\\/fireware.nl\\\/fr\\\/product\\\/paquet-d-echantillons-de-liquide-de-fumee\\\/\"]}]},{\"@type\":\"ImageObject\",\"inLanguage\":\"fr-FR\",\"@id\":\"https:\\\/\\\/fireware.nl\\\/fr\\\/product\\\/paquet-d-echantillons-de-liquide-de-fumee\\\/#primaryimage\",\"url\":\"https:\\\/\\\/fireware.nl\\\/wp-content\\\/uploads\\\/2023\\\/07\\\/20230608_Rookvloeistof_Demo_009_web.jpg\",\"contentUrl\":\"https:\\\/\\\/fireware.nl\\\/wp-content\\\/uploads\\\/2023\\\/07\\\/20230608_Rookvloeistof_Demo_009_web.jpg\",\"width\":600,\"height\":600},{\"@type\":\"BreadcrumbList\",\"@id\":\"https:\\\/\\\/fireware.nl\\\/fr\\\/product\\\/paquet-d-echantillons-de-liquide-de-fumee\\\/#breadcrumb\",\"itemListElement\":[{\"@type\":\"ListItem\",\"position\":1,\"name\":\"Home\",\"item\":\"https:\\\/\\\/fireware.nl\\\/fr\\\/\"},{\"@type\":\"ListItem\",\"position\":2,\"name\":\"Produits\",\"item\":\"https:\\\/\\\/fireware.nl\\\/fr\\\/produits\\\/\"},{\"@type\":\"ListItem\",\"position\":3,\"name\":\"Paquet d&#8217;\u00e9chantillons de liquide de fum\u00e9e\"}]},{\"@type\":\"WebSite\",\"@id\":\"https:\\\/\\\/fireware.nl\\\/fr\\\/#website\",\"url\":\"https:\\\/\\\/fireware.nl\\\/fr\\\/\",\"name\":\"FireWare\",\"description\":\"CREATING REALISTIC  TRAINING ENVIRONMENTS\",\"publisher\":{\"@id\":\"https:\\\/\\\/fireware.nl\\\/fr\\\/#organization\"},\"potentialAction\":[{\"@type\":\"SearchAction\",\"target\":{\"@type\":\"EntryPoint\",\"urlTemplate\":\"https:\\\/\\\/fireware.nl\\\/fr\\\/?s={search_term_string}\"},\"query-input\":{\"@type\":\"PropertyValueSpecification\",\"valueRequired\":true,\"valueName\":\"search_term_string\"}}],\"inLanguage\":\"fr-FR\"},{\"@type\":\"Organization\",\"@id\":\"https:\\\/\\\/fireware.nl\\\/fr\\\/#organization\",\"name\":\"FireWare\",\"url\":\"https:\\\/\\\/fireware.nl\\\/fr\\\/\",\"logo\":{\"@type\":\"ImageObject\",\"inLanguage\":\"fr-FR\",\"@id\":\"https:\\\/\\\/fireware.nl\\\/fr\\\/#\\\/schema\\\/logo\\\/image\\\/\",\"url\":\"https:\\\/\\\/fireware.nl\\\/wp-content\\\/uploads\\\/2018\\\/10\\\/FireWare-logo.jpg\",\"contentUrl\":\"https:\\\/\\\/fireware.nl\\\/wp-content\\\/uploads\\\/2018\\\/10\\\/FireWare-logo.jpg\",\"width\":171,\"height\":70,\"caption\":\"FireWare\"},\"image\":{\"@id\":\"https:\\\/\\\/fireware.nl\\\/fr\\\/#\\\/schema\\\/logo\\\/image\\\/\"},\"sameAs\":[\"https:\\\/\\\/www.facebook.com\\\/FireWareBV\\\/\",\"https:\\\/\\\/x.com\\\/FireWarebv\",\"https:\\\/\\\/www.instagram.com\\\/fireware_nl\\\/\",\"https:\\\/\\\/www.linkedin.com\\\/company\\\/3586017\\\/\",\"https:\\\/\\\/www.youtube.com\\\/user\\\/firesalesrentconsult\"]}]}<\/script>\n<!-- \/ Yoast SEO plugin. -->","yoast_head_json":{"title":"Paquet d'\u00e9chantillons de liquide de fum\u00e9e - FireWare","robots":{"index":"index","follow":"follow","max-snippet":"max-snippet:-1","max-image-preview":"max-image-preview:large","max-video-preview":"max-video-preview:-1"},"canonical":"https:\/\/fireware.nl\/fr\/product\/paquet-d-echantillons-de-liquide-de-fumee\/","og_locale":"fr_FR","og_type":"article","og_title":"Paquet d'\u00e9chantillons de liquide de fum\u00e9e - FireWare","og_description":"Paquet d'\u00e9chantillons des 4 fluides de fum\u00e9e les plus couramment utilis\u00e9s par les intervenants d'urgence; Le fluide appropri\u00e9 pour chaque exercice; Compatible avec toutes les machines \u00e0 fum\u00e9e \u00e0 base d'eau-glycol; Trouvez l'effet de fum\u00e9e le plus r\u00e9aliste pour votre situation d'entra\u00eenement Peut \u00eatre m\u00e9lang\u00e9 pour encore plus de variations","og_url":"https:\/\/fireware.nl\/fr\/product\/paquet-d-echantillons-de-liquide-de-fumee\/","og_site_name":"FireWare","article_publisher":"https:\/\/www.facebook.com\/FireWareBV\/","article_modified_time":"2026-01-23T14:42:25+00:00","og_image":[{"width":600,"height":600,"url":"https:\/\/fireware.nl\/wp-content\/uploads\/2023\/07\/20230608_Rookvloeistof_Demo_009_web.jpg","type":"image\/jpeg"}],"twitter_card":"summary_large_image","twitter_site":"@FireWarebv","twitter_misc":{"Dur\u00e9e de lecture estim\u00e9e":"2 minutes"},"schema":{"@context":"https:\/\/schema.org","@graph":[{"@type":"WebPage","@id":"https:\/\/fireware.nl\/fr\/product\/paquet-d-echantillons-de-liquide-de-fumee\/","url":"https:\/\/fireware.nl\/fr\/product\/paquet-d-echantillons-de-liquide-de-fumee\/","name":"Paquet d'\u00e9chantillons de liquide de fum\u00e9e - FireWare","isPartOf":{"@id":"https:\/\/fireware.nl\/fr\/#website"},"primaryImageOfPage":{"@id":"https:\/\/fireware.nl\/fr\/product\/paquet-d-echantillons-de-liquide-de-fumee\/#primaryimage"},"image":{"@id":"https:\/\/fireware.nl\/fr\/product\/paquet-d-echantillons-de-liquide-de-fumee\/#primaryimage"},"thumbnailUrl":"https:\/\/fireware.nl\/wp-content\/uploads\/2023\/07\/20230608_Rookvloeistof_Demo_009_web.jpg","datePublished":"2023-06-12T11:41:47+00:00","dateModified":"2026-01-23T14:42:25+00:00","breadcrumb":{"@id":"https:\/\/fireware.nl\/fr\/product\/paquet-d-echantillons-de-liquide-de-fumee\/#breadcrumb"},"inLanguage":"fr-FR","potentialAction":[{"@type":"ReadAction","target":["https:\/\/fireware.nl\/fr\/product\/paquet-d-echantillons-de-liquide-de-fumee\/"]}]},{"@type":"ImageObject","inLanguage":"fr-FR","@id":"https:\/\/fireware.nl\/fr\/product\/paquet-d-echantillons-de-liquide-de-fumee\/#primaryimage","url":"https:\/\/fireware.nl\/wp-content\/uploads\/2023\/07\/20230608_Rookvloeistof_Demo_009_web.jpg","contentUrl":"https:\/\/fireware.nl\/wp-content\/uploads\/2023\/07\/20230608_Rookvloeistof_Demo_009_web.jpg","width":600,"height":600},{"@type":"BreadcrumbList","@id":"https:\/\/fireware.nl\/fr\/product\/paquet-d-echantillons-de-liquide-de-fumee\/#breadcrumb","itemListElement":[{"@type":"ListItem","position":1,"name":"Home","item":"https:\/\/fireware.nl\/fr\/"},{"@type":"ListItem","position":2,"name":"Produits","item":"https:\/\/fireware.nl\/fr\/produits\/"},{"@type":"ListItem","position":3,"name":"Paquet d&#8217;\u00e9chantillons de liquide de fum\u00e9e"}]},{"@type":"WebSite","@id":"https:\/\/fireware.nl\/fr\/#website","url":"https:\/\/fireware.nl\/fr\/","name":"FireWare","description":"CREATING REALISTIC  TRAINING ENVIRONMENTS","publisher":{"@id":"https:\/\/fireware.nl\/fr\/#organization"},"potentialAction":[{"@type":"SearchAction","target":{"@type":"EntryPoint","urlTemplate":"https:\/\/fireware.nl\/fr\/?s={search_term_string}"},"query-input":{"@type":"PropertyValueSpecification","valueRequired":true,"valueName":"search_term_string"}}],"inLanguage":"fr-FR"},{"@type":"Organization","@id":"https:\/\/fireware.nl\/fr\/#organization","name":"FireWare","url":"https:\/\/fireware.nl\/fr\/","logo":{"@type":"ImageObject","inLanguage":"fr-FR","@id":"https:\/\/fireware.nl\/fr\/#\/schema\/logo\/image\/","url":"https:\/\/fireware.nl\/wp-content\/uploads\/2018\/10\/FireWare-logo.jpg","contentUrl":"https:\/\/fireware.nl\/wp-content\/uploads\/2018\/10\/FireWare-logo.jpg","width":171,"height":70,"caption":"FireWare"},"image":{"@id":"https:\/\/fireware.nl\/fr\/#\/schema\/logo\/image\/"},"sameAs":["https:\/\/www.facebook.com\/FireWareBV\/","https:\/\/x.com\/FireWarebv","https:\/\/www.instagram.com\/fireware_nl\/","https:\/\/www.linkedin.com\/company\/3586017\/","https:\/\/www.youtube.com\/user\/firesalesrentconsult"]}]}},"publishpress_future_workflow_manual_trigger":{"enabledWorkflows":[]},"_links":{"self":[{"href":"https:\/\/fireware.nl\/fr\/wp-json\/wp\/v2\/product\/80860","targetHints":{"allow":["GET"]}}],"collection":[{"href":"https:\/\/fireware.nl\/fr\/wp-json\/wp\/v2\/product"}],"about":[{"href":"https:\/\/fireware.nl\/fr\/wp-json\/wp\/v2\/types\/product"}],"wp:featuredmedia":[{"embeddable":true,"href":"https:\/\/fireware.nl\/fr\/wp-json\/wp\/v2\/media\/82330"}],"wp:attachment":[{"href":"https:\/\/fireware.nl\/fr\/wp-json\/wp\/v2\/media?parent=80860"}],"wp:term":[{"taxonomy":"product_brand","embeddable":true,"href":"https:\/\/fireware.nl\/fr\/wp-json\/wp\/v2\/product_brand?post=80860"},{"taxonomy":"product_cat","embeddable":true,"href":"https:\/\/fireware.nl\/fr\/wp-json\/wp\/v2\/product_cat?post=80860"},{"taxonomy":"product_tag","embeddable":true,"href":"https:\/\/fireware.nl\/fr\/wp-json\/wp\/v2\/product_tag?post=80860"}],"curies":[{"name":"wp","href":"https:\/\/api.w.org\/{rel}","templated":true}]}}