
{"id":83501,"date":"2023-08-31T13:41:11","date_gmt":"2023-08-31T13:41:11","guid":{"rendered":"https:\/\/fireware.nl\/?post_type=product&#038;p=83501"},"modified":"2023-08-31T13:45:28","modified_gmt":"2023-08-31T13:45:28","slug":"gilet-de-formation-au-taser-et-ensemble-de-protection-des-jambes-pour-mannequin-dentrainement","status":"publish","type":"product","link":"https:\/\/fireware.nl\/fr\/product\/gilet-de-formation-au-taser-et-ensemble-de-protection-des-jambes-pour-mannequin-dentrainement\/","title":{"rendered":"Gilet de formation au taser et ensemble de protection des jambes pour mannequin d&#8217;entra\u00eenement"},"content":{"rendered":"\r\n<h1>Pr\u00e9parez les \u00e9tudiants de mani\u00e8re s\u00e9curis\u00e9e aux situations dangereuses<\/h1>\r\n<p>L&#8217;utilisation de tasers dans des situations mena\u00e7antes ne cesse d&#8217;augmenter, ce qui rend n\u00e9cessaire la mise en place de davantage de formations sur leur utilisation correcte. L&#8217;ensemble Taser Training et protection des jambes offre une mani\u00e8re s\u00e9curis\u00e9e de s&#8217;entra\u00eener \u00e0 l&#8217;utilisation d&#8217;un taser. Ainsi, il n&#8217;est plus n\u00e9cessaire de d\u00e9ployer du personnel en combinaisons taser pendant la formation.<\/p>\r\n<h1>Une formation s\u00fbre et durable<\/h1>\r\n<p>Cet ensemble peut \u00eatre utilis\u00e9 avec toutes les <a href=\"https:\/\/fireware.nl\/fr\/categorie-produit\/mannequins\/\">poup\u00e9es d&#8217;entra\u00eenement de taille adulte de Ruth-Lee<\/a>. De plus, il contribue \u00e0 prolonger la dur\u00e9e de vie des poup\u00e9es d&#8217;entra\u00eenement d\u00e9j\u00e0 en service car il offre \u00e9galement une protection \u00e0 la poup\u00e9e elle-m\u00eame. L&#8217;ensemble est fabriqu\u00e9 en mat\u00e9riau hydrofuge et ignifuge et est livr\u00e9 avec 10 panneaux de mousse suppl\u00e9mentaires, garantissant que le gilet et les prot\u00e8ge-jambes durent encore plus longtemps. Une solution s\u00fbre et durable ! L&#8217;ensemble comprend un gilet taser qui s&#8217;ajuste sur le torse de la poup\u00e9e d&#8217;entra\u00eenement Ruth-Lee, 3 prot\u00e8ge-jambes pouvant \u00eatre plac\u00e9s sur la jambe ou les jambes de la poup\u00e9e d&#8217;entra\u00eenement, et 10 panneaux de mousse.<\/p>\r\n<h1>Regardez les vid\u00e9os<\/h1>\r\n<p><iframe loading=\"lazy\" src=\"https:\/\/player.vimeo.com\/video\/858586110?hl=en&amp;cc_lang_pref=en&amp;cc_load_policy=1\" width=\"560\" height=\"315\" frameborder=\"0\" allowfullscreen=\"allowfullscreen\"><\/iframe> <iframe loading=\"lazy\" src=\"https:\/\/player.vimeo.com\/video\/858586155?hl=en&amp;cc_lang_pref=en&amp;cc_load_policy=1\" width=\"560\" height=\"315\" frameborder=\"0\" allowfullscreen=\"allowfullscreen\"><\/iframe><\/p>\r\n","protected":false},"excerpt":{"rendered":"<ul>\n<li><strong>R\u00e9serv\u00e9 \u00e0 l&#8217;utilisation sur des poup\u00e9es d&#8217;entra\u00eenement <\/strong><\/li>\n<li>Moins de risques de blessures pendant la formation.<\/li>\n<li>Plus besoin de personnel en combinaisons taser.<\/li>\n<li>Prot\u00e8ge la poup\u00e9e d&#8217;entra\u00eenement, prolongeant sa dur\u00e9e de vie.<\/li>\n<li>Fabriqu\u00e9 en mat\u00e9riau hydrofuge et ignifuge.<\/li>\n<li>Comprend 1 gilet taser, 3 prot\u00e8ge-jambes et 10 panneaux de mousse.<\/li>\n<\/ul>\n","protected":false},"featured_media":83459,"template":"","meta":[],"product_brand":[],"product_cat":[2878],"product_tag":[],"class_list":{"0":"post-83501","1":"product","2":"type-product","3":"status-publish","4":"has-post-thumbnail","6":"product_cat-vetements","8":"first","9":"instock","10":"taxable","11":"shipping-taxable","12":"purchasable","13":"product-type-simple"},"yoast_head":"<!-- This site is optimized with the Yoast SEO plugin v27.5 - https:\/\/yoast.com\/product\/yoast-seo-wordpress\/ -->\n<title>Gilet de formation au taser et ensemble de protection des jambes pour mannequin d&#039;entra\u00eenement - FireWare<\/title>\n<meta name=\"robots\" content=\"index, follow, max-snippet:-1, max-image-preview:large, max-video-preview:-1\" \/>\n<link rel=\"canonical\" href=\"https:\/\/fireware.nl\/fr\/product\/gilet-de-formation-au-taser-et-ensemble-de-protection-des-jambes-pour-mannequin-dentrainement\/\" \/>\n<meta property=\"og:locale\" content=\"fr_FR\" \/>\n<meta property=\"og:type\" content=\"article\" \/>\n<meta property=\"og:title\" content=\"Gilet de formation au taser et ensemble de protection des jambes pour mannequin d&#039;entra\u00eenement - FireWare\" \/>\n<meta property=\"og:description\" content=\"R\u00e9serv\u00e9 \u00e0 l&#039;utilisation sur des poup\u00e9es d&#039;entra\u00eenement  Moins de risques de blessures pendant la formation. Plus besoin de personnel en combinaisons taser. Prot\u00e8ge la poup\u00e9e d&#039;entra\u00eenement, prolongeant sa dur\u00e9e de vie. Fabriqu\u00e9 en mat\u00e9riau hydrofuge et ignifuge. Comprend 1 gilet taser, 3 prot\u00e8ge-jambes et 10 panneaux de mousse.\" \/>\n<meta property=\"og:url\" content=\"https:\/\/fireware.nl\/fr\/product\/gilet-de-formation-au-taser-et-ensemble-de-protection-des-jambes-pour-mannequin-dentrainement\/\" \/>\n<meta property=\"og:site_name\" content=\"FireWare\" \/>\n<meta property=\"article:publisher\" content=\"https:\/\/www.facebook.com\/FireWareBV\/\" \/>\n<meta property=\"article:modified_time\" content=\"2023-08-31T13:45:28+00:00\" \/>\n<meta property=\"og:image\" content=\"https:\/\/fireware.nl\/wp-content\/uploads\/2023\/08\/20230828_Taser_training_vest_en_beenbeschermingsset_voor_Oefenpop_0003_web.jpg\" \/>\n\t<meta property=\"og:image:width\" content=\"600\" \/>\n\t<meta property=\"og:image:height\" content=\"600\" \/>\n\t<meta property=\"og:image:type\" content=\"image\/jpeg\" \/>\n<meta name=\"twitter:card\" content=\"summary_large_image\" \/>\n<meta name=\"twitter:site\" content=\"@FireWarebv\" \/>\n<meta name=\"twitter:label1\" content=\"Dur\u00e9e de lecture estim\u00e9e\" \/>\n\t<meta name=\"twitter:data1\" content=\"1 minute\" \/>\n<script type=\"application\/ld+json\" class=\"yoast-schema-graph\">{\"@context\":\"https:\\\/\\\/schema.org\",\"@graph\":[{\"@type\":\"WebPage\",\"@id\":\"https:\\\/\\\/fireware.nl\\\/fr\\\/product\\\/gilet-de-formation-au-taser-et-ensemble-de-protection-des-jambes-pour-mannequin-dentrainement\\\/\",\"url\":\"https:\\\/\\\/fireware.nl\\\/fr\\\/product\\\/gilet-de-formation-au-taser-et-ensemble-de-protection-des-jambes-pour-mannequin-dentrainement\\\/\",\"name\":\"Gilet de formation au taser et ensemble de protection des jambes pour mannequin d'entra\u00eenement - FireWare\",\"isPartOf\":{\"@id\":\"https:\\\/\\\/fireware.nl\\\/fr\\\/#website\"},\"primaryImageOfPage\":{\"@id\":\"https:\\\/\\\/fireware.nl\\\/fr\\\/product\\\/gilet-de-formation-au-taser-et-ensemble-de-protection-des-jambes-pour-mannequin-dentrainement\\\/#primaryimage\"},\"image\":{\"@id\":\"https:\\\/\\\/fireware.nl\\\/fr\\\/product\\\/gilet-de-formation-au-taser-et-ensemble-de-protection-des-jambes-pour-mannequin-dentrainement\\\/#primaryimage\"},\"thumbnailUrl\":\"https:\\\/\\\/fireware.nl\\\/wp-content\\\/uploads\\\/2023\\\/08\\\/20230828_Taser_training_vest_en_beenbeschermingsset_voor_Oefenpop_0003_web.jpg\",\"datePublished\":\"2023-08-31T13:41:11+00:00\",\"dateModified\":\"2023-08-31T13:45:28+00:00\",\"breadcrumb\":{\"@id\":\"https:\\\/\\\/fireware.nl\\\/fr\\\/product\\\/gilet-de-formation-au-taser-et-ensemble-de-protection-des-jambes-pour-mannequin-dentrainement\\\/#breadcrumb\"},\"inLanguage\":\"fr-FR\",\"potentialAction\":[{\"@type\":\"ReadAction\",\"target\":[\"https:\\\/\\\/fireware.nl\\\/fr\\\/product\\\/gilet-de-formation-au-taser-et-ensemble-de-protection-des-jambes-pour-mannequin-dentrainement\\\/\"]}]},{\"@type\":\"ImageObject\",\"inLanguage\":\"fr-FR\",\"@id\":\"https:\\\/\\\/fireware.nl\\\/fr\\\/product\\\/gilet-de-formation-au-taser-et-ensemble-de-protection-des-jambes-pour-mannequin-dentrainement\\\/#primaryimage\",\"url\":\"https:\\\/\\\/fireware.nl\\\/wp-content\\\/uploads\\\/2023\\\/08\\\/20230828_Taser_training_vest_en_beenbeschermingsset_voor_Oefenpop_0003_web.jpg\",\"contentUrl\":\"https:\\\/\\\/fireware.nl\\\/wp-content\\\/uploads\\\/2023\\\/08\\\/20230828_Taser_training_vest_en_beenbeschermingsset_voor_Oefenpop_0003_web.jpg\",\"width\":600,\"height\":600},{\"@type\":\"BreadcrumbList\",\"@id\":\"https:\\\/\\\/fireware.nl\\\/fr\\\/product\\\/gilet-de-formation-au-taser-et-ensemble-de-protection-des-jambes-pour-mannequin-dentrainement\\\/#breadcrumb\",\"itemListElement\":[{\"@type\":\"ListItem\",\"position\":1,\"name\":\"Home\",\"item\":\"https:\\\/\\\/fireware.nl\\\/fr\\\/\"},{\"@type\":\"ListItem\",\"position\":2,\"name\":\"Produits\",\"item\":\"https:\\\/\\\/fireware.nl\\\/fr\\\/produits\\\/\"},{\"@type\":\"ListItem\",\"position\":3,\"name\":\"Gilet de formation au taser et ensemble de protection des jambes pour mannequin d&#8217;entra\u00eenement\"}]},{\"@type\":\"WebSite\",\"@id\":\"https:\\\/\\\/fireware.nl\\\/fr\\\/#website\",\"url\":\"https:\\\/\\\/fireware.nl\\\/fr\\\/\",\"name\":\"FireWare\",\"description\":\"CREATING REALISTIC  TRAINING ENVIRONMENTS\",\"publisher\":{\"@id\":\"https:\\\/\\\/fireware.nl\\\/fr\\\/#organization\"},\"potentialAction\":[{\"@type\":\"SearchAction\",\"target\":{\"@type\":\"EntryPoint\",\"urlTemplate\":\"https:\\\/\\\/fireware.nl\\\/fr\\\/?s={search_term_string}\"},\"query-input\":{\"@type\":\"PropertyValueSpecification\",\"valueRequired\":true,\"valueName\":\"search_term_string\"}}],\"inLanguage\":\"fr-FR\"},{\"@type\":\"Organization\",\"@id\":\"https:\\\/\\\/fireware.nl\\\/fr\\\/#organization\",\"name\":\"FireWare\",\"url\":\"https:\\\/\\\/fireware.nl\\\/fr\\\/\",\"logo\":{\"@type\":\"ImageObject\",\"inLanguage\":\"fr-FR\",\"@id\":\"https:\\\/\\\/fireware.nl\\\/fr\\\/#\\\/schema\\\/logo\\\/image\\\/\",\"url\":\"https:\\\/\\\/fireware.nl\\\/wp-content\\\/uploads\\\/2018\\\/10\\\/FireWare-logo.jpg\",\"contentUrl\":\"https:\\\/\\\/fireware.nl\\\/wp-content\\\/uploads\\\/2018\\\/10\\\/FireWare-logo.jpg\",\"width\":171,\"height\":70,\"caption\":\"FireWare\"},\"image\":{\"@id\":\"https:\\\/\\\/fireware.nl\\\/fr\\\/#\\\/schema\\\/logo\\\/image\\\/\"},\"sameAs\":[\"https:\\\/\\\/www.facebook.com\\\/FireWareBV\\\/\",\"https:\\\/\\\/x.com\\\/FireWarebv\",\"https:\\\/\\\/www.instagram.com\\\/fireware_nl\\\/\",\"https:\\\/\\\/www.linkedin.com\\\/company\\\/3586017\\\/\",\"https:\\\/\\\/www.youtube.com\\\/user\\\/firesalesrentconsult\"]}]}<\/script>\n<!-- \/ Yoast SEO plugin. -->","yoast_head_json":{"title":"Gilet de formation au taser et ensemble de protection des jambes pour mannequin d'entra\u00eenement - FireWare","robots":{"index":"index","follow":"follow","max-snippet":"max-snippet:-1","max-image-preview":"max-image-preview:large","max-video-preview":"max-video-preview:-1"},"canonical":"https:\/\/fireware.nl\/fr\/product\/gilet-de-formation-au-taser-et-ensemble-de-protection-des-jambes-pour-mannequin-dentrainement\/","og_locale":"fr_FR","og_type":"article","og_title":"Gilet de formation au taser et ensemble de protection des jambes pour mannequin d'entra\u00eenement - FireWare","og_description":"R\u00e9serv\u00e9 \u00e0 l'utilisation sur des poup\u00e9es d'entra\u00eenement  Moins de risques de blessures pendant la formation. Plus besoin de personnel en combinaisons taser. Prot\u00e8ge la poup\u00e9e d'entra\u00eenement, prolongeant sa dur\u00e9e de vie. Fabriqu\u00e9 en mat\u00e9riau hydrofuge et ignifuge. Comprend 1 gilet taser, 3 prot\u00e8ge-jambes et 10 panneaux de mousse.","og_url":"https:\/\/fireware.nl\/fr\/product\/gilet-de-formation-au-taser-et-ensemble-de-protection-des-jambes-pour-mannequin-dentrainement\/","og_site_name":"FireWare","article_publisher":"https:\/\/www.facebook.com\/FireWareBV\/","article_modified_time":"2023-08-31T13:45:28+00:00","og_image":[{"width":600,"height":600,"url":"https:\/\/fireware.nl\/wp-content\/uploads\/2023\/08\/20230828_Taser_training_vest_en_beenbeschermingsset_voor_Oefenpop_0003_web.jpg","type":"image\/jpeg"}],"twitter_card":"summary_large_image","twitter_site":"@FireWarebv","twitter_misc":{"Dur\u00e9e de lecture estim\u00e9e":"1 minute"},"schema":{"@context":"https:\/\/schema.org","@graph":[{"@type":"WebPage","@id":"https:\/\/fireware.nl\/fr\/product\/gilet-de-formation-au-taser-et-ensemble-de-protection-des-jambes-pour-mannequin-dentrainement\/","url":"https:\/\/fireware.nl\/fr\/product\/gilet-de-formation-au-taser-et-ensemble-de-protection-des-jambes-pour-mannequin-dentrainement\/","name":"Gilet de formation au taser et ensemble de protection des jambes pour mannequin d'entra\u00eenement - FireWare","isPartOf":{"@id":"https:\/\/fireware.nl\/fr\/#website"},"primaryImageOfPage":{"@id":"https:\/\/fireware.nl\/fr\/product\/gilet-de-formation-au-taser-et-ensemble-de-protection-des-jambes-pour-mannequin-dentrainement\/#primaryimage"},"image":{"@id":"https:\/\/fireware.nl\/fr\/product\/gilet-de-formation-au-taser-et-ensemble-de-protection-des-jambes-pour-mannequin-dentrainement\/#primaryimage"},"thumbnailUrl":"https:\/\/fireware.nl\/wp-content\/uploads\/2023\/08\/20230828_Taser_training_vest_en_beenbeschermingsset_voor_Oefenpop_0003_web.jpg","datePublished":"2023-08-31T13:41:11+00:00","dateModified":"2023-08-31T13:45:28+00:00","breadcrumb":{"@id":"https:\/\/fireware.nl\/fr\/product\/gilet-de-formation-au-taser-et-ensemble-de-protection-des-jambes-pour-mannequin-dentrainement\/#breadcrumb"},"inLanguage":"fr-FR","potentialAction":[{"@type":"ReadAction","target":["https:\/\/fireware.nl\/fr\/product\/gilet-de-formation-au-taser-et-ensemble-de-protection-des-jambes-pour-mannequin-dentrainement\/"]}]},{"@type":"ImageObject","inLanguage":"fr-FR","@id":"https:\/\/fireware.nl\/fr\/product\/gilet-de-formation-au-taser-et-ensemble-de-protection-des-jambes-pour-mannequin-dentrainement\/#primaryimage","url":"https:\/\/fireware.nl\/wp-content\/uploads\/2023\/08\/20230828_Taser_training_vest_en_beenbeschermingsset_voor_Oefenpop_0003_web.jpg","contentUrl":"https:\/\/fireware.nl\/wp-content\/uploads\/2023\/08\/20230828_Taser_training_vest_en_beenbeschermingsset_voor_Oefenpop_0003_web.jpg","width":600,"height":600},{"@type":"BreadcrumbList","@id":"https:\/\/fireware.nl\/fr\/product\/gilet-de-formation-au-taser-et-ensemble-de-protection-des-jambes-pour-mannequin-dentrainement\/#breadcrumb","itemListElement":[{"@type":"ListItem","position":1,"name":"Home","item":"https:\/\/fireware.nl\/fr\/"},{"@type":"ListItem","position":2,"name":"Produits","item":"https:\/\/fireware.nl\/fr\/produits\/"},{"@type":"ListItem","position":3,"name":"Gilet de formation au taser et ensemble de protection des jambes pour mannequin d&#8217;entra\u00eenement"}]},{"@type":"WebSite","@id":"https:\/\/fireware.nl\/fr\/#website","url":"https:\/\/fireware.nl\/fr\/","name":"FireWare","description":"CREATING REALISTIC  TRAINING ENVIRONMENTS","publisher":{"@id":"https:\/\/fireware.nl\/fr\/#organization"},"potentialAction":[{"@type":"SearchAction","target":{"@type":"EntryPoint","urlTemplate":"https:\/\/fireware.nl\/fr\/?s={search_term_string}"},"query-input":{"@type":"PropertyValueSpecification","valueRequired":true,"valueName":"search_term_string"}}],"inLanguage":"fr-FR"},{"@type":"Organization","@id":"https:\/\/fireware.nl\/fr\/#organization","name":"FireWare","url":"https:\/\/fireware.nl\/fr\/","logo":{"@type":"ImageObject","inLanguage":"fr-FR","@id":"https:\/\/fireware.nl\/fr\/#\/schema\/logo\/image\/","url":"https:\/\/fireware.nl\/wp-content\/uploads\/2018\/10\/FireWare-logo.jpg","contentUrl":"https:\/\/fireware.nl\/wp-content\/uploads\/2018\/10\/FireWare-logo.jpg","width":171,"height":70,"caption":"FireWare"},"image":{"@id":"https:\/\/fireware.nl\/fr\/#\/schema\/logo\/image\/"},"sameAs":["https:\/\/www.facebook.com\/FireWareBV\/","https:\/\/x.com\/FireWarebv","https:\/\/www.instagram.com\/fireware_nl\/","https:\/\/www.linkedin.com\/company\/3586017\/","https:\/\/www.youtube.com\/user\/firesalesrentconsult"]}]}},"publishpress_future_workflow_manual_trigger":{"enabledWorkflows":[]},"_links":{"self":[{"href":"https:\/\/fireware.nl\/fr\/wp-json\/wp\/v2\/product\/83501","targetHints":{"allow":["GET"]}}],"collection":[{"href":"https:\/\/fireware.nl\/fr\/wp-json\/wp\/v2\/product"}],"about":[{"href":"https:\/\/fireware.nl\/fr\/wp-json\/wp\/v2\/types\/product"}],"wp:featuredmedia":[{"embeddable":true,"href":"https:\/\/fireware.nl\/fr\/wp-json\/wp\/v2\/media\/83459"}],"wp:attachment":[{"href":"https:\/\/fireware.nl\/fr\/wp-json\/wp\/v2\/media?parent=83501"}],"wp:term":[{"taxonomy":"product_brand","embeddable":true,"href":"https:\/\/fireware.nl\/fr\/wp-json\/wp\/v2\/product_brand?post=83501"},{"taxonomy":"product_cat","embeddable":true,"href":"https:\/\/fireware.nl\/fr\/wp-json\/wp\/v2\/product_cat?post=83501"},{"taxonomy":"product_tag","embeddable":true,"href":"https:\/\/fireware.nl\/fr\/wp-json\/wp\/v2\/product_tag?post=83501"}],"curies":[{"name":"wp","href":"https:\/\/api.w.org\/{rel}","templated":true}]}}