
{"id":91667,"date":"2024-01-16T10:47:32","date_gmt":"2024-01-16T12:52:56","guid":{"rendered":"https:\/\/fireware.nl\/product\/extincteur-de-formation-neptune-co2-avec-poignee-a-pression-de-6-l-corne-ronde\/"},"modified":"2024-12-23T15:51:01","modified_gmt":"2024-12-23T15:51:01","slug":"extincteur-de-formation-neptune-co2-avec-poignee-a-pression-de-6-l-corne-ronde","status":"publish","type":"product","link":"https:\/\/fireware.nl\/fr\/product\/extincteur-de-formation-neptune-co2-avec-poignee-a-pression-de-6-l-buse-ronde\/","title":{"rendered":"Extincteur de formation Neptune CO\u2082 avec poign\u00e9e \u00e0 pression &#8211; Buse ronde"},"content":{"rendered":"\r\n<h2>Extincteur d&#8217;entra\u00eenement rechargeable au CO\u2082 avec poign\u00e9e de serrage<\/h2>\r\n<p>Avec l&#8217;extincteur d&#8217;entra\u00eenement FireWare Neptune, les participants apprennent toutes les proc\u00e9dures qu&#8217;ils doivent ma\u00eetriser dans une situation r\u00e9elle. Le goupillon de s\u00e9curit\u00e9 doit \u00eatre retir\u00e9, puis une br\u00e8ve tentative est effectu\u00e9e. Ensuite, les techniques d&#8217;extinction sont pratiqu\u00e9es sur le simulateur d&#8217;extinction.<\/p>\r\n<h2>Deux en un<\/h2>\r\n<p>Cet extincteur d&#8217;entra\u00eenement est multifonctionnel. Il combine<a href=\"https:\/\/fireware.nl\/fr\/product\/extincteur-de-formation-neptune\/\" target=\"_blank\" rel=\"noopener\"> l&#8217;extincteur d&#8217;entra\u00eenement Neptune FireWare<\/a> avec une <a href=\"https:\/\/fireware.nl\/fr\/product\/buse-pour-neptune-co2-ronde\/\" target=\"_blank\" rel=\"noopener\">buse CO\u2082 ronde<\/a>. Passez facilement de la buse de pulv\u00e9risation normale de l&#8217;extincteur \u00e0 mousse \u00e0 la cartouche CO\u2082 ronde. Ensuite, \u00e9changez facilement l&#8217;\u00e9tiquette avec les plaques magn\u00e9tiques fournies et choisissez le type d&#8217;extincteur \u00e0 utiliser lors de chaque exercice.<\/p>\r\n<p>Avez-vous d\u00e9j\u00e0 un extincteur d&#8217;entra\u00eenement Neptune avec poign\u00e9e de serrage dans votre assortiment ? Transformez votre extincteur d&#8217;entra\u00eenement en un extincteur d&#8217;entra\u00eenement au CO\u2082 en un rien de temps avec l&#8217;extension <a href=\"https:\/\/fireware.nl\/fr\/product\/buse-pour-neptune-co2-ronde\/\" target=\"_blank\" rel=\"noopener\">buse ronde<\/a>. \u00c9galement disponible en <a href=\"https:\/\/fireware.nl\/fr\/product\/buse-neptune-co2-plate\/\" target=\"_blank\" rel=\"noopener\">buse plate<\/a>.<\/p>\r\n<h2>Entra\u00eenement r\u00e9p\u00e9t\u00e9 avec de l&#8217;eau et de l&#8217;air<\/h2>\r\n<p>\u00c9teindre lors d&#8217;un exercice avec du vrai CO\u2082, c&#8217;est du pass\u00e9. Car vous pouvez maintenant obtenir exactement le m\u00eame effet avec l&#8217;extincteur d&#8217;entra\u00eenement CO\u2082 Neptune avec de l&#8217;eau ou de l&#8217;air ! Vous n&#8217;avez plus besoin de d\u00e9penser de l&#8217;argent pour remplir du CO\u2082 et vous n&#8217;envoyez pas non plus de CO\u2082 pur dans l&#8217;air.<\/p>\r\n<h2>Remplissage<\/h2>\r\n<p>Remplissez l&#8217;extincteur avec de l&#8217;eau et de l&#8217;air pour une extinction au CO<sub>2<\/sub> r\u00e9aliste. Placez la buse de pulv\u00e9risation de mousse et remplissez avec de l&#8217;eau, de l&#8217;air et de la mousse d&#8217;entra\u00eenement pour une extinction par mousse. Mais il est \u00e9galement possible de remplir uniquement avec de l&#8217;air si vous souhaitez effectuer une extinction \u00e0 sec, par exemple sur une flamme de soie.<\/p>\r\n<p>Le remplissage est facile avec le <a href=\"https:\/\/fireware.nl\/fr\/product\/neptune-systeme-de-remplissage\/\" target=\"_blank\" rel=\"noopener\">syst\u00e8me de remplissage Neptune<\/a>. Avec ce syst\u00e8me m\u00e9canique, jusqu&#8217;\u00e0 3 extincteurs d&#8217;entra\u00eenement peuvent \u00eatre remplis simultan\u00e9ment. Aucune ouverture n&#8217;est n\u00e9cessaire. Vous avez juste besoin d&#8217;une connexion d&#8217;eau et d&#8217;un <a href=\"https:\/\/fireware.nl\/fr\/product\/compresseur-pour-neptune\/\" target=\"_blank\" rel=\"noopener\">compresseur<\/a>.<\/p>\r\n<p>L&#8217;extincteur peut \u00e9galement \u00eatre rempli sans le syst\u00e8me de remplissage Neptune. Pour cela, ouvrez le haut \u00e0 l&#8217;aide d&#8217;une cl\u00e9. Ensuite, ajoutez une couche de mousse d&#8217;entra\u00eenement et d&#8217;eau si n\u00e9cessaire, et avec un compresseur simple \u00e0 l&#8217;aide de la valve automatique ou du raccord sur le tuyau, mettez l&#8217;extincteur sous pression.<\/p>\r\n<h2>Multi-langues<\/h2>\r\n<p>L&#8217;extincteur d&#8217;entra\u00eenement est livr\u00e9 avec une plaque magn\u00e9tique avec des autocollants pour la mousse et le CO<sub>2<\/sub>, dans pas moins de 6 langues diff\u00e9rentes. Vous avez le choix entre le n\u00e9erlandais, l&#8217;anglais, l&#8217;allemand, le fran\u00e7ais, l&#8217;espagnol et l&#8217;italien. De cette fa\u00e7on, vous avez toujours la bonne \u00e9tiquette sur votre extincteur.<\/p>\r\n<p>En option, une <a href=\"https:\/\/fireware.nl\/fr\/product\/buse-neptune-co2-plate\/\" target=\"_blank\" rel=\"noopener\">buse CO<sub>2<\/sub> plate<\/a>, de la <a href=\"https:\/\/fireware.nl\/fr\/product\/mousse-polyrethane-dexercice\/\" target=\"_blank\" rel=\"noopener\">mousse d&#8217;entra\u00eenement<\/a>, des <a href=\"https:\/\/fireware.nl\/fr\/product\/goupille-de-verrouillage-pour-extincteurs-de-formation\/\" target=\"_blank\" rel=\"noopener\">goupilles de s\u00e9curit\u00e9<\/a> suppl\u00e9mentaires, des <a href=\"https:\/\/fireware.nl\/fr\/produit\/etancheite-pour-groupilles-de-verrouillage\/\" target=\"_blank\" rel=\"noopener\">scell\u00e9s<\/a>, des <a href=\"https:\/\/fireware.nl\/fr\/produit\/anneaux-o-pour-lextincteur-dexercice\/\" target=\"_blank\" rel=\"noopener\">joints toriques<\/a> et une <a href=\"https:\/\/fireware.nl\/fr\/product\/cle-plate-pour-lextincteur-dexercice\/\" target=\"_blank\" rel=\"noopener\">cl\u00e9 \u00e0 douille<\/a> appropri\u00e9e pour desserrer le haut. L&#8217;extincteur d&#8217;entra\u00eenement est r\u00e9alis\u00e9 en tant qu&#8217;extincteur de 6 litres.<\/p>\r\n<h2>Visionnez la vid\u00e9o<\/h2>\r\n<p><iframe loading=\"lazy\" src=\"https:\/\/player.vimeo.com\/video\/923736957?hl=fr&amp;cc_lang_pref=fr&amp;cc_load_policy=1\" width=\"560\" height=\"315\" frameborder=\"0\" allowfullscreen=\"allowfullscreen\"><\/iframe><\/p>\r\n","protected":false},"excerpt":{"rendered":"<ul>\n<li>Extincteur pour apprendre \u00e0 \u00e9teindre, \u00e9quip\u00e9 d&#8217;une poign\u00e9e de serrage sur le dessus ;<\/li>\n<li>Deux en un : extincteur d&#8217;entra\u00eenement \u00e0 la fois pour mousse d&#8217;extinction et CO\u2082 avec accessoires inclus ;<\/li>\n<li>Facile \u00e0 remplir avec de l&#8217;eau et de l&#8217;air pour une extinction au CO\u2082 r\u00e9aliste ;<\/li>\n<li>Facile \u00e0 remplir avec de l&#8217;eau, de l&#8217;air et de la mousse d&#8217;entra\u00eenement pour une extinction par mousse r\u00e9aliste ;<\/li>\n<li>Tr\u00e8s adapt\u00e9 pour s&#8217;entra\u00eener aux proc\u00e9dures ;<\/li>\n<li>Facile \u00e0 remettre sous pression ;<\/li>\n<li>\u00c9quip\u00e9 d&#8217;une valve automatique et d&#8217;un raccord de remplissage sur le tuyau ;<\/li>\n<li>Compresseur non inclus ;<\/li>\n<li>Capacit\u00e9 de remplissage de 6 litres ;<\/li>\n<li>Livr\u00e9 avec une cartouche CO\u2082 ronde (\u00e9galement disponible avec <a href=\"https:\/\/fireware.nl\/fr\/product\/extincteur-de-formation-neptune-co2-avec-poignee-a-pression-de-6-l-buse-plate\/\" target=\"_blank\" rel=\"noopener\">une buse CO\u2082 plate<\/a>) ;<\/li>\n<li>Inclus : plaque magn\u00e9tique et des autocollants pour mousse, CO\u2082 et poudre dans 6 langues diff\u00e9rentes.<\/li>\n<\/ul>\n","protected":false},"featured_media":87356,"template":"","meta":[],"product_brand":[],"product_cat":[101],"product_tag":[],"class_list":{"0":"post-91667","1":"product","2":"type-product","3":"status-publish","4":"has-post-thumbnail","6":"product_cat-extincteurs-de-formation","8":"first","9":"instock","10":"taxable","11":"shipping-taxable","12":"purchasable","13":"product-type-simple"},"yoast_head":"<!-- This site is optimized with the Yoast SEO plugin v27.5 - https:\/\/yoast.com\/product\/yoast-seo-wordpress\/ -->\n<title>Extincteur de formation Neptune CO\u2082 avec poign\u00e9e \u00e0 pression - Buse ronde - FireWare<\/title>\n<meta name=\"robots\" content=\"index, follow, max-snippet:-1, max-image-preview:large, max-video-preview:-1\" \/>\n<link rel=\"canonical\" href=\"https:\/\/fireware.nl\/fr\/product\/extincteur-de-formation-neptune-co2-avec-poignee-a-pression-de-6-l-buse-ronde\/\" \/>\n<meta property=\"og:locale\" content=\"fr_FR\" \/>\n<meta property=\"og:type\" content=\"article\" \/>\n<meta property=\"og:title\" content=\"Extincteur de formation Neptune CO\u2082 avec poign\u00e9e \u00e0 pression - Buse ronde - FireWare\" \/>\n<meta property=\"og:description\" content=\"Extincteur pour apprendre \u00e0 \u00e9teindre, \u00e9quip\u00e9 d&#039;une poign\u00e9e de serrage sur le dessus ; Deux en un : extincteur d&#039;entra\u00eenement \u00e0 la fois pour mousse d&#039;extinction et CO\u2082 avec accessoires inclus ; Facile \u00e0 remplir avec de l&#039;eau et de l&#039;air pour une extinction au CO\u2082 r\u00e9aliste ; Facile \u00e0 remplir avec de l&#039;eau, de l&#039;air et de la mousse d&#039;entra\u00eenement pour une extinction par mousse r\u00e9aliste ; Tr\u00e8s adapt\u00e9 pour s&#039;entra\u00eener aux proc\u00e9dures ; Facile \u00e0 remettre sous pression ; \u00c9quip\u00e9 d&#039;une valve automatique et d&#039;un raccord de remplissage sur le tuyau ; Compresseur non inclus ; Capacit\u00e9 de remplissage de 6 litres ; Livr\u00e9 avec une cartouche CO\u2082 ronde (\u00e9galement disponible avec une buse CO\u2082 plate) ; Inclus : plaque magn\u00e9tique et des autocollants pour mousse, CO\u2082 et poudre dans 6 langues diff\u00e9rentes.\" \/>\n<meta property=\"og:url\" content=\"https:\/\/fireware.nl\/fr\/product\/extincteur-de-formation-neptune-co2-avec-poignee-a-pression-de-6-l-buse-ronde\/\" \/>\n<meta property=\"og:site_name\" content=\"FireWare\" \/>\n<meta property=\"article:publisher\" content=\"https:\/\/www.facebook.com\/FireWareBV\/\" \/>\n<meta property=\"article:modified_time\" content=\"2024-12-23T15:51:01+00:00\" \/>\n<meta property=\"og:image\" content=\"https:\/\/fireware.nl\/wp-content\/uploads\/2023\/12\/20231121_Neptune_CO2_plat_en_rond_opzetstuk_011_013_rond_web.jpg\" \/>\n\t<meta property=\"og:image:width\" content=\"600\" \/>\n\t<meta property=\"og:image:height\" content=\"600\" \/>\n\t<meta property=\"og:image:type\" content=\"image\/jpeg\" \/>\n<meta name=\"twitter:card\" content=\"summary_large_image\" \/>\n<meta name=\"twitter:site\" content=\"@FireWarebv\" \/>\n<meta name=\"twitter:label1\" content=\"Dur\u00e9e de lecture estim\u00e9e\" \/>\n\t<meta name=\"twitter:data1\" content=\"3 minutes\" \/>\n<script type=\"application\/ld+json\" class=\"yoast-schema-graph\">{\"@context\":\"https:\\\/\\\/schema.org\",\"@graph\":[{\"@type\":\"WebPage\",\"@id\":\"https:\\\/\\\/fireware.nl\\\/fr\\\/product\\\/extincteur-de-formation-neptune-co2-avec-poignee-a-pression-de-6-l-buse-ronde\\\/\",\"url\":\"https:\\\/\\\/fireware.nl\\\/fr\\\/product\\\/extincteur-de-formation-neptune-co2-avec-poignee-a-pression-de-6-l-buse-ronde\\\/\",\"name\":\"Extincteur de formation Neptune CO\u2082 avec poign\u00e9e \u00e0 pression - Buse ronde - FireWare\",\"isPartOf\":{\"@id\":\"https:\\\/\\\/fireware.nl\\\/fr\\\/#website\"},\"primaryImageOfPage\":{\"@id\":\"https:\\\/\\\/fireware.nl\\\/fr\\\/product\\\/extincteur-de-formation-neptune-co2-avec-poignee-a-pression-de-6-l-buse-ronde\\\/#primaryimage\"},\"image\":{\"@id\":\"https:\\\/\\\/fireware.nl\\\/fr\\\/product\\\/extincteur-de-formation-neptune-co2-avec-poignee-a-pression-de-6-l-buse-ronde\\\/#primaryimage\"},\"thumbnailUrl\":\"https:\\\/\\\/fireware.nl\\\/wp-content\\\/uploads\\\/2023\\\/12\\\/20231121_Neptune_CO2_plat_en_rond_opzetstuk_011_013_rond_web.jpg\",\"datePublished\":\"2024-01-16T12:52:56+00:00\",\"dateModified\":\"2024-12-23T15:51:01+00:00\",\"breadcrumb\":{\"@id\":\"https:\\\/\\\/fireware.nl\\\/fr\\\/product\\\/extincteur-de-formation-neptune-co2-avec-poignee-a-pression-de-6-l-buse-ronde\\\/#breadcrumb\"},\"inLanguage\":\"fr-FR\",\"potentialAction\":[{\"@type\":\"ReadAction\",\"target\":[\"https:\\\/\\\/fireware.nl\\\/fr\\\/product\\\/extincteur-de-formation-neptune-co2-avec-poignee-a-pression-de-6-l-buse-ronde\\\/\"]}]},{\"@type\":\"ImageObject\",\"inLanguage\":\"fr-FR\",\"@id\":\"https:\\\/\\\/fireware.nl\\\/fr\\\/product\\\/extincteur-de-formation-neptune-co2-avec-poignee-a-pression-de-6-l-buse-ronde\\\/#primaryimage\",\"url\":\"https:\\\/\\\/fireware.nl\\\/wp-content\\\/uploads\\\/2023\\\/12\\\/20231121_Neptune_CO2_plat_en_rond_opzetstuk_011_013_rond_web.jpg\",\"contentUrl\":\"https:\\\/\\\/fireware.nl\\\/wp-content\\\/uploads\\\/2023\\\/12\\\/20231121_Neptune_CO2_plat_en_rond_opzetstuk_011_013_rond_web.jpg\",\"width\":600,\"height\":600},{\"@type\":\"BreadcrumbList\",\"@id\":\"https:\\\/\\\/fireware.nl\\\/fr\\\/product\\\/extincteur-de-formation-neptune-co2-avec-poignee-a-pression-de-6-l-buse-ronde\\\/#breadcrumb\",\"itemListElement\":[{\"@type\":\"ListItem\",\"position\":1,\"name\":\"Home\",\"item\":\"https:\\\/\\\/fireware.nl\\\/fr\\\/\"},{\"@type\":\"ListItem\",\"position\":2,\"name\":\"Produits\",\"item\":\"https:\\\/\\\/fireware.nl\\\/fr\\\/produits\\\/\"},{\"@type\":\"ListItem\",\"position\":3,\"name\":\"Extincteur de formation Neptune CO\u2082 avec poign\u00e9e \u00e0 pression &#8211; Buse ronde\"}]},{\"@type\":\"WebSite\",\"@id\":\"https:\\\/\\\/fireware.nl\\\/fr\\\/#website\",\"url\":\"https:\\\/\\\/fireware.nl\\\/fr\\\/\",\"name\":\"FireWare\",\"description\":\"CREATING REALISTIC  TRAINING ENVIRONMENTS\",\"publisher\":{\"@id\":\"https:\\\/\\\/fireware.nl\\\/fr\\\/#organization\"},\"potentialAction\":[{\"@type\":\"SearchAction\",\"target\":{\"@type\":\"EntryPoint\",\"urlTemplate\":\"https:\\\/\\\/fireware.nl\\\/fr\\\/?s={search_term_string}\"},\"query-input\":{\"@type\":\"PropertyValueSpecification\",\"valueRequired\":true,\"valueName\":\"search_term_string\"}}],\"inLanguage\":\"fr-FR\"},{\"@type\":\"Organization\",\"@id\":\"https:\\\/\\\/fireware.nl\\\/fr\\\/#organization\",\"name\":\"FireWare\",\"url\":\"https:\\\/\\\/fireware.nl\\\/fr\\\/\",\"logo\":{\"@type\":\"ImageObject\",\"inLanguage\":\"fr-FR\",\"@id\":\"https:\\\/\\\/fireware.nl\\\/fr\\\/#\\\/schema\\\/logo\\\/image\\\/\",\"url\":\"https:\\\/\\\/fireware.nl\\\/wp-content\\\/uploads\\\/2018\\\/10\\\/FireWare-logo.jpg\",\"contentUrl\":\"https:\\\/\\\/fireware.nl\\\/wp-content\\\/uploads\\\/2018\\\/10\\\/FireWare-logo.jpg\",\"width\":171,\"height\":70,\"caption\":\"FireWare\"},\"image\":{\"@id\":\"https:\\\/\\\/fireware.nl\\\/fr\\\/#\\\/schema\\\/logo\\\/image\\\/\"},\"sameAs\":[\"https:\\\/\\\/www.facebook.com\\\/FireWareBV\\\/\",\"https:\\\/\\\/x.com\\\/FireWarebv\",\"https:\\\/\\\/www.instagram.com\\\/fireware_nl\\\/\",\"https:\\\/\\\/www.linkedin.com\\\/company\\\/3586017\\\/\",\"https:\\\/\\\/www.youtube.com\\\/user\\\/firesalesrentconsult\"]}]}<\/script>\n<!-- \/ Yoast SEO plugin. -->","yoast_head_json":{"title":"Extincteur de formation Neptune CO\u2082 avec poign\u00e9e \u00e0 pression - Buse ronde - FireWare","robots":{"index":"index","follow":"follow","max-snippet":"max-snippet:-1","max-image-preview":"max-image-preview:large","max-video-preview":"max-video-preview:-1"},"canonical":"https:\/\/fireware.nl\/fr\/product\/extincteur-de-formation-neptune-co2-avec-poignee-a-pression-de-6-l-buse-ronde\/","og_locale":"fr_FR","og_type":"article","og_title":"Extincteur de formation Neptune CO\u2082 avec poign\u00e9e \u00e0 pression - Buse ronde - FireWare","og_description":"Extincteur pour apprendre \u00e0 \u00e9teindre, \u00e9quip\u00e9 d'une poign\u00e9e de serrage sur le dessus ; Deux en un : extincteur d'entra\u00eenement \u00e0 la fois pour mousse d'extinction et CO\u2082 avec accessoires inclus ; Facile \u00e0 remplir avec de l'eau et de l'air pour une extinction au CO\u2082 r\u00e9aliste ; Facile \u00e0 remplir avec de l'eau, de l'air et de la mousse d'entra\u00eenement pour une extinction par mousse r\u00e9aliste ; Tr\u00e8s adapt\u00e9 pour s'entra\u00eener aux proc\u00e9dures ; Facile \u00e0 remettre sous pression ; \u00c9quip\u00e9 d'une valve automatique et d'un raccord de remplissage sur le tuyau ; Compresseur non inclus ; Capacit\u00e9 de remplissage de 6 litres ; Livr\u00e9 avec une cartouche CO\u2082 ronde (\u00e9galement disponible avec une buse CO\u2082 plate) ; Inclus : plaque magn\u00e9tique et des autocollants pour mousse, CO\u2082 et poudre dans 6 langues diff\u00e9rentes.","og_url":"https:\/\/fireware.nl\/fr\/product\/extincteur-de-formation-neptune-co2-avec-poignee-a-pression-de-6-l-buse-ronde\/","og_site_name":"FireWare","article_publisher":"https:\/\/www.facebook.com\/FireWareBV\/","article_modified_time":"2024-12-23T15:51:01+00:00","og_image":[{"width":600,"height":600,"url":"https:\/\/fireware.nl\/wp-content\/uploads\/2023\/12\/20231121_Neptune_CO2_plat_en_rond_opzetstuk_011_013_rond_web.jpg","type":"image\/jpeg"}],"twitter_card":"summary_large_image","twitter_site":"@FireWarebv","twitter_misc":{"Dur\u00e9e de lecture estim\u00e9e":"3 minutes"},"schema":{"@context":"https:\/\/schema.org","@graph":[{"@type":"WebPage","@id":"https:\/\/fireware.nl\/fr\/product\/extincteur-de-formation-neptune-co2-avec-poignee-a-pression-de-6-l-buse-ronde\/","url":"https:\/\/fireware.nl\/fr\/product\/extincteur-de-formation-neptune-co2-avec-poignee-a-pression-de-6-l-buse-ronde\/","name":"Extincteur de formation Neptune CO\u2082 avec poign\u00e9e \u00e0 pression - Buse ronde - FireWare","isPartOf":{"@id":"https:\/\/fireware.nl\/fr\/#website"},"primaryImageOfPage":{"@id":"https:\/\/fireware.nl\/fr\/product\/extincteur-de-formation-neptune-co2-avec-poignee-a-pression-de-6-l-buse-ronde\/#primaryimage"},"image":{"@id":"https:\/\/fireware.nl\/fr\/product\/extincteur-de-formation-neptune-co2-avec-poignee-a-pression-de-6-l-buse-ronde\/#primaryimage"},"thumbnailUrl":"https:\/\/fireware.nl\/wp-content\/uploads\/2023\/12\/20231121_Neptune_CO2_plat_en_rond_opzetstuk_011_013_rond_web.jpg","datePublished":"2024-01-16T12:52:56+00:00","dateModified":"2024-12-23T15:51:01+00:00","breadcrumb":{"@id":"https:\/\/fireware.nl\/fr\/product\/extincteur-de-formation-neptune-co2-avec-poignee-a-pression-de-6-l-buse-ronde\/#breadcrumb"},"inLanguage":"fr-FR","potentialAction":[{"@type":"ReadAction","target":["https:\/\/fireware.nl\/fr\/product\/extincteur-de-formation-neptune-co2-avec-poignee-a-pression-de-6-l-buse-ronde\/"]}]},{"@type":"ImageObject","inLanguage":"fr-FR","@id":"https:\/\/fireware.nl\/fr\/product\/extincteur-de-formation-neptune-co2-avec-poignee-a-pression-de-6-l-buse-ronde\/#primaryimage","url":"https:\/\/fireware.nl\/wp-content\/uploads\/2023\/12\/20231121_Neptune_CO2_plat_en_rond_opzetstuk_011_013_rond_web.jpg","contentUrl":"https:\/\/fireware.nl\/wp-content\/uploads\/2023\/12\/20231121_Neptune_CO2_plat_en_rond_opzetstuk_011_013_rond_web.jpg","width":600,"height":600},{"@type":"BreadcrumbList","@id":"https:\/\/fireware.nl\/fr\/product\/extincteur-de-formation-neptune-co2-avec-poignee-a-pression-de-6-l-buse-ronde\/#breadcrumb","itemListElement":[{"@type":"ListItem","position":1,"name":"Home","item":"https:\/\/fireware.nl\/fr\/"},{"@type":"ListItem","position":2,"name":"Produits","item":"https:\/\/fireware.nl\/fr\/produits\/"},{"@type":"ListItem","position":3,"name":"Extincteur de formation Neptune CO\u2082 avec poign\u00e9e \u00e0 pression &#8211; Buse ronde"}]},{"@type":"WebSite","@id":"https:\/\/fireware.nl\/fr\/#website","url":"https:\/\/fireware.nl\/fr\/","name":"FireWare","description":"CREATING REALISTIC  TRAINING ENVIRONMENTS","publisher":{"@id":"https:\/\/fireware.nl\/fr\/#organization"},"potentialAction":[{"@type":"SearchAction","target":{"@type":"EntryPoint","urlTemplate":"https:\/\/fireware.nl\/fr\/?s={search_term_string}"},"query-input":{"@type":"PropertyValueSpecification","valueRequired":true,"valueName":"search_term_string"}}],"inLanguage":"fr-FR"},{"@type":"Organization","@id":"https:\/\/fireware.nl\/fr\/#organization","name":"FireWare","url":"https:\/\/fireware.nl\/fr\/","logo":{"@type":"ImageObject","inLanguage":"fr-FR","@id":"https:\/\/fireware.nl\/fr\/#\/schema\/logo\/image\/","url":"https:\/\/fireware.nl\/wp-content\/uploads\/2018\/10\/FireWare-logo.jpg","contentUrl":"https:\/\/fireware.nl\/wp-content\/uploads\/2018\/10\/FireWare-logo.jpg","width":171,"height":70,"caption":"FireWare"},"image":{"@id":"https:\/\/fireware.nl\/fr\/#\/schema\/logo\/image\/"},"sameAs":["https:\/\/www.facebook.com\/FireWareBV\/","https:\/\/x.com\/FireWarebv","https:\/\/www.instagram.com\/fireware_nl\/","https:\/\/www.linkedin.com\/company\/3586017\/","https:\/\/www.youtube.com\/user\/firesalesrentconsult"]}]}},"publishpress_future_workflow_manual_trigger":{"enabledWorkflows":[]},"_links":{"self":[{"href":"https:\/\/fireware.nl\/fr\/wp-json\/wp\/v2\/product\/91667","targetHints":{"allow":["GET"]}}],"collection":[{"href":"https:\/\/fireware.nl\/fr\/wp-json\/wp\/v2\/product"}],"about":[{"href":"https:\/\/fireware.nl\/fr\/wp-json\/wp\/v2\/types\/product"}],"wp:featuredmedia":[{"embeddable":true,"href":"https:\/\/fireware.nl\/fr\/wp-json\/wp\/v2\/media\/87356"}],"wp:attachment":[{"href":"https:\/\/fireware.nl\/fr\/wp-json\/wp\/v2\/media?parent=91667"}],"wp:term":[{"taxonomy":"product_brand","embeddable":true,"href":"https:\/\/fireware.nl\/fr\/wp-json\/wp\/v2\/product_brand?post=91667"},{"taxonomy":"product_cat","embeddable":true,"href":"https:\/\/fireware.nl\/fr\/wp-json\/wp\/v2\/product_cat?post=91667"},{"taxonomy":"product_tag","embeddable":true,"href":"https:\/\/fireware.nl\/fr\/wp-json\/wp\/v2\/product_tag?post=91667"}],"curies":[{"name":"wp","href":"https:\/\/api.w.org\/{rel}","templated":true}]}}