
{"id":92599,"date":"2024-03-08T08:42:34","date_gmt":"2024-03-08T08:42:34","guid":{"rendered":"https:\/\/fireware.nl\/product\/gilet-de-simulation-de-grossesse\/"},"modified":"2024-03-11T11:06:33","modified_gmt":"2024-03-11T11:06:33","slug":"gilet-de-simulation-de-grossesse","status":"publish","type":"product","link":"https:\/\/fireware.nl\/fr\/product\/gilet-de-simulation-de-grossesse\/","title":{"rendered":"Gilet de simulation de grossesse"},"content":{"rendered":"\n\n\t<h2>Rendez chaque exercice avec chaque mannequin de sauvetage complexe en quelques secondes.<\/h2>\n<p>La fa\u00e7on dont une situation est g\u00e9r\u00e9e change consid\u00e9rablement lorsqu&#8217;il ne s&#8217;agit pas d&#8217;une poup\u00e9e masculine en tant que victime, mais d&#8217;une personne enceinte de 4 \u00e0 6 mois. Cela modifie compl\u00e8tement l&#8217;approche des op\u00e9rations de secours. Avec le Gilet de Simulation de Grossesse, vous transformez chaque mannequin de sauvetage (\u00e0 l&#8217;exception des variantes ob\u00e8ses et des mannequins de sauvetage aquatique) en une personne enceinte en quelques secondes seulement. Ce gilet ne p\u00e8se qu&#8217;1 kilogramme et introduit imm\u00e9diatement de nouveaux d\u00e9fis pour vos sessions d&#8217;entra\u00eenement. Pensez par exemple \u00e0 un sauvetage d&#8217;un v\u00e9hicule lors d&#8217;un accident.<\/p>\n<h2>Caract\u00e9ristiques et avantages<\/h2>\n<p>Ce gilet est fabriqu\u00e9 \u00e0 partir d&#8217;un tissu extra fort et ignifuge et simule un ventre rond et des seins. Il suffit de passer le gilet par-dessus la t\u00eate du mannequin de sauvetage et de le fixer en quelques secondes seulement \u00e0 l&#8217;aide de plusieurs cordes solides sous les bras, autour de la taille et entre les jambes de chaque mannequin de sauvetage (\u00e0 l&#8217;exception des variantes bariatriques).<\/p>\n<h2>Voir la vid\u00e9o<\/h2>\n\t<iframe loading=\"lazy\" width=\"560\" height=\"315\" src=\"https:\/\/player.vimeo.com\/video\/899794614?hl=nl&#038;cc_lang_pref=nl&#038;cc_load_policy=1\" frameborder=\"0\" allow=\"accelerometer; autoplay; clipboard-write; encrypted-media; gyroscope; picture-in-picture\" allowfullscreen><\/iframe>\n\n","protected":false},"excerpt":{"rendered":"<ul>\n<li>Rendre un sc\u00e9nario de sauvetage plus complexe en quelques secondes seulement<\/li>\n<li>Simule le ventre et les seins d&#8217;une personne enceinte de 4 \u00e0 6 mois<\/li>\n<li>Applicable \u00e0 toute mannequin de sauvetage adulte, \u00e0 l&#8217;exception des variantes ob\u00e8ses et des mannequins de sauvetage aquatique<\/li>\n<li>Facile \u00e0 mettre et \u00e0 enlever<\/li>\n<li>Bien fix\u00e9 gr\u00e2ce \u00e0 plusieurs points d&#8217;attache<\/li>\n<li>P\u00e8se moins d&#8217;1 kg<\/li>\n<li>Fabriqu\u00e9 en tissu extra r\u00e9sistant et retardateur de flamme<\/li>\n<\/ul>\n","protected":false},"featured_media":87476,"template":"","meta":[],"product_brand":[],"product_cat":[2878],"product_tag":[],"class_list":{"0":"post-92599","1":"product","2":"type-product","3":"status-publish","4":"has-post-thumbnail","6":"product_cat-vetements","8":"first","9":"instock","10":"taxable","11":"shipping-taxable","12":"purchasable","13":"product-type-simple"},"yoast_head":"<!-- This site is optimized with the Yoast SEO plugin v27.5 - https:\/\/yoast.com\/product\/yoast-seo-wordpress\/ -->\n<title>Gilet de simulation de grossesse - FireWare<\/title>\n<meta name=\"robots\" content=\"index, follow, max-snippet:-1, max-image-preview:large, max-video-preview:-1\" \/>\n<link rel=\"canonical\" href=\"https:\/\/fireware.nl\/fr\/product\/gilet-de-simulation-de-grossesse\/\" \/>\n<meta property=\"og:locale\" content=\"fr_FR\" \/>\n<meta property=\"og:type\" content=\"article\" \/>\n<meta property=\"og:title\" content=\"Gilet de simulation de grossesse - FireWare\" \/>\n<meta property=\"og:description\" content=\"Rendre un sc\u00e9nario de sauvetage plus complexe en quelques secondes seulement  Simule le ventre et les seins d&#039;une personne enceinte de 4 \u00e0 6 mois  Applicable \u00e0 toute mannequin de sauvetage adulte, \u00e0 l&#039;exception des variantes ob\u00e8ses et des mannequins de sauvetage aquatique  Facile \u00e0 mettre et \u00e0 enlever  Bien fix\u00e9 gr\u00e2ce \u00e0 plusieurs points d&#039;attache  P\u00e8se moins d&#039;1 kg  Fabriqu\u00e9 en tissu extra r\u00e9sistant et retardateur de flamme\" \/>\n<meta property=\"og:url\" content=\"https:\/\/fireware.nl\/fr\/product\/gilet-de-simulation-de-grossesse\/\" \/>\n<meta property=\"og:site_name\" content=\"FireWare\" \/>\n<meta property=\"article:publisher\" content=\"https:\/\/www.facebook.com\/FireWareBV\/\" \/>\n<meta property=\"article:modified_time\" content=\"2024-03-11T11:06:33+00:00\" \/>\n<meta property=\"og:image\" content=\"https:\/\/fireware.nl\/wp-content\/uploads\/2023\/12\/MPSV_Manikin_Pregnancy_Belly_Side_web.jpg\" \/>\n\t<meta property=\"og:image:width\" content=\"600\" \/>\n\t<meta property=\"og:image:height\" content=\"600\" \/>\n\t<meta property=\"og:image:type\" content=\"image\/jpeg\" \/>\n<meta name=\"twitter:card\" content=\"summary_large_image\" \/>\n<meta name=\"twitter:site\" content=\"@FireWarebv\" \/>\n<meta name=\"twitter:label1\" content=\"Dur\u00e9e de lecture estim\u00e9e\" \/>\n\t<meta name=\"twitter:data1\" content=\"1 minute\" \/>\n<script type=\"application\/ld+json\" class=\"yoast-schema-graph\">{\"@context\":\"https:\\\/\\\/schema.org\",\"@graph\":[{\"@type\":\"WebPage\",\"@id\":\"https:\\\/\\\/fireware.nl\\\/fr\\\/product\\\/gilet-de-simulation-de-grossesse\\\/\",\"url\":\"https:\\\/\\\/fireware.nl\\\/fr\\\/product\\\/gilet-de-simulation-de-grossesse\\\/\",\"name\":\"Gilet de simulation de grossesse - FireWare\",\"isPartOf\":{\"@id\":\"https:\\\/\\\/fireware.nl\\\/fr\\\/#website\"},\"primaryImageOfPage\":{\"@id\":\"https:\\\/\\\/fireware.nl\\\/fr\\\/product\\\/gilet-de-simulation-de-grossesse\\\/#primaryimage\"},\"image\":{\"@id\":\"https:\\\/\\\/fireware.nl\\\/fr\\\/product\\\/gilet-de-simulation-de-grossesse\\\/#primaryimage\"},\"thumbnailUrl\":\"https:\\\/\\\/fireware.nl\\\/wp-content\\\/uploads\\\/2023\\\/12\\\/MPSV_Manikin_Pregnancy_Belly_Side_web.jpg\",\"datePublished\":\"2024-03-08T08:42:34+00:00\",\"dateModified\":\"2024-03-11T11:06:33+00:00\",\"breadcrumb\":{\"@id\":\"https:\\\/\\\/fireware.nl\\\/fr\\\/product\\\/gilet-de-simulation-de-grossesse\\\/#breadcrumb\"},\"inLanguage\":\"fr-FR\",\"potentialAction\":[{\"@type\":\"ReadAction\",\"target\":[\"https:\\\/\\\/fireware.nl\\\/fr\\\/product\\\/gilet-de-simulation-de-grossesse\\\/\"]}]},{\"@type\":\"ImageObject\",\"inLanguage\":\"fr-FR\",\"@id\":\"https:\\\/\\\/fireware.nl\\\/fr\\\/product\\\/gilet-de-simulation-de-grossesse\\\/#primaryimage\",\"url\":\"https:\\\/\\\/fireware.nl\\\/wp-content\\\/uploads\\\/2023\\\/12\\\/MPSV_Manikin_Pregnancy_Belly_Side_web.jpg\",\"contentUrl\":\"https:\\\/\\\/fireware.nl\\\/wp-content\\\/uploads\\\/2023\\\/12\\\/MPSV_Manikin_Pregnancy_Belly_Side_web.jpg\",\"width\":600,\"height\":600},{\"@type\":\"BreadcrumbList\",\"@id\":\"https:\\\/\\\/fireware.nl\\\/fr\\\/product\\\/gilet-de-simulation-de-grossesse\\\/#breadcrumb\",\"itemListElement\":[{\"@type\":\"ListItem\",\"position\":1,\"name\":\"Home\",\"item\":\"https:\\\/\\\/fireware.nl\\\/fr\\\/\"},{\"@type\":\"ListItem\",\"position\":2,\"name\":\"Produits\",\"item\":\"https:\\\/\\\/fireware.nl\\\/fr\\\/produits\\\/\"},{\"@type\":\"ListItem\",\"position\":3,\"name\":\"Gilet de simulation de grossesse\"}]},{\"@type\":\"WebSite\",\"@id\":\"https:\\\/\\\/fireware.nl\\\/fr\\\/#website\",\"url\":\"https:\\\/\\\/fireware.nl\\\/fr\\\/\",\"name\":\"FireWare\",\"description\":\"CREATING REALISTIC  TRAINING ENVIRONMENTS\",\"publisher\":{\"@id\":\"https:\\\/\\\/fireware.nl\\\/fr\\\/#organization\"},\"potentialAction\":[{\"@type\":\"SearchAction\",\"target\":{\"@type\":\"EntryPoint\",\"urlTemplate\":\"https:\\\/\\\/fireware.nl\\\/fr\\\/?s={search_term_string}\"},\"query-input\":{\"@type\":\"PropertyValueSpecification\",\"valueRequired\":true,\"valueName\":\"search_term_string\"}}],\"inLanguage\":\"fr-FR\"},{\"@type\":\"Organization\",\"@id\":\"https:\\\/\\\/fireware.nl\\\/fr\\\/#organization\",\"name\":\"FireWare\",\"url\":\"https:\\\/\\\/fireware.nl\\\/fr\\\/\",\"logo\":{\"@type\":\"ImageObject\",\"inLanguage\":\"fr-FR\",\"@id\":\"https:\\\/\\\/fireware.nl\\\/fr\\\/#\\\/schema\\\/logo\\\/image\\\/\",\"url\":\"https:\\\/\\\/fireware.nl\\\/wp-content\\\/uploads\\\/2018\\\/10\\\/FireWare-logo.jpg\",\"contentUrl\":\"https:\\\/\\\/fireware.nl\\\/wp-content\\\/uploads\\\/2018\\\/10\\\/FireWare-logo.jpg\",\"width\":171,\"height\":70,\"caption\":\"FireWare\"},\"image\":{\"@id\":\"https:\\\/\\\/fireware.nl\\\/fr\\\/#\\\/schema\\\/logo\\\/image\\\/\"},\"sameAs\":[\"https:\\\/\\\/www.facebook.com\\\/FireWareBV\\\/\",\"https:\\\/\\\/x.com\\\/FireWarebv\",\"https:\\\/\\\/www.instagram.com\\\/fireware_nl\\\/\",\"https:\\\/\\\/www.linkedin.com\\\/company\\\/3586017\\\/\",\"https:\\\/\\\/www.youtube.com\\\/user\\\/firesalesrentconsult\"]}]}<\/script>\n<!-- \/ Yoast SEO plugin. -->","yoast_head_json":{"title":"Gilet de simulation de grossesse - FireWare","robots":{"index":"index","follow":"follow","max-snippet":"max-snippet:-1","max-image-preview":"max-image-preview:large","max-video-preview":"max-video-preview:-1"},"canonical":"https:\/\/fireware.nl\/fr\/product\/gilet-de-simulation-de-grossesse\/","og_locale":"fr_FR","og_type":"article","og_title":"Gilet de simulation de grossesse - FireWare","og_description":"Rendre un sc\u00e9nario de sauvetage plus complexe en quelques secondes seulement  Simule le ventre et les seins d'une personne enceinte de 4 \u00e0 6 mois  Applicable \u00e0 toute mannequin de sauvetage adulte, \u00e0 l'exception des variantes ob\u00e8ses et des mannequins de sauvetage aquatique  Facile \u00e0 mettre et \u00e0 enlever  Bien fix\u00e9 gr\u00e2ce \u00e0 plusieurs points d'attache  P\u00e8se moins d'1 kg  Fabriqu\u00e9 en tissu extra r\u00e9sistant et retardateur de flamme","og_url":"https:\/\/fireware.nl\/fr\/product\/gilet-de-simulation-de-grossesse\/","og_site_name":"FireWare","article_publisher":"https:\/\/www.facebook.com\/FireWareBV\/","article_modified_time":"2024-03-11T11:06:33+00:00","og_image":[{"width":600,"height":600,"url":"https:\/\/fireware.nl\/wp-content\/uploads\/2023\/12\/MPSV_Manikin_Pregnancy_Belly_Side_web.jpg","type":"image\/jpeg"}],"twitter_card":"summary_large_image","twitter_site":"@FireWarebv","twitter_misc":{"Dur\u00e9e de lecture estim\u00e9e":"1 minute"},"schema":{"@context":"https:\/\/schema.org","@graph":[{"@type":"WebPage","@id":"https:\/\/fireware.nl\/fr\/product\/gilet-de-simulation-de-grossesse\/","url":"https:\/\/fireware.nl\/fr\/product\/gilet-de-simulation-de-grossesse\/","name":"Gilet de simulation de grossesse - FireWare","isPartOf":{"@id":"https:\/\/fireware.nl\/fr\/#website"},"primaryImageOfPage":{"@id":"https:\/\/fireware.nl\/fr\/product\/gilet-de-simulation-de-grossesse\/#primaryimage"},"image":{"@id":"https:\/\/fireware.nl\/fr\/product\/gilet-de-simulation-de-grossesse\/#primaryimage"},"thumbnailUrl":"https:\/\/fireware.nl\/wp-content\/uploads\/2023\/12\/MPSV_Manikin_Pregnancy_Belly_Side_web.jpg","datePublished":"2024-03-08T08:42:34+00:00","dateModified":"2024-03-11T11:06:33+00:00","breadcrumb":{"@id":"https:\/\/fireware.nl\/fr\/product\/gilet-de-simulation-de-grossesse\/#breadcrumb"},"inLanguage":"fr-FR","potentialAction":[{"@type":"ReadAction","target":["https:\/\/fireware.nl\/fr\/product\/gilet-de-simulation-de-grossesse\/"]}]},{"@type":"ImageObject","inLanguage":"fr-FR","@id":"https:\/\/fireware.nl\/fr\/product\/gilet-de-simulation-de-grossesse\/#primaryimage","url":"https:\/\/fireware.nl\/wp-content\/uploads\/2023\/12\/MPSV_Manikin_Pregnancy_Belly_Side_web.jpg","contentUrl":"https:\/\/fireware.nl\/wp-content\/uploads\/2023\/12\/MPSV_Manikin_Pregnancy_Belly_Side_web.jpg","width":600,"height":600},{"@type":"BreadcrumbList","@id":"https:\/\/fireware.nl\/fr\/product\/gilet-de-simulation-de-grossesse\/#breadcrumb","itemListElement":[{"@type":"ListItem","position":1,"name":"Home","item":"https:\/\/fireware.nl\/fr\/"},{"@type":"ListItem","position":2,"name":"Produits","item":"https:\/\/fireware.nl\/fr\/produits\/"},{"@type":"ListItem","position":3,"name":"Gilet de simulation de grossesse"}]},{"@type":"WebSite","@id":"https:\/\/fireware.nl\/fr\/#website","url":"https:\/\/fireware.nl\/fr\/","name":"FireWare","description":"CREATING REALISTIC  TRAINING ENVIRONMENTS","publisher":{"@id":"https:\/\/fireware.nl\/fr\/#organization"},"potentialAction":[{"@type":"SearchAction","target":{"@type":"EntryPoint","urlTemplate":"https:\/\/fireware.nl\/fr\/?s={search_term_string}"},"query-input":{"@type":"PropertyValueSpecification","valueRequired":true,"valueName":"search_term_string"}}],"inLanguage":"fr-FR"},{"@type":"Organization","@id":"https:\/\/fireware.nl\/fr\/#organization","name":"FireWare","url":"https:\/\/fireware.nl\/fr\/","logo":{"@type":"ImageObject","inLanguage":"fr-FR","@id":"https:\/\/fireware.nl\/fr\/#\/schema\/logo\/image\/","url":"https:\/\/fireware.nl\/wp-content\/uploads\/2018\/10\/FireWare-logo.jpg","contentUrl":"https:\/\/fireware.nl\/wp-content\/uploads\/2018\/10\/FireWare-logo.jpg","width":171,"height":70,"caption":"FireWare"},"image":{"@id":"https:\/\/fireware.nl\/fr\/#\/schema\/logo\/image\/"},"sameAs":["https:\/\/www.facebook.com\/FireWareBV\/","https:\/\/x.com\/FireWarebv","https:\/\/www.instagram.com\/fireware_nl\/","https:\/\/www.linkedin.com\/company\/3586017\/","https:\/\/www.youtube.com\/user\/firesalesrentconsult"]}]}},"publishpress_future_workflow_manual_trigger":{"enabledWorkflows":[]},"_links":{"self":[{"href":"https:\/\/fireware.nl\/fr\/wp-json\/wp\/v2\/product\/92599","targetHints":{"allow":["GET"]}}],"collection":[{"href":"https:\/\/fireware.nl\/fr\/wp-json\/wp\/v2\/product"}],"about":[{"href":"https:\/\/fireware.nl\/fr\/wp-json\/wp\/v2\/types\/product"}],"wp:featuredmedia":[{"embeddable":true,"href":"https:\/\/fireware.nl\/fr\/wp-json\/wp\/v2\/media\/87476"}],"wp:attachment":[{"href":"https:\/\/fireware.nl\/fr\/wp-json\/wp\/v2\/media?parent=92599"}],"wp:term":[{"taxonomy":"product_brand","embeddable":true,"href":"https:\/\/fireware.nl\/fr\/wp-json\/wp\/v2\/product_brand?post=92599"},{"taxonomy":"product_cat","embeddable":true,"href":"https:\/\/fireware.nl\/fr\/wp-json\/wp\/v2\/product_cat?post=92599"},{"taxonomy":"product_tag","embeddable":true,"href":"https:\/\/fireware.nl\/fr\/wp-json\/wp\/v2\/product_tag?post=92599"}],"curies":[{"name":"wp","href":"https:\/\/api.w.org\/{rel}","templated":true}]}}