
{"id":93708,"date":"2024-04-11T09:00:52","date_gmt":"2024-04-11T09:00:52","guid":{"rendered":"https:\/\/fireware.nl\/product\/boite-de-pandore-230\/"},"modified":"2026-01-23T14:22:09","modified_gmt":"2026-01-23T14:22:09","slug":"boite-de-pandore-230","status":"publish","type":"product","link":"https:\/\/fireware.nl\/fr\/product\/boite-de-pandore-230\/","title":{"rendered":"Pandora&#8217;s Box 230"},"content":{"rendered":"\r\n<h2>Simulations plus grandes et plus complexes pour tous vos sens<\/h2>\r\n<p>Le Pandora&#8217;s box v3 \u00e0 succ\u00e8s a maintenant un petit fr\u00e8re : le Pandora&#8217;s box 230. Connectez jusqu&#8217;\u00e0 trois effets de flamme dynamiques, jouez les effets sonores r\u00e9alistes internes et contr\u00f4lez l&#8217;une des machines \u00e0 fum\u00e9e FireWare pour une exp\u00e9rience d&#8217;entra\u00eenement maximale. Et tout cela peut \u00eatre contr\u00f4l\u00e9 sans fil.<\/p>\r\n<p>L&#8217;original <a href=\"https:\/\/fireware.nl\/fr\/product\/pandoras-box\/\" target=\"_blank\" rel=\"noopener\">Pandora&#8217;s box v3<\/a> int\u00e8gre toutes les fonctionnalit\u00e9s de simulation dans une unit\u00e9 compacte. Avec le Pandora&#8217;s box 230, tous les moyens de simulation peuvent \u00eatre connect\u00e9s de mani\u00e8re externe. Cela permet de contr\u00f4ler une mise en sc\u00e8ne plus grande et plus complexe via une interface famili\u00e8re sur votre t\u00e9l\u00e9phone ou votre tablette.<\/p>\r\n<p>Des effets de flamme tels que le <a href=\"https:\/\/fireware.nl\/fr\/product\/firespot\/\" target=\"_blank\" rel=\"noopener\">FireSpot<\/a>, le <a href=\"https:\/\/fireware.nl\/fr\/product\/mini-silkflame\/\" target=\"_blank\" rel=\"noopener\">Mini Silkflame LED<\/a> et le <a href=\"https:\/\/fireware.nl\/fr\/product\/phoenix\/\" target=\"_blank\" rel=\"noopener\">Phoenix Silkflame<\/a> peuvent \u00eatre connect\u00e9s \u00e0 l&#8217;une des 3 sorties commut\u00e9es du Pandora&#8217;s box 230 via un connecteur Powercon. Vous pouvez \u00e9galement connecter votre machine \u00e0 fum\u00e9e et deux haut-parleurs externes sont inclus.<\/p>\r\n<h2>Escalade et d\u00e9sescalade<\/h2>\r\n<p>Avec la possibilit\u00e9 de connecter jusqu&#8217;\u00e0 3 effets de flamme, il est tr\u00e8s facile de cr\u00e9er un sc\u00e9nario d&#8217;incendie qui peut escalader et d\u00e9sescalader selon les circonstances. Un petit incendie de poubelle se propage \u00e0 un bureau en d\u00e9sordre, puis toute la pi\u00e8ce s&#8217;embrase. Avec l&#8217;interface web sur votre propre t\u00e9l\u00e9phone ou tablette, en tant que formateur, vous d\u00e9cidez de ce qui se passe et quand.<\/p>\r\n<h2>Son &#8211; y compris des appels \u00e0 l&#8217;aide dans diff\u00e9rentes langues<\/h2>\r\n<p>Le son est extr\u00eamement important lors d&#8217;un exercice. Le Pandora&#8217;s box 230 accorde donc l&#8217;attention n\u00e9cessaire \u00e0 l&#8217;ou\u00efe. En plus des sons d&#8217;un grand ou petit incendie, vous pouvez \u00e9galement jouer le son d&#8217;\u00e9tincelles, d&#8217;une fuite de liquide, d&#8217;une explosion, d&#8217;un effondrement, d&#8217;un moteur diesel, d&#8217;un coup de feu et d&#8217;une fuite de gaz. Mais aussi la sir\u00e8ne, un chien qui aboie, les pleurs d&#8217;une victime et un b\u00e9b\u00e9 qui pleure sont inclus dans la bo\u00eete. Le Pandora&#8217;s box 230 peut jouer tous ces sons simultan\u00e9ment et m\u00eame les m\u00e9langer. Par exemple, commencez l&#8217;exercice avec l&#8217;effet d&#8217;un petit incendie. Ensuite, superposez-y l&#8217;audio du grand feu pour simuler la propagation du feu !<\/p>\r\n<p>Choisissez via l&#8217;interface 6 sons \u00e0 jouer directement sur le Pandora&#8217;s box 230. Vous pouvez facilement \u00e9changer tous les sons de la liste ci-dessous et les utiliser pour votre sc\u00e9nario.<\/p>\r\n<p><strong>La biblioth\u00e8que sonore compl\u00e8te parmi laquelle vous pouvez choisir :<\/strong><\/p>\r\n<ul>\r\n<li>Thermal Runaway<\/li>\r\n<li>USA &#8211; Homme Espace Fumeurs<\/li>\r\n<li>AR &#8211; Homme Espace Fumeurs<\/li>\r\n<li>AR &#8211; Femme Espace Fumeurs<\/li>\r\n<li>Chien<\/li>\r\n<li>Effondrement<\/li>\r\n<li>B\u00e9b\u00e9<\/li>\r\n<li>Moteur<\/li>\r\n<li>NL &#8211; Homme Espace Fumeurs<\/li>\r\n<li>NL &#8211; Femme Espace Fumeurs<\/li>\r\n<li>UK &#8211; Femme Espace Fumeurs<\/li>\r\n<li>Explosion<\/li>\r\n<li>Fuite de liquide<\/li>\r\n<li>FR &#8211; Femme Appel \u00e0 l&#8217;aide<\/li>\r\n<li>FR &#8211; Femme Espace Fumeurs<\/li>\r\n<li>Fuite de gaz<\/li>\r\n<li>DE &#8211; Homme Espace Fumeurs<\/li>\r\n<li>Sir\u00e8ne<\/li>\r\n<li>Petit incendie<\/li>\r\n<li>Femme pleurant<\/li>\r\n<li>\u00c9lectricit\u00e9<\/li>\r\n<li>Grand incendie<\/li>\r\n<li>Incendie Effondrement<\/li>\r\n<li>DK &#8211; Homme Espace Fumeurs<\/li>\r\n<li>IT &#8211; Homme Espace Fumeurs<\/li>\r\n<li>H\u00e9licopt\u00e8re<\/li>\r\n<li>Balle mur<\/li>\r\n<li>Fusil gros<\/li>\r\n<li>Fusil petit<\/li>\r\n<li>IS &#8211; Homme Espace Fumeurs<\/li>\r\n<li>Disco<\/li>\r\n<li>Son d&#8217;extinction<\/li>\r\n<li>D\u00e9tecteur de CO<\/li>\r\n<li>D\u00e9tecteur de fum\u00e9e<\/li>\r\n<li>FR &#8211; Sir\u00e8ne Slow Whoop<\/li>\r\n<\/ul>\r\n<h2>Association avec les extincteurs Apollo<\/h2>\r\n<p><a href=\"https:\/\/fireware.nl\/fr\/categorie-produit\/extincteurs-de-formation\/\" target=\"_blank\" rel=\"noopener\">Les extincteurs de formation \u00e0 LED Apollo de FireWare<\/a> peuvent \u00eatre associ\u00e9s au Pandora&#8217;s box 230. Avec cette combinaison, vous pouvez \u00e9teindre votre foyer d&#8217;incendie simul\u00e9. Et si vous le faites correctement, le foyer d&#8217;incendie s&#8217;\u00e9teindra \u00e9galement ! Si vous ne parvenez pas \u00e0 ma\u00eetriser le foyer d&#8217;incendie avec la capacit\u00e9 de lutte contre l&#8217;incendie limit\u00e9e de ces extincteurs portatifs, fermez la porte et \u00e9vacuez !<\/p>\r\n<p>Les extincteurs Apollo LED et les Pandora&#8217;s box sont livr\u00e9s pr\u00e9-appair\u00e9s par FireWare lors de la commande. Renseignez-vous sur les possibilit\u00e9s si vous les poss\u00e9dez d\u00e9j\u00e0 et souhaitez les faire appairer.<\/p>\r\n<h2>Fum\u00e9e &#8211; connectez diff\u00e9rents types de machines \u00e0 fum\u00e9e<\/h2>\r\n<p>Le Pandora&#8217;s box 230 dispose d&#8217;une possibilit\u00e9 de connexion pour diff\u00e9rents types de machines \u00e0 fum\u00e9e, y compris les machines \u00e0 fum\u00e9e FireWare <a href=\"https:\/\/fireware.nl\/fr\/produit\/generateur-de-fumee-sur-batterie-cirrus\/\" target=\"_blank\" rel=\"noopener\">Cirrus<\/a>, <a href=\"https:\/\/fireware.nl\/fr\/produit\/generateur-de-fumee-nimbo\/\" target=\"_blank\" rel=\"noopener\">Nimbo<\/a>, <a href=\"https:\/\/fireware.nl\/fr\/produit\/generateur-de-fumee-cumulus\/\" target=\"_blank\" rel=\"noopener\">Cumulus<\/a> et <a href=\"https:\/\/fireware.nl\/fr\/produit\/generateur-de-fumee-stratus\/\" target=\"_blank\" rel=\"noopener\">Stratus<\/a>. Lorsque vous connectez une machine \u00e0 fum\u00e9e, vous pouvez la contr\u00f4ler progressivement \u00e0 l&#8217;aide de la t\u00e9l\u00e9commande sans fil du Pandora&#8217;s Box 230.<\/p>\r\n<h2>Contr\u00f4le &#8211; sans fil et \u00e0 distance<\/h2>\r\n<p>Rien n&#8217;est plus ennuyeux qu&#8217;un instructeur qui doit se d\u00e9placer vers l&#8217;incident pendant l&#8217;exercice pour allumer et \u00e9teindre les appareils. Toutes les fonctions du Pandora&#8217;s<\/p>\r\n<p>box 230 peuvent donc \u00eatre contr\u00f4l\u00e9es sans fil et \u00e0 distance avec votre propre smartphone ou tablette. Le Pandora&#8217;s box 230 cr\u00e9e son propre r\u00e9seau WiFi sans fil. Les instructeurs se connectent en scannant un code QR ou en saisissant manuellement un code. Aucun logiciel compliqu\u00e9 n&#8217;est donc n\u00e9cessaire. Il est m\u00eame possible de se connecter avec plusieurs appareils en m\u00eame temps. Ainsi, plusieurs instructeurs peuvent contr\u00f4ler ensemble les fonctions depuis diff\u00e9rentes positions ! Les possibilit\u00e9s pour une mise en sc\u00e8ne dynamique sont vastes.<\/p>\r\n<p>Sur la t\u00e9l\u00e9commande num\u00e9rique, l&#8217;instructeur peut voir s&#8217;il est connect\u00e9 au Pandora&#8217;s box 230. De plus, l&#8217;\u00e9cran indique quels effets sont en cours de lecture \u00e0 ce moment-l\u00e0. Vous pouvez \u00e9galement ajuster le volume de vos effets sonores. Tout cela est tr\u00e8s pratique lorsque vous organisez la mise en sc\u00e8ne \u00e0 distance du champ d&#8217;entra\u00eenement !<\/p>\r\n<h2>Pour des mises en sc\u00e8ne sur site ou dans votre centre d&#8217;entra\u00eenement<\/h2>\r\n<p>Le Pandora&#8217;s box 230 est excellent pour r\u00e9aliser rapidement et facilement une mise en sc\u00e8ne sur site. Connectez les effets de flamme et la machine \u00e0 fum\u00e9e, placez tous les composants pour une image de flamme parfaite, ajoutez des haut-parleurs, un peu de Burning Smell Spray (non inclus) et en un rien de temps, tous les sens sont stimul\u00e9s de la mani\u00e8re la plus r\u00e9aliste possible. Mais m\u00eame dans un centre d&#8217;entra\u00eenement (fixe), le Pandora&#8217;s box 230 est un excellent point de d\u00e9part pour l&#8217;infrastructure de mise en sc\u00e8ne. Placez un Pandora&#8217;s box 230 dans chaque pi\u00e8ce et soyez assur\u00e9 d&#8217;avoir des effets de flamme, de la fum\u00e9e et du son partout. Changer la mise en sc\u00e8ne pour une prochaine saison d&#8217;entra\u00eenement ? D\u00e9placez les effets de flamme, mais laissez les Pandora&#8217;s box en place. Ainsi, il est tr\u00e8s facile de faire des ajustements p\u00e9riodiques afin de proposer toujours des sc\u00e9narios innovants.<\/p>\r\n<h2>Regardez les vid\u00e9os<\/h2>\r\n<p><iframe loading=\"lazy\" src=\"https:\/\/player.vimeo.com\/video\/990561782?hl=nl&amp;cc_lang_pref=nl&amp;cc_load_policy=1\" width=\"1920\" height=\"1080\" frameborder=\"0\" allowfullscreen=\"allowfullscreen\"><\/iframe> <iframe loading=\"lazy\" src=\"https:\/\/player.vimeo.com\/video\/995432935?hl=nl&amp;cc_lang_pref=nl&amp;cc_load_policy=1\" width=\"1920\" height=\"1080\" frameborder=\"0\" allowfullscreen=\"allowfullscreen\"><\/iframe> <iframe loading=\"lazy\" src=\"https:\/\/player.vimeo.com\/video\/1033124798?hl=nl&amp;cc_lang_pref=nl&amp;cc_load_policy=1\" width=\"1920\" height=\"1080\" frameborder=\"0\" allowfullscreen=\"allowfullscreen\"><\/iframe><\/p>\r\n","protected":false},"excerpt":{"rendered":"<ul>\n<li>Contr\u00f4le complet pour les grandes simulations ;<\/li>\n<li>Stimulez les sens de votre \u00e9l\u00e8ve avec des exercices dynamiques ;<\/li>\n<li>Contr\u00f4le sans fil via l&#8217;interface web \u00e0 l&#8217;aide de votre propre t\u00e9l\u00e9phone ou tablette ;<\/li>\n<li>Jusqu&#8217;\u00e0 3 simulations de flamme peuvent \u00eatre connect\u00e9es et contr\u00f4l\u00e9es individuellement ;<\/li>\n<li>1 machine \u00e0 fum\u00e9e \u00e0 connecter et \u00e0 contr\u00f4ler \u00e0 distance par \u00e9tapes ;<\/li>\n<li>Les sons internes sont diffus\u00e9s par les deux haut-parleurs externes inclus ;<\/li>\n<li>Bo\u00eetier en acier inoxydable int\u00e9gr\u00e9 dans une mallette de transport en plastique ;<\/li>\n<li>Comprend une bo\u00eete \u00e0 c\u00e2bles avec des c\u00e2bles adaptateurs de Schuko \u00e0 Powercon.<\/li>\n<\/ul>\n","protected":false},"featured_media":93388,"template":"","meta":[],"product_brand":[],"product_cat":[2171,215,95],"product_tag":[],"class_list":{"0":"post-93708","1":"product","2":"type-product","3":"status-publish","4":"has-post-thumbnail","6":"product_cat-experiences-de-formation-interactives","7":"product_cat-feu-simule","8":"product_cat-son","10":"first","11":"instock","12":"taxable","13":"shipping-taxable","14":"purchasable","15":"product-type-simple"},"yoast_head":"<!-- This site is optimized with the Yoast SEO plugin v27.5 - https:\/\/yoast.com\/product\/yoast-seo-wordpress\/ -->\n<title>Pandora&#039;s Box 230 - FireWare<\/title>\n<meta name=\"robots\" content=\"index, follow, max-snippet:-1, max-image-preview:large, max-video-preview:-1\" \/>\n<link rel=\"canonical\" href=\"https:\/\/fireware.nl\/fr\/product\/boite-de-pandore-230\/\" \/>\n<meta property=\"og:locale\" content=\"fr_FR\" \/>\n<meta property=\"og:type\" content=\"article\" \/>\n<meta property=\"og:title\" content=\"Pandora&#039;s Box 230 - FireWare\" \/>\n<meta property=\"og:description\" content=\"Contr\u00f4le complet pour les grandes simulations ; Stimulez les sens de votre \u00e9l\u00e8ve avec des exercices dynamiques ; Contr\u00f4le sans fil via l&#039;interface web \u00e0 l&#039;aide de votre propre t\u00e9l\u00e9phone ou tablette ; Jusqu&#039;\u00e0 3 simulations de flamme peuvent \u00eatre connect\u00e9es et contr\u00f4l\u00e9es individuellement ; 1 machine \u00e0 fum\u00e9e \u00e0 connecter et \u00e0 contr\u00f4ler \u00e0 distance par \u00e9tapes ; Les sons internes sont diffus\u00e9s par les deux haut-parleurs externes inclus ; Bo\u00eetier en acier inoxydable int\u00e9gr\u00e9 dans une mallette de transport en plastique ; Comprend une bo\u00eete \u00e0 c\u00e2bles avec des c\u00e2bles adaptateurs de Schuko \u00e0 Powercon.\" \/>\n<meta property=\"og:url\" content=\"https:\/\/fireware.nl\/fr\/product\/boite-de-pandore-230\/\" \/>\n<meta property=\"og:site_name\" content=\"FireWare\" \/>\n<meta property=\"article:publisher\" content=\"https:\/\/www.facebook.com\/FireWareBV\/\" \/>\n<meta property=\"article:modified_time\" content=\"2026-01-23T14:22:09+00:00\" \/>\n<meta property=\"og:image\" content=\"https:\/\/fireware.nl\/wp-content\/uploads\/2024\/03\/20240328_Pandora-230-productfotos_012_13.jpg\" \/>\n\t<meta property=\"og:image:width\" content=\"600\" \/>\n\t<meta property=\"og:image:height\" content=\"600\" \/>\n\t<meta property=\"og:image:type\" content=\"image\/jpeg\" \/>\n<meta name=\"twitter:card\" content=\"summary_large_image\" \/>\n<meta name=\"twitter:site\" content=\"@FireWarebv\" \/>\n<meta name=\"twitter:label1\" content=\"Dur\u00e9e de lecture estim\u00e9e\" \/>\n\t<meta name=\"twitter:data1\" content=\"6 minutes\" \/>\n<script type=\"application\/ld+json\" class=\"yoast-schema-graph\">{\"@context\":\"https:\\\/\\\/schema.org\",\"@graph\":[{\"@type\":\"WebPage\",\"@id\":\"https:\\\/\\\/fireware.nl\\\/fr\\\/product\\\/boite-de-pandore-230\\\/\",\"url\":\"https:\\\/\\\/fireware.nl\\\/fr\\\/product\\\/boite-de-pandore-230\\\/\",\"name\":\"Pandora's Box 230 - FireWare\",\"isPartOf\":{\"@id\":\"https:\\\/\\\/fireware.nl\\\/fr\\\/#website\"},\"primaryImageOfPage\":{\"@id\":\"https:\\\/\\\/fireware.nl\\\/fr\\\/product\\\/boite-de-pandore-230\\\/#primaryimage\"},\"image\":{\"@id\":\"https:\\\/\\\/fireware.nl\\\/fr\\\/product\\\/boite-de-pandore-230\\\/#primaryimage\"},\"thumbnailUrl\":\"https:\\\/\\\/fireware.nl\\\/wp-content\\\/uploads\\\/2024\\\/03\\\/20240328_Pandora-230-productfotos_012_13.jpg\",\"datePublished\":\"2024-04-11T09:00:52+00:00\",\"dateModified\":\"2026-01-23T14:22:09+00:00\",\"breadcrumb\":{\"@id\":\"https:\\\/\\\/fireware.nl\\\/fr\\\/product\\\/boite-de-pandore-230\\\/#breadcrumb\"},\"inLanguage\":\"fr-FR\",\"potentialAction\":[{\"@type\":\"ReadAction\",\"target\":[\"https:\\\/\\\/fireware.nl\\\/fr\\\/product\\\/boite-de-pandore-230\\\/\"]}]},{\"@type\":\"ImageObject\",\"inLanguage\":\"fr-FR\",\"@id\":\"https:\\\/\\\/fireware.nl\\\/fr\\\/product\\\/boite-de-pandore-230\\\/#primaryimage\",\"url\":\"https:\\\/\\\/fireware.nl\\\/wp-content\\\/uploads\\\/2024\\\/03\\\/20240328_Pandora-230-productfotos_012_13.jpg\",\"contentUrl\":\"https:\\\/\\\/fireware.nl\\\/wp-content\\\/uploads\\\/2024\\\/03\\\/20240328_Pandora-230-productfotos_012_13.jpg\",\"width\":600,\"height\":600},{\"@type\":\"BreadcrumbList\",\"@id\":\"https:\\\/\\\/fireware.nl\\\/fr\\\/product\\\/boite-de-pandore-230\\\/#breadcrumb\",\"itemListElement\":[{\"@type\":\"ListItem\",\"position\":1,\"name\":\"Home\",\"item\":\"https:\\\/\\\/fireware.nl\\\/fr\\\/\"},{\"@type\":\"ListItem\",\"position\":2,\"name\":\"Produits\",\"item\":\"https:\\\/\\\/fireware.nl\\\/fr\\\/produits\\\/\"},{\"@type\":\"ListItem\",\"position\":3,\"name\":\"Pandora&#8217;s Box 230\"}]},{\"@type\":\"WebSite\",\"@id\":\"https:\\\/\\\/fireware.nl\\\/fr\\\/#website\",\"url\":\"https:\\\/\\\/fireware.nl\\\/fr\\\/\",\"name\":\"FireWare\",\"description\":\"CREATING REALISTIC  TRAINING ENVIRONMENTS\",\"publisher\":{\"@id\":\"https:\\\/\\\/fireware.nl\\\/fr\\\/#organization\"},\"potentialAction\":[{\"@type\":\"SearchAction\",\"target\":{\"@type\":\"EntryPoint\",\"urlTemplate\":\"https:\\\/\\\/fireware.nl\\\/fr\\\/?s={search_term_string}\"},\"query-input\":{\"@type\":\"PropertyValueSpecification\",\"valueRequired\":true,\"valueName\":\"search_term_string\"}}],\"inLanguage\":\"fr-FR\"},{\"@type\":\"Organization\",\"@id\":\"https:\\\/\\\/fireware.nl\\\/fr\\\/#organization\",\"name\":\"FireWare\",\"url\":\"https:\\\/\\\/fireware.nl\\\/fr\\\/\",\"logo\":{\"@type\":\"ImageObject\",\"inLanguage\":\"fr-FR\",\"@id\":\"https:\\\/\\\/fireware.nl\\\/fr\\\/#\\\/schema\\\/logo\\\/image\\\/\",\"url\":\"https:\\\/\\\/fireware.nl\\\/wp-content\\\/uploads\\\/2018\\\/10\\\/FireWare-logo.jpg\",\"contentUrl\":\"https:\\\/\\\/fireware.nl\\\/wp-content\\\/uploads\\\/2018\\\/10\\\/FireWare-logo.jpg\",\"width\":171,\"height\":70,\"caption\":\"FireWare\"},\"image\":{\"@id\":\"https:\\\/\\\/fireware.nl\\\/fr\\\/#\\\/schema\\\/logo\\\/image\\\/\"},\"sameAs\":[\"https:\\\/\\\/www.facebook.com\\\/FireWareBV\\\/\",\"https:\\\/\\\/x.com\\\/FireWarebv\",\"https:\\\/\\\/www.instagram.com\\\/fireware_nl\\\/\",\"https:\\\/\\\/www.linkedin.com\\\/company\\\/3586017\\\/\",\"https:\\\/\\\/www.youtube.com\\\/user\\\/firesalesrentconsult\"]}]}<\/script>\n<!-- \/ Yoast SEO plugin. -->","yoast_head_json":{"title":"Pandora's Box 230 - FireWare","robots":{"index":"index","follow":"follow","max-snippet":"max-snippet:-1","max-image-preview":"max-image-preview:large","max-video-preview":"max-video-preview:-1"},"canonical":"https:\/\/fireware.nl\/fr\/product\/boite-de-pandore-230\/","og_locale":"fr_FR","og_type":"article","og_title":"Pandora's Box 230 - FireWare","og_description":"Contr\u00f4le complet pour les grandes simulations ; Stimulez les sens de votre \u00e9l\u00e8ve avec des exercices dynamiques ; Contr\u00f4le sans fil via l'interface web \u00e0 l'aide de votre propre t\u00e9l\u00e9phone ou tablette ; Jusqu'\u00e0 3 simulations de flamme peuvent \u00eatre connect\u00e9es et contr\u00f4l\u00e9es individuellement ; 1 machine \u00e0 fum\u00e9e \u00e0 connecter et \u00e0 contr\u00f4ler \u00e0 distance par \u00e9tapes ; Les sons internes sont diffus\u00e9s par les deux haut-parleurs externes inclus ; Bo\u00eetier en acier inoxydable int\u00e9gr\u00e9 dans une mallette de transport en plastique ; Comprend une bo\u00eete \u00e0 c\u00e2bles avec des c\u00e2bles adaptateurs de Schuko \u00e0 Powercon.","og_url":"https:\/\/fireware.nl\/fr\/product\/boite-de-pandore-230\/","og_site_name":"FireWare","article_publisher":"https:\/\/www.facebook.com\/FireWareBV\/","article_modified_time":"2026-01-23T14:22:09+00:00","og_image":[{"width":600,"height":600,"url":"https:\/\/fireware.nl\/wp-content\/uploads\/2024\/03\/20240328_Pandora-230-productfotos_012_13.jpg","type":"image\/jpeg"}],"twitter_card":"summary_large_image","twitter_site":"@FireWarebv","twitter_misc":{"Dur\u00e9e de lecture estim\u00e9e":"6 minutes"},"schema":{"@context":"https:\/\/schema.org","@graph":[{"@type":"WebPage","@id":"https:\/\/fireware.nl\/fr\/product\/boite-de-pandore-230\/","url":"https:\/\/fireware.nl\/fr\/product\/boite-de-pandore-230\/","name":"Pandora's Box 230 - FireWare","isPartOf":{"@id":"https:\/\/fireware.nl\/fr\/#website"},"primaryImageOfPage":{"@id":"https:\/\/fireware.nl\/fr\/product\/boite-de-pandore-230\/#primaryimage"},"image":{"@id":"https:\/\/fireware.nl\/fr\/product\/boite-de-pandore-230\/#primaryimage"},"thumbnailUrl":"https:\/\/fireware.nl\/wp-content\/uploads\/2024\/03\/20240328_Pandora-230-productfotos_012_13.jpg","datePublished":"2024-04-11T09:00:52+00:00","dateModified":"2026-01-23T14:22:09+00:00","breadcrumb":{"@id":"https:\/\/fireware.nl\/fr\/product\/boite-de-pandore-230\/#breadcrumb"},"inLanguage":"fr-FR","potentialAction":[{"@type":"ReadAction","target":["https:\/\/fireware.nl\/fr\/product\/boite-de-pandore-230\/"]}]},{"@type":"ImageObject","inLanguage":"fr-FR","@id":"https:\/\/fireware.nl\/fr\/product\/boite-de-pandore-230\/#primaryimage","url":"https:\/\/fireware.nl\/wp-content\/uploads\/2024\/03\/20240328_Pandora-230-productfotos_012_13.jpg","contentUrl":"https:\/\/fireware.nl\/wp-content\/uploads\/2024\/03\/20240328_Pandora-230-productfotos_012_13.jpg","width":600,"height":600},{"@type":"BreadcrumbList","@id":"https:\/\/fireware.nl\/fr\/product\/boite-de-pandore-230\/#breadcrumb","itemListElement":[{"@type":"ListItem","position":1,"name":"Home","item":"https:\/\/fireware.nl\/fr\/"},{"@type":"ListItem","position":2,"name":"Produits","item":"https:\/\/fireware.nl\/fr\/produits\/"},{"@type":"ListItem","position":3,"name":"Pandora&#8217;s Box 230"}]},{"@type":"WebSite","@id":"https:\/\/fireware.nl\/fr\/#website","url":"https:\/\/fireware.nl\/fr\/","name":"FireWare","description":"CREATING REALISTIC  TRAINING ENVIRONMENTS","publisher":{"@id":"https:\/\/fireware.nl\/fr\/#organization"},"potentialAction":[{"@type":"SearchAction","target":{"@type":"EntryPoint","urlTemplate":"https:\/\/fireware.nl\/fr\/?s={search_term_string}"},"query-input":{"@type":"PropertyValueSpecification","valueRequired":true,"valueName":"search_term_string"}}],"inLanguage":"fr-FR"},{"@type":"Organization","@id":"https:\/\/fireware.nl\/fr\/#organization","name":"FireWare","url":"https:\/\/fireware.nl\/fr\/","logo":{"@type":"ImageObject","inLanguage":"fr-FR","@id":"https:\/\/fireware.nl\/fr\/#\/schema\/logo\/image\/","url":"https:\/\/fireware.nl\/wp-content\/uploads\/2018\/10\/FireWare-logo.jpg","contentUrl":"https:\/\/fireware.nl\/wp-content\/uploads\/2018\/10\/FireWare-logo.jpg","width":171,"height":70,"caption":"FireWare"},"image":{"@id":"https:\/\/fireware.nl\/fr\/#\/schema\/logo\/image\/"},"sameAs":["https:\/\/www.facebook.com\/FireWareBV\/","https:\/\/x.com\/FireWarebv","https:\/\/www.instagram.com\/fireware_nl\/","https:\/\/www.linkedin.com\/company\/3586017\/","https:\/\/www.youtube.com\/user\/firesalesrentconsult"]}]}},"publishpress_future_workflow_manual_trigger":{"enabledWorkflows":[]},"_links":{"self":[{"href":"https:\/\/fireware.nl\/fr\/wp-json\/wp\/v2\/product\/93708","targetHints":{"allow":["GET"]}}],"collection":[{"href":"https:\/\/fireware.nl\/fr\/wp-json\/wp\/v2\/product"}],"about":[{"href":"https:\/\/fireware.nl\/fr\/wp-json\/wp\/v2\/types\/product"}],"wp:featuredmedia":[{"embeddable":true,"href":"https:\/\/fireware.nl\/fr\/wp-json\/wp\/v2\/media\/93388"}],"wp:attachment":[{"href":"https:\/\/fireware.nl\/fr\/wp-json\/wp\/v2\/media?parent=93708"}],"wp:term":[{"taxonomy":"product_brand","embeddable":true,"href":"https:\/\/fireware.nl\/fr\/wp-json\/wp\/v2\/product_brand?post=93708"},{"taxonomy":"product_cat","embeddable":true,"href":"https:\/\/fireware.nl\/fr\/wp-json\/wp\/v2\/product_cat?post=93708"},{"taxonomy":"product_tag","embeddable":true,"href":"https:\/\/fireware.nl\/fr\/wp-json\/wp\/v2\/product_tag?post=93708"}],"curies":[{"name":"wp","href":"https:\/\/api.w.org\/{rel}","templated":true}]}}