
{"id":93933,"date":"2024-04-09T12:40:43","date_gmt":"2024-04-09T12:40:43","guid":{"rendered":"https:\/\/fireware.nl\/product\/firespot-mk2\/"},"modified":"2026-04-13T14:05:13","modified_gmt":"2026-04-13T14:05:13","slug":"firespot-mk2","status":"publish","type":"product","link":"https:\/\/fireware.nl\/fr\/product\/firespot-mk2\/","title":{"rendered":"FireSpot MK2"},"content":{"rendered":"\n\n\t<p>Le FireSpot a fait peau neuve ! Le nouveau FireSpot MK2 permet d&#8217;atteindre encore plus d&#8217;objectifs d&#8217;apprentissage et d&#8217;enseignement. En effet, il peut \u00eatre utilis\u00e9 pour simuler encore plus d&#8217;incendies diff\u00e9rents ! Par exemple, qu&#8217;en est-il d&#8217;un emballement thermique ?<\/p>\n<h2>8 programmes de simulation pour diff\u00e9rents incendies : inclus. Simulation d&#8217;emballement thermique<\/h2>\n<p>Le FireSpot MK2 dispose de 8 programmes de simulation pour simuler de mani\u00e8re tr\u00e8s r\u00e9aliste diff\u00e9rents types d&#8217;incendies :<\/p>\n<ol>\n<li>Tous les voyants sont allum\u00e9s (m\u00eame fonctionnalit\u00e9 que le FireSpot original)<\/li>\n<li>Slow Fire (les LED rouges et orange donnent l&#8217;illusion d&#8217;un feu vacillant avec une intensit\u00e9 mod\u00e9r\u00e9e)<\/li>\n<li>Fast Fire (les LED rouges et orange cr\u00e9ent l&#8217;illusion d&#8217;un feu vacillant de haute intensit\u00e9)<\/li>\n<li>Emballement thermique : (les diodes \u00e9lectroluminescentes produisent l&#8217;effet de clignotement typique observ\u00e9 lors de l&#8217;emballement thermique d&#8217;une batterie).<\/li>\n<li>Red Static (pour simuler un feu incandescent ou un feu avec peu d&#8217;oxyg\u00e8ne : les LED rouges sont allum\u00e9es en permanence)<\/li>\n<li>Red Dynamic (pour simuler un feu incandescent ou un feu avec peu d&#8217;oxyg\u00e8ne : les LED rouges simulent le scintillement d&#8217;un feu)<\/li>\n<li>Orange Static (pour simuler un feu vif avec suffisamment d&#8217;oxyg\u00e8ne ou une explosion : les diodes rouges et orange sont allum\u00e9es en permanence)<\/li>\n<li>Orange Dynamic (pour simuler un feu avec suffisamment d&#8217;oxyg\u00e8ne : les LED orange simulent le clignotement d&#8217;un feu)<\/li>\n<\/ol>\n<p>Lors de l&#8217;\u00e9laboration des programmes de simulation, les objectifs d&#8217;apprentissage et d&#8217;enseignement \u00e0 atteindre et la possibilit\u00e9 d&#8217;une mise en sc\u00e8ne dynamique ont \u00e9t\u00e9 pris en compte ! Vous pouvez combiner et contr\u00f4ler plusieurs FireSpots avec, par exemple, le Pandora 230. Vous pouvez donc commencer par un feu incandescent et, au fur et \u00e0 mesure que l&#8217;oxyg\u00e8ne se lib\u00e8re, obtenir un feu vif en appuyant sur un bouton ! ! Les programmes dot\u00e9s de la nouvelle fonction &#8220;soft start&#8221; sont id\u00e9aux \u00e0 cet \u00e9gard. Lors de la mise sous tension, l&#8217;extension se connecte en quelques secondes.<\/p>\n<h2>Con\u00e7u pour \u00eatre utilis\u00e9 avec ou sans fum\u00e9e de pratique<\/h2>\n<p>Les nouveaux programmes de simulation offrent de nombreuses options suppl\u00e9mentaires \u00e0 utiliser sans fum\u00e9e d&#8217;entra\u00eenement. Mais ce qui est juste est juste : vous obtenez le meilleur effet lorsque vous colorez la fum\u00e9e de la bonne mani\u00e8re avec ce nouveau FireSpot MK2 !<\/p>\n<h2>Enti\u00e8rement \u00e9tanche<\/h2>\n<p>Le <a href=\"https:\/\/fireware.nl\/product\/firespot\/\" target=\"_blank\" rel=\"noopener\">FireSpot original<\/a> \u00e9tait d\u00e9j\u00e0 \u00e9tanche selon la norme IP67 : Il en va de m\u00eame pour le nouveau FireSpot MK2 ! Vous pouvez changer de programme de simulation en tenant un aimant pr\u00e8s du bo\u00eetier. C&#8217;est ainsi que l&#8217;on passe d&#8217;un programme \u00e0 l&#8217;autre. Il n&#8217;y a donc pas d&#8217;interrupteurs \u00e0 l&#8217;ext\u00e9rieur du bo\u00eetier ! Le projecteur &#8220;se souvient&#8221; de la derni\u00e8re position s\u00e9lectionn\u00e9e.<\/p>\n<p>Le cordon d&#8217;alimentation de 2 m\u00e8tres est \u00e9galement dot\u00e9 d&#8217;un connecteur Powercon True 1. Ce connecteur est extensible et \u00e9tanche. Tr\u00e8s pratique pour les simulations impliquant un d\u00e9ploiement r\u00e9el avec de l&#8217;eau.<\/p>\n<h2>Optique sp\u00e9ciale pour la simulation de flamme<\/h2>\n<p>L&#8217;optique du FireSpot MK2 est identique \u00e0 celle du FireSpot original. La source lumineuse est constitu\u00e9e de 2 LED rouges et de 2 LED orange puissantes. Cela permet d&#8217;obtenir une image de flamme belle et r\u00e9aliste sans m\u00e9lange de couleurs, comme cela peut se produire avec les LED RVB.<\/p>\n<p>Les lentilles sont con\u00e7ues de mani\u00e8re \u00e0 ce que les LED rouges forment une ligne et les LED orange un &#8220;point chaud&#8221;. Cette optique permet d&#8217;obtenir une image tr\u00e8s r\u00e9aliste de la flamme ! Les luminaires de th\u00e9\u00e2tre sont con\u00e7us de mani\u00e8re \u00e0 ce que le m\u00e9lange des couleurs soit le plus homog\u00e8ne possible : avec le FireSpot, nous ne voulions absolument pas de cela : les flammes ont une grande diversit\u00e9 de couleurs dans la flamme. L&#8217;optique du FireSpot est sp\u00e9cialement con\u00e7ue pour rendre cet effet aussi r\u00e9aliste que possible !<\/p>\n<h2>Une construction \u00e0 toute \u00e9preuve<\/h2>\n<p>Les FireSpots ne sont pas d\u00e9ploy\u00e9s facilement au cours d&#8217;une simulation. Les spots ont beaucoup \u00e0 supporter. C&#8217;est pourquoi le bo\u00eetier du FireSpot MK2 est en aluminium anodis\u00e9 et les parties saillantes sont r\u00e9duites au minimum.<\/p>\n<p>Le FireSpot est r\u00e9glable dans chaque coin.<a href=\"https:\/\/fireware.nl\/fr\/produit\/pied-de-sol-pour-le-firespot\/\" target=\"_blank\" rel=\"noopener\"> Le pied de sol<\/a> optionnel fournit un soutien maximal. L&#8217;utilisation du pied de sol garantit plus de stabilit\u00e9. De plus, vous pouvez ajuster plus facilement le bon angle de la lueur du feu et colorer la fum\u00e9e encore plus ais\u00e9ment. Avec une consommation de 10 W, le rendement lumineux est spectaculaire.<\/p>\n<p>Outre le FireSpot original et le FireSpot MK2, il existe \u00e9galement le <a href=\"https:\/\/fireware.nl\/fr\/product\/firespot-xxl\/\" target=\"_blank\" rel=\"noopener\">FireSpot XXL<\/a>.<\/p>\n<h2>Regardez les vid\u00e9os<\/h2>\n\t\t<iframe loading=\"lazy\" width=\"1920\" height=\"1080\" src=\"https:\/\/player.vimeo.com\/video\/990561782?hl=nl&#038;cc_lang_pref=nl&#038;cc_load_policy=1\" frameborder=\"0\" allow=\"accelerometer; autoplay; clipboard-write; encrypted-media; gyroscope; picture-in-picture\" allowfullscreen><\/iframe>\t\n\t\t<iframe loading=\"lazy\" width=\"1920\" height=\"1080\" src=\"https:\/\/player.vimeo.com\/video\/995432935?hl=nl&#038;cc_lang_pref=nl&#038;cc_load_policy=1\" frameborder=\"0\" allow=\"accelerometer; autoplay; clipboard-write; encrypted-media; gyroscope; picture-in-picture\" allowfullscreen><\/iframe>\t\n\t\t<iframe loading=\"lazy\" width=\"560\" height=\"315\" src=\"https:\/\/player.vimeo.com\/video\/1162158094?hl=nl&#038;cc_lang_pref=nl&#038;cc_load_policy=1\" frameborder=\"0\" allow=\"accelerometer; autoplay; clipboard-write; encrypted-media; gyroscope; picture-in-picture\" allowfullscreen><\/iframe>\t\n\n","protected":false},"excerpt":{"rendered":"<ul>\n<li>Simulation r\u00e9aliste de la flamme ;<\/li>\n<li>\u00c9clairage LED durable ;<\/li>\n<li>MK2 : avec intelligence int\u00e9gr\u00e9e ;<\/li>\n<li>Comprend 8 programmes de simulation pour des objectifs d&#8217;apprentissage et d&#8217;enseignement sp\u00e9cifiques ;<\/li>\n<li>Stand d&#8217;emballement thermique ;<\/li>\n<li>Bo\u00eetier \u00e9tanche et robuste ;<\/li>\n<li>Lentilles sp\u00e9ciales pour une r\u00e9partition r\u00e9aliste de la lumi\u00e8re rouge-orange ;<\/li>\n<li>\u00c9quip\u00e9 d&#8217;un connecteur powerCON pour une extension \u00e9tanche;<\/li>\n<li>Incluant un c\u00e2ble adaptateur de powercon \u00e0 Schuko pour une utilisation dans une prise \u00e9lectrique standard.<\/li>\n<\/ul>\n","protected":false},"featured_media":93928,"template":"","meta":[],"product_brand":[],"product_cat":[215],"product_tag":[],"class_list":{"0":"post-93933","1":"product","2":"type-product","3":"status-publish","4":"has-post-thumbnail","6":"product_cat-feu-simule","8":"first","9":"instock","10":"taxable","11":"shipping-taxable","12":"purchasable","13":"product-type-simple"},"yoast_head":"<!-- This site is optimized with the Yoast SEO plugin v27.5 - https:\/\/yoast.com\/product\/yoast-seo-wordpress\/ -->\n<title>FireSpot MK2 - FireWare<\/title>\n<meta name=\"robots\" content=\"index, follow, max-snippet:-1, max-image-preview:large, max-video-preview:-1\" \/>\n<link rel=\"canonical\" href=\"https:\/\/fireware.nl\/fr\/product\/firespot-mk2\/\" \/>\n<meta property=\"og:locale\" content=\"fr_FR\" \/>\n<meta property=\"og:type\" content=\"article\" \/>\n<meta property=\"og:title\" content=\"FireSpot MK2 - FireWare\" \/>\n<meta property=\"og:description\" content=\"Simulation r\u00e9aliste de la flamme ; \u00c9clairage LED durable ; MK2 : avec intelligence int\u00e9gr\u00e9e ; Comprend 8 programmes de simulation pour des objectifs d&#039;apprentissage et d&#039;enseignement sp\u00e9cifiques ; Stand d&#039;emballement thermique ; Bo\u00eetier \u00e9tanche et robuste ; Lentilles sp\u00e9ciales pour une r\u00e9partition r\u00e9aliste de la lumi\u00e8re rouge-orange ; \u00c9quip\u00e9 d&#039;un connecteur powerCON pour une extension \u00e9tanche; Incluant un c\u00e2ble adaptateur de powercon \u00e0 Schuko pour une utilisation dans une prise \u00e9lectrique standard.\" \/>\n<meta property=\"og:url\" content=\"https:\/\/fireware.nl\/fr\/product\/firespot-mk2\/\" \/>\n<meta property=\"og:site_name\" content=\"FireWare\" \/>\n<meta property=\"article:publisher\" content=\"https:\/\/www.facebook.com\/FireWareBV\/\" \/>\n<meta property=\"article:modified_time\" content=\"2026-04-13T14:05:13+00:00\" \/>\n<meta property=\"og:image\" content=\"https:\/\/fireware.nl\/wp-content\/uploads\/2024\/04\/027-090-003_FireWare_FireSpot_3_600x600_20240409_FireSpot_mk2_xxl__053_web-1.jpg\" \/>\n\t<meta property=\"og:image:width\" content=\"600\" \/>\n\t<meta property=\"og:image:height\" content=\"600\" \/>\n\t<meta property=\"og:image:type\" content=\"image\/jpeg\" \/>\n<meta name=\"twitter:card\" content=\"summary_large_image\" \/>\n<meta name=\"twitter:site\" content=\"@FireWarebv\" \/>\n<meta name=\"twitter:label1\" content=\"Dur\u00e9e de lecture estim\u00e9e\" \/>\n\t<meta name=\"twitter:data1\" content=\"4 minutes\" \/>\n<script type=\"application\/ld+json\" class=\"yoast-schema-graph\">{\"@context\":\"https:\\\/\\\/schema.org\",\"@graph\":[{\"@type\":\"WebPage\",\"@id\":\"https:\\\/\\\/fireware.nl\\\/fr\\\/product\\\/firespot-mk2\\\/\",\"url\":\"https:\\\/\\\/fireware.nl\\\/fr\\\/product\\\/firespot-mk2\\\/\",\"name\":\"FireSpot MK2 - FireWare\",\"isPartOf\":{\"@id\":\"https:\\\/\\\/fireware.nl\\\/fr\\\/#website\"},\"primaryImageOfPage\":{\"@id\":\"https:\\\/\\\/fireware.nl\\\/fr\\\/product\\\/firespot-mk2\\\/#primaryimage\"},\"image\":{\"@id\":\"https:\\\/\\\/fireware.nl\\\/fr\\\/product\\\/firespot-mk2\\\/#primaryimage\"},\"thumbnailUrl\":\"https:\\\/\\\/fireware.nl\\\/wp-content\\\/uploads\\\/2024\\\/04\\\/027-090-003_FireWare_FireSpot_3_600x600_20240409_FireSpot_mk2_xxl__053_web-1.jpg\",\"datePublished\":\"2024-04-09T12:40:43+00:00\",\"dateModified\":\"2026-04-13T14:05:13+00:00\",\"breadcrumb\":{\"@id\":\"https:\\\/\\\/fireware.nl\\\/fr\\\/product\\\/firespot-mk2\\\/#breadcrumb\"},\"inLanguage\":\"fr-FR\",\"potentialAction\":[{\"@type\":\"ReadAction\",\"target\":[\"https:\\\/\\\/fireware.nl\\\/fr\\\/product\\\/firespot-mk2\\\/\"]}]},{\"@type\":\"ImageObject\",\"inLanguage\":\"fr-FR\",\"@id\":\"https:\\\/\\\/fireware.nl\\\/fr\\\/product\\\/firespot-mk2\\\/#primaryimage\",\"url\":\"https:\\\/\\\/fireware.nl\\\/wp-content\\\/uploads\\\/2024\\\/04\\\/027-090-003_FireWare_FireSpot_3_600x600_20240409_FireSpot_mk2_xxl__053_web-1.jpg\",\"contentUrl\":\"https:\\\/\\\/fireware.nl\\\/wp-content\\\/uploads\\\/2024\\\/04\\\/027-090-003_FireWare_FireSpot_3_600x600_20240409_FireSpot_mk2_xxl__053_web-1.jpg\",\"width\":600,\"height\":600},{\"@type\":\"BreadcrumbList\",\"@id\":\"https:\\\/\\\/fireware.nl\\\/fr\\\/product\\\/firespot-mk2\\\/#breadcrumb\",\"itemListElement\":[{\"@type\":\"ListItem\",\"position\":1,\"name\":\"Home\",\"item\":\"https:\\\/\\\/fireware.nl\\\/fr\\\/\"},{\"@type\":\"ListItem\",\"position\":2,\"name\":\"Produits\",\"item\":\"https:\\\/\\\/fireware.nl\\\/fr\\\/produits\\\/\"},{\"@type\":\"ListItem\",\"position\":3,\"name\":\"FireSpot MK2\"}]},{\"@type\":\"WebSite\",\"@id\":\"https:\\\/\\\/fireware.nl\\\/fr\\\/#website\",\"url\":\"https:\\\/\\\/fireware.nl\\\/fr\\\/\",\"name\":\"FireWare\",\"description\":\"CREATING REALISTIC  TRAINING ENVIRONMENTS\",\"publisher\":{\"@id\":\"https:\\\/\\\/fireware.nl\\\/fr\\\/#organization\"},\"potentialAction\":[{\"@type\":\"SearchAction\",\"target\":{\"@type\":\"EntryPoint\",\"urlTemplate\":\"https:\\\/\\\/fireware.nl\\\/fr\\\/?s={search_term_string}\"},\"query-input\":{\"@type\":\"PropertyValueSpecification\",\"valueRequired\":true,\"valueName\":\"search_term_string\"}}],\"inLanguage\":\"fr-FR\"},{\"@type\":\"Organization\",\"@id\":\"https:\\\/\\\/fireware.nl\\\/fr\\\/#organization\",\"name\":\"FireWare\",\"url\":\"https:\\\/\\\/fireware.nl\\\/fr\\\/\",\"logo\":{\"@type\":\"ImageObject\",\"inLanguage\":\"fr-FR\",\"@id\":\"https:\\\/\\\/fireware.nl\\\/fr\\\/#\\\/schema\\\/logo\\\/image\\\/\",\"url\":\"https:\\\/\\\/fireware.nl\\\/wp-content\\\/uploads\\\/2018\\\/10\\\/FireWare-logo.jpg\",\"contentUrl\":\"https:\\\/\\\/fireware.nl\\\/wp-content\\\/uploads\\\/2018\\\/10\\\/FireWare-logo.jpg\",\"width\":171,\"height\":70,\"caption\":\"FireWare\"},\"image\":{\"@id\":\"https:\\\/\\\/fireware.nl\\\/fr\\\/#\\\/schema\\\/logo\\\/image\\\/\"},\"sameAs\":[\"https:\\\/\\\/www.facebook.com\\\/FireWareBV\\\/\",\"https:\\\/\\\/x.com\\\/FireWarebv\",\"https:\\\/\\\/www.instagram.com\\\/fireware_nl\\\/\",\"https:\\\/\\\/www.linkedin.com\\\/company\\\/3586017\\\/\",\"https:\\\/\\\/www.youtube.com\\\/user\\\/firesalesrentconsult\"]}]}<\/script>\n<!-- \/ Yoast SEO plugin. -->","yoast_head_json":{"title":"FireSpot MK2 - FireWare","robots":{"index":"index","follow":"follow","max-snippet":"max-snippet:-1","max-image-preview":"max-image-preview:large","max-video-preview":"max-video-preview:-1"},"canonical":"https:\/\/fireware.nl\/fr\/product\/firespot-mk2\/","og_locale":"fr_FR","og_type":"article","og_title":"FireSpot MK2 - FireWare","og_description":"Simulation r\u00e9aliste de la flamme ; \u00c9clairage LED durable ; MK2 : avec intelligence int\u00e9gr\u00e9e ; Comprend 8 programmes de simulation pour des objectifs d'apprentissage et d'enseignement sp\u00e9cifiques ; Stand d'emballement thermique ; Bo\u00eetier \u00e9tanche et robuste ; Lentilles sp\u00e9ciales pour une r\u00e9partition r\u00e9aliste de la lumi\u00e8re rouge-orange ; \u00c9quip\u00e9 d'un connecteur powerCON pour une extension \u00e9tanche; Incluant un c\u00e2ble adaptateur de powercon \u00e0 Schuko pour une utilisation dans une prise \u00e9lectrique standard.","og_url":"https:\/\/fireware.nl\/fr\/product\/firespot-mk2\/","og_site_name":"FireWare","article_publisher":"https:\/\/www.facebook.com\/FireWareBV\/","article_modified_time":"2026-04-13T14:05:13+00:00","og_image":[{"width":600,"height":600,"url":"https:\/\/fireware.nl\/wp-content\/uploads\/2024\/04\/027-090-003_FireWare_FireSpot_3_600x600_20240409_FireSpot_mk2_xxl__053_web-1.jpg","type":"image\/jpeg"}],"twitter_card":"summary_large_image","twitter_site":"@FireWarebv","twitter_misc":{"Dur\u00e9e de lecture estim\u00e9e":"4 minutes"},"schema":{"@context":"https:\/\/schema.org","@graph":[{"@type":"WebPage","@id":"https:\/\/fireware.nl\/fr\/product\/firespot-mk2\/","url":"https:\/\/fireware.nl\/fr\/product\/firespot-mk2\/","name":"FireSpot MK2 - FireWare","isPartOf":{"@id":"https:\/\/fireware.nl\/fr\/#website"},"primaryImageOfPage":{"@id":"https:\/\/fireware.nl\/fr\/product\/firespot-mk2\/#primaryimage"},"image":{"@id":"https:\/\/fireware.nl\/fr\/product\/firespot-mk2\/#primaryimage"},"thumbnailUrl":"https:\/\/fireware.nl\/wp-content\/uploads\/2024\/04\/027-090-003_FireWare_FireSpot_3_600x600_20240409_FireSpot_mk2_xxl__053_web-1.jpg","datePublished":"2024-04-09T12:40:43+00:00","dateModified":"2026-04-13T14:05:13+00:00","breadcrumb":{"@id":"https:\/\/fireware.nl\/fr\/product\/firespot-mk2\/#breadcrumb"},"inLanguage":"fr-FR","potentialAction":[{"@type":"ReadAction","target":["https:\/\/fireware.nl\/fr\/product\/firespot-mk2\/"]}]},{"@type":"ImageObject","inLanguage":"fr-FR","@id":"https:\/\/fireware.nl\/fr\/product\/firespot-mk2\/#primaryimage","url":"https:\/\/fireware.nl\/wp-content\/uploads\/2024\/04\/027-090-003_FireWare_FireSpot_3_600x600_20240409_FireSpot_mk2_xxl__053_web-1.jpg","contentUrl":"https:\/\/fireware.nl\/wp-content\/uploads\/2024\/04\/027-090-003_FireWare_FireSpot_3_600x600_20240409_FireSpot_mk2_xxl__053_web-1.jpg","width":600,"height":600},{"@type":"BreadcrumbList","@id":"https:\/\/fireware.nl\/fr\/product\/firespot-mk2\/#breadcrumb","itemListElement":[{"@type":"ListItem","position":1,"name":"Home","item":"https:\/\/fireware.nl\/fr\/"},{"@type":"ListItem","position":2,"name":"Produits","item":"https:\/\/fireware.nl\/fr\/produits\/"},{"@type":"ListItem","position":3,"name":"FireSpot MK2"}]},{"@type":"WebSite","@id":"https:\/\/fireware.nl\/fr\/#website","url":"https:\/\/fireware.nl\/fr\/","name":"FireWare","description":"CREATING REALISTIC  TRAINING ENVIRONMENTS","publisher":{"@id":"https:\/\/fireware.nl\/fr\/#organization"},"potentialAction":[{"@type":"SearchAction","target":{"@type":"EntryPoint","urlTemplate":"https:\/\/fireware.nl\/fr\/?s={search_term_string}"},"query-input":{"@type":"PropertyValueSpecification","valueRequired":true,"valueName":"search_term_string"}}],"inLanguage":"fr-FR"},{"@type":"Organization","@id":"https:\/\/fireware.nl\/fr\/#organization","name":"FireWare","url":"https:\/\/fireware.nl\/fr\/","logo":{"@type":"ImageObject","inLanguage":"fr-FR","@id":"https:\/\/fireware.nl\/fr\/#\/schema\/logo\/image\/","url":"https:\/\/fireware.nl\/wp-content\/uploads\/2018\/10\/FireWare-logo.jpg","contentUrl":"https:\/\/fireware.nl\/wp-content\/uploads\/2018\/10\/FireWare-logo.jpg","width":171,"height":70,"caption":"FireWare"},"image":{"@id":"https:\/\/fireware.nl\/fr\/#\/schema\/logo\/image\/"},"sameAs":["https:\/\/www.facebook.com\/FireWareBV\/","https:\/\/x.com\/FireWarebv","https:\/\/www.instagram.com\/fireware_nl\/","https:\/\/www.linkedin.com\/company\/3586017\/","https:\/\/www.youtube.com\/user\/firesalesrentconsult"]}]}},"publishpress_future_workflow_manual_trigger":{"enabledWorkflows":[]},"_links":{"self":[{"href":"https:\/\/fireware.nl\/fr\/wp-json\/wp\/v2\/product\/93933","targetHints":{"allow":["GET"]}}],"collection":[{"href":"https:\/\/fireware.nl\/fr\/wp-json\/wp\/v2\/product"}],"about":[{"href":"https:\/\/fireware.nl\/fr\/wp-json\/wp\/v2\/types\/product"}],"wp:featuredmedia":[{"embeddable":true,"href":"https:\/\/fireware.nl\/fr\/wp-json\/wp\/v2\/media\/93928"}],"wp:attachment":[{"href":"https:\/\/fireware.nl\/fr\/wp-json\/wp\/v2\/media?parent=93933"}],"wp:term":[{"taxonomy":"product_brand","embeddable":true,"href":"https:\/\/fireware.nl\/fr\/wp-json\/wp\/v2\/product_brand?post=93933"},{"taxonomy":"product_cat","embeddable":true,"href":"https:\/\/fireware.nl\/fr\/wp-json\/wp\/v2\/product_cat?post=93933"},{"taxonomy":"product_tag","embeddable":true,"href":"https:\/\/fireware.nl\/fr\/wp-json\/wp\/v2\/product_tag?post=93933"}],"curies":[{"name":"wp","href":"https:\/\/api.w.org\/{rel}","templated":true}]}}