
{"id":93939,"date":"2024-04-09T12:41:20","date_gmt":"2024-04-09T13:13:24","guid":{"rendered":"https:\/\/fireware.nl\/product\/firespot-xxl\/"},"modified":"2024-11-26T09:23:58","modified_gmt":"2024-11-26T09:23:58","slug":"firespot-xxl","status":"publish","type":"product","link":"https:\/\/fireware.nl\/fr\/product\/firespot-xxl\/","title":{"rendered":"FireSpot XXL"},"content":{"rendered":"\n\n\t<p>Maintenant, il existe un FireSpot extr\u00eamement puissant : le FireSpot XXL : Avec pas moins de 60 LED haute puissance, ce FireSpot est 15 fois plus puissant que le FireSpot original et le FireSpot MK2.<\/p>\n<h2>\u00c9galement utilisable en plein jour et pour les incendies d\u00e9clar\u00e9s<\/h2>\n<p>Il y a des situations o\u00f9 un seul <a href=\"https:\/\/fireware.nl\/fr\/product\/firespot\/\" target=\"_blank\" rel=\"noopener\">FireSpot Original<\/a> ou un <a href=\"https:\/\/fireware.nl\/fr\/product\/firespot-mk2\/\" target=\"_blank\" rel=\"noopener\">FireSpot MK2<\/a> ne suffit pas. Par exemple en ext\u00e9rieur en plein jour ou pour simuler un grand incendie d\u00e9clar\u00e9 le soir. Bien s\u00fbr, cela pouvait \u00eatre r\u00e9solu en regroupant plusieurs spots, mais maintenant il y a une solution plus efficace : le FireSpot XXL.<\/p>\n<p>Ce nouveau FireSpot a assez de puissance pour \u00eatre utilis\u00e9 \u00e9galement en plein jour. Il donne \u00e9galement une lueur extr\u00eamement r\u00e9aliste le soir. Id\u00e9al pour simuler de v\u00e9ritables grands incendies !<\/p>\n<h2>8 programmes de simulation pour diff\u00e9rents types d&#8217;incendies : incluant la simulation de surchauffe thermique<\/h2>\n<p>Le FireSpot XXL est \u00e9quip\u00e9 de 8 programmes de simulation pour simuler de mani\u00e8re super r\u00e9aliste diff\u00e9rents types d&#8217;incendies :<\/p>\n<ol>\n<li>Toutes les LED allum\u00e9es (la m\u00eame fonctionnalit\u00e9 que le FireSpot original)<\/li>\n<li>Feu lent (les LED rouges et oranges cr\u00e9ent l&#8217;illusion d&#8217;un feu vacillant avec une intensit\u00e9 mod\u00e9r\u00e9e)<\/li>\n<li>Feu rapide (les LED rouges et oranges cr\u00e9ent l&#8217;illusion d&#8217;un feu vacillant avec une grande intensit\u00e9)<\/li>\n<li>Surchauffe thermique : (les LED produisent l&#8217;effet de clignotement typique observ\u00e9 lors d&#8217;une surchauffe thermique d&#8217;une batterie)<\/li>\n<li>Statique rouge (pour simuler une combustion lente ou un foyer avec peu d&#8217;oxyg\u00e8ne : les LED rouges restent allum\u00e9es en permanence)<\/li>\n<li>Dynamique rouge (pour simuler une combustion lente ou un foyer avec peu d&#8217;oxyg\u00e8ne : les LED rouges simulent les flamm\u00e8ches d&#8217;un foyer)<\/li>\n<li>Statique orange (pour simuler un foyer intense avec suffisamment d&#8217;oxyg\u00e8ne ou une explosion : les LED oranges restent allum\u00e9es en permanence)<\/li>\n<li>Dynamique orange (pour simuler un foyer avec suffisamment d&#8217;oxyg\u00e8ne : les LED oranges simulent les flamm\u00e8ches du foyer)<\/li>\n<\/ol>\n<p>Lors du d\u00e9veloppement des programmes de simulation, nous avons tenu compte des objectifs d&#8217;apprentissage et des possibilit\u00e9s de mise en sc\u00e8ne dynamique ! Vous pouvez combiner et contr\u00f4ler plusieurs FireSpots avec, par exemple, le Pandora 230. Vous pouvez ainsi commencer par une combustion lente et passer \u00e0 un feu intense en appuyant sur un bouton ! Les programmes avec la nouvelle fonction &#8220;d\u00e9marrage en douceur&#8221; sont id\u00e9aux pour cela. Lorsque l&#8217;alimentation est activ\u00e9e, l&#8217;extension s&#8217;ajoute en quelques secondes. Les programmes sans &#8220;d\u00e9marrage en douceur&#8221; sont parfaits pour cr\u00e9er, par exemple, un \u00e9clair orange vif en m\u00eame temps qu&#8217;un bruit d&#8217;explosion.<\/p>\n<h2>Con\u00e7u pour une utilisation avec ou sans fum\u00e9e d&#8217;entra\u00eenement<\/h2>\n<p>Avec les nouveaux programmes de simulation, il y a de nombreuses possibilit\u00e9s suppl\u00e9mentaires d&#8217;utilisation sans fum\u00e9e d&#8217;entra\u00eenement. Mais soyons honn\u00eates : l&#8217;effet le plus beau est obtenu lorsque vous colorez correctement la fum\u00e9e d&#8217;entra\u00eenement avec ce nouveau FireSpot XXL ! Gr\u00e2ce \u00e0 son rendement lumineux \u00e9lev\u00e9, ce spot peut \u00e9galement \u00eatre utilis\u00e9 avec des couches de fum\u00e9e plus \u00e9paisses.<\/p>\n<h2>Compl\u00e8tement \u00e9tanche :<\/h2>\n<p>Le FireSpot XXL est \u00e9tanche IP67 ! Vous pouvez changer de programme de simulation en approchant un aimant du bo\u00eetier. Vous pouvez ainsi parcourir les diff\u00e9rents programmes. Pas de commutateurs \u00e0 l&#8217;ext\u00e9rieur du bo\u00eetier ! Le spot se souvient de son dernier mode s\u00e9lectionn\u00e9.<\/p>\n<p>De plus, le c\u00e2ble d&#8217;alimentation de 2 m\u00e8tres est \u00e9quip\u00e9 d&#8217;un connecteur Powercon True 1. Ce connecteur peut \u00eatre prolong\u00e9 de mani\u00e8re \u00e9tanche. Pratique pour les simulations o\u00f9 de l&#8217;eau est r\u00e9ellement utilis\u00e9e.<\/p>\n<h2>Optique sp\u00e9ciale pour la simulation des flammes :<\/h2>\n<p>L&#8217;optique du FireSpot XXL est extr\u00eamement puissante. Comme source lumineuse, nous avons choisi 30 LED rouges puissantes et 30 LED oranges puissantes. Cela donne une belle et r\u00e9aliste image de flamme sans m\u00e9lange de couleurs, comme cela peut se produire avec des LED RGB.<\/p>\n<p>Les lentilles sont con\u00e7ues de mani\u00e8re \u00e0 ce que les LED rouges forment une ligne et que les LED oranges forment un &#8220;point chaud&#8221;. Cette optique permet de cr\u00e9er une image de flamme tr\u00e8s r\u00e9aliste ! Les projecteurs de th\u00e9\u00e2tre sont con\u00e7us pour que le m\u00e9lange des couleurs soit aussi uniforme que possible : nous ne voulions absolument pas cela pour les FireSpots, car les flammes ont une grande diversit\u00e9 de couleurs. L&#8217;optique du FireSpot XXL a \u00e9t\u00e9 sp\u00e9cialement con\u00e7ue pour approcher au plus pr\u00e8s de cet effet r\u00e9aliste !<\/p>\n<h2>Construction tr\u00e8s robuste :<\/h2>\n<p>Les FireSpots ne sont pas manipul\u00e9s d\u00e9licatement pendant une simulation. Les spots sont soumis \u00e0 de nombreuses contraintes. C&#8217;est pourquoi le bo\u00eetier du FireSpot XXL est en aluminium anodis\u00e9 et comporte un minimum absolu de pi\u00e8ces saillantes.<\/p>\n<p>Le spot peut \u00eatre plac\u00e9 dans n&#8217;importe quel angle. Le rendement lumineux avec une puissance absorb\u00e9e de 80 watts est spectaculaire.<\/p>\n<h2>Regardez les vid\u00e9os<\/h2>\n\t<iframe loading=\"lazy\" width=\"1920\" height=\"1080\" src=\"https:\/\/player.vimeo.com\/video\/1033124798?hl=nl&#038;cc_lang_pref=nl&#038;cc_load_policy=1\" frameborder=\"0\" allow=\"accelerometer; autoplay; clipboard-write; encrypted-media; gyroscope; picture-in-picture\" allowfullscreen><\/iframe>\n\n","protected":false},"excerpt":{"rendered":"<ul>\n<li>Simulation de flamme puissante ;<\/li>\n<li>Adapt\u00e9 \u00e0 une utilisation en plein soleil ;<\/li>\n<li>Pour de grands fronts de flamme ;<\/li>\n<li>Dot\u00e9 de 8 programmes de simulation pour des objectifs d&#8217;apprentissage sp\u00e9cifiques ;<\/li>\n<li>Mode de surchauffe thermique ;<\/li>\n<li>Bo\u00eetier \u00e9tanche et robuste ;<\/li>\n<li>Lentilles sp\u00e9ciales pour une distribution r\u00e9aliste de la lumi\u00e8re rouge-orang\u00e9e ;<\/li>\n<li>\u00c9quip\u00e9 d&#8217;un connecteur powerCON pour une extension \u00e9tanche;<\/li>\n<li>Incluant un c\u00e2ble adaptateur de powercon \u00e0 Schuko pour une utilisation dans une prise \u00e9lectrique standard.<\/li>\n<\/ul>\n","protected":false},"featured_media":93908,"template":"","meta":[],"product_brand":[],"product_cat":[215],"product_tag":[],"class_list":{"0":"post-93939","1":"product","2":"type-product","3":"status-publish","4":"has-post-thumbnail","6":"product_cat-feu-simule","8":"first","9":"instock","10":"taxable","11":"shipping-taxable","12":"purchasable","13":"product-type-simple"},"yoast_head":"<!-- This site is optimized with the Yoast SEO plugin v27.5 - https:\/\/yoast.com\/product\/yoast-seo-wordpress\/ -->\n<title>FireSpot XXL - FireWare<\/title>\n<meta name=\"robots\" content=\"index, follow, max-snippet:-1, max-image-preview:large, max-video-preview:-1\" \/>\n<link rel=\"canonical\" href=\"https:\/\/fireware.nl\/fr\/product\/firespot-xxl\/\" \/>\n<meta property=\"og:locale\" content=\"fr_FR\" \/>\n<meta property=\"og:type\" content=\"article\" \/>\n<meta property=\"og:title\" content=\"FireSpot XXL - FireWare\" \/>\n<meta property=\"og:description\" content=\"Simulation de flamme puissante ;  Adapt\u00e9 \u00e0 une utilisation en plein soleil ;  Pour de grands fronts de flamme ;  Dot\u00e9 de 8 programmes de simulation pour des objectifs d&#039;apprentissage sp\u00e9cifiques ;  Mode de surchauffe thermique ;  Bo\u00eetier \u00e9tanche et robuste ;  Lentilles sp\u00e9ciales pour une distribution r\u00e9aliste de la lumi\u00e8re rouge-orang\u00e9e ;  \u00c9quip\u00e9 d&#039;un connecteur powerCON pour une extension \u00e9tanche;  Incluant un c\u00e2ble adaptateur de powercon \u00e0 Schuko pour une utilisation dans une prise \u00e9lectrique standard.\" \/>\n<meta property=\"og:url\" content=\"https:\/\/fireware.nl\/fr\/product\/firespot-xxl\/\" \/>\n<meta property=\"og:site_name\" content=\"FireWare\" \/>\n<meta property=\"article:publisher\" content=\"https:\/\/www.facebook.com\/FireWareBV\/\" \/>\n<meta property=\"article:modified_time\" content=\"2024-11-26T09:23:58+00:00\" \/>\n<meta property=\"og:image\" content=\"https:\/\/fireware.nl\/wp-content\/uploads\/2024\/04\/20240409_FireSpot_mk2_xxl_014_016_019_web.jpg\" \/>\n\t<meta property=\"og:image:width\" content=\"600\" \/>\n\t<meta property=\"og:image:height\" content=\"600\" \/>\n\t<meta property=\"og:image:type\" content=\"image\/jpeg\" \/>\n<meta name=\"twitter:card\" content=\"summary_large_image\" \/>\n<meta name=\"twitter:site\" content=\"@FireWarebv\" \/>\n<meta name=\"twitter:label1\" content=\"Dur\u00e9e de lecture estim\u00e9e\" \/>\n\t<meta name=\"twitter:data1\" content=\"4 minutes\" \/>\n<script type=\"application\/ld+json\" class=\"yoast-schema-graph\">{\"@context\":\"https:\\\/\\\/schema.org\",\"@graph\":[{\"@type\":\"WebPage\",\"@id\":\"https:\\\/\\\/fireware.nl\\\/fr\\\/product\\\/firespot-xxl\\\/\",\"url\":\"https:\\\/\\\/fireware.nl\\\/fr\\\/product\\\/firespot-xxl\\\/\",\"name\":\"FireSpot XXL - FireWare\",\"isPartOf\":{\"@id\":\"https:\\\/\\\/fireware.nl\\\/fr\\\/#website\"},\"primaryImageOfPage\":{\"@id\":\"https:\\\/\\\/fireware.nl\\\/fr\\\/product\\\/firespot-xxl\\\/#primaryimage\"},\"image\":{\"@id\":\"https:\\\/\\\/fireware.nl\\\/fr\\\/product\\\/firespot-xxl\\\/#primaryimage\"},\"thumbnailUrl\":\"https:\\\/\\\/fireware.nl\\\/wp-content\\\/uploads\\\/2024\\\/04\\\/20240409_FireSpot_mk2_xxl_014_016_019_web.jpg\",\"datePublished\":\"2024-04-09T13:13:24+00:00\",\"dateModified\":\"2024-11-26T09:23:58+00:00\",\"breadcrumb\":{\"@id\":\"https:\\\/\\\/fireware.nl\\\/fr\\\/product\\\/firespot-xxl\\\/#breadcrumb\"},\"inLanguage\":\"fr-FR\",\"potentialAction\":[{\"@type\":\"ReadAction\",\"target\":[\"https:\\\/\\\/fireware.nl\\\/fr\\\/product\\\/firespot-xxl\\\/\"]}]},{\"@type\":\"ImageObject\",\"inLanguage\":\"fr-FR\",\"@id\":\"https:\\\/\\\/fireware.nl\\\/fr\\\/product\\\/firespot-xxl\\\/#primaryimage\",\"url\":\"https:\\\/\\\/fireware.nl\\\/wp-content\\\/uploads\\\/2024\\\/04\\\/20240409_FireSpot_mk2_xxl_014_016_019_web.jpg\",\"contentUrl\":\"https:\\\/\\\/fireware.nl\\\/wp-content\\\/uploads\\\/2024\\\/04\\\/20240409_FireSpot_mk2_xxl_014_016_019_web.jpg\",\"width\":600,\"height\":600},{\"@type\":\"BreadcrumbList\",\"@id\":\"https:\\\/\\\/fireware.nl\\\/fr\\\/product\\\/firespot-xxl\\\/#breadcrumb\",\"itemListElement\":[{\"@type\":\"ListItem\",\"position\":1,\"name\":\"Home\",\"item\":\"https:\\\/\\\/fireware.nl\\\/fr\\\/\"},{\"@type\":\"ListItem\",\"position\":2,\"name\":\"Produits\",\"item\":\"https:\\\/\\\/fireware.nl\\\/fr\\\/produits\\\/\"},{\"@type\":\"ListItem\",\"position\":3,\"name\":\"FireSpot XXL\"}]},{\"@type\":\"WebSite\",\"@id\":\"https:\\\/\\\/fireware.nl\\\/fr\\\/#website\",\"url\":\"https:\\\/\\\/fireware.nl\\\/fr\\\/\",\"name\":\"FireWare\",\"description\":\"CREATING REALISTIC  TRAINING ENVIRONMENTS\",\"publisher\":{\"@id\":\"https:\\\/\\\/fireware.nl\\\/fr\\\/#organization\"},\"potentialAction\":[{\"@type\":\"SearchAction\",\"target\":{\"@type\":\"EntryPoint\",\"urlTemplate\":\"https:\\\/\\\/fireware.nl\\\/fr\\\/?s={search_term_string}\"},\"query-input\":{\"@type\":\"PropertyValueSpecification\",\"valueRequired\":true,\"valueName\":\"search_term_string\"}}],\"inLanguage\":\"fr-FR\"},{\"@type\":\"Organization\",\"@id\":\"https:\\\/\\\/fireware.nl\\\/fr\\\/#organization\",\"name\":\"FireWare\",\"url\":\"https:\\\/\\\/fireware.nl\\\/fr\\\/\",\"logo\":{\"@type\":\"ImageObject\",\"inLanguage\":\"fr-FR\",\"@id\":\"https:\\\/\\\/fireware.nl\\\/fr\\\/#\\\/schema\\\/logo\\\/image\\\/\",\"url\":\"https:\\\/\\\/fireware.nl\\\/wp-content\\\/uploads\\\/2018\\\/10\\\/FireWare-logo.jpg\",\"contentUrl\":\"https:\\\/\\\/fireware.nl\\\/wp-content\\\/uploads\\\/2018\\\/10\\\/FireWare-logo.jpg\",\"width\":171,\"height\":70,\"caption\":\"FireWare\"},\"image\":{\"@id\":\"https:\\\/\\\/fireware.nl\\\/fr\\\/#\\\/schema\\\/logo\\\/image\\\/\"},\"sameAs\":[\"https:\\\/\\\/www.facebook.com\\\/FireWareBV\\\/\",\"https:\\\/\\\/x.com\\\/FireWarebv\",\"https:\\\/\\\/www.instagram.com\\\/fireware_nl\\\/\",\"https:\\\/\\\/www.linkedin.com\\\/company\\\/3586017\\\/\",\"https:\\\/\\\/www.youtube.com\\\/user\\\/firesalesrentconsult\"]}]}<\/script>\n<!-- \/ Yoast SEO plugin. -->","yoast_head_json":{"title":"FireSpot XXL - FireWare","robots":{"index":"index","follow":"follow","max-snippet":"max-snippet:-1","max-image-preview":"max-image-preview:large","max-video-preview":"max-video-preview:-1"},"canonical":"https:\/\/fireware.nl\/fr\/product\/firespot-xxl\/","og_locale":"fr_FR","og_type":"article","og_title":"FireSpot XXL - FireWare","og_description":"Simulation de flamme puissante ;  Adapt\u00e9 \u00e0 une utilisation en plein soleil ;  Pour de grands fronts de flamme ;  Dot\u00e9 de 8 programmes de simulation pour des objectifs d'apprentissage sp\u00e9cifiques ;  Mode de surchauffe thermique ;  Bo\u00eetier \u00e9tanche et robuste ;  Lentilles sp\u00e9ciales pour une distribution r\u00e9aliste de la lumi\u00e8re rouge-orang\u00e9e ;  \u00c9quip\u00e9 d'un connecteur powerCON pour une extension \u00e9tanche;  Incluant un c\u00e2ble adaptateur de powercon \u00e0 Schuko pour une utilisation dans une prise \u00e9lectrique standard.","og_url":"https:\/\/fireware.nl\/fr\/product\/firespot-xxl\/","og_site_name":"FireWare","article_publisher":"https:\/\/www.facebook.com\/FireWareBV\/","article_modified_time":"2024-11-26T09:23:58+00:00","og_image":[{"width":600,"height":600,"url":"https:\/\/fireware.nl\/wp-content\/uploads\/2024\/04\/20240409_FireSpot_mk2_xxl_014_016_019_web.jpg","type":"image\/jpeg"}],"twitter_card":"summary_large_image","twitter_site":"@FireWarebv","twitter_misc":{"Dur\u00e9e de lecture estim\u00e9e":"4 minutes"},"schema":{"@context":"https:\/\/schema.org","@graph":[{"@type":"WebPage","@id":"https:\/\/fireware.nl\/fr\/product\/firespot-xxl\/","url":"https:\/\/fireware.nl\/fr\/product\/firespot-xxl\/","name":"FireSpot XXL - FireWare","isPartOf":{"@id":"https:\/\/fireware.nl\/fr\/#website"},"primaryImageOfPage":{"@id":"https:\/\/fireware.nl\/fr\/product\/firespot-xxl\/#primaryimage"},"image":{"@id":"https:\/\/fireware.nl\/fr\/product\/firespot-xxl\/#primaryimage"},"thumbnailUrl":"https:\/\/fireware.nl\/wp-content\/uploads\/2024\/04\/20240409_FireSpot_mk2_xxl_014_016_019_web.jpg","datePublished":"2024-04-09T13:13:24+00:00","dateModified":"2024-11-26T09:23:58+00:00","breadcrumb":{"@id":"https:\/\/fireware.nl\/fr\/product\/firespot-xxl\/#breadcrumb"},"inLanguage":"fr-FR","potentialAction":[{"@type":"ReadAction","target":["https:\/\/fireware.nl\/fr\/product\/firespot-xxl\/"]}]},{"@type":"ImageObject","inLanguage":"fr-FR","@id":"https:\/\/fireware.nl\/fr\/product\/firespot-xxl\/#primaryimage","url":"https:\/\/fireware.nl\/wp-content\/uploads\/2024\/04\/20240409_FireSpot_mk2_xxl_014_016_019_web.jpg","contentUrl":"https:\/\/fireware.nl\/wp-content\/uploads\/2024\/04\/20240409_FireSpot_mk2_xxl_014_016_019_web.jpg","width":600,"height":600},{"@type":"BreadcrumbList","@id":"https:\/\/fireware.nl\/fr\/product\/firespot-xxl\/#breadcrumb","itemListElement":[{"@type":"ListItem","position":1,"name":"Home","item":"https:\/\/fireware.nl\/fr\/"},{"@type":"ListItem","position":2,"name":"Produits","item":"https:\/\/fireware.nl\/fr\/produits\/"},{"@type":"ListItem","position":3,"name":"FireSpot XXL"}]},{"@type":"WebSite","@id":"https:\/\/fireware.nl\/fr\/#website","url":"https:\/\/fireware.nl\/fr\/","name":"FireWare","description":"CREATING REALISTIC  TRAINING ENVIRONMENTS","publisher":{"@id":"https:\/\/fireware.nl\/fr\/#organization"},"potentialAction":[{"@type":"SearchAction","target":{"@type":"EntryPoint","urlTemplate":"https:\/\/fireware.nl\/fr\/?s={search_term_string}"},"query-input":{"@type":"PropertyValueSpecification","valueRequired":true,"valueName":"search_term_string"}}],"inLanguage":"fr-FR"},{"@type":"Organization","@id":"https:\/\/fireware.nl\/fr\/#organization","name":"FireWare","url":"https:\/\/fireware.nl\/fr\/","logo":{"@type":"ImageObject","inLanguage":"fr-FR","@id":"https:\/\/fireware.nl\/fr\/#\/schema\/logo\/image\/","url":"https:\/\/fireware.nl\/wp-content\/uploads\/2018\/10\/FireWare-logo.jpg","contentUrl":"https:\/\/fireware.nl\/wp-content\/uploads\/2018\/10\/FireWare-logo.jpg","width":171,"height":70,"caption":"FireWare"},"image":{"@id":"https:\/\/fireware.nl\/fr\/#\/schema\/logo\/image\/"},"sameAs":["https:\/\/www.facebook.com\/FireWareBV\/","https:\/\/x.com\/FireWarebv","https:\/\/www.instagram.com\/fireware_nl\/","https:\/\/www.linkedin.com\/company\/3586017\/","https:\/\/www.youtube.com\/user\/firesalesrentconsult"]}]}},"publishpress_future_workflow_manual_trigger":{"enabledWorkflows":[]},"_links":{"self":[{"href":"https:\/\/fireware.nl\/fr\/wp-json\/wp\/v2\/product\/93939","targetHints":{"allow":["GET"]}}],"collection":[{"href":"https:\/\/fireware.nl\/fr\/wp-json\/wp\/v2\/product"}],"about":[{"href":"https:\/\/fireware.nl\/fr\/wp-json\/wp\/v2\/types\/product"}],"wp:featuredmedia":[{"embeddable":true,"href":"https:\/\/fireware.nl\/fr\/wp-json\/wp\/v2\/media\/93908"}],"wp:attachment":[{"href":"https:\/\/fireware.nl\/fr\/wp-json\/wp\/v2\/media?parent=93939"}],"wp:term":[{"taxonomy":"product_brand","embeddable":true,"href":"https:\/\/fireware.nl\/fr\/wp-json\/wp\/v2\/product_brand?post=93939"},{"taxonomy":"product_cat","embeddable":true,"href":"https:\/\/fireware.nl\/fr\/wp-json\/wp\/v2\/product_cat?post=93939"},{"taxonomy":"product_tag","embeddable":true,"href":"https:\/\/fireware.nl\/fr\/wp-json\/wp\/v2\/product_tag?post=93939"}],"curies":[{"name":"wp","href":"https:\/\/api.w.org\/{rel}","templated":true}]}}