
{"id":94170,"date":"2024-03-25T15:37:11","date_gmt":"2024-04-12T12:01:46","guid":{"rendered":"https:\/\/fireware.nl\/product\/tube-pour-neptune-co2-rond\/"},"modified":"2024-12-23T15:48:50","modified_gmt":"2024-12-23T15:48:50","slug":"tube-pour-neptune-co2-rond","status":"publish","type":"product","link":"https:\/\/fireware.nl\/fr\/product\/buse-pour-neptune-co2-ronde\/","title":{"rendered":"Buse pour Neptune CO2 &#8211; ronde"},"content":{"rendered":"<h2>De la mousse de pratique au CO2 en un clin d&#8217;\u0153il<\/h2>\n<p>Avez-vous d\u00e9j\u00e0 un <a href=\"https:\/\/fireware.nl\/fr\/product\/extincteur-de-formation-neptune\/\" target=\"_blank\" rel=\"noopener\">extincteur \u00e0 mousse Neptune<\/a> dans votre gamme ? Transformez votre extincteur d&#8217;entra\u00eenement en un extincteur d&#8217;entra\u00eenement au CO2 en un rien de temps gr\u00e2ce au buse ronde d&#8217;expansion. \u00c9galement disponible avec un <a href=\"https:\/\/fireware.nl\/fr\/product\/94112\/\" target=\"_blank\" rel=\"noopener\">buse plate<\/a>.<\/p>\n<h2>Vous n&#8217;avez pas encore d&#8217;extincteur d&#8217;entra\u00eenement Neptune ?<\/h2>\n<p>Choisissez alors l&#8217;<a href=\"https:\/\/fireware.nl\/fr\/product\/extincteur-de-formation-neptune-co2-avec-poignee-a-pression-de-6-l\/\" target=\"_blank\" rel=\"noopener\">extincteur CO2 Neptune Practice Squeeze Handle 6 L avec buse ronde<\/a>, o\u00f9 la rallonge est d\u00e9j\u00e0 incluse dans l&#8217;extincteur. L&#8217;extincteur d&#8217;entra\u00eenement Neptune CO2 est \u00e9galement disponible avec un <a href=\"https:\/\/fireware.nl\/fr\/product\/extincteur-de-formation-neptune-co2-avec-poignee-a-pression-de-6-l\/\" target=\"_blank\" rel=\"noopener\">buse plate<\/a>.<\/p>\n<p>Le buse est livr\u00e9 avec une plaque magn\u00e9tique comportant 6 autocollants en diff\u00e9rentes langues, ce qui vous permet de placer vous-m\u00eame l&#8217;autocollant souhait\u00e9 sur votre extincteur d&#8217;entra\u00eenement. Vous pouvez choisir parmi le n\u00e9erlandais, l&#8217;anglais, l&#8217;allemand, le fran\u00e7ais, l&#8217;espagnol et l&#8217;italien.<\/p>\n","protected":false},"excerpt":{"rendered":"<ul>\n<li>Transformez votre extincteur d&#8217;exercice Neptune en extincteur d&#8217;exercice CO2 avec la pi\u00e8ce d&#8217;extension buse plate ;<\/li>\n<li>La rallonge est \u00e9galement disponible avec un <a href=\"https:\/\/fireware.nl\/fr\/product\/94112\/\" target=\"_blank\" rel=\"noopener\">buse plate<\/a>;<\/li>\n<li>Applicable \u00e0 l&#8217;<a href=\"https:\/\/fireware.nl\/fr\/product\/extincteur-de-formation-neptune\/\" target=\"_blank\" rel=\"noopener\">extincteur \u00e0 mousse Neptune Practice Squeeze Handle 6 L<\/a>;<\/li>\n<li>Id\u00e9al pour s&#8217;entra\u00eener aux proc\u00e9dures de CO2 ;<\/li>\n<li>La rallonge est fournie sans extincteur ;<\/li>\n<li>\u00c9galement disponible <a href=\"https:\/\/fireware.nl\/fr\/product\/extincteur-de-formation-neptune-co2-avec-poignee-a-pression-de-6-l\/\" target=\"_blank\" rel=\"noopener\">avec l&#8217;extincteur d&#8217;entra\u00eenement Neptune<\/a>.<\/li>\n<li>Inclus : plaque magn\u00e9tique et des autocollants pour CO\u2082 dans 6 langues diff\u00e9rentes.<\/li>\n<\/ul>\n","protected":false},"featured_media":93237,"template":"","meta":[],"product_brand":[],"product_cat":[101],"product_tag":[],"class_list":{"0":"post-94170","1":"product","2":"type-product","3":"status-publish","4":"has-post-thumbnail","6":"product_cat-extincteurs-de-formation","8":"first","9":"instock","10":"taxable","11":"shipping-taxable","12":"purchasable","13":"product-type-simple"},"yoast_head":"<!-- This site is optimized with the Yoast SEO plugin v27.5 - https:\/\/yoast.com\/product\/yoast-seo-wordpress\/ -->\n<title>Buse pour Neptune CO2 - ronde - FireWare<\/title>\n<meta name=\"robots\" content=\"index, follow, max-snippet:-1, max-image-preview:large, max-video-preview:-1\" \/>\n<link rel=\"canonical\" href=\"https:\/\/fireware.nl\/fr\/product\/buse-pour-neptune-co2-ronde\/\" \/>\n<meta property=\"og:locale\" content=\"fr_FR\" \/>\n<meta property=\"og:type\" content=\"article\" \/>\n<meta property=\"og:title\" content=\"Buse pour Neptune CO2 - ronde - FireWare\" \/>\n<meta property=\"og:description\" content=\"Transformez votre extincteur d&#039;exercice Neptune en extincteur d&#039;exercice CO2 avec la pi\u00e8ce d&#039;extension buse plate ;  La rallonge est \u00e9galement disponible avec un buse plate;  Applicable \u00e0 l&#039;extincteur \u00e0 mousse Neptune Practice Squeeze Handle 6 L;  Id\u00e9al pour s&#039;entra\u00eener aux proc\u00e9dures de CO2 ;  La rallonge est fournie sans extincteur ;  \u00c9galement disponible avec l&#039;extincteur d&#039;entra\u00eenement Neptune.  Inclus : plaque magn\u00e9tique et des autocollants pour CO\u2082 dans 6 langues diff\u00e9rentes.\" \/>\n<meta property=\"og:url\" content=\"https:\/\/fireware.nl\/fr\/product\/buse-pour-neptune-co2-ronde\/\" \/>\n<meta property=\"og:site_name\" content=\"FireWare\" \/>\n<meta property=\"article:publisher\" content=\"https:\/\/www.facebook.com\/FireWareBV\/\" \/>\n<meta property=\"article:modified_time\" content=\"2024-12-23T15:48:50+00:00\" \/>\n<meta property=\"og:image\" content=\"https:\/\/fireware.nl\/wp-content\/uploads\/2024\/03\/20231121_Neptune_CO2_plat_en_rond_opzetstuk_022_web_v2.jpg\" \/>\n\t<meta property=\"og:image:width\" content=\"600\" \/>\n\t<meta property=\"og:image:height\" content=\"600\" \/>\n\t<meta property=\"og:image:type\" content=\"image\/jpeg\" \/>\n<meta name=\"twitter:card\" content=\"summary_large_image\" \/>\n<meta name=\"twitter:site\" content=\"@FireWarebv\" \/>\n<meta name=\"twitter:label1\" content=\"Dur\u00e9e de lecture estim\u00e9e\" \/>\n\t<meta name=\"twitter:data1\" content=\"1 minute\" \/>\n<script type=\"application\/ld+json\" class=\"yoast-schema-graph\">{\"@context\":\"https:\\\/\\\/schema.org\",\"@graph\":[{\"@type\":\"WebPage\",\"@id\":\"https:\\\/\\\/fireware.nl\\\/fr\\\/product\\\/buse-pour-neptune-co2-ronde\\\/\",\"url\":\"https:\\\/\\\/fireware.nl\\\/fr\\\/product\\\/buse-pour-neptune-co2-ronde\\\/\",\"name\":\"Buse pour Neptune CO2 - ronde - FireWare\",\"isPartOf\":{\"@id\":\"https:\\\/\\\/fireware.nl\\\/fr\\\/#website\"},\"primaryImageOfPage\":{\"@id\":\"https:\\\/\\\/fireware.nl\\\/fr\\\/product\\\/buse-pour-neptune-co2-ronde\\\/#primaryimage\"},\"image\":{\"@id\":\"https:\\\/\\\/fireware.nl\\\/fr\\\/product\\\/buse-pour-neptune-co2-ronde\\\/#primaryimage\"},\"thumbnailUrl\":\"https:\\\/\\\/fireware.nl\\\/wp-content\\\/uploads\\\/2024\\\/03\\\/20231121_Neptune_CO2_plat_en_rond_opzetstuk_022_web_v2.jpg\",\"datePublished\":\"2024-04-12T12:01:46+00:00\",\"dateModified\":\"2024-12-23T15:48:50+00:00\",\"breadcrumb\":{\"@id\":\"https:\\\/\\\/fireware.nl\\\/fr\\\/product\\\/buse-pour-neptune-co2-ronde\\\/#breadcrumb\"},\"inLanguage\":\"fr-FR\",\"potentialAction\":[{\"@type\":\"ReadAction\",\"target\":[\"https:\\\/\\\/fireware.nl\\\/fr\\\/product\\\/buse-pour-neptune-co2-ronde\\\/\"]}]},{\"@type\":\"ImageObject\",\"inLanguage\":\"fr-FR\",\"@id\":\"https:\\\/\\\/fireware.nl\\\/fr\\\/product\\\/buse-pour-neptune-co2-ronde\\\/#primaryimage\",\"url\":\"https:\\\/\\\/fireware.nl\\\/wp-content\\\/uploads\\\/2024\\\/03\\\/20231121_Neptune_CO2_plat_en_rond_opzetstuk_022_web_v2.jpg\",\"contentUrl\":\"https:\\\/\\\/fireware.nl\\\/wp-content\\\/uploads\\\/2024\\\/03\\\/20231121_Neptune_CO2_plat_en_rond_opzetstuk_022_web_v2.jpg\",\"width\":600,\"height\":600},{\"@type\":\"BreadcrumbList\",\"@id\":\"https:\\\/\\\/fireware.nl\\\/fr\\\/product\\\/buse-pour-neptune-co2-ronde\\\/#breadcrumb\",\"itemListElement\":[{\"@type\":\"ListItem\",\"position\":1,\"name\":\"Home\",\"item\":\"https:\\\/\\\/fireware.nl\\\/fr\\\/\"},{\"@type\":\"ListItem\",\"position\":2,\"name\":\"Produits\",\"item\":\"https:\\\/\\\/fireware.nl\\\/fr\\\/produits\\\/\"},{\"@type\":\"ListItem\",\"position\":3,\"name\":\"Buse pour Neptune CO2 &#8211; ronde\"}]},{\"@type\":\"WebSite\",\"@id\":\"https:\\\/\\\/fireware.nl\\\/fr\\\/#website\",\"url\":\"https:\\\/\\\/fireware.nl\\\/fr\\\/\",\"name\":\"FireWare\",\"description\":\"CREATING REALISTIC  TRAINING ENVIRONMENTS\",\"publisher\":{\"@id\":\"https:\\\/\\\/fireware.nl\\\/fr\\\/#organization\"},\"potentialAction\":[{\"@type\":\"SearchAction\",\"target\":{\"@type\":\"EntryPoint\",\"urlTemplate\":\"https:\\\/\\\/fireware.nl\\\/fr\\\/?s={search_term_string}\"},\"query-input\":{\"@type\":\"PropertyValueSpecification\",\"valueRequired\":true,\"valueName\":\"search_term_string\"}}],\"inLanguage\":\"fr-FR\"},{\"@type\":\"Organization\",\"@id\":\"https:\\\/\\\/fireware.nl\\\/fr\\\/#organization\",\"name\":\"FireWare\",\"url\":\"https:\\\/\\\/fireware.nl\\\/fr\\\/\",\"logo\":{\"@type\":\"ImageObject\",\"inLanguage\":\"fr-FR\",\"@id\":\"https:\\\/\\\/fireware.nl\\\/fr\\\/#\\\/schema\\\/logo\\\/image\\\/\",\"url\":\"https:\\\/\\\/fireware.nl\\\/wp-content\\\/uploads\\\/2018\\\/10\\\/FireWare-logo.jpg\",\"contentUrl\":\"https:\\\/\\\/fireware.nl\\\/wp-content\\\/uploads\\\/2018\\\/10\\\/FireWare-logo.jpg\",\"width\":171,\"height\":70,\"caption\":\"FireWare\"},\"image\":{\"@id\":\"https:\\\/\\\/fireware.nl\\\/fr\\\/#\\\/schema\\\/logo\\\/image\\\/\"},\"sameAs\":[\"https:\\\/\\\/www.facebook.com\\\/FireWareBV\\\/\",\"https:\\\/\\\/x.com\\\/FireWarebv\",\"https:\\\/\\\/www.instagram.com\\\/fireware_nl\\\/\",\"https:\\\/\\\/www.linkedin.com\\\/company\\\/3586017\\\/\",\"https:\\\/\\\/www.youtube.com\\\/user\\\/firesalesrentconsult\"]}]}<\/script>\n<!-- \/ Yoast SEO plugin. -->","yoast_head_json":{"title":"Buse pour Neptune CO2 - ronde - FireWare","robots":{"index":"index","follow":"follow","max-snippet":"max-snippet:-1","max-image-preview":"max-image-preview:large","max-video-preview":"max-video-preview:-1"},"canonical":"https:\/\/fireware.nl\/fr\/product\/buse-pour-neptune-co2-ronde\/","og_locale":"fr_FR","og_type":"article","og_title":"Buse pour Neptune CO2 - ronde - FireWare","og_description":"Transformez votre extincteur d'exercice Neptune en extincteur d'exercice CO2 avec la pi\u00e8ce d'extension buse plate ;  La rallonge est \u00e9galement disponible avec un buse plate;  Applicable \u00e0 l'extincteur \u00e0 mousse Neptune Practice Squeeze Handle 6 L;  Id\u00e9al pour s'entra\u00eener aux proc\u00e9dures de CO2 ;  La rallonge est fournie sans extincteur ;  \u00c9galement disponible avec l'extincteur d'entra\u00eenement Neptune.  Inclus : plaque magn\u00e9tique et des autocollants pour CO\u2082 dans 6 langues diff\u00e9rentes.","og_url":"https:\/\/fireware.nl\/fr\/product\/buse-pour-neptune-co2-ronde\/","og_site_name":"FireWare","article_publisher":"https:\/\/www.facebook.com\/FireWareBV\/","article_modified_time":"2024-12-23T15:48:50+00:00","og_image":[{"width":600,"height":600,"url":"https:\/\/fireware.nl\/wp-content\/uploads\/2024\/03\/20231121_Neptune_CO2_plat_en_rond_opzetstuk_022_web_v2.jpg","type":"image\/jpeg"}],"twitter_card":"summary_large_image","twitter_site":"@FireWarebv","twitter_misc":{"Dur\u00e9e de lecture estim\u00e9e":"1 minute"},"schema":{"@context":"https:\/\/schema.org","@graph":[{"@type":"WebPage","@id":"https:\/\/fireware.nl\/fr\/product\/buse-pour-neptune-co2-ronde\/","url":"https:\/\/fireware.nl\/fr\/product\/buse-pour-neptune-co2-ronde\/","name":"Buse pour Neptune CO2 - ronde - FireWare","isPartOf":{"@id":"https:\/\/fireware.nl\/fr\/#website"},"primaryImageOfPage":{"@id":"https:\/\/fireware.nl\/fr\/product\/buse-pour-neptune-co2-ronde\/#primaryimage"},"image":{"@id":"https:\/\/fireware.nl\/fr\/product\/buse-pour-neptune-co2-ronde\/#primaryimage"},"thumbnailUrl":"https:\/\/fireware.nl\/wp-content\/uploads\/2024\/03\/20231121_Neptune_CO2_plat_en_rond_opzetstuk_022_web_v2.jpg","datePublished":"2024-04-12T12:01:46+00:00","dateModified":"2024-12-23T15:48:50+00:00","breadcrumb":{"@id":"https:\/\/fireware.nl\/fr\/product\/buse-pour-neptune-co2-ronde\/#breadcrumb"},"inLanguage":"fr-FR","potentialAction":[{"@type":"ReadAction","target":["https:\/\/fireware.nl\/fr\/product\/buse-pour-neptune-co2-ronde\/"]}]},{"@type":"ImageObject","inLanguage":"fr-FR","@id":"https:\/\/fireware.nl\/fr\/product\/buse-pour-neptune-co2-ronde\/#primaryimage","url":"https:\/\/fireware.nl\/wp-content\/uploads\/2024\/03\/20231121_Neptune_CO2_plat_en_rond_opzetstuk_022_web_v2.jpg","contentUrl":"https:\/\/fireware.nl\/wp-content\/uploads\/2024\/03\/20231121_Neptune_CO2_plat_en_rond_opzetstuk_022_web_v2.jpg","width":600,"height":600},{"@type":"BreadcrumbList","@id":"https:\/\/fireware.nl\/fr\/product\/buse-pour-neptune-co2-ronde\/#breadcrumb","itemListElement":[{"@type":"ListItem","position":1,"name":"Home","item":"https:\/\/fireware.nl\/fr\/"},{"@type":"ListItem","position":2,"name":"Produits","item":"https:\/\/fireware.nl\/fr\/produits\/"},{"@type":"ListItem","position":3,"name":"Buse pour Neptune CO2 &#8211; ronde"}]},{"@type":"WebSite","@id":"https:\/\/fireware.nl\/fr\/#website","url":"https:\/\/fireware.nl\/fr\/","name":"FireWare","description":"CREATING REALISTIC  TRAINING ENVIRONMENTS","publisher":{"@id":"https:\/\/fireware.nl\/fr\/#organization"},"potentialAction":[{"@type":"SearchAction","target":{"@type":"EntryPoint","urlTemplate":"https:\/\/fireware.nl\/fr\/?s={search_term_string}"},"query-input":{"@type":"PropertyValueSpecification","valueRequired":true,"valueName":"search_term_string"}}],"inLanguage":"fr-FR"},{"@type":"Organization","@id":"https:\/\/fireware.nl\/fr\/#organization","name":"FireWare","url":"https:\/\/fireware.nl\/fr\/","logo":{"@type":"ImageObject","inLanguage":"fr-FR","@id":"https:\/\/fireware.nl\/fr\/#\/schema\/logo\/image\/","url":"https:\/\/fireware.nl\/wp-content\/uploads\/2018\/10\/FireWare-logo.jpg","contentUrl":"https:\/\/fireware.nl\/wp-content\/uploads\/2018\/10\/FireWare-logo.jpg","width":171,"height":70,"caption":"FireWare"},"image":{"@id":"https:\/\/fireware.nl\/fr\/#\/schema\/logo\/image\/"},"sameAs":["https:\/\/www.facebook.com\/FireWareBV\/","https:\/\/x.com\/FireWarebv","https:\/\/www.instagram.com\/fireware_nl\/","https:\/\/www.linkedin.com\/company\/3586017\/","https:\/\/www.youtube.com\/user\/firesalesrentconsult"]}]}},"publishpress_future_workflow_manual_trigger":{"enabledWorkflows":[]},"_links":{"self":[{"href":"https:\/\/fireware.nl\/fr\/wp-json\/wp\/v2\/product\/94170","targetHints":{"allow":["GET"]}}],"collection":[{"href":"https:\/\/fireware.nl\/fr\/wp-json\/wp\/v2\/product"}],"about":[{"href":"https:\/\/fireware.nl\/fr\/wp-json\/wp\/v2\/types\/product"}],"wp:featuredmedia":[{"embeddable":true,"href":"https:\/\/fireware.nl\/fr\/wp-json\/wp\/v2\/media\/93237"}],"wp:attachment":[{"href":"https:\/\/fireware.nl\/fr\/wp-json\/wp\/v2\/media?parent=94170"}],"wp:term":[{"taxonomy":"product_brand","embeddable":true,"href":"https:\/\/fireware.nl\/fr\/wp-json\/wp\/v2\/product_brand?post=94170"},{"taxonomy":"product_cat","embeddable":true,"href":"https:\/\/fireware.nl\/fr\/wp-json\/wp\/v2\/product_cat?post=94170"},{"taxonomy":"product_tag","embeddable":true,"href":"https:\/\/fireware.nl\/fr\/wp-json\/wp\/v2\/product_tag?post=94170"}],"curies":[{"name":"wp","href":"https:\/\/api.w.org\/{rel}","templated":true}]}}