
{"id":94537,"date":"2024-04-22T07:37:05","date_gmt":"2024-04-22T07:37:05","guid":{"rendered":"https:\/\/fireware.nl\/product\/pandora-230-grand-set\/"},"modified":"2026-01-23T14:38:43","modified_gmt":"2026-01-23T14:38:43","slug":"pandora-230-grand-set","status":"publish","type":"product","link":"https:\/\/fireware.nl\/fr\/product\/pandora-230-grand-set\/","title":{"rendered":"Ensemble de simulation Grand incluant Thermal Runaway"},"content":{"rendered":"\r\n<h2>Simulations pour tous vos sens<\/h2>\r\n<p>Avec le Kit de simulation Large, vous pouvez cr\u00e9er des sc\u00e9narios d&#8217;incendie dynamiques qui \u00e9taient auparavant inimaginables. Cr\u00e9ez des effets de flammes r\u00e9alistes, int\u00e9grez du son et contr\u00f4lez tout avec votre propre t\u00e9l\u00e9phone ou ordinateur portable.<\/p>\r\n<h2>Escalader et d\u00e9sescalader<\/h2>\r\n<p>Vous avez le contr\u00f4le total du sc\u00e9nario dans votre poche. Votre propre t\u00e9l\u00e9phone (ou tablette) est votre t\u00e9l\u00e9commande. Cela vous permet d&#8217;intervenir rapidement dans l&#8217;\u00e9volution du sc\u00e9nario. Si l&#8217;intervention prend trop de temps, vous pouvez facilement \u00e9tendre l&#8217;incendie. Si l&#8217;intervention est efficace, vous pouvez r\u00e9duire la taille du feu. C&#8217;est l&#8217;escalade et la d\u00e9sescalade faciles.<\/p>\r\n<h2>Contr\u00f4le sans fil<\/h2>\r\n<p>L&#8217;unit\u00e9 de contr\u00f4le centrale du Kit de simulation Large est la Pandora&#8217;s Box 230. Elle cr\u00e9e un r\u00e9seau Wi-Fi auquel vous pouvez facilement vous connecter en scannant le code QR. Une interface Web appara\u00eetra sur votre t\u00e9l\u00e9phone ou tablette, vous permettant de contr\u00f4ler tous les \u00e9l\u00e9ments de votre simulation. Jusqu&#8217;\u00e0 3 effets de flammes, une machine \u00e0 fum\u00e9e et du son vous donnent acc\u00e8s \u00e0 des simulations qui \u00e9taient autrefois r\u00e9serv\u00e9es aux experts.<\/p>\r\n<h2>Thermal Runaways<\/h2>\r\n<p>Le Kit de simulation Small est parfait pour simuler des thermal runaways plus grands, comme un incendie dans le pack de batteries d&#8217;un v\u00e9hicule \u00e9lectrique. Un effet de flamme sp\u00e9cial est disponible dans le FireSpot XXL et le FireSpot MK2 qui simule l&#8217;explosion r\u00e9p\u00e9t\u00e9e des cellules de batterie. De plus, la Pandora&#8217;s Box 230 offre des sons correspondants o\u00f9 vous entendez les cellules exploser et se ventiler. Combinez-les dans votre sc\u00e9nario et l&#8217;entra\u00eenement pour la transition \u00e9nerg\u00e9tique devient un jeu d&#8217;enfant.<\/p>\r\n<h2>Possibilit\u00e9s illimit\u00e9es<\/h2>\r\n<p>En plus des thermal runaways, vous pouvez simuler bien plus avec le Kit de simulation Large. Votre cr\u00e9ativit\u00e9 est la seule limite. Vous avez acc\u00e8s \u00e0 trois effets de flammes : le Phoenix Silkflame, le FireSpot XXL et le FireSpot MK2. Avec la Pandora&#8217;s Box 230, ceux-ci permettent de simuler de grands incendies dynamiques. Pensez \u00e0 des incendies importants, des incendies r\u00e9sidentiels plus complexes ou des incendies industriels de taille moyenne. En utilisant le Phoenix Silkflame et le FireSpot XXL, les simulations sont \u00e9galement efficaces en plein jour. Avec les trois effets de flammes ind\u00e9pendamment contr\u00f4lables, vous pouvez toujours agrandir ou r\u00e9duire l&#8217;incendie.<\/p>\r\n<h4>Pandora&#8217;s Box 230<\/h4>\r\n<p>La Pandora&#8217;s Box 230 est le c\u0153ur de ce kit. Cette bo\u00eete magique contr\u00f4le votre simulation. Vous pouvez y connecter jusqu&#8217;\u00e0 3 effets de flammes. Vous pouvez \u00e9galement y connecter votre machine \u00e0 fum\u00e9e. Les deux haut-parleurs externes fournis diffusent le son l\u00e0 o\u00f9 vous en avez besoin. En scannant le code QR, vous vous connectez au r\u00e9seau Wi-Fi de la Pandora&#8217;s Box et l&#8217;interface Web appara\u00eet. Cela vous permet de contr\u00f4ler tous les composants de votre simulation individuellement. Cela offre des possibilit\u00e9s sans pr\u00e9c\u00e9dent. Vous pouvez simuler de mani\u00e8re plus dynamique que jamais auparavant, car vous pouvez allumer et \u00e9teindre ou ajuster tous les composants pendant l&#8217;exercice. Vous pouvez m\u00eame connecter un extincteur LED Apollo (non inclus) pour une extinction interactive.<\/p>\r\n<h4>Son<\/h4>\r\n<p>Une bonne simulation stimule autant de sens que possible. Il ne s&#8217;agit pas seulement de ce que vous voyez, mais de ce que vous ressentez. C&#8217;est pourquoi l&#8217;utilisation du son est indispensable. Avec la Pandora&#8217;s Box 230, vous avez acc\u00e8s \u00e0 une biblioth\u00e8que de plus de 30 sons, allant des bruits de feu aux appels \u00e0 l&#8217;aide et aux conditions de plus en plus difficiles. Vous pouvez m\u00eame utiliser jusqu&#8217;\u00e0 6 sons simultan\u00e9ment !<\/p>\r\n<h4>Phoenix Silkflame<\/h4>\r\n<p>Cr\u00e9ez de grands fronts de flammes avec le Phoenix Silkflame. Les puissantes LED \u00e9clairent le tissu jusqu&#8217;\u00e0 200 cm de hauteur. Mais m\u00eame sans le tissu, le Phoenix reste efficace. Le ventilateur puissant est con\u00e7u pour d\u00e9placer de grandes quantit\u00e9s de fum\u00e9e. La fum\u00e9e est pouss\u00e9e vers le haut, et l&#8217;\u00e9clairage LED fait le reste. De grandes flammes sont projet\u00e9es dans la fum\u00e9e qui se d\u00e9place vigoureusement vers le haut. Cela donne l&#8217;illusion d&#8217;un foyer de feu bien d\u00e9velopp\u00e9. Id\u00e9al pour les incendies plus grands et les incendies de grande ampleur, m\u00eame en plein jour.<\/p>\r\n<h4>FireSpot XXL<\/h4>\r\n<p>15 fois plus puissant que le FireSpot original ! Cela permet de cr\u00e9er des foyers de feu plus grands et plus puissants. M\u00eame en plein jour. Les 8 programmes int\u00e9gr\u00e9s offrent un effet de flamme adapt\u00e9 \u00e0 vos objectifs d&#8217;entra\u00eenement. Vous pouvez facilement choisir le mode thermal runaway si vous souhaitez pratiquer avec des packs de batteries en feu, par exemple sous un v\u00e9hicule \u00e9lectrique. De plus, le spot est \u00e9tanche et peut \u00eatre directement connect\u00e9 \u00e0 la Pandora&#8217;s Box 230 via le connecteur powerCON.<\/p>\r\n<h4>FireSpot MK2<\/h4>\r\n<p>Ce FireSpot mis \u00e0 jour poss\u00e8de 8 programmes de simulation int\u00e9gr\u00e9s. Avec ceux-ci, vous ne manquerez jamais l&#8217;effet de flamme le plus adapt\u00e9. \u00c9clairez les spots depuis l&#8217;arri\u00e8re d&#8217;une colonne de fum\u00e9e, et vous verrez les flammes les plus r\u00e9alistes appara\u00eetre dans la fum\u00e9e. L&#8217;un des programmes int\u00e9gr\u00e9s simule l&#8217;explosion des cellules de batterie dans un thermal runaway. Le syst\u00e8me de lentilles sp\u00e9cial et les LED bi-couleur permettent d&#8217;obtenir une distribution lumineuse r\u00e9aliste. Le connecteur powerCON permet d&#8217;\u00e9tendre de mani\u00e8re \u00e9tanche et de connecter directement \u00e0 la Pandora&#8217;s Box 230. Mais avec l&#8217;adaptateur Schuko inclus, il fonctionne \u00e9galement en mode autonome.<\/p>\r\n<h4>G\u00e9n\u00e9rateur de fum\u00e9e Stratus<\/h4>\r\n<p>La g\u00e9n\u00e9rateur de fum\u00e9e Stratus est la plus puissante qui existe, avec jusqu&#8217;\u00e0 1250 m\u00b3 de fum\u00e9e par minute. Parfaite pour simuler de grands incendies, des incendies de grande ampleur et des incendies de for\u00eat. Via la Pandora&#8217;s Box 230, la machine peut \u00eatre r\u00e9gl\u00e9e de mani\u00e8re infinie de 0 \u00e0 100%. Elle peut \u00e9galement \u00eatre utilis\u00e9e verticalement pour cr\u00e9er des couches de fum\u00e9e r\u00e9alistes. Avec la sortie exceptionnelle du Stratus, elle devient la machine \u00e0 fum\u00e9e la plus polyvalente pour les grands travaux.<\/p>\r\n<h4>Paquet d&#8217;\u00e9chantillons de liquide de fum\u00e9e<\/h4>\r\n<p>Pour parfaire l&#8217;exp\u00e9rience, vous recevrez un pack d&#8217;essai de liquide \u00e0 fum\u00e9e avec le Kit de simulation. Ce pack contient quatre types de liquides \u00e0 fum\u00e9e : &#8216;Exercice d&#8217;incendie&#8217;, &#8216;Universel&#8217;, &#8216;Intensif&#8217; et &#8216;Extr\u00eame&#8217;. Avec ces liquides, vous pouvez toujours cr\u00e9er l&#8217;effet de fum\u00e9e le plus appropri\u00e9.<\/p>\r\n<p>Plus d&#8217;informations sur les produits inclus ? Cliquez sur les liens suivants :<\/p>\r\n<ul>\r\n<li>\r\n<ul>\r\n<li><a href=\"https:\/\/fireware.nl\/fr\/product\/boite-de-pandore-230\/\" target=\"_blank\" rel=\"noopener\">Pandora&#8217;s Box 230<\/a><\/li>\r\n<li><a href=\"https:\/\/fireware.nl\/fr\/produit\/generateur-de-fumee-stratus\/\" target=\"_blank\" rel=\"noopener\">G\u00e9n\u00e9rateur de fum\u00e9e Stratus<\/a><\/li>\r\n<li><a href=\"https:\/\/fireware.nl\/fr\/product\/phoenix\/\" target=\"_blank\" rel=\"noopener\">Phoenix Silkflame<\/a><\/li>\r\n<li><a href=\"https:\/\/fireware.nl\/fr\/product\/firespot-mk2\/\" target=\"_blank\" rel=\"noopener\">Firespot MK2<\/a><\/li>\r\n<li><a href=\"https:\/\/fireware.nl\/fr\/product\/firespot-xxl\/\" target=\"_blank\" rel=\"noopener\">Firespot XXL<\/a><\/li>\r\n<li><a href=\"https:\/\/fireware.nl\/fr\/product\/paquet-d-echantillons-de-liquide-de-fumee\/\" target=\"_blank\" rel=\"noopener\">Paquet d&#8217;\u00e9chantillons de liquide de fum\u00e9e<\/a><\/li>\r\n<\/ul>\r\n<\/li>\r\n<\/ul>\r\n<p><strong>Consultez \u00e9galement le <a href=\"https:\/\/fireware.nl\/fr\/product\/pandoras-box-230-medium-set\/\" target=\"_blank\" rel=\"noopener\">set moyen<\/a> ou le <a href=\"https:\/\/fireware.nl\/fr\/product\/pandoras-230-petit-set\/\" target=\"_blank\" rel=\"noopener\">petit set<\/a>.<\/strong><\/p>\r\n<p><strong>Curieux de d\u00e9couvrir nos autres ensembles d&#8217;exercices ? Alors cliquez <a href=\"https:\/\/fireware.nl\/fr\/product-categorie\/ensembles-dexercices\/\" target=\"_blank\" rel=\"noopener\">ici<\/a>!<\/strong><\/p>\r\n<h2>Regarder la vid\u00e9o<\/h2>\r\n<p><iframe loading=\"lazy\" title=\"YouTube video player\" src=\"https:\/\/www.youtube.com\/embed\/ifPFcUg3-W0?si=s1E4wRRFTRInJYdh\" width=\"560\" height=\"315\" frameborder=\"0\" allowfullscreen=\"allowfullscreen\"><\/iframe><\/p>\r\n","protected":false},"excerpt":{"rendered":"<ul>\n<li>Tout-en-un pour cr\u00e9er de grandes simulations dynamiques<\/li>\n<li>Parfait pour simuler de petits thermal runaways tels que les batteries de v\u00e9lo.<\/li>\n<li>Enti\u00e8rement contr\u00f4lable avec votre propre smartphone ou tablette.<\/li>\n<li>Ce kit comprend :\n<ul>\n<li><a href=\"https:\/\/fireware.nl\/fr\/product\/boite-de-pandore-230\/\" target=\"_blank\" rel=\"noopener\">Pandora&#8217;s Box 230<\/a><\/li>\n<li><a href=\"https:\/\/fireware.nl\/fr\/produit\/generateur-de-fumee-stratus\/\" target=\"_blank\" rel=\"noopener\">G\u00e9n\u00e9rateur de fum\u00e9e Stratus<\/a><\/li>\n<li><a href=\"https:\/\/fireware.nl\/fr\/product\/phoenix\/\" target=\"_blank\" rel=\"noopener\">Phoenix Silkflame<\/a><\/li>\n<li><a href=\"https:\/\/fireware.nl\/fr\/product\/firespot-mk2\/\" target=\"_blank\" rel=\"noopener\">Firespot MK2<\/a><\/li>\n<li><a href=\"https:\/\/fireware.nl\/fr\/product\/firespot-xxl\/\" target=\"_blank\" rel=\"noopener\">Firespot XXL<\/a><\/li>\n<li><a href=\"https:\/\/fireware.nl\/fr\/product\/paquet-d-echantillons-de-liquide-de-fumee\/\" target=\"_blank\" rel=\"noopener\">Paquet d&#8217;\u00e9chantillons de liquide de fum\u00e9e<\/a><\/li>\n<\/ul>\n<\/li>\n<\/ul>\n<div class=\"w-full text-token-text-primary\" dir=\"auto\" data-testid=\"conversation-turn-7\">\n<div class=\"px-4 py-2 justify-center text-base md:gap-6 m-auto\">\n<div class=\"flex flex-1 text-base mx-auto gap-3 juice:gap-4 juice:md:gap-6 md:px-5 lg:px-1 xl:px-5 md:max-w-3xl lg:max-w-[40rem] xl:max-w-[48rem]\">\n<div class=\"relative flex w-full flex-col agent-turn\">\n<div class=\"flex-col gap-1 md:gap-3\">\n<div class=\"flex flex-grow flex-col max-w-full\">\n<div class=\"min-h-[20px] text-message flex flex-col items-start gap-3 whitespace-pre-wrap break-words [.text-message+&amp;]:mt-5 overflow-x-auto\" dir=\"auto\" data-message-author-role=\"assistant\" data-message-id=\"81b4f5a1-83c7-42ed-b5b9-453f90380a56\">\n<div class=\"markdown prose w-full break-words dark:prose-invert dark\">\n<div class=\"w-full text-token-text-primary\" dir=\"auto\" data-testid=\"conversation-turn-7\">\n<div class=\"px-4 py-2 justify-center text-base md:gap-6 m-auto\">\n<div class=\"flex flex-1 text-base mx-auto gap-3 juice:gap-4 juice:md:gap-6 md:px-5 lg:px-1 xl:px-5 md:max-w-3xl lg:max-w-[40rem] xl:max-w-[48rem]\">\n<div class=\"relative flex w-full flex-col agent-turn\">\n<div class=\"flex-col gap-1 md:gap-3\">\n<div class=\"flex flex-grow flex-col max-w-full\">\n<div class=\"min-h-[20px] text-message flex flex-col items-start gap-3 whitespace-pre-wrap break-words [.text-message+&amp;]:mt-5 overflow-x-auto\" dir=\"auto\" data-message-author-role=\"assistant\" data-message-id=\"81b4f5a1-83c7-42ed-b5b9-453f90380a56\">\n<div class=\"markdown prose w-full break-words dark:prose-invert dark\">\u00a0<\/div>\n<\/div>\n<\/div>\n<\/div>\n<\/div>\n<\/div>\n<\/div>\n<\/div>\n<\/div>\n<\/div>\n<\/div>\n<\/div>\n<\/div>\n<\/div>\n<\/div>\n<\/div>\n","protected":false},"featured_media":94561,"template":"","meta":[],"product_brand":[],"product_cat":[3685],"product_tag":[],"class_list":{"0":"post-94537","1":"product","2":"type-product","3":"status-publish","4":"has-post-thumbnail","6":"product_cat-ensembles-dexercices","8":"first","9":"instock","10":"taxable","11":"shipping-taxable","12":"purchasable","13":"product-type-simple"},"yoast_head":"<!-- This site is optimized with the Yoast SEO plugin v27.5 - https:\/\/yoast.com\/product\/yoast-seo-wordpress\/ -->\n<title>Ensemble de simulation Grand incluant Thermal Runaway - FireWare<\/title>\n<meta name=\"robots\" content=\"index, follow, max-snippet:-1, max-image-preview:large, max-video-preview:-1\" \/>\n<link rel=\"canonical\" href=\"https:\/\/fireware.nl\/fr\/product\/pandora-230-grand-set\/\" \/>\n<meta property=\"og:locale\" content=\"fr_FR\" \/>\n<meta property=\"og:type\" content=\"article\" \/>\n<meta property=\"og:title\" content=\"Ensemble de simulation Grand incluant Thermal Runaway - FireWare\" \/>\n<meta property=\"og:description\" content=\"Tout-en-un pour cr\u00e9er de grandes simulations dynamiques Parfait pour simuler de petits thermal runaways tels que les batteries de v\u00e9lo. Enti\u00e8rement contr\u00f4lable avec votre propre smartphone ou tablette. Ce kit comprend :  Pandora&#039;s Box 230 G\u00e9n\u00e9rateur de fum\u00e9e Stratus Phoenix Silkflame Firespot MK2 Firespot XXL Paquet d&#039;\u00e9chantillons de liquide de fum\u00e9e                   \u00a0\" \/>\n<meta property=\"og:url\" content=\"https:\/\/fireware.nl\/fr\/product\/pandora-230-grand-set\/\" \/>\n<meta property=\"og:site_name\" content=\"FireWare\" \/>\n<meta property=\"article:publisher\" content=\"https:\/\/www.facebook.com\/FireWareBV\/\" \/>\n<meta property=\"article:modified_time\" content=\"2026-01-23T14:38:43+00:00\" \/>\n<meta property=\"og:image\" content=\"https:\/\/fireware.nl\/wp-content\/uploads\/2024\/04\/040-030-049_Pandora_230_Large_set_001.jpg\" \/>\n\t<meta property=\"og:image:width\" content=\"600\" \/>\n\t<meta property=\"og:image:height\" content=\"600\" \/>\n\t<meta property=\"og:image:type\" content=\"image\/jpeg\" \/>\n<meta name=\"twitter:card\" content=\"summary_large_image\" \/>\n<meta name=\"twitter:site\" content=\"@FireWarebv\" \/>\n<meta name=\"twitter:label1\" content=\"Dur\u00e9e de lecture estim\u00e9e\" \/>\n\t<meta name=\"twitter:data1\" content=\"6 minutes\" \/>\n<script type=\"application\/ld+json\" class=\"yoast-schema-graph\">{\"@context\":\"https:\\\/\\\/schema.org\",\"@graph\":[{\"@type\":\"WebPage\",\"@id\":\"https:\\\/\\\/fireware.nl\\\/fr\\\/product\\\/pandora-230-grand-set\\\/\",\"url\":\"https:\\\/\\\/fireware.nl\\\/fr\\\/product\\\/pandora-230-grand-set\\\/\",\"name\":\"Ensemble de simulation Grand incluant Thermal Runaway - FireWare\",\"isPartOf\":{\"@id\":\"https:\\\/\\\/fireware.nl\\\/fr\\\/#website\"},\"primaryImageOfPage\":{\"@id\":\"https:\\\/\\\/fireware.nl\\\/fr\\\/product\\\/pandora-230-grand-set\\\/#primaryimage\"},\"image\":{\"@id\":\"https:\\\/\\\/fireware.nl\\\/fr\\\/product\\\/pandora-230-grand-set\\\/#primaryimage\"},\"thumbnailUrl\":\"https:\\\/\\\/fireware.nl\\\/wp-content\\\/uploads\\\/2024\\\/04\\\/040-030-049_Pandora_230_Large_set_001.jpg\",\"datePublished\":\"2024-04-22T07:37:05+00:00\",\"dateModified\":\"2026-01-23T14:38:43+00:00\",\"breadcrumb\":{\"@id\":\"https:\\\/\\\/fireware.nl\\\/fr\\\/product\\\/pandora-230-grand-set\\\/#breadcrumb\"},\"inLanguage\":\"fr-FR\",\"potentialAction\":[{\"@type\":\"ReadAction\",\"target\":[\"https:\\\/\\\/fireware.nl\\\/fr\\\/product\\\/pandora-230-grand-set\\\/\"]}]},{\"@type\":\"ImageObject\",\"inLanguage\":\"fr-FR\",\"@id\":\"https:\\\/\\\/fireware.nl\\\/fr\\\/product\\\/pandora-230-grand-set\\\/#primaryimage\",\"url\":\"https:\\\/\\\/fireware.nl\\\/wp-content\\\/uploads\\\/2024\\\/04\\\/040-030-049_Pandora_230_Large_set_001.jpg\",\"contentUrl\":\"https:\\\/\\\/fireware.nl\\\/wp-content\\\/uploads\\\/2024\\\/04\\\/040-030-049_Pandora_230_Large_set_001.jpg\",\"width\":600,\"height\":600},{\"@type\":\"BreadcrumbList\",\"@id\":\"https:\\\/\\\/fireware.nl\\\/fr\\\/product\\\/pandora-230-grand-set\\\/#breadcrumb\",\"itemListElement\":[{\"@type\":\"ListItem\",\"position\":1,\"name\":\"Home\",\"item\":\"https:\\\/\\\/fireware.nl\\\/fr\\\/\"},{\"@type\":\"ListItem\",\"position\":2,\"name\":\"Produits\",\"item\":\"https:\\\/\\\/fireware.nl\\\/fr\\\/produits\\\/\"},{\"@type\":\"ListItem\",\"position\":3,\"name\":\"Ensemble de simulation Grand incluant Thermal Runaway\"}]},{\"@type\":\"WebSite\",\"@id\":\"https:\\\/\\\/fireware.nl\\\/fr\\\/#website\",\"url\":\"https:\\\/\\\/fireware.nl\\\/fr\\\/\",\"name\":\"FireWare\",\"description\":\"CREATING REALISTIC  TRAINING ENVIRONMENTS\",\"publisher\":{\"@id\":\"https:\\\/\\\/fireware.nl\\\/fr\\\/#organization\"},\"potentialAction\":[{\"@type\":\"SearchAction\",\"target\":{\"@type\":\"EntryPoint\",\"urlTemplate\":\"https:\\\/\\\/fireware.nl\\\/fr\\\/?s={search_term_string}\"},\"query-input\":{\"@type\":\"PropertyValueSpecification\",\"valueRequired\":true,\"valueName\":\"search_term_string\"}}],\"inLanguage\":\"fr-FR\"},{\"@type\":\"Organization\",\"@id\":\"https:\\\/\\\/fireware.nl\\\/fr\\\/#organization\",\"name\":\"FireWare\",\"url\":\"https:\\\/\\\/fireware.nl\\\/fr\\\/\",\"logo\":{\"@type\":\"ImageObject\",\"inLanguage\":\"fr-FR\",\"@id\":\"https:\\\/\\\/fireware.nl\\\/fr\\\/#\\\/schema\\\/logo\\\/image\\\/\",\"url\":\"https:\\\/\\\/fireware.nl\\\/wp-content\\\/uploads\\\/2018\\\/10\\\/FireWare-logo.jpg\",\"contentUrl\":\"https:\\\/\\\/fireware.nl\\\/wp-content\\\/uploads\\\/2018\\\/10\\\/FireWare-logo.jpg\",\"width\":171,\"height\":70,\"caption\":\"FireWare\"},\"image\":{\"@id\":\"https:\\\/\\\/fireware.nl\\\/fr\\\/#\\\/schema\\\/logo\\\/image\\\/\"},\"sameAs\":[\"https:\\\/\\\/www.facebook.com\\\/FireWareBV\\\/\",\"https:\\\/\\\/x.com\\\/FireWarebv\",\"https:\\\/\\\/www.instagram.com\\\/fireware_nl\\\/\",\"https:\\\/\\\/www.linkedin.com\\\/company\\\/3586017\\\/\",\"https:\\\/\\\/www.youtube.com\\\/user\\\/firesalesrentconsult\"]}]}<\/script>\n<!-- \/ Yoast SEO plugin. -->","yoast_head_json":{"title":"Ensemble de simulation Grand incluant Thermal Runaway - FireWare","robots":{"index":"index","follow":"follow","max-snippet":"max-snippet:-1","max-image-preview":"max-image-preview:large","max-video-preview":"max-video-preview:-1"},"canonical":"https:\/\/fireware.nl\/fr\/product\/pandora-230-grand-set\/","og_locale":"fr_FR","og_type":"article","og_title":"Ensemble de simulation Grand incluant Thermal Runaway - FireWare","og_description":"Tout-en-un pour cr\u00e9er de grandes simulations dynamiques Parfait pour simuler de petits thermal runaways tels que les batteries de v\u00e9lo. Enti\u00e8rement contr\u00f4lable avec votre propre smartphone ou tablette. Ce kit comprend :  Pandora's Box 230 G\u00e9n\u00e9rateur de fum\u00e9e Stratus Phoenix Silkflame Firespot MK2 Firespot XXL Paquet d'\u00e9chantillons de liquide de fum\u00e9e                   \u00a0","og_url":"https:\/\/fireware.nl\/fr\/product\/pandora-230-grand-set\/","og_site_name":"FireWare","article_publisher":"https:\/\/www.facebook.com\/FireWareBV\/","article_modified_time":"2026-01-23T14:38:43+00:00","og_image":[{"width":600,"height":600,"url":"https:\/\/fireware.nl\/wp-content\/uploads\/2024\/04\/040-030-049_Pandora_230_Large_set_001.jpg","type":"image\/jpeg"}],"twitter_card":"summary_large_image","twitter_site":"@FireWarebv","twitter_misc":{"Dur\u00e9e de lecture estim\u00e9e":"6 minutes"},"schema":{"@context":"https:\/\/schema.org","@graph":[{"@type":"WebPage","@id":"https:\/\/fireware.nl\/fr\/product\/pandora-230-grand-set\/","url":"https:\/\/fireware.nl\/fr\/product\/pandora-230-grand-set\/","name":"Ensemble de simulation Grand incluant Thermal Runaway - FireWare","isPartOf":{"@id":"https:\/\/fireware.nl\/fr\/#website"},"primaryImageOfPage":{"@id":"https:\/\/fireware.nl\/fr\/product\/pandora-230-grand-set\/#primaryimage"},"image":{"@id":"https:\/\/fireware.nl\/fr\/product\/pandora-230-grand-set\/#primaryimage"},"thumbnailUrl":"https:\/\/fireware.nl\/wp-content\/uploads\/2024\/04\/040-030-049_Pandora_230_Large_set_001.jpg","datePublished":"2024-04-22T07:37:05+00:00","dateModified":"2026-01-23T14:38:43+00:00","breadcrumb":{"@id":"https:\/\/fireware.nl\/fr\/product\/pandora-230-grand-set\/#breadcrumb"},"inLanguage":"fr-FR","potentialAction":[{"@type":"ReadAction","target":["https:\/\/fireware.nl\/fr\/product\/pandora-230-grand-set\/"]}]},{"@type":"ImageObject","inLanguage":"fr-FR","@id":"https:\/\/fireware.nl\/fr\/product\/pandora-230-grand-set\/#primaryimage","url":"https:\/\/fireware.nl\/wp-content\/uploads\/2024\/04\/040-030-049_Pandora_230_Large_set_001.jpg","contentUrl":"https:\/\/fireware.nl\/wp-content\/uploads\/2024\/04\/040-030-049_Pandora_230_Large_set_001.jpg","width":600,"height":600},{"@type":"BreadcrumbList","@id":"https:\/\/fireware.nl\/fr\/product\/pandora-230-grand-set\/#breadcrumb","itemListElement":[{"@type":"ListItem","position":1,"name":"Home","item":"https:\/\/fireware.nl\/fr\/"},{"@type":"ListItem","position":2,"name":"Produits","item":"https:\/\/fireware.nl\/fr\/produits\/"},{"@type":"ListItem","position":3,"name":"Ensemble de simulation Grand incluant Thermal Runaway"}]},{"@type":"WebSite","@id":"https:\/\/fireware.nl\/fr\/#website","url":"https:\/\/fireware.nl\/fr\/","name":"FireWare","description":"CREATING REALISTIC  TRAINING ENVIRONMENTS","publisher":{"@id":"https:\/\/fireware.nl\/fr\/#organization"},"potentialAction":[{"@type":"SearchAction","target":{"@type":"EntryPoint","urlTemplate":"https:\/\/fireware.nl\/fr\/?s={search_term_string}"},"query-input":{"@type":"PropertyValueSpecification","valueRequired":true,"valueName":"search_term_string"}}],"inLanguage":"fr-FR"},{"@type":"Organization","@id":"https:\/\/fireware.nl\/fr\/#organization","name":"FireWare","url":"https:\/\/fireware.nl\/fr\/","logo":{"@type":"ImageObject","inLanguage":"fr-FR","@id":"https:\/\/fireware.nl\/fr\/#\/schema\/logo\/image\/","url":"https:\/\/fireware.nl\/wp-content\/uploads\/2018\/10\/FireWare-logo.jpg","contentUrl":"https:\/\/fireware.nl\/wp-content\/uploads\/2018\/10\/FireWare-logo.jpg","width":171,"height":70,"caption":"FireWare"},"image":{"@id":"https:\/\/fireware.nl\/fr\/#\/schema\/logo\/image\/"},"sameAs":["https:\/\/www.facebook.com\/FireWareBV\/","https:\/\/x.com\/FireWarebv","https:\/\/www.instagram.com\/fireware_nl\/","https:\/\/www.linkedin.com\/company\/3586017\/","https:\/\/www.youtube.com\/user\/firesalesrentconsult"]}]}},"publishpress_future_workflow_manual_trigger":{"enabledWorkflows":[]},"_links":{"self":[{"href":"https:\/\/fireware.nl\/fr\/wp-json\/wp\/v2\/product\/94537","targetHints":{"allow":["GET"]}}],"collection":[{"href":"https:\/\/fireware.nl\/fr\/wp-json\/wp\/v2\/product"}],"about":[{"href":"https:\/\/fireware.nl\/fr\/wp-json\/wp\/v2\/types\/product"}],"wp:featuredmedia":[{"embeddable":true,"href":"https:\/\/fireware.nl\/fr\/wp-json\/wp\/v2\/media\/94561"}],"wp:attachment":[{"href":"https:\/\/fireware.nl\/fr\/wp-json\/wp\/v2\/media?parent=94537"}],"wp:term":[{"taxonomy":"product_brand","embeddable":true,"href":"https:\/\/fireware.nl\/fr\/wp-json\/wp\/v2\/product_brand?post=94537"},{"taxonomy":"product_cat","embeddable":true,"href":"https:\/\/fireware.nl\/fr\/wp-json\/wp\/v2\/product_cat?post=94537"},{"taxonomy":"product_tag","embeddable":true,"href":"https:\/\/fireware.nl\/fr\/wp-json\/wp\/v2\/product_tag?post=94537"}],"curies":[{"name":"wp","href":"https:\/\/api.w.org\/{rel}","templated":true}]}}