
{"id":94554,"date":"2024-04-22T09:55:55","date_gmt":"2024-04-22T09:55:55","guid":{"rendered":"https:\/\/fireware.nl\/product\/pandoras-box-230-medium-set\/"},"modified":"2026-01-23T14:37:08","modified_gmt":"2026-01-23T14:37:08","slug":"pandoras-box-230-medium-set","status":"publish","type":"product","link":"https:\/\/fireware.nl\/fr\/product\/pandoras-box-230-medium-set\/","title":{"rendered":"Ensemble de simulation Moyen incluant Thermal Runaway"},"content":{"rendered":"\r\n<h2>Simulations pour tous vos sens<\/h2>\r\n<p>Avec le kit de simulation Medium, cr\u00e9ez des sc\u00e9narios d&#8217;incendie dynamiques auparavant inimaginables. Produisez des effets de flammes r\u00e9alistes, int\u00e9grez du son et contr\u00f4lez tout directement depuis votre smartphone ou votre ordinateur portable.<\/p>\r\n<h2>Escalade et d\u00e9sescalade<\/h2>\r\n<p>Gardez le contr\u00f4le total du sc\u00e9nario dans votre poche. Votre smartphone (ou tablette) devient votre t\u00e9l\u00e9commande, vous permettant d&#8217;intervenir rapidement. Si l&#8217;exercice dure trop longtemps, \u00e9largissez simplement l&#8217;incendie. Si l&#8217;intervention est efficace, r\u00e9duisez la taille du foyer. Escalader et d\u00e9sescalader n&#8217;a jamais \u00e9t\u00e9 aussi simple.<\/p>\r\n<h2>Contr\u00f4le sans fil<\/h2>\r\n<p>Le c\u0153ur du kit de simulation Medium est la Pandora&#8217;s Box 230, qui cr\u00e9e un r\u00e9seau Wi-Fi auquel vous vous connectez en scannant un QR code. Une interface web s&#8217;affiche sur votre t\u00e9l\u00e9phone ou tablette, vous permettant de contr\u00f4ler chaque \u00e9l\u00e9ment de votre simulation. Jusqu&#8217;\u00e0 trois effets de flammes, une machine \u00e0 fum\u00e9e et du son sont \u00e0 votre disposition, offrant des simulations autrefois r\u00e9serv\u00e9es aux experts.<\/p>\r\n<h2>Thermal Runaways<\/h2>\r\n<p>Le kit de simulation Small est id\u00e9al pour simuler des \u00e9v\u00e9nements de thermal runaway, comme une batterie de v\u00e9lo en feu. Le FireSpot MK2 dispose d&#8217;un effet de flamme sp\u00e9cialement con\u00e7u pour reproduire les explosions successives des cellules de batterie. La Pandora&#8217;s Box 230 fournit \u00e9galement un son r\u00e9aliste d&#8217;explosions et de d\u00e9compression. Combinez ces \u00e9l\u00e9ments dans vos sc\u00e9narios pour des entra\u00eenements parfaitement adapt\u00e9s \u00e0 la transition \u00e9nerg\u00e9tique.<\/p>\r\n<h2>Possibilit\u00e9s illimit\u00e9es<\/h2>\r\n<p>En plus des thermal runaways, le kit de simulation Medium permet de simuler une multitude d&#8217;autres sc\u00e9narios. Votre cr\u00e9ativit\u00e9 est la seule limite. Avec trois effets de flammes &#8211; Phoenix Silkflame, FireSpot MK2 et Mini Silkflame &#8211; associ\u00e9s \u00e0 la Pandora&#8217;s Box 230, vous pouvez simuler des incendies dynamiques de taille moyenne, comme des feux domestiques, des incendies industriels mineurs ou des feux \u00e9clatants. Gr\u00e2ce au contr\u00f4le ind\u00e9pendant des trois effets, vous pouvez agrandir ou r\u00e9duire les incendies \u00e0 volont\u00e9.<\/p>\r\n<h4>Pandora&#8217;s Box 230<\/h4>\r\n<p>La Pandora&#8217;s Box 230 est le c\u0153ur du syst\u00e8me, orchestrant toute votre simulation. Elle permet de connecter jusqu&#8217;\u00e0 trois effets de flammes et une machine \u00e0 fum\u00e9e. Les deux enceintes externes fournies assurent une diffusion sonore \u00e0 l&#8217;endroit souhait\u00e9. Scannez le QR code pour vous connecter au r\u00e9seau Wi-Fi et acc\u00e9der \u00e0 l&#8217;interface web, qui offre un contr\u00f4le sans pr\u00e9c\u00e9dent. Activez ou d\u00e9sactivez les composants en temps r\u00e9el ou ajustez-les \u00e0 tout moment. Vous pouvez m\u00eame int\u00e9grer un extincteur Apollo LED (non inclus) pour des exercices d&#8217;extinction interactifs.<\/p>\r\n<h4>Son<\/h4>\r\n<p>Une simulation r\u00e9ussie stimule autant de sens que possible. Il ne s&#8217;agit pas seulement de ce que vous voyez, mais de ce que vous vivez. La Pandora&#8217;s Box 230 inclut une biblioth\u00e8que de plus de 30 sons, allant des cr\u00e9pitements de feu aux appels \u00e0 l&#8217;aide et bruits de circonstances. Vous pouvez m\u00eame diffuser jusqu&#8217;\u00e0 six sons simultan\u00e9ment pour une immersion totale.<\/p>\r\n<h4>Phoenix Silkflame<\/h4>\r\n<p>La Phoenix Silkflame cr\u00e9e de grandes flammes frontales gr\u00e2ce \u00e0 des LEDs \u00e9clairant un tissu atteignant 200 cm de hauteur. M\u00eame sans tissu, la Phoenix impressionne par sa puissance. Un ventilateur robuste pousse d&#8217;importantes quantit\u00e9s de fum\u00e9e vers le haut, tandis que l&#8217;\u00e9clairage LED projette des flammes spectaculaires dans la fum\u00e9e. Parfait pour les grands feux et les incendies \u00e9clatants, m\u00eame en plein jour.<\/p>\r\n<h4>FireSpot MK2<\/h4>\r\n<p>Le FireSpot MK2 am\u00e9lior\u00e9 offre huit programmes de simulation int\u00e9gr\u00e9s, garantissant des effets de flammes adapt\u00e9s \u00e0 chaque sc\u00e9nario. \u00c9clairez une colonne de fum\u00e9e depuis l&#8217;arri\u00e8re pour voir appara\u00eetre des flammes r\u00e9alistes. Le programme thermal runaway simule les explosions de cellules de batterie. Gr\u00e2ce \u00e0 ses LEDs bicolores et \u00e0 son syst\u00e8me de lentilles, il produit une distribution lumineuse r\u00e9aliste. Il se connecte directement \u00e0 la Pandora&#8217;s Box 230 via un connecteur powerCON ou fonctionne de mani\u00e8re autonome avec l&#8217;adaptateur Schuko fourni.<\/p>\r\n<h4>Mini Silkflame<\/h4>\r\n<p>La Mini Silkflame projette de la lumi\u00e8re sur un tissu simulant des flammes, ce qui en fait une solution id\u00e9ale pour les petits incendies ou les sc\u00e9narios o\u00f9 la fum\u00e9e n&#8217;est pas souhait\u00e9e. Combin\u00e9e \u00e0 de la fum\u00e9e, elle cr\u00e9e un effet encore plus spectaculaire. Sans tissu, la lumi\u00e8re \u00e9claire la fum\u00e9e propuls\u00e9e par le ventilateur, simulant un effet de flammes naturel. Associez la Mini Silkflame au FireSpot pour des foyers dynamiques pouvant grandir ou r\u00e9tr\u00e9cir.<\/p>\r\n<h4>G\u00e9n\u00e9rateur \u00e0 fum\u00e9e Cumulus<\/h4>\r\n<p>La g\u00e9n\u00e9rateur de fum\u00e9e Cumulus associe puissance et polyvalence, g\u00e9n\u00e9rant jusqu&#8217;\u00e0 750 m\u00b3 de fum\u00e9e par minute. Id\u00e9ale pour des exercices d&#8217;incendie n\u00e9cessitant r\u00e9alisme et flexibilit\u00e9, elle est r\u00e9glable de 0 \u00e0 100 % via la Pandora&#8217;s Box 230. Elle peut \u00e9galement \u00eatre utilis\u00e9e verticalement pour cr\u00e9er des couches de fum\u00e9e r\u00e9alistes, en faisant l&#8217;outil multifonction id\u00e9al.<\/p>\r\n<h4>Paquet d&#8217;\u00e9chantillons de liquide fum\u00e9e<\/h4>\r\n<p>Pour compl\u00e9ter votre kit, un pack d&#8217;\u00e9chantillons de liquide fumig\u00e8ne est inclus, contenant quatre vari\u00e9t\u00e9s : &#8220;Exercice d&#8217;incendie,&#8221; &#8220;Universel,&#8221; &#8220;Intensif&#8221; et &#8220;Extr\u00eame.&#8221; Ces liquides garantissent l&#8217;effet de fum\u00e9e le plus adapt\u00e9 \u00e0 chaque sc\u00e9nario.<\/p>\r\n<p>Plus d&#8217;informations sur les produits inclus ? Cliquez sur les liens suivants :<\/p>\r\n<ul>\r\n<li><a href=\"https:\/\/fireware.nl\/fr\/product\/boite-de-pandore-230\/\" target=\"_blank\" rel=\"noopener\">Pandora&#8217;s Box 230<\/a><\/li>\r\n<li><a href=\"https:\/\/fireware.nl\/fr\/produit\/generateur-de-fumee-cumulus\/\" target=\"_blank\" rel=\"noopener\">G\u00e9n\u00e9rateur de fum\u00e9e Cumulus<\/a><\/li>\r\n<li><a href=\"https:\/\/fireware.nl\/fr\/product\/phoenix\/\" target=\"_blank\" rel=\"noopener\">Phoenix Silkflame<\/a><\/li>\r\n<li><a href=\"https:\/\/fireware.nl\/fr\/product\/firespot-mk2\/\" target=\"_blank\" rel=\"noopener\">Firespot MK2<\/a><\/li>\r\n<li><a href=\"https:\/\/fireware.nl\/fr\/product\/mini-silkflame\/\" target=\"_blank\" rel=\"noopener\">Mini Silkflame LED<\/a><\/li>\r\n<li><a href=\"https:\/\/fireware.nl\/fr\/product\/paquet-d-echantillons-de-liquide-de-fumee\/\" target=\"_blank\" rel=\"noopener\">Paquet d&#8217;\u00e9chantillons de liquide de fum\u00e9e<\/a><\/li>\r\n<\/ul>\r\n<p><strong>Consultez \u00e9galement le <a href=\"https:\/\/fireware.nl\/fr\/product\/pandora-230-grand-set\/\" target=\"_blank\" rel=\"noopener\">grand set<\/a> ou le <a href=\"https:\/\/fireware.nl\/fr\/product\/pandoras-230-petit-set\/\" target=\"_blank\" rel=\"noopener\">petit set<\/a>.<\/strong><\/p>\r\n<p><strong>Curieux de d\u00e9couvrir nos autres ensembles d&#8217;exercices ? Alors cliquez <a href=\"https:\/\/fireware.nl\/fr\/product-categorie\/ensembles-dexercices\/\" target=\"_blank\" rel=\"noopener\">ici<\/a>!<\/strong><\/p>\r\n<h2>Regarder la vid\u00e9o<\/h2>\r\n<p><iframe loading=\"lazy\" title=\"YouTube video player\" src=\"https:\/\/www.youtube.com\/embed\/qjAJ9a0ruYQ?si=ybLy9bqMU10Ukj1B\" width=\"560\" height=\"315\" frameborder=\"0\" allowfullscreen=\"allowfullscreen\"><\/iframe><\/p>\r\n","protected":false},"excerpt":{"rendered":"<ul>\n<li>Ensemble tout-en-un pour des simulations dynamiques de taille moyenne<\/li>\n<li>Parfait pour simuler de petits thermal runaways, comme des batteries de v\u00e9los \u00e9lectriques.<\/li>\n<li>Enti\u00e8rement contr\u00f4lable avec votre smartphone ou tablette.<\/li>\n<li>Ce kit comprend :\n<ul>\n<li><a href=\"https:\/\/fireware.nl\/fr\/product\/boite-de-pandore-230\/\" target=\"_blank\" rel=\"noopener\">P<\/a><a href=\"https:\/\/fireware.nl\/fr\/product\/boite-de-pandore-230\/\" target=\"_blank\" rel=\"noopener\">andora&#8217;s Box 230<\/a><\/li>\n<li><a href=\"https:\/\/fireware.nl\/fr\/produit\/generateur-de-fumee-cumulus\/\" target=\"_blank\" rel=\"noopener\">G\u00e9n\u00e9rateur de fum\u00e9e Cumulus<\/a><\/li>\n<li><a href=\"https:\/\/fireware.nl\/fr\/product\/phoenix\/\" target=\"_blank\" rel=\"noopener\">Phoenix Silkflame<\/a><\/li>\n<li><a href=\"https:\/\/fireware.nl\/fr\/product\/firespot-mk2\/\" target=\"_blank\" rel=\"noopener\">Firespot MK2<\/a><\/li>\n<li><a href=\"https:\/\/fireware.nl\/fr\/product\/mini-silkflame\/\" target=\"_blank\" rel=\"noopener\">Mini Silkflame LED<\/a><\/li>\n<li><a href=\"https:\/\/fireware.nl\/fr\/product\/paquet-d-echantillons-de-liquide-de-fumee\/\" target=\"_blank\" rel=\"noopener\">Paquet d&#8217;\u00e9chantillons de liquide de fum\u00e9e<\/a><\/li>\n<\/ul>\n<\/li>\n<\/ul>\n<div>\n<div class=\"pt-0\">\n<div class=\"gizmo-bot-avatar flex h-8 w-8 items-center justify-center overflow-hidden rounded-full\">\u00a0<\/div>\n<\/div>\n<\/div>\n","protected":false},"featured_media":94550,"template":"","meta":[],"product_brand":[],"product_cat":[3685],"product_tag":[],"class_list":{"0":"post-94554","1":"product","2":"type-product","3":"status-publish","4":"has-post-thumbnail","6":"product_cat-ensembles-dexercices","8":"first","9":"instock","10":"taxable","11":"shipping-taxable","12":"purchasable","13":"product-type-simple"},"yoast_head":"<!-- This site is optimized with the Yoast SEO plugin v27.5 - https:\/\/yoast.com\/product\/yoast-seo-wordpress\/ -->\n<title>Ensemble de simulation Moyen incluant Thermal Runaway - FireWare<\/title>\n<meta name=\"robots\" content=\"index, follow, max-snippet:-1, max-image-preview:large, max-video-preview:-1\" \/>\n<link rel=\"canonical\" href=\"https:\/\/fireware.nl\/fr\/product\/pandoras-box-230-medium-set\/\" \/>\n<meta property=\"og:locale\" content=\"fr_FR\" \/>\n<meta property=\"og:type\" content=\"article\" \/>\n<meta property=\"og:title\" content=\"Ensemble de simulation Moyen incluant Thermal Runaway - FireWare\" \/>\n<meta property=\"og:description\" content=\"Ensemble tout-en-un pour des simulations dynamiques de taille moyenne Parfait pour simuler de petits thermal runaways, comme des batteries de v\u00e9los \u00e9lectriques. Enti\u00e8rement contr\u00f4lable avec votre smartphone ou tablette. Ce kit comprend :  Pandora&#039;s Box 230 G\u00e9n\u00e9rateur de fum\u00e9e Cumulus Phoenix Silkflame Firespot MK2 Mini Silkflame LED Paquet d&#039;\u00e9chantillons de liquide de fum\u00e9e      \u00a0\" \/>\n<meta property=\"og:url\" content=\"https:\/\/fireware.nl\/fr\/product\/pandoras-box-230-medium-set\/\" \/>\n<meta property=\"og:site_name\" content=\"FireWare\" \/>\n<meta property=\"article:publisher\" content=\"https:\/\/www.facebook.com\/FireWareBV\/\" \/>\n<meta property=\"article:modified_time\" content=\"2026-01-23T14:37:08+00:00\" \/>\n<meta property=\"og:image\" content=\"https:\/\/fireware.nl\/wp-content\/uploads\/2024\/04\/040-030-048_Pandora_230_Medium_set-.jpg\" \/>\n\t<meta property=\"og:image:width\" content=\"600\" \/>\n\t<meta property=\"og:image:height\" content=\"600\" \/>\n\t<meta property=\"og:image:type\" content=\"image\/jpeg\" \/>\n<meta name=\"twitter:card\" content=\"summary_large_image\" \/>\n<meta name=\"twitter:site\" content=\"@FireWarebv\" \/>\n<meta name=\"twitter:label1\" content=\"Dur\u00e9e de lecture estim\u00e9e\" \/>\n\t<meta name=\"twitter:data1\" content=\"5 minutes\" \/>\n<script type=\"application\/ld+json\" class=\"yoast-schema-graph\">{\"@context\":\"https:\\\/\\\/schema.org\",\"@graph\":[{\"@type\":\"WebPage\",\"@id\":\"https:\\\/\\\/fireware.nl\\\/fr\\\/product\\\/pandoras-box-230-medium-set\\\/\",\"url\":\"https:\\\/\\\/fireware.nl\\\/fr\\\/product\\\/pandoras-box-230-medium-set\\\/\",\"name\":\"Ensemble de simulation Moyen incluant Thermal Runaway - FireWare\",\"isPartOf\":{\"@id\":\"https:\\\/\\\/fireware.nl\\\/fr\\\/#website\"},\"primaryImageOfPage\":{\"@id\":\"https:\\\/\\\/fireware.nl\\\/fr\\\/product\\\/pandoras-box-230-medium-set\\\/#primaryimage\"},\"image\":{\"@id\":\"https:\\\/\\\/fireware.nl\\\/fr\\\/product\\\/pandoras-box-230-medium-set\\\/#primaryimage\"},\"thumbnailUrl\":\"https:\\\/\\\/fireware.nl\\\/wp-content\\\/uploads\\\/2024\\\/04\\\/040-030-048_Pandora_230_Medium_set-.jpg\",\"datePublished\":\"2024-04-22T09:55:55+00:00\",\"dateModified\":\"2026-01-23T14:37:08+00:00\",\"breadcrumb\":{\"@id\":\"https:\\\/\\\/fireware.nl\\\/fr\\\/product\\\/pandoras-box-230-medium-set\\\/#breadcrumb\"},\"inLanguage\":\"fr-FR\",\"potentialAction\":[{\"@type\":\"ReadAction\",\"target\":[\"https:\\\/\\\/fireware.nl\\\/fr\\\/product\\\/pandoras-box-230-medium-set\\\/\"]}]},{\"@type\":\"ImageObject\",\"inLanguage\":\"fr-FR\",\"@id\":\"https:\\\/\\\/fireware.nl\\\/fr\\\/product\\\/pandoras-box-230-medium-set\\\/#primaryimage\",\"url\":\"https:\\\/\\\/fireware.nl\\\/wp-content\\\/uploads\\\/2024\\\/04\\\/040-030-048_Pandora_230_Medium_set-.jpg\",\"contentUrl\":\"https:\\\/\\\/fireware.nl\\\/wp-content\\\/uploads\\\/2024\\\/04\\\/040-030-048_Pandora_230_Medium_set-.jpg\",\"width\":600,\"height\":600},{\"@type\":\"BreadcrumbList\",\"@id\":\"https:\\\/\\\/fireware.nl\\\/fr\\\/product\\\/pandoras-box-230-medium-set\\\/#breadcrumb\",\"itemListElement\":[{\"@type\":\"ListItem\",\"position\":1,\"name\":\"Home\",\"item\":\"https:\\\/\\\/fireware.nl\\\/fr\\\/\"},{\"@type\":\"ListItem\",\"position\":2,\"name\":\"Produits\",\"item\":\"https:\\\/\\\/fireware.nl\\\/fr\\\/produits\\\/\"},{\"@type\":\"ListItem\",\"position\":3,\"name\":\"Ensemble de simulation Moyen incluant Thermal Runaway\"}]},{\"@type\":\"WebSite\",\"@id\":\"https:\\\/\\\/fireware.nl\\\/fr\\\/#website\",\"url\":\"https:\\\/\\\/fireware.nl\\\/fr\\\/\",\"name\":\"FireWare\",\"description\":\"CREATING REALISTIC  TRAINING ENVIRONMENTS\",\"publisher\":{\"@id\":\"https:\\\/\\\/fireware.nl\\\/fr\\\/#organization\"},\"potentialAction\":[{\"@type\":\"SearchAction\",\"target\":{\"@type\":\"EntryPoint\",\"urlTemplate\":\"https:\\\/\\\/fireware.nl\\\/fr\\\/?s={search_term_string}\"},\"query-input\":{\"@type\":\"PropertyValueSpecification\",\"valueRequired\":true,\"valueName\":\"search_term_string\"}}],\"inLanguage\":\"fr-FR\"},{\"@type\":\"Organization\",\"@id\":\"https:\\\/\\\/fireware.nl\\\/fr\\\/#organization\",\"name\":\"FireWare\",\"url\":\"https:\\\/\\\/fireware.nl\\\/fr\\\/\",\"logo\":{\"@type\":\"ImageObject\",\"inLanguage\":\"fr-FR\",\"@id\":\"https:\\\/\\\/fireware.nl\\\/fr\\\/#\\\/schema\\\/logo\\\/image\\\/\",\"url\":\"https:\\\/\\\/fireware.nl\\\/wp-content\\\/uploads\\\/2018\\\/10\\\/FireWare-logo.jpg\",\"contentUrl\":\"https:\\\/\\\/fireware.nl\\\/wp-content\\\/uploads\\\/2018\\\/10\\\/FireWare-logo.jpg\",\"width\":171,\"height\":70,\"caption\":\"FireWare\"},\"image\":{\"@id\":\"https:\\\/\\\/fireware.nl\\\/fr\\\/#\\\/schema\\\/logo\\\/image\\\/\"},\"sameAs\":[\"https:\\\/\\\/www.facebook.com\\\/FireWareBV\\\/\",\"https:\\\/\\\/x.com\\\/FireWarebv\",\"https:\\\/\\\/www.instagram.com\\\/fireware_nl\\\/\",\"https:\\\/\\\/www.linkedin.com\\\/company\\\/3586017\\\/\",\"https:\\\/\\\/www.youtube.com\\\/user\\\/firesalesrentconsult\"]}]}<\/script>\n<!-- \/ Yoast SEO plugin. -->","yoast_head_json":{"title":"Ensemble de simulation Moyen incluant Thermal Runaway - FireWare","robots":{"index":"index","follow":"follow","max-snippet":"max-snippet:-1","max-image-preview":"max-image-preview:large","max-video-preview":"max-video-preview:-1"},"canonical":"https:\/\/fireware.nl\/fr\/product\/pandoras-box-230-medium-set\/","og_locale":"fr_FR","og_type":"article","og_title":"Ensemble de simulation Moyen incluant Thermal Runaway - FireWare","og_description":"Ensemble tout-en-un pour des simulations dynamiques de taille moyenne Parfait pour simuler de petits thermal runaways, comme des batteries de v\u00e9los \u00e9lectriques. Enti\u00e8rement contr\u00f4lable avec votre smartphone ou tablette. Ce kit comprend :  Pandora's Box 230 G\u00e9n\u00e9rateur de fum\u00e9e Cumulus Phoenix Silkflame Firespot MK2 Mini Silkflame LED Paquet d'\u00e9chantillons de liquide de fum\u00e9e      \u00a0","og_url":"https:\/\/fireware.nl\/fr\/product\/pandoras-box-230-medium-set\/","og_site_name":"FireWare","article_publisher":"https:\/\/www.facebook.com\/FireWareBV\/","article_modified_time":"2026-01-23T14:37:08+00:00","og_image":[{"width":600,"height":600,"url":"https:\/\/fireware.nl\/wp-content\/uploads\/2024\/04\/040-030-048_Pandora_230_Medium_set-.jpg","type":"image\/jpeg"}],"twitter_card":"summary_large_image","twitter_site":"@FireWarebv","twitter_misc":{"Dur\u00e9e de lecture estim\u00e9e":"5 minutes"},"schema":{"@context":"https:\/\/schema.org","@graph":[{"@type":"WebPage","@id":"https:\/\/fireware.nl\/fr\/product\/pandoras-box-230-medium-set\/","url":"https:\/\/fireware.nl\/fr\/product\/pandoras-box-230-medium-set\/","name":"Ensemble de simulation Moyen incluant Thermal Runaway - FireWare","isPartOf":{"@id":"https:\/\/fireware.nl\/fr\/#website"},"primaryImageOfPage":{"@id":"https:\/\/fireware.nl\/fr\/product\/pandoras-box-230-medium-set\/#primaryimage"},"image":{"@id":"https:\/\/fireware.nl\/fr\/product\/pandoras-box-230-medium-set\/#primaryimage"},"thumbnailUrl":"https:\/\/fireware.nl\/wp-content\/uploads\/2024\/04\/040-030-048_Pandora_230_Medium_set-.jpg","datePublished":"2024-04-22T09:55:55+00:00","dateModified":"2026-01-23T14:37:08+00:00","breadcrumb":{"@id":"https:\/\/fireware.nl\/fr\/product\/pandoras-box-230-medium-set\/#breadcrumb"},"inLanguage":"fr-FR","potentialAction":[{"@type":"ReadAction","target":["https:\/\/fireware.nl\/fr\/product\/pandoras-box-230-medium-set\/"]}]},{"@type":"ImageObject","inLanguage":"fr-FR","@id":"https:\/\/fireware.nl\/fr\/product\/pandoras-box-230-medium-set\/#primaryimage","url":"https:\/\/fireware.nl\/wp-content\/uploads\/2024\/04\/040-030-048_Pandora_230_Medium_set-.jpg","contentUrl":"https:\/\/fireware.nl\/wp-content\/uploads\/2024\/04\/040-030-048_Pandora_230_Medium_set-.jpg","width":600,"height":600},{"@type":"BreadcrumbList","@id":"https:\/\/fireware.nl\/fr\/product\/pandoras-box-230-medium-set\/#breadcrumb","itemListElement":[{"@type":"ListItem","position":1,"name":"Home","item":"https:\/\/fireware.nl\/fr\/"},{"@type":"ListItem","position":2,"name":"Produits","item":"https:\/\/fireware.nl\/fr\/produits\/"},{"@type":"ListItem","position":3,"name":"Ensemble de simulation Moyen incluant Thermal Runaway"}]},{"@type":"WebSite","@id":"https:\/\/fireware.nl\/fr\/#website","url":"https:\/\/fireware.nl\/fr\/","name":"FireWare","description":"CREATING REALISTIC  TRAINING ENVIRONMENTS","publisher":{"@id":"https:\/\/fireware.nl\/fr\/#organization"},"potentialAction":[{"@type":"SearchAction","target":{"@type":"EntryPoint","urlTemplate":"https:\/\/fireware.nl\/fr\/?s={search_term_string}"},"query-input":{"@type":"PropertyValueSpecification","valueRequired":true,"valueName":"search_term_string"}}],"inLanguage":"fr-FR"},{"@type":"Organization","@id":"https:\/\/fireware.nl\/fr\/#organization","name":"FireWare","url":"https:\/\/fireware.nl\/fr\/","logo":{"@type":"ImageObject","inLanguage":"fr-FR","@id":"https:\/\/fireware.nl\/fr\/#\/schema\/logo\/image\/","url":"https:\/\/fireware.nl\/wp-content\/uploads\/2018\/10\/FireWare-logo.jpg","contentUrl":"https:\/\/fireware.nl\/wp-content\/uploads\/2018\/10\/FireWare-logo.jpg","width":171,"height":70,"caption":"FireWare"},"image":{"@id":"https:\/\/fireware.nl\/fr\/#\/schema\/logo\/image\/"},"sameAs":["https:\/\/www.facebook.com\/FireWareBV\/","https:\/\/x.com\/FireWarebv","https:\/\/www.instagram.com\/fireware_nl\/","https:\/\/www.linkedin.com\/company\/3586017\/","https:\/\/www.youtube.com\/user\/firesalesrentconsult"]}]}},"publishpress_future_workflow_manual_trigger":{"enabledWorkflows":[]},"_links":{"self":[{"href":"https:\/\/fireware.nl\/fr\/wp-json\/wp\/v2\/product\/94554","targetHints":{"allow":["GET"]}}],"collection":[{"href":"https:\/\/fireware.nl\/fr\/wp-json\/wp\/v2\/product"}],"about":[{"href":"https:\/\/fireware.nl\/fr\/wp-json\/wp\/v2\/types\/product"}],"wp:featuredmedia":[{"embeddable":true,"href":"https:\/\/fireware.nl\/fr\/wp-json\/wp\/v2\/media\/94550"}],"wp:attachment":[{"href":"https:\/\/fireware.nl\/fr\/wp-json\/wp\/v2\/media?parent=94554"}],"wp:term":[{"taxonomy":"product_brand","embeddable":true,"href":"https:\/\/fireware.nl\/fr\/wp-json\/wp\/v2\/product_brand?post=94554"},{"taxonomy":"product_cat","embeddable":true,"href":"https:\/\/fireware.nl\/fr\/wp-json\/wp\/v2\/product_cat?post=94554"},{"taxonomy":"product_tag","embeddable":true,"href":"https:\/\/fireware.nl\/fr\/wp-json\/wp\/v2\/product_tag?post=94554"}],"curies":[{"name":"wp","href":"https:\/\/api.w.org\/{rel}","templated":true}]}}