
{"id":94610,"date":"2024-04-22T10:12:17","date_gmt":"2024-04-22T10:13:24","guid":{"rendered":"https:\/\/fireware.nl\/product\/kit-extincteur-neptune-co2-plat\/"},"modified":"2024-04-23T08:13:11","modified_gmt":"2024-04-23T08:13:11","slug":"kit-extincteur-neptune-co2-plat","status":"publish","type":"product","link":"https:\/\/fireware.nl\/fr\/product\/kit-extincteur-neptune-co2-plat\/","title":{"rendered":"Kit fard \u00e0 joues Neptune"},"content":{"rendered":"<h2>Enrichissez votre gamme avec le set Neptune Blus !<\/h2>\n<p>Facilitez vos exercices avec le set complet Neptune Blus ! Les ensembles d&#8217;exercices ne sont pas seulement des collections de produits ; ils constituent votre bo\u00eete \u00e0 outils pour utiliser les exercices de mani\u00e8re encore plus r\u00e9aliste et efficace !<\/p>\n<p>En combinant la bonne s\u00e9lection de mat\u00e9riel d&#8217;exercice, l&#8217;ensemble Neptune Blus offre un large \u00e9ventail d&#8217;options pour vos s\u00e9ances d&#8217;entra\u00eenement.<\/p>\n<p>Curieux de savoir ce que chaque produit a \u00e0 offrir dans ce coffret ?<br \/>\nCliquez ensuite sur les liens suivants :<\/p>\n<ul>\n<li><a href=\"https:\/\/fireware.nl\/fr\/product\/neptune-systeme-de-remplissage\/\" target=\"_blank\" rel=\"noopener\">Syst\u00e8me de remplissage Neptune<\/a><\/li>\n<li><a href=\"https:\/\/fireware.nl\/fr\/product\/compresseur-pour-neptune\/\" target=\"_blank\" rel=\"noopener\">Compresseur pour Neptune 15 Bar<\/a><\/li>\n<li><a href=\"https:\/\/fireware.nl\/fr\/product\/mousse-polyrethane-dexercice\/\" target=\"_blank\" rel=\"noopener\">Mousse d&#8217;exercice 5 litres<\/a><\/li>\n<li>Choix de :\n<ul>\n<li><a href=\"https:\/\/fireware.nl\/fr\/product\/extincteur-de-formation-neptune-co2-avec-poignee-a-pression-de-6-l-buse-plate\/\" target=\"_blank\" rel=\"noopener\">1x Neptune Practice Extinguisher CO2 6 litres Flat tube<\/a><\/li>\n<li><a href=\"https:\/\/fireware.nl\/fr\/product\/extincteur-de-formation-neptune-co2-avec-poignee-a-pression-de-6-l-buse-ronde\/\" target=\"_blank\" rel=\"noopener\">1x Neptune Practice Extinguisher CO2 6 litres Round tube<\/a><\/li>\n<\/ul>\n<\/li>\n<\/ul>\n<p>Curieux de d\u00e9couvrir nos autres ensembles d&#8217;exercices ? Alors cliquez <a href=\"https:\/\/fireware.nl\/fr\/product-categorie\/ensembles-dexercices\/\" target=\"_blank\" rel=\"noopener\">ici<\/a>!<\/p>\n","protected":false},"excerpt":{"rendered":"<ul>\n<li>1x Syst\u00e8me de remplissage Neptune<\/li>\n<li>1x Compresseur pour Neptune 15 Bar<\/li>\n<li>4x Mousse d&#8217;exercice 5 litres<\/li>\n<li>Choix de :\n<ul>\n<li>1x Neptune Practice Extinguisher CO2 6 litres Flat tube<\/li>\n<li>1x Neptune Practice Extinguisher CO2 6 litres Round tube<\/li>\n<\/ul>\n<\/li>\n<\/ul>\n","protected":false},"featured_media":94763,"template":"","meta":[],"product_brand":[],"product_cat":[3685],"product_tag":[],"class_list":{"0":"post-94610","1":"product","2":"type-product","3":"status-publish","4":"has-post-thumbnail","6":"product_cat-ensembles-dexercices","7":"pa_soort-buse-plate","8":"pa_soort-buse-ronde","10":"first","11":"instock","12":"taxable","13":"shipping-taxable","14":"purchasable","15":"product-type-variable"},"yoast_head":"<!-- This site is optimized with the Yoast SEO plugin v27.5 - https:\/\/yoast.com\/product\/yoast-seo-wordpress\/ -->\n<title>Kit fard \u00e0 joues Neptune - FireWare<\/title>\n<meta name=\"robots\" content=\"index, follow, max-snippet:-1, max-image-preview:large, max-video-preview:-1\" \/>\n<link rel=\"canonical\" href=\"https:\/\/fireware.nl\/fr\/product\/kit-extincteur-neptune-co2-plat\/\" \/>\n<meta property=\"og:locale\" content=\"fr_FR\" \/>\n<meta property=\"og:type\" content=\"article\" \/>\n<meta property=\"og:title\" content=\"Kit fard \u00e0 joues Neptune - FireWare\" \/>\n<meta property=\"og:description\" content=\"1x Syst\u00e8me de remplissage Neptune  1x Compresseur pour Neptune 15 Bar  4x Mousse d&#039;exercice 5 litres  Choix de :   1x Neptune Practice Extinguisher CO2 6 litres Flat tube  1x Neptune Practice Extinguisher CO2 6 litres Round tube\" \/>\n<meta property=\"og:url\" content=\"https:\/\/fireware.nl\/fr\/product\/kit-extincteur-neptune-co2-plat\/\" \/>\n<meta property=\"og:site_name\" content=\"FireWare\" \/>\n<meta property=\"article:publisher\" content=\"https:\/\/www.facebook.com\/FireWareBV\/\" \/>\n<meta property=\"article:modified_time\" content=\"2024-04-23T08:13:11+00:00\" \/>\n<meta property=\"og:image\" content=\"https:\/\/fireware.nl\/wp-content\/uploads\/2024\/04\/025-012-049_Neptune_Blusset_001.jpg\" \/>\n\t<meta property=\"og:image:width\" content=\"600\" \/>\n\t<meta property=\"og:image:height\" content=\"600\" \/>\n\t<meta property=\"og:image:type\" content=\"image\/jpeg\" \/>\n<meta name=\"twitter:card\" content=\"summary_large_image\" \/>\n<meta name=\"twitter:site\" content=\"@FireWarebv\" \/>\n<meta name=\"twitter:label1\" content=\"Dur\u00e9e de lecture estim\u00e9e\" \/>\n\t<meta name=\"twitter:data1\" content=\"1 minute\" \/>\n<script type=\"application\/ld+json\" class=\"yoast-schema-graph\">{\"@context\":\"https:\\\/\\\/schema.org\",\"@graph\":[{\"@type\":\"WebPage\",\"@id\":\"https:\\\/\\\/fireware.nl\\\/fr\\\/product\\\/kit-extincteur-neptune-co2-plat\\\/\",\"url\":\"https:\\\/\\\/fireware.nl\\\/fr\\\/product\\\/kit-extincteur-neptune-co2-plat\\\/\",\"name\":\"Kit fard \u00e0 joues Neptune - FireWare\",\"isPartOf\":{\"@id\":\"https:\\\/\\\/fireware.nl\\\/fr\\\/#website\"},\"primaryImageOfPage\":{\"@id\":\"https:\\\/\\\/fireware.nl\\\/fr\\\/product\\\/kit-extincteur-neptune-co2-plat\\\/#primaryimage\"},\"image\":{\"@id\":\"https:\\\/\\\/fireware.nl\\\/fr\\\/product\\\/kit-extincteur-neptune-co2-plat\\\/#primaryimage\"},\"thumbnailUrl\":\"https:\\\/\\\/fireware.nl\\\/wp-content\\\/uploads\\\/2024\\\/04\\\/025-012-049_Neptune_Blusset_001.jpg\",\"datePublished\":\"2024-04-22T10:13:24+00:00\",\"dateModified\":\"2024-04-23T08:13:11+00:00\",\"breadcrumb\":{\"@id\":\"https:\\\/\\\/fireware.nl\\\/fr\\\/product\\\/kit-extincteur-neptune-co2-plat\\\/#breadcrumb\"},\"inLanguage\":\"fr-FR\",\"potentialAction\":[{\"@type\":\"ReadAction\",\"target\":[\"https:\\\/\\\/fireware.nl\\\/fr\\\/product\\\/kit-extincteur-neptune-co2-plat\\\/\"]}]},{\"@type\":\"ImageObject\",\"inLanguage\":\"fr-FR\",\"@id\":\"https:\\\/\\\/fireware.nl\\\/fr\\\/product\\\/kit-extincteur-neptune-co2-plat\\\/#primaryimage\",\"url\":\"https:\\\/\\\/fireware.nl\\\/wp-content\\\/uploads\\\/2024\\\/04\\\/025-012-049_Neptune_Blusset_001.jpg\",\"contentUrl\":\"https:\\\/\\\/fireware.nl\\\/wp-content\\\/uploads\\\/2024\\\/04\\\/025-012-049_Neptune_Blusset_001.jpg\",\"width\":600,\"height\":600},{\"@type\":\"BreadcrumbList\",\"@id\":\"https:\\\/\\\/fireware.nl\\\/fr\\\/product\\\/kit-extincteur-neptune-co2-plat\\\/#breadcrumb\",\"itemListElement\":[{\"@type\":\"ListItem\",\"position\":1,\"name\":\"Home\",\"item\":\"https:\\\/\\\/fireware.nl\\\/fr\\\/\"},{\"@type\":\"ListItem\",\"position\":2,\"name\":\"Produits\",\"item\":\"https:\\\/\\\/fireware.nl\\\/fr\\\/produits\\\/\"},{\"@type\":\"ListItem\",\"position\":3,\"name\":\"Kit fard \u00e0 joues Neptune\"}]},{\"@type\":\"WebSite\",\"@id\":\"https:\\\/\\\/fireware.nl\\\/fr\\\/#website\",\"url\":\"https:\\\/\\\/fireware.nl\\\/fr\\\/\",\"name\":\"FireWare\",\"description\":\"CREATING REALISTIC  TRAINING ENVIRONMENTS\",\"publisher\":{\"@id\":\"https:\\\/\\\/fireware.nl\\\/fr\\\/#organization\"},\"potentialAction\":[{\"@type\":\"SearchAction\",\"target\":{\"@type\":\"EntryPoint\",\"urlTemplate\":\"https:\\\/\\\/fireware.nl\\\/fr\\\/?s={search_term_string}\"},\"query-input\":{\"@type\":\"PropertyValueSpecification\",\"valueRequired\":true,\"valueName\":\"search_term_string\"}}],\"inLanguage\":\"fr-FR\"},{\"@type\":\"Organization\",\"@id\":\"https:\\\/\\\/fireware.nl\\\/fr\\\/#organization\",\"name\":\"FireWare\",\"url\":\"https:\\\/\\\/fireware.nl\\\/fr\\\/\",\"logo\":{\"@type\":\"ImageObject\",\"inLanguage\":\"fr-FR\",\"@id\":\"https:\\\/\\\/fireware.nl\\\/fr\\\/#\\\/schema\\\/logo\\\/image\\\/\",\"url\":\"https:\\\/\\\/fireware.nl\\\/wp-content\\\/uploads\\\/2018\\\/10\\\/FireWare-logo.jpg\",\"contentUrl\":\"https:\\\/\\\/fireware.nl\\\/wp-content\\\/uploads\\\/2018\\\/10\\\/FireWare-logo.jpg\",\"width\":171,\"height\":70,\"caption\":\"FireWare\"},\"image\":{\"@id\":\"https:\\\/\\\/fireware.nl\\\/fr\\\/#\\\/schema\\\/logo\\\/image\\\/\"},\"sameAs\":[\"https:\\\/\\\/www.facebook.com\\\/FireWareBV\\\/\",\"https:\\\/\\\/x.com\\\/FireWarebv\",\"https:\\\/\\\/www.instagram.com\\\/fireware_nl\\\/\",\"https:\\\/\\\/www.linkedin.com\\\/company\\\/3586017\\\/\",\"https:\\\/\\\/www.youtube.com\\\/user\\\/firesalesrentconsult\"]}]}<\/script>\n<!-- \/ Yoast SEO plugin. -->","yoast_head_json":{"title":"Kit fard \u00e0 joues Neptune - FireWare","robots":{"index":"index","follow":"follow","max-snippet":"max-snippet:-1","max-image-preview":"max-image-preview:large","max-video-preview":"max-video-preview:-1"},"canonical":"https:\/\/fireware.nl\/fr\/product\/kit-extincteur-neptune-co2-plat\/","og_locale":"fr_FR","og_type":"article","og_title":"Kit fard \u00e0 joues Neptune - FireWare","og_description":"1x Syst\u00e8me de remplissage Neptune  1x Compresseur pour Neptune 15 Bar  4x Mousse d'exercice 5 litres  Choix de :   1x Neptune Practice Extinguisher CO2 6 litres Flat tube  1x Neptune Practice Extinguisher CO2 6 litres Round tube","og_url":"https:\/\/fireware.nl\/fr\/product\/kit-extincteur-neptune-co2-plat\/","og_site_name":"FireWare","article_publisher":"https:\/\/www.facebook.com\/FireWareBV\/","article_modified_time":"2024-04-23T08:13:11+00:00","og_image":[{"width":600,"height":600,"url":"https:\/\/fireware.nl\/wp-content\/uploads\/2024\/04\/025-012-049_Neptune_Blusset_001.jpg","type":"image\/jpeg"}],"twitter_card":"summary_large_image","twitter_site":"@FireWarebv","twitter_misc":{"Dur\u00e9e de lecture estim\u00e9e":"1 minute"},"schema":{"@context":"https:\/\/schema.org","@graph":[{"@type":"WebPage","@id":"https:\/\/fireware.nl\/fr\/product\/kit-extincteur-neptune-co2-plat\/","url":"https:\/\/fireware.nl\/fr\/product\/kit-extincteur-neptune-co2-plat\/","name":"Kit fard \u00e0 joues Neptune - FireWare","isPartOf":{"@id":"https:\/\/fireware.nl\/fr\/#website"},"primaryImageOfPage":{"@id":"https:\/\/fireware.nl\/fr\/product\/kit-extincteur-neptune-co2-plat\/#primaryimage"},"image":{"@id":"https:\/\/fireware.nl\/fr\/product\/kit-extincteur-neptune-co2-plat\/#primaryimage"},"thumbnailUrl":"https:\/\/fireware.nl\/wp-content\/uploads\/2024\/04\/025-012-049_Neptune_Blusset_001.jpg","datePublished":"2024-04-22T10:13:24+00:00","dateModified":"2024-04-23T08:13:11+00:00","breadcrumb":{"@id":"https:\/\/fireware.nl\/fr\/product\/kit-extincteur-neptune-co2-plat\/#breadcrumb"},"inLanguage":"fr-FR","potentialAction":[{"@type":"ReadAction","target":["https:\/\/fireware.nl\/fr\/product\/kit-extincteur-neptune-co2-plat\/"]}]},{"@type":"ImageObject","inLanguage":"fr-FR","@id":"https:\/\/fireware.nl\/fr\/product\/kit-extincteur-neptune-co2-plat\/#primaryimage","url":"https:\/\/fireware.nl\/wp-content\/uploads\/2024\/04\/025-012-049_Neptune_Blusset_001.jpg","contentUrl":"https:\/\/fireware.nl\/wp-content\/uploads\/2024\/04\/025-012-049_Neptune_Blusset_001.jpg","width":600,"height":600},{"@type":"BreadcrumbList","@id":"https:\/\/fireware.nl\/fr\/product\/kit-extincteur-neptune-co2-plat\/#breadcrumb","itemListElement":[{"@type":"ListItem","position":1,"name":"Home","item":"https:\/\/fireware.nl\/fr\/"},{"@type":"ListItem","position":2,"name":"Produits","item":"https:\/\/fireware.nl\/fr\/produits\/"},{"@type":"ListItem","position":3,"name":"Kit fard \u00e0 joues Neptune"}]},{"@type":"WebSite","@id":"https:\/\/fireware.nl\/fr\/#website","url":"https:\/\/fireware.nl\/fr\/","name":"FireWare","description":"CREATING REALISTIC  TRAINING ENVIRONMENTS","publisher":{"@id":"https:\/\/fireware.nl\/fr\/#organization"},"potentialAction":[{"@type":"SearchAction","target":{"@type":"EntryPoint","urlTemplate":"https:\/\/fireware.nl\/fr\/?s={search_term_string}"},"query-input":{"@type":"PropertyValueSpecification","valueRequired":true,"valueName":"search_term_string"}}],"inLanguage":"fr-FR"},{"@type":"Organization","@id":"https:\/\/fireware.nl\/fr\/#organization","name":"FireWare","url":"https:\/\/fireware.nl\/fr\/","logo":{"@type":"ImageObject","inLanguage":"fr-FR","@id":"https:\/\/fireware.nl\/fr\/#\/schema\/logo\/image\/","url":"https:\/\/fireware.nl\/wp-content\/uploads\/2018\/10\/FireWare-logo.jpg","contentUrl":"https:\/\/fireware.nl\/wp-content\/uploads\/2018\/10\/FireWare-logo.jpg","width":171,"height":70,"caption":"FireWare"},"image":{"@id":"https:\/\/fireware.nl\/fr\/#\/schema\/logo\/image\/"},"sameAs":["https:\/\/www.facebook.com\/FireWareBV\/","https:\/\/x.com\/FireWarebv","https:\/\/www.instagram.com\/fireware_nl\/","https:\/\/www.linkedin.com\/company\/3586017\/","https:\/\/www.youtube.com\/user\/firesalesrentconsult"]}]}},"publishpress_future_workflow_manual_trigger":{"enabledWorkflows":[]},"_links":{"self":[{"href":"https:\/\/fireware.nl\/fr\/wp-json\/wp\/v2\/product\/94610","targetHints":{"allow":["GET"]}}],"collection":[{"href":"https:\/\/fireware.nl\/fr\/wp-json\/wp\/v2\/product"}],"about":[{"href":"https:\/\/fireware.nl\/fr\/wp-json\/wp\/v2\/types\/product"}],"wp:featuredmedia":[{"embeddable":true,"href":"https:\/\/fireware.nl\/fr\/wp-json\/wp\/v2\/media\/94763"}],"wp:attachment":[{"href":"https:\/\/fireware.nl\/fr\/wp-json\/wp\/v2\/media?parent=94610"}],"wp:term":[{"taxonomy":"product_brand","embeddable":true,"href":"https:\/\/fireware.nl\/fr\/wp-json\/wp\/v2\/product_brand?post=94610"},{"taxonomy":"product_cat","embeddable":true,"href":"https:\/\/fireware.nl\/fr\/wp-json\/wp\/v2\/product_cat?post=94610"},{"taxonomy":"product_tag","embeddable":true,"href":"https:\/\/fireware.nl\/fr\/wp-json\/wp\/v2\/product_tag?post=94610"}],"curies":[{"name":"wp","href":"https:\/\/api.w.org\/{rel}","templated":true}]}}