
{"id":96861,"date":"2019-01-18T09:14:16","date_gmt":"2019-01-18T09:14:16","guid":{"rendered":"https:\/\/fireware.nl\/product\/kit-de-maintenance-pour-les-machines-a-fumee-fireware\/"},"modified":"2024-08-08T11:10:07","modified_gmt":"2024-08-08T11:10:07","slug":"kit-de-maintenance-pour-les-machines-a-fumee-fireware","status":"publish","type":"product","link":"https:\/\/fireware.nl\/fr\/product\/kit-de-maintenance-pour-les-machines-a-fumee-fireware\/","title":{"rendered":"Kit de maintenance pour les machines \u00e0 fum\u00e9e FireWare"},"content":{"rendered":"<p>Avez-vous suivi la formation Maintenance et R\u00e9paration pour les mat\u00e9riaux d&#8217;exercice chez nous ? Alors, le kit de Maintenance Fireware pour machines \u00e0 fum\u00e9e est le compl\u00e9ment logique \u00e0 cela. Le kit offre les outils de base pour l&#8217;entretien et le diagnostic des machines \u00e0 fum\u00e9e Fireware, tels que vous avez appris \u00e0 les utiliser lors de la formation. Cette trousse contient les outils essentiels pour maintenir votre \u00e9quipement en parfait \u00e9tat et r\u00e9soudre rapidement les probl\u00e8mes.<\/p>\n<h2>Contenu du Kit de Maintenance :<\/h2>\n<ul>\n<li><strong>Testeur de puissance :<\/strong> V\u00e9rifiez rapidement si votre machine \u00e0 fum\u00e9e chauffe correctement.<\/li>\n<li><strong>Interrupteur de table :<\/strong> Testez les pompes individuellement et en toute s\u00e9curit\u00e9.<\/li>\n<li><strong>Ensemble de brosses :<\/strong> Enlevez facilement la salet\u00e9 incrust\u00e9e et les r\u00e9sidus de fluide de fum\u00e9e.<\/li>\n<li><strong>Plateau magn\u00e9tique pour pi\u00e8ces :<\/strong> Gardez les vis et les pi\u00e8ces organis\u00e9es pendant le montage\/d\u00e9montage.<\/li>\n<li><strong>Graisse pour roulements :<\/strong> Prot\u00e9gez les vis en acier inoxydable contre la corrosion et le grippage.<\/li>\n<li><strong>Bo\u00eete Fireware pratique :<\/strong> Gardez vos outils bien organis\u00e9s avec de la place pour des outils suppl\u00e9mentaires et des pi\u00e8ces de rechange.<\/li>\n<\/ul>\n<p>Avec le kit de Maintenance Fireware, vous \u00eates pr\u00eat pour toute t\u00e2che de maintenance ou de r\u00e9paration, prolongeant la dur\u00e9e de vie de vos machines \u00e0 fum\u00e9e. Commandez d\u00e8s aujourd&#8217;hui et assurez des performances optimales de votre \u00e9quipement !<\/p>\n","protected":false},"excerpt":{"rendered":"<ul>\n<li>Tout ce dont vous avez besoin pour l&#8217;entretien des machines \u00e0 fum\u00e9e ;<\/li>\n<li>Le compl\u00e9ment id\u00e9al \u00e0 la formation \u00e0 l&#8217;entretien et \u00e0 la r\u00e9paration ;<\/li>\n<li>Con\u00e7u pour la commodit\u00e9 et la s\u00e9curit\u00e9 ;<\/li>\n<li>Mat\u00e9riaux robustes et de haute qualit\u00e9 ;<\/li>\n<li>Fourni dans un \u00e9tui de rangement pratique.<\/li>\n<\/ul>\n","protected":false},"featured_media":95534,"template":"","meta":[],"product_brand":[],"product_cat":[82],"product_tag":[],"class_list":{"0":"post-96861","1":"product","2":"type-product","3":"status-publish","4":"has-post-thumbnail","6":"product_cat-supplements-pour-generateurs-de-fumee","8":"first","9":"instock","10":"taxable","11":"shipping-taxable","12":"purchasable","13":"product-type-simple"},"yoast_head":"<!-- This site is optimized with the Yoast SEO plugin v27.5 - https:\/\/yoast.com\/product\/yoast-seo-wordpress\/ -->\n<title>Kit de maintenance pour les machines \u00e0 fum\u00e9e FireWare - FireWare<\/title>\n<meta name=\"robots\" content=\"index, follow, max-snippet:-1, max-image-preview:large, max-video-preview:-1\" \/>\n<link rel=\"canonical\" href=\"https:\/\/fireware.nl\/fr\/product\/kit-de-maintenance-pour-les-machines-a-fumee-fireware\/\" \/>\n<meta property=\"og:locale\" content=\"fr_FR\" \/>\n<meta property=\"og:type\" content=\"article\" \/>\n<meta property=\"og:title\" content=\"Kit de maintenance pour les machines \u00e0 fum\u00e9e FireWare - FireWare\" \/>\n<meta property=\"og:description\" content=\"Tout ce dont vous avez besoin pour l&#039;entretien des machines \u00e0 fum\u00e9e ;  Le compl\u00e9ment id\u00e9al \u00e0 la formation \u00e0 l&#039;entretien et \u00e0 la r\u00e9paration ;  Con\u00e7u pour la commodit\u00e9 et la s\u00e9curit\u00e9 ;  Mat\u00e9riaux robustes et de haute qualit\u00e9 ;  Fourni dans un \u00e9tui de rangement pratique.\" \/>\n<meta property=\"og:url\" content=\"https:\/\/fireware.nl\/fr\/product\/kit-de-maintenance-pour-les-machines-a-fumee-fireware\/\" \/>\n<meta property=\"og:site_name\" content=\"FireWare\" \/>\n<meta property=\"article:publisher\" content=\"https:\/\/www.facebook.com\/FireWareBV\/\" \/>\n<meta property=\"article:modified_time\" content=\"2024-08-08T11:10:07+00:00\" \/>\n<meta property=\"og:image\" content=\"https:\/\/fireware.nl\/wp-content\/uploads\/2024\/05\/20240425_Rookmachine_schoonmaak_kit_051_web.jpg\" \/>\n\t<meta property=\"og:image:width\" content=\"600\" \/>\n\t<meta property=\"og:image:height\" content=\"600\" \/>\n\t<meta property=\"og:image:type\" content=\"image\/jpeg\" \/>\n<meta name=\"twitter:card\" content=\"summary_large_image\" \/>\n<meta name=\"twitter:site\" content=\"@FireWarebv\" \/>\n<meta name=\"twitter:label1\" content=\"Dur\u00e9e de lecture estim\u00e9e\" \/>\n\t<meta name=\"twitter:data1\" content=\"2 minutes\" \/>\n<script type=\"application\/ld+json\" class=\"yoast-schema-graph\">{\"@context\":\"https:\\\/\\\/schema.org\",\"@graph\":[{\"@type\":\"WebPage\",\"@id\":\"https:\\\/\\\/fireware.nl\\\/fr\\\/product\\\/kit-de-maintenance-pour-les-machines-a-fumee-fireware\\\/\",\"url\":\"https:\\\/\\\/fireware.nl\\\/fr\\\/product\\\/kit-de-maintenance-pour-les-machines-a-fumee-fireware\\\/\",\"name\":\"Kit de maintenance pour les machines \u00e0 fum\u00e9e FireWare - FireWare\",\"isPartOf\":{\"@id\":\"https:\\\/\\\/fireware.nl\\\/fr\\\/#website\"},\"primaryImageOfPage\":{\"@id\":\"https:\\\/\\\/fireware.nl\\\/fr\\\/product\\\/kit-de-maintenance-pour-les-machines-a-fumee-fireware\\\/#primaryimage\"},\"image\":{\"@id\":\"https:\\\/\\\/fireware.nl\\\/fr\\\/product\\\/kit-de-maintenance-pour-les-machines-a-fumee-fireware\\\/#primaryimage\"},\"thumbnailUrl\":\"https:\\\/\\\/fireware.nl\\\/wp-content\\\/uploads\\\/2024\\\/05\\\/20240425_Rookmachine_schoonmaak_kit_051_web.jpg\",\"datePublished\":\"2019-01-18T09:14:16+00:00\",\"dateModified\":\"2024-08-08T11:10:07+00:00\",\"breadcrumb\":{\"@id\":\"https:\\\/\\\/fireware.nl\\\/fr\\\/product\\\/kit-de-maintenance-pour-les-machines-a-fumee-fireware\\\/#breadcrumb\"},\"inLanguage\":\"fr-FR\",\"potentialAction\":[{\"@type\":\"ReadAction\",\"target\":[\"https:\\\/\\\/fireware.nl\\\/fr\\\/product\\\/kit-de-maintenance-pour-les-machines-a-fumee-fireware\\\/\"]}]},{\"@type\":\"ImageObject\",\"inLanguage\":\"fr-FR\",\"@id\":\"https:\\\/\\\/fireware.nl\\\/fr\\\/product\\\/kit-de-maintenance-pour-les-machines-a-fumee-fireware\\\/#primaryimage\",\"url\":\"https:\\\/\\\/fireware.nl\\\/wp-content\\\/uploads\\\/2024\\\/05\\\/20240425_Rookmachine_schoonmaak_kit_051_web.jpg\",\"contentUrl\":\"https:\\\/\\\/fireware.nl\\\/wp-content\\\/uploads\\\/2024\\\/05\\\/20240425_Rookmachine_schoonmaak_kit_051_web.jpg\",\"width\":600,\"height\":600},{\"@type\":\"BreadcrumbList\",\"@id\":\"https:\\\/\\\/fireware.nl\\\/fr\\\/product\\\/kit-de-maintenance-pour-les-machines-a-fumee-fireware\\\/#breadcrumb\",\"itemListElement\":[{\"@type\":\"ListItem\",\"position\":1,\"name\":\"Home\",\"item\":\"https:\\\/\\\/fireware.nl\\\/fr\\\/\"},{\"@type\":\"ListItem\",\"position\":2,\"name\":\"Produits\",\"item\":\"https:\\\/\\\/fireware.nl\\\/fr\\\/produits\\\/\"},{\"@type\":\"ListItem\",\"position\":3,\"name\":\"Kit de maintenance pour les machines \u00e0 fum\u00e9e FireWare\"}]},{\"@type\":\"WebSite\",\"@id\":\"https:\\\/\\\/fireware.nl\\\/fr\\\/#website\",\"url\":\"https:\\\/\\\/fireware.nl\\\/fr\\\/\",\"name\":\"FireWare\",\"description\":\"CREATING REALISTIC  TRAINING ENVIRONMENTS\",\"publisher\":{\"@id\":\"https:\\\/\\\/fireware.nl\\\/fr\\\/#organization\"},\"potentialAction\":[{\"@type\":\"SearchAction\",\"target\":{\"@type\":\"EntryPoint\",\"urlTemplate\":\"https:\\\/\\\/fireware.nl\\\/fr\\\/?s={search_term_string}\"},\"query-input\":{\"@type\":\"PropertyValueSpecification\",\"valueRequired\":true,\"valueName\":\"search_term_string\"}}],\"inLanguage\":\"fr-FR\"},{\"@type\":\"Organization\",\"@id\":\"https:\\\/\\\/fireware.nl\\\/fr\\\/#organization\",\"name\":\"FireWare\",\"url\":\"https:\\\/\\\/fireware.nl\\\/fr\\\/\",\"logo\":{\"@type\":\"ImageObject\",\"inLanguage\":\"fr-FR\",\"@id\":\"https:\\\/\\\/fireware.nl\\\/fr\\\/#\\\/schema\\\/logo\\\/image\\\/\",\"url\":\"https:\\\/\\\/fireware.nl\\\/wp-content\\\/uploads\\\/2018\\\/10\\\/FireWare-logo.jpg\",\"contentUrl\":\"https:\\\/\\\/fireware.nl\\\/wp-content\\\/uploads\\\/2018\\\/10\\\/FireWare-logo.jpg\",\"width\":171,\"height\":70,\"caption\":\"FireWare\"},\"image\":{\"@id\":\"https:\\\/\\\/fireware.nl\\\/fr\\\/#\\\/schema\\\/logo\\\/image\\\/\"},\"sameAs\":[\"https:\\\/\\\/www.facebook.com\\\/FireWareBV\\\/\",\"https:\\\/\\\/x.com\\\/FireWarebv\",\"https:\\\/\\\/www.instagram.com\\\/fireware_nl\\\/\",\"https:\\\/\\\/www.linkedin.com\\\/company\\\/3586017\\\/\",\"https:\\\/\\\/www.youtube.com\\\/user\\\/firesalesrentconsult\"]}]}<\/script>\n<!-- \/ Yoast SEO plugin. -->","yoast_head_json":{"title":"Kit de maintenance pour les machines \u00e0 fum\u00e9e FireWare - FireWare","robots":{"index":"index","follow":"follow","max-snippet":"max-snippet:-1","max-image-preview":"max-image-preview:large","max-video-preview":"max-video-preview:-1"},"canonical":"https:\/\/fireware.nl\/fr\/product\/kit-de-maintenance-pour-les-machines-a-fumee-fireware\/","og_locale":"fr_FR","og_type":"article","og_title":"Kit de maintenance pour les machines \u00e0 fum\u00e9e FireWare - FireWare","og_description":"Tout ce dont vous avez besoin pour l'entretien des machines \u00e0 fum\u00e9e ;  Le compl\u00e9ment id\u00e9al \u00e0 la formation \u00e0 l'entretien et \u00e0 la r\u00e9paration ;  Con\u00e7u pour la commodit\u00e9 et la s\u00e9curit\u00e9 ;  Mat\u00e9riaux robustes et de haute qualit\u00e9 ;  Fourni dans un \u00e9tui de rangement pratique.","og_url":"https:\/\/fireware.nl\/fr\/product\/kit-de-maintenance-pour-les-machines-a-fumee-fireware\/","og_site_name":"FireWare","article_publisher":"https:\/\/www.facebook.com\/FireWareBV\/","article_modified_time":"2024-08-08T11:10:07+00:00","og_image":[{"width":600,"height":600,"url":"https:\/\/fireware.nl\/wp-content\/uploads\/2024\/05\/20240425_Rookmachine_schoonmaak_kit_051_web.jpg","type":"image\/jpeg"}],"twitter_card":"summary_large_image","twitter_site":"@FireWarebv","twitter_misc":{"Dur\u00e9e de lecture estim\u00e9e":"2 minutes"},"schema":{"@context":"https:\/\/schema.org","@graph":[{"@type":"WebPage","@id":"https:\/\/fireware.nl\/fr\/product\/kit-de-maintenance-pour-les-machines-a-fumee-fireware\/","url":"https:\/\/fireware.nl\/fr\/product\/kit-de-maintenance-pour-les-machines-a-fumee-fireware\/","name":"Kit de maintenance pour les machines \u00e0 fum\u00e9e FireWare - FireWare","isPartOf":{"@id":"https:\/\/fireware.nl\/fr\/#website"},"primaryImageOfPage":{"@id":"https:\/\/fireware.nl\/fr\/product\/kit-de-maintenance-pour-les-machines-a-fumee-fireware\/#primaryimage"},"image":{"@id":"https:\/\/fireware.nl\/fr\/product\/kit-de-maintenance-pour-les-machines-a-fumee-fireware\/#primaryimage"},"thumbnailUrl":"https:\/\/fireware.nl\/wp-content\/uploads\/2024\/05\/20240425_Rookmachine_schoonmaak_kit_051_web.jpg","datePublished":"2019-01-18T09:14:16+00:00","dateModified":"2024-08-08T11:10:07+00:00","breadcrumb":{"@id":"https:\/\/fireware.nl\/fr\/product\/kit-de-maintenance-pour-les-machines-a-fumee-fireware\/#breadcrumb"},"inLanguage":"fr-FR","potentialAction":[{"@type":"ReadAction","target":["https:\/\/fireware.nl\/fr\/product\/kit-de-maintenance-pour-les-machines-a-fumee-fireware\/"]}]},{"@type":"ImageObject","inLanguage":"fr-FR","@id":"https:\/\/fireware.nl\/fr\/product\/kit-de-maintenance-pour-les-machines-a-fumee-fireware\/#primaryimage","url":"https:\/\/fireware.nl\/wp-content\/uploads\/2024\/05\/20240425_Rookmachine_schoonmaak_kit_051_web.jpg","contentUrl":"https:\/\/fireware.nl\/wp-content\/uploads\/2024\/05\/20240425_Rookmachine_schoonmaak_kit_051_web.jpg","width":600,"height":600},{"@type":"BreadcrumbList","@id":"https:\/\/fireware.nl\/fr\/product\/kit-de-maintenance-pour-les-machines-a-fumee-fireware\/#breadcrumb","itemListElement":[{"@type":"ListItem","position":1,"name":"Home","item":"https:\/\/fireware.nl\/fr\/"},{"@type":"ListItem","position":2,"name":"Produits","item":"https:\/\/fireware.nl\/fr\/produits\/"},{"@type":"ListItem","position":3,"name":"Kit de maintenance pour les machines \u00e0 fum\u00e9e FireWare"}]},{"@type":"WebSite","@id":"https:\/\/fireware.nl\/fr\/#website","url":"https:\/\/fireware.nl\/fr\/","name":"FireWare","description":"CREATING REALISTIC  TRAINING ENVIRONMENTS","publisher":{"@id":"https:\/\/fireware.nl\/fr\/#organization"},"potentialAction":[{"@type":"SearchAction","target":{"@type":"EntryPoint","urlTemplate":"https:\/\/fireware.nl\/fr\/?s={search_term_string}"},"query-input":{"@type":"PropertyValueSpecification","valueRequired":true,"valueName":"search_term_string"}}],"inLanguage":"fr-FR"},{"@type":"Organization","@id":"https:\/\/fireware.nl\/fr\/#organization","name":"FireWare","url":"https:\/\/fireware.nl\/fr\/","logo":{"@type":"ImageObject","inLanguage":"fr-FR","@id":"https:\/\/fireware.nl\/fr\/#\/schema\/logo\/image\/","url":"https:\/\/fireware.nl\/wp-content\/uploads\/2018\/10\/FireWare-logo.jpg","contentUrl":"https:\/\/fireware.nl\/wp-content\/uploads\/2018\/10\/FireWare-logo.jpg","width":171,"height":70,"caption":"FireWare"},"image":{"@id":"https:\/\/fireware.nl\/fr\/#\/schema\/logo\/image\/"},"sameAs":["https:\/\/www.facebook.com\/FireWareBV\/","https:\/\/x.com\/FireWarebv","https:\/\/www.instagram.com\/fireware_nl\/","https:\/\/www.linkedin.com\/company\/3586017\/","https:\/\/www.youtube.com\/user\/firesalesrentconsult"]}]}},"publishpress_future_workflow_manual_trigger":{"enabledWorkflows":[]},"_links":{"self":[{"href":"https:\/\/fireware.nl\/fr\/wp-json\/wp\/v2\/product\/96861","targetHints":{"allow":["GET"]}}],"collection":[{"href":"https:\/\/fireware.nl\/fr\/wp-json\/wp\/v2\/product"}],"about":[{"href":"https:\/\/fireware.nl\/fr\/wp-json\/wp\/v2\/types\/product"}],"wp:featuredmedia":[{"embeddable":true,"href":"https:\/\/fireware.nl\/fr\/wp-json\/wp\/v2\/media\/95534"}],"wp:attachment":[{"href":"https:\/\/fireware.nl\/fr\/wp-json\/wp\/v2\/media?parent=96861"}],"wp:term":[{"taxonomy":"product_brand","embeddable":true,"href":"https:\/\/fireware.nl\/fr\/wp-json\/wp\/v2\/product_brand?post=96861"},{"taxonomy":"product_cat","embeddable":true,"href":"https:\/\/fireware.nl\/fr\/wp-json\/wp\/v2\/product_cat?post=96861"},{"taxonomy":"product_tag","embeddable":true,"href":"https:\/\/fireware.nl\/fr\/wp-json\/wp\/v2\/product_tag?post=96861"}],"curies":[{"name":"wp","href":"https:\/\/api.w.org\/{rel}","templated":true}]}}